{"id":10163,"date":"2023-08-15T13:41:23","date_gmt":"2023-08-15T11:41:23","guid":{"rendered":"https:\/\/2l-a-velo.com\/?page_id=10163"},"modified":"2023-08-22T23:21:53","modified_gmt":"2023-08-22T21:21:53","slug":"fetes-darequipa-2eme-partie","status":"publish","type":"page","link":"https:\/\/2l-a-velo.com\/?page_id=10163","title":{"rendered":"F\u00eates d&rsquo;Arequipa 2\u00e8me partie"},"content":{"rendered":"\n<div class=\"wp-block-media-text alignwide is-stacked-on-mobile\" style=\"grid-template-columns:63% auto\"><figure class=\"wp-block-media-text__media\"><img loading=\"lazy\" decoding=\"async\" width=\"1024\" height=\"575\" src=\"https:\/\/2l-a-velo.com\/wp-content\/uploads\/2023\/08\/PANA0918-1024x575.jpg\" alt=\"\" class=\"wp-image-10264 size-full\" srcset=\"https:\/\/2l-a-velo.com\/wp-content\/uploads\/2023\/08\/PANA0918-1024x575.jpg 1024w, https:\/\/2l-a-velo.com\/wp-content\/uploads\/2023\/08\/PANA0918-300x168.jpg 300w, https:\/\/2l-a-velo.com\/wp-content\/uploads\/2023\/08\/PANA0918-768x431.jpg 768w, https:\/\/2l-a-velo.com\/wp-content\/uploads\/2023\/08\/PANA0918-1536x862.jpg 1536w, https:\/\/2l-a-velo.com\/wp-content\/uploads\/2023\/08\/PANA0918-2048x1149.jpg 2048w, https:\/\/2l-a-velo.com\/wp-content\/uploads\/2023\/08\/PANA0918-900x505.jpg 900w, https:\/\/2l-a-velo.com\/wp-content\/uploads\/2023\/08\/PANA0918-1280x718.jpg 1280w\" sizes=\"auto, (max-width: 1024px) 100vw, 1024px\" \/><\/figure><div class=\"wp-block-media-text__content\">\n<p class=\"has-text-align-center has-larger-font-size\"><strong>Du 13 au 22 ao\u00fbt<\/strong><\/p>\n<\/div><\/div>\n\n\n\n<p><em>La f\u00eate continue \u00e0 Arequipa ! Les animations et d\u00e9fil\u00e9s se succ\u00e8dent, festifs comme les \u00ab\u00a0200 ans de Cayma \u00ab\u00a0, le \u00ab\u00a0Corso de Amistad\u00a0\u00bb ou le \u00ab\u00a0Festidanza\u00a0\u00bb, un peu militaire comme \u00ab\u00a0La marche de l&rsquo;\u00e9tendard\u00a0\u00bb, culturels comme la sculpture du sillar, la peinture, la musique !<\/em><\/p>\n\n\n\n<p class=\"has-text-align-center has-white-color has-text-color has-background has-larger-font-size\" style=\"background-color:#08aa20\"><strong>Marche de l&rsquo;Etendard d&rsquo;Arequipa<\/strong><\/p>\n\n\n\n<p>La marche de l&rsquo;\u00e9tendard d\u00e9crit une boucle avec d\u00e9part et arriv\u00e9e sur la Plaza de Armas. Le d\u00e9fil\u00e9 r\u00e9unit les employ\u00e9s des diff\u00e9rents services de la commune ainsi que les \u00e9coles (militaires ?).<\/p>\n\n\n\n<div class=\"wp-block-media-text alignwide has-media-on-the-right is-stacked-on-mobile\" style=\"grid-template-columns:auto 55%\"><div class=\"wp-block-media-text__content\">\n<p>Il est d&rsquo;ailleurs remarquable que pratiquement chaque \u00e9cole qui d\u00e9file poss\u00e8de sa propre fanfare.<\/p>\n<\/div><figure class=\"wp-block-media-text__media\"><img loading=\"lazy\" decoding=\"async\" width=\"1024\" height=\"575\" src=\"https:\/\/2l-a-velo.com\/wp-content\/uploads\/2023\/08\/PANA0315-1024x575.jpg\" alt=\"\" class=\"wp-image-10159 size-full\" srcset=\"https:\/\/2l-a-velo.com\/wp-content\/uploads\/2023\/08\/PANA0315-1024x575.jpg 1024w, https:\/\/2l-a-velo.com\/wp-content\/uploads\/2023\/08\/PANA0315-300x168.jpg 300w, https:\/\/2l-a-velo.com\/wp-content\/uploads\/2023\/08\/PANA0315-768x431.jpg 768w, https:\/\/2l-a-velo.com\/wp-content\/uploads\/2023\/08\/PANA0315-1536x862.jpg 1536w, https:\/\/2l-a-velo.com\/wp-content\/uploads\/2023\/08\/PANA0315-2048x1149.jpg 2048w, https:\/\/2l-a-velo.com\/wp-content\/uploads\/2023\/08\/PANA0315-900x505.jpg 900w, https:\/\/2l-a-velo.com\/wp-content\/uploads\/2023\/08\/PANA0315-1280x718.jpg 1280w\" sizes=\"auto, (max-width: 1024px) 100vw, 1024px\" \/><\/figure><\/div>\n\n\n\n<div class=\"wp-block-media-text alignwide is-stacked-on-mobile\" style=\"grid-template-columns:54% auto\"><figure class=\"wp-block-media-text__media\"><img loading=\"lazy\" decoding=\"async\" width=\"1024\" height=\"575\" src=\"https:\/\/2l-a-velo.com\/wp-content\/uploads\/2023\/08\/PANA0314-1024x575.jpg\" alt=\"\" class=\"wp-image-10160 size-full\" srcset=\"https:\/\/2l-a-velo.com\/wp-content\/uploads\/2023\/08\/PANA0314-1024x575.jpg 1024w, https:\/\/2l-a-velo.com\/wp-content\/uploads\/2023\/08\/PANA0314-300x168.jpg 300w, https:\/\/2l-a-velo.com\/wp-content\/uploads\/2023\/08\/PANA0314-768x431.jpg 768w, https:\/\/2l-a-velo.com\/wp-content\/uploads\/2023\/08\/PANA0314-1536x862.jpg 1536w, https:\/\/2l-a-velo.com\/wp-content\/uploads\/2023\/08\/PANA0314-2048x1149.jpg 2048w, https:\/\/2l-a-velo.com\/wp-content\/uploads\/2023\/08\/PANA0314-900x505.jpg 900w, https:\/\/2l-a-velo.com\/wp-content\/uploads\/2023\/08\/PANA0314-1280x718.jpg 1280w\" sizes=\"auto, (max-width: 1024px) 100vw, 1024px\" \/><\/figure><div class=\"wp-block-media-text__content\">\n<p>Bien qu&rsquo;il n&rsquo;y ait presque que des civils qui participent, le tout est tr\u00e8s militaris\u00e9 \u00e0 commencer par le pas (pas de l&rsquo;oie ?) et le salut aux autorit\u00e9s.<\/p>\n<\/div><\/div>\n\n\n\n<p><\/p>\n\n\n\n<div class=\"wp-block-buttons is-layout-flex wp-block-buttons-is-layout-flex\">\n<div class=\"wp-block-button has-custom-width wp-block-button__width-100\"><a class=\"wp-block-button__link has-background has-text-align-center wp-element-button\" href=\"https:\/\/photos.google.com\/share\/AF1QipOro_xY-rPTKS-y40aqb8Gdz4UO3d8UDgcSChSV7dYJoTkNE-S_VHEcH0yKpXUEzw\/photo\/AF1QipMwYHibYwicZn6J3Ra6p_iOv_0dcKD_6Ycj-TU3?key=dEUzUEtHdkwtQW1Uek1zZmdMQUdPNklrTnFGcmNR\" style=\"border-radius:10px;background-color:#0173a3\">album photos Marche de l&rsquo;Etendard<\/a><\/div>\n<\/div>\n\n\n\n<p class=\"has-text-align-center has-white-color has-text-color has-background has-large-font-size\" style=\"background-color:#c52003\"><strong>Vid\u00e9o : Marche de l&rsquo;Etendard<\/strong><\/p>\n\n\n\n<iframe loading=\"lazy\" width=\"560\" height=\"315\" src=\"https:\/\/www.youtube.com\/embed\/VatXOpLP5PQ\" title=\"YouTube video player\" frameborder=\"0\" allow=\"accelerometer; autoplay; clipboard-write; encrypted-media; gyroscope; picture-in-picture; web-share\" allowfullscreen><\/iframe>\n\n\n\n<p class=\"has-text-align-center has-white-color has-text-color has-background has-larger-font-size\" style=\"background-color:#08aa20\"><strong>Concours de sculptures sur sillar<\/strong><\/p>\n\n\n\n<p>Durant les f\u00eates d&rsquo;Arequipa, il n&rsquo;y a pas que des d\u00e9fil\u00e9s. Preuve en est le concours de sculptures du sillar. <\/p>\n\n\n\n<p>Le sillar (ignimbrite) est une pierre volcanique de couleur blanche, relativement tendre, avec laquelle sont construits de nombreux monuments et habitations d&rsquo;Arequipa.<\/p>\n\n\n\n<figure class=\"wp-block-image size-large\"><img loading=\"lazy\" decoding=\"async\" width=\"1024\" height=\"683\" src=\"https:\/\/2l-a-velo.com\/wp-content\/uploads\/2023\/08\/372A0662-1024x683.jpg\" alt=\"\" class=\"wp-image-10211\" srcset=\"https:\/\/2l-a-velo.com\/wp-content\/uploads\/2023\/08\/372A0662-1024x683.jpg 1024w, https:\/\/2l-a-velo.com\/wp-content\/uploads\/2023\/08\/372A0662-300x200.jpg 300w, https:\/\/2l-a-velo.com\/wp-content\/uploads\/2023\/08\/372A0662-768x512.jpg 768w, https:\/\/2l-a-velo.com\/wp-content\/uploads\/2023\/08\/372A0662-1536x1024.jpg 1536w, https:\/\/2l-a-velo.com\/wp-content\/uploads\/2023\/08\/372A0662-2048x1366.jpg 2048w, https:\/\/2l-a-velo.com\/wp-content\/uploads\/2023\/08\/372A0662-900x600.jpg 900w, https:\/\/2l-a-velo.com\/wp-content\/uploads\/2023\/08\/372A0662-1280x854.jpg 1280w\" sizes=\"auto, (max-width: 1024px) 100vw, 1024px\" \/><\/figure>\n\n\n\n<p>Aujourd&rsquo;hui, sur la Plaza de Armas, quelques artistes tentent de remporter le concours. Parall\u00e8lement, on trouve aussi des travaux utilisant le m\u00e9tal.<\/p>\n\n\n\n<p><\/p>\n\n\n\n<div class=\"wp-block-buttons is-layout-flex wp-block-buttons-is-layout-flex\">\n<div class=\"wp-block-button has-custom-width wp-block-button__width-100\"><a class=\"wp-block-button__link has-background wp-element-button\" href=\"https:\/\/photos.google.com\/share\/AF1QipPWJNvhhOv7IHbBk3cmyvdJKKLlxJ2k84o3DXrC6t2YvoC8GPnpZB-V8iYSt4hYqA\/photo\/AF1QipMcsOt3P_JjQMPxHiGRC5PF-LvxYu9_UhjJMSgk?key=QUx3TGpkblVXaDNQZWthSV9WdlhDdkNfZWJScW9B\" style=\"border-radius:10px;background-color:#0173a3\">album photos du concours de sculptures<\/a><\/div>\n<\/div>\n\n\n\n<p class=\"has-text-align-center has-white-color has-text-color has-background has-larger-font-size\" style=\"background-color:#08aa20\"><strong>200 ans de Cayma<\/strong><\/p>\n\n\n\n<p>Cayma est un des district de la province d&rsquo;Arequipa. La ville a une population d&rsquo;environ 100 000 habitants et est un des quartiers les plus riches d&rsquo;Arequipa. Elle a \u00e9t\u00e9 cr\u00e9e en 1823 et la f\u00eate de ce soir, sur la Plaza de Armas d&rsquo;Arequipa, c\u00e9l\u00e8bre son bicentenaire.<\/p>\n\n\n\n<p>Le d\u00e9fil\u00e9 est pr\u00e9vu pour 16 h mais on s&rsquo;installe d\u00e8s 14 h. Beaucoup apportent leur tabouret mais on peut aussi se fournir sur place : 6 soles le petit, 8 soles le grand ! <\/p>\n\n\n\n<div class=\"wp-block-media-text alignwide has-media-on-the-right is-stacked-on-mobile\" style=\"grid-template-columns:auto 54%\"><div class=\"wp-block-media-text__content\">\n<p>Se mettent aussi en place les vendeurs de&#8230; choses diverses : boissons, barbes \u00e0 papa, nourriture diverses, babioles pour les enfants&#8230; Et on vend tout le temps du d\u00e9fil\u00e9 ! C&rsquo;est quelque chose d&rsquo;habituel dans tous les d\u00e9fil\u00e9s du P\u00e9rou&#8230; et d&rsquo;ailleurs !<\/p>\n<\/div><figure class=\"wp-block-media-text__media\"><img loading=\"lazy\" decoding=\"async\" width=\"1024\" height=\"683\" src=\"https:\/\/2l-a-velo.com\/wp-content\/uploads\/2023\/08\/372A1042-1024x683.jpg\" alt=\"\" class=\"wp-image-10196 size-full\" srcset=\"https:\/\/2l-a-velo.com\/wp-content\/uploads\/2023\/08\/372A1042-1024x683.jpg 1024w, https:\/\/2l-a-velo.com\/wp-content\/uploads\/2023\/08\/372A1042-300x200.jpg 300w, https:\/\/2l-a-velo.com\/wp-content\/uploads\/2023\/08\/372A1042-768x512.jpg 768w, https:\/\/2l-a-velo.com\/wp-content\/uploads\/2023\/08\/372A1042-1536x1024.jpg 1536w, https:\/\/2l-a-velo.com\/wp-content\/uploads\/2023\/08\/372A1042-2048x1366.jpg 2048w, https:\/\/2l-a-velo.com\/wp-content\/uploads\/2023\/08\/372A1042-900x600.jpg 900w, https:\/\/2l-a-velo.com\/wp-content\/uploads\/2023\/08\/372A1042-1280x854.jpg 1280w\" sizes=\"auto, (max-width: 1024px) 100vw, 1024px\" \/><\/figure><\/div>\n\n\n\n<div class=\"wp-block-media-text alignwide is-stacked-on-mobile\" style=\"grid-template-columns:52% auto\"><figure class=\"wp-block-media-text__media\"><img loading=\"lazy\" decoding=\"async\" width=\"1024\" height=\"575\" src=\"https:\/\/2l-a-velo.com\/wp-content\/uploads\/2023\/08\/PANA0483-1024x575.jpg\" alt=\"\" class=\"wp-image-10197 size-full\" srcset=\"https:\/\/2l-a-velo.com\/wp-content\/uploads\/2023\/08\/PANA0483-1024x575.jpg 1024w, https:\/\/2l-a-velo.com\/wp-content\/uploads\/2023\/08\/PANA0483-300x168.jpg 300w, https:\/\/2l-a-velo.com\/wp-content\/uploads\/2023\/08\/PANA0483-768x431.jpg 768w, https:\/\/2l-a-velo.com\/wp-content\/uploads\/2023\/08\/PANA0483-1536x862.jpg 1536w, https:\/\/2l-a-velo.com\/wp-content\/uploads\/2023\/08\/PANA0483-2048x1149.jpg 2048w, https:\/\/2l-a-velo.com\/wp-content\/uploads\/2023\/08\/PANA0483-900x505.jpg 900w, https:\/\/2l-a-velo.com\/wp-content\/uploads\/2023\/08\/PANA0483-1280x718.jpg 1280w\" sizes=\"auto, (max-width: 1024px) 100vw, 1024px\" \/><\/figure><div class=\"wp-block-media-text__content\">\n<p>Le pourtour de la place est bond\u00e9, on peut difficilement en sortir. Nous sommes au deuxi\u00e8me rang, juste derri\u00e8re les tabourets, ce qui devrait nous permettre de photographier sans souci ! <\/p>\n<\/div><\/div>\n\n\n\n<p>Et bien non ! Durant le d\u00e9fil\u00e9, il y a toujours des personnes au milieu de la rue avec portable, perche \u00e0 selfies, pied photo&#8230; Du coup, il vaut mieux quitter le trottoir et aller sur la rue en prenant les photos et les films accroupis pour ne pas g\u00eaner le public sur les c\u00f4t\u00e9s !<\/p>\n\n\n\n<figure class=\"wp-block-image size-large\"><img loading=\"lazy\" decoding=\"async\" width=\"1024\" height=\"683\" src=\"https:\/\/2l-a-velo.com\/wp-content\/uploads\/2023\/08\/372A1095-1024x683.jpg\" alt=\"\" class=\"wp-image-10198\" srcset=\"https:\/\/2l-a-velo.com\/wp-content\/uploads\/2023\/08\/372A1095-1024x683.jpg 1024w, https:\/\/2l-a-velo.com\/wp-content\/uploads\/2023\/08\/372A1095-300x200.jpg 300w, https:\/\/2l-a-velo.com\/wp-content\/uploads\/2023\/08\/372A1095-768x512.jpg 768w, https:\/\/2l-a-velo.com\/wp-content\/uploads\/2023\/08\/372A1095-1536x1024.jpg 1536w, https:\/\/2l-a-velo.com\/wp-content\/uploads\/2023\/08\/372A1095-2048x1366.jpg 2048w, https:\/\/2l-a-velo.com\/wp-content\/uploads\/2023\/08\/372A1095-900x600.jpg 900w, https:\/\/2l-a-velo.com\/wp-content\/uploads\/2023\/08\/372A1095-1280x854.jpg 1280w\" sizes=\"auto, (max-width: 1024px) 100vw, 1024px\" \/><\/figure>\n\n\n\n<p class=\"has-text-align-center\">C&rsquo;est festif, gai et la f\u00eate se prolongera dans la nuit longtemps apr\u00e8s la fin du d\u00e9fil\u00e9 !!!<\/p>\n\n\n\n<p>Nous avons bien du mal \u00e0 regagner notre h\u00f4tel car il n&rsquo;y a aucun endroit pour quitter la place, les spectateurs refusant de se pousser. M\u00eame la police a du mal \u00e0 se frayer un passage. Bonjour la s\u00e9curit\u00e9 ! <\/p>\n\n\n\n<div class=\"wp-block-buttons is-layout-flex wp-block-buttons-is-layout-flex\">\n<div class=\"wp-block-button has-custom-width wp-block-button__width-100\"><a class=\"wp-block-button__link has-background wp-element-button\" href=\"https:\/\/photos.google.com\/share\/AF1QipMXAaNzkhEboIeJ7kbiMKPBa_5HOKAgeuAXdEdbWStbTX2bjhFl93nH13EpOqGIEQ\/photo\/AF1QipPQX6yA8IzJ63gchdDAnIL5NMS6KX9fHwmhjmJ8?key=ZTc4YnNHWUJDOGFnQVpoUHNqOUpZQlB0UFd5N1Nn\" style=\"border-radius:10px;background-color:#0173a3\">album photos 200 ans Cayma<\/a><\/div>\n<\/div>\n\n\n\n<p class=\"has-text-align-center has-white-color has-text-color has-background has-large-font-size\" style=\"background-color:#c52003\"><strong>Vid\u00e9o : 200 ans de Cayma<\/strong><\/p>\n\n\n\n<iframe loading=\"lazy\" width=\"560\" height=\"315\" src=\"https:\/\/www.youtube.com\/embed\/Y3kFcIeUt1E\" title=\"YouTube video player\" frameborder=\"0\" allow=\"accelerometer; autoplay; clipboard-write; encrypted-media; gyroscope; picture-in-picture; web-share\" allowfullscreen><\/iframe>\n\n\n\n<p class=\"has-text-align-center has-white-color has-text-color has-background has-larger-font-size\" style=\"background-color:#08aa20\"><strong>Chants, guitares et danses<\/strong><\/p>\n\n\n\n<p>Une chanteuse, deux guitares et deux danseurs ! Un tr\u00e8s agr\u00e9able moment dans la cour du Centro Cultural Peruano Norte Americano \u00e0 go\u00fbter des chants et danses p\u00e9ruviens.<\/p>\n\n\n\n<p><\/p>\n\n\n\n<div class=\"wp-block-buttons is-layout-flex wp-block-buttons-is-layout-flex\">\n<div class=\"wp-block-button has-custom-width wp-block-button__width-100\"><a class=\"wp-block-button__link has-background has-text-align-center wp-element-button\" href=\"https:\/\/photos.google.com\/share\/AF1QipOQPuXXggmfzcNDRJRfT1P9kZ4P_wKskOP4d69OLlAwLoE8jI8IvtG3WUZ4pt49Ew\/photo\/AF1QipNvxoXfVcffa7NaE8HYmIbEskCj5__sLWGCKf_X?key=bDZ5aEQyMjZVamx3TGw3NkpLTExsMUpna3duREJn\" style=\"border-radius:10px;background-color:#0173a3\">album photos chants guitares et danses<\/a><\/div>\n<\/div>\n\n\n\n<p class=\"has-text-align-center has-white-color has-text-color has-background has-large-font-size\" style=\"background-color:#c52003\"><strong>Vid\u00e9o : Chants guitares et danses<\/strong><\/p>\n\n\n\n<iframe loading=\"lazy\" width=\"560\" height=\"315\" src=\"https:\/\/www.youtube.com\/embed\/tQTKAvWtsgA\" title=\"YouTube video player\" frameborder=\"0\" allow=\"accelerometer; autoplay; clipboard-write; encrypted-media; gyroscope; picture-in-picture; web-share\" allowfullscreen><\/iframe>\n\n\n\n<p class=\"has-text-align-center has-white-color has-text-color has-background has-larger-font-size\" style=\"background-color:#08aa20\"><strong>Exposition de peintures<\/strong><\/p>\n\n\n\n<p>Toujours dans le Centro Cultural, apr\u00e8s la musique, la peinture. Une exposition du peintre Jhonatan Quezada Lira intitul\u00e9e \u00ab\u00a0Personae\u00a0\u00bb qui repr\u00e9sente des visages d\u00e9figur\u00e9s en petits, moyens et grands formats.<\/p>\n\n\n\n<p>Peintures au couteau qui interpellent ! Nous avons bien aim\u00e9 ! <\/p>\n\n\n\n<div class=\"wp-block-buttons is-layout-flex wp-block-buttons-is-layout-flex\">\n<div class=\"wp-block-button has-custom-width wp-block-button__width-100\"><a class=\"wp-block-button__link has-background has-text-align-center wp-element-button\" href=\"https:\/\/photos.google.com\/share\/AF1QipNzTBRqI_jOhOPGuQ_iPRDsBOJkJNJvl6bebenhVXGwVa2qdC6iakkEcf4p5sRGtQ\/photo\/AF1QipNJadKakVcb_zmtqCKPdEzzkzGYfL3sfEVKktah?key=SzlvNnNyMFR6ZEJRMW1iWTdWbkEydGF2M2hPekZB\" style=\"border-radius:10px;background-color:#0173a3\">album photos peintures<\/a><\/div>\n<\/div>\n\n\n\n<p class=\"has-text-align-center has-white-color has-text-color has-background has-larger-font-size\" style=\"background-color:#08aa20\"><strong>Corso de la Amistad<\/strong><\/p>\n\n\n\n<p>C&rsquo;est l&rsquo;apoth\u00e9ose des f\u00eates d&rsquo;Arequipa ! Aujourd&rsquo;hui, 15 ao\u00fbt, c&rsquo;est le 483\u00e8me anniversaire de la naissance de la ville.<\/p>\n\n\n\n<p>Et l\u00e0, on fait les choses en grand ! C&rsquo;est un d\u00e9fil\u00e9 impressionnant. Une foule \u00e9norme occupe chaises, trottoirs et fen\u00eatres. Nous sommes arriv\u00e9s \u00e0 10 h pour en repartir \u00e0 18 h&#8230; et ce n&rsquo;\u00e9tait pas termin\u00e9 !!!<\/p>\n\n\n\n<figure class=\"wp-block-image size-large\"><img loading=\"lazy\" decoding=\"async\" width=\"1024\" height=\"683\" src=\"https:\/\/2l-a-velo.com\/wp-content\/uploads\/2023\/08\/372A1632-1024x683.jpg\" alt=\"\" class=\"wp-image-10247\" srcset=\"https:\/\/2l-a-velo.com\/wp-content\/uploads\/2023\/08\/372A1632-1024x683.jpg 1024w, https:\/\/2l-a-velo.com\/wp-content\/uploads\/2023\/08\/372A1632-300x200.jpg 300w, https:\/\/2l-a-velo.com\/wp-content\/uploads\/2023\/08\/372A1632-768x512.jpg 768w, https:\/\/2l-a-velo.com\/wp-content\/uploads\/2023\/08\/372A1632-1536x1024.jpg 1536w, https:\/\/2l-a-velo.com\/wp-content\/uploads\/2023\/08\/372A1632-2048x1366.jpg 2048w, https:\/\/2l-a-velo.com\/wp-content\/uploads\/2023\/08\/372A1632-900x600.jpg 900w, https:\/\/2l-a-velo.com\/wp-content\/uploads\/2023\/08\/372A1632-1280x854.jpg 1280w\" sizes=\"auto, (max-width: 1024px) 100vw, 1024px\" \/><\/figure>\n\n\n\n<p>La femme de Thomas, le responsable de l&rsquo;agence P\u00e9rou exclusif, nous avait pris des places (merci Patricia). En effet, ici, certaines personnes passent la nuit sur place avec un tas de chaises qu&rsquo;elles installent au matin et qu&rsquo;elles louent pour la journ\u00e9e. Le prix est d\u00e9croissant en fonction du rang. En g\u00e9n\u00e9ral, il y a trois rang\u00e9es de chaises ce qui bloque les d\u00e9placements sur les trottoirs. Voil\u00e0 pourquoi, on est oblig\u00e9 de circuler sur la rue le long du d\u00e9fil\u00e9. <\/p>\n\n\n\n<div class=\"wp-block-media-text alignwide has-media-on-the-right is-stacked-on-mobile\" style=\"grid-template-columns:auto 54%\"><div class=\"wp-block-media-text__content\">\n<p>Et bien s\u00fbr, nous retrouvons les vendeurs de choses diverses et vari\u00e9es, de la barquette de fraises au pot de g\u00e9latine color\u00e9e en passant par des bricoles en plastique pour amuser les enfants.<\/p>\n<\/div><figure class=\"wp-block-media-text__media\"><img loading=\"lazy\" decoding=\"async\" width=\"1024\" height=\"683\" src=\"https:\/\/2l-a-velo.com\/wp-content\/uploads\/2023\/08\/372A1534-1024x683.jpg\" alt=\"\" class=\"wp-image-10248 size-full\" srcset=\"https:\/\/2l-a-velo.com\/wp-content\/uploads\/2023\/08\/372A1534-1024x683.jpg 1024w, https:\/\/2l-a-velo.com\/wp-content\/uploads\/2023\/08\/372A1534-300x200.jpg 300w, https:\/\/2l-a-velo.com\/wp-content\/uploads\/2023\/08\/372A1534-768x512.jpg 768w, https:\/\/2l-a-velo.com\/wp-content\/uploads\/2023\/08\/372A1534-1536x1024.jpg 1536w, https:\/\/2l-a-velo.com\/wp-content\/uploads\/2023\/08\/372A1534-2048x1366.jpg 2048w, https:\/\/2l-a-velo.com\/wp-content\/uploads\/2023\/08\/372A1534-900x600.jpg 900w, https:\/\/2l-a-velo.com\/wp-content\/uploads\/2023\/08\/372A1534-1280x854.jpg 1280w\" sizes=\"auto, (max-width: 1024px) 100vw, 1024px\" \/><\/figure><\/div>\n\n\n\n<p>C&rsquo;est un d\u00e9fil\u00e9 qui m\u00eale un peu tout : le folklore, les groupes style \u00ab\u00a0carnaval de Rio\u00a0\u00bb, les entreprises locales, les fanfares&#8230; bref, de la vari\u00e9t\u00e9 ! <\/p>\n\n\n\n<p><\/p>\n\n\n\n<div class=\"wp-block-buttons is-layout-flex wp-block-buttons-is-layout-flex\">\n<div class=\"wp-block-button has-custom-width wp-block-button__width-100\"><a class=\"wp-block-button__link has-background has-text-align-center wp-element-button\" href=\"https:\/\/photos.google.com\/share\/AF1QipNOueU_RQinqslIbK4lKsm9-WyALlvq5EucOltjXQgrQKUl6GuUUa3QfOyNK06SEA\/photo\/AF1QipPb3M6HtrWrhlJDr0LXjQ_6rHmku68mWGhaEtaT?key=UVM4aTYyVXh3ZVFVa2x5emRyT1pUM3RBcEExQ25B\" style=\"border-radius:10px;background-color:#0173a3\">Album photos Corso de la Amistad<\/a><\/div>\n<\/div>\n\n\n\n<p class=\"has-text-align-center has-white-color has-text-color has-background has-large-font-size\" style=\"background-color:#c52003\"><strong>Vid\u00e9o : Corso de la Amistad<\/strong><\/p>\n\n\n\n<iframe loading=\"lazy\" width=\"560\" height=\"315\" src=\"https:\/\/www.youtube.com\/embed\/y4Pt3K_H6eo\" title=\"YouTube video player\" frameborder=\"0\" allow=\"accelerometer; autoplay; clipboard-write; encrypted-media; gyroscope; picture-in-picture; web-share\" allowfullscreen><\/iframe>\n\n\n\n<p class=\"has-text-align-center has-white-color has-text-color has-background has-larger-font-size\" style=\"background-color:#08aa20\"><strong>Festidanza, festival de danses folkloriques<\/strong><\/p>\n\n\n\n<p>Une tr\u00e8s belle soir\u00e9e au Coliseo, immense salle circulaire, pour ce festival de danses magnifique et color\u00e9 !<\/p>\n\n\n\n<figure class=\"wp-block-image size-large\"><img loading=\"lazy\" decoding=\"async\" width=\"1024\" height=\"575\" src=\"https:\/\/2l-a-velo.com\/wp-content\/uploads\/2023\/08\/PANA0991-1024x575.jpg\" alt=\"\" class=\"wp-image-10254\" srcset=\"https:\/\/2l-a-velo.com\/wp-content\/uploads\/2023\/08\/PANA0991-1024x575.jpg 1024w, https:\/\/2l-a-velo.com\/wp-content\/uploads\/2023\/08\/PANA0991-300x168.jpg 300w, https:\/\/2l-a-velo.com\/wp-content\/uploads\/2023\/08\/PANA0991-768x431.jpg 768w, https:\/\/2l-a-velo.com\/wp-content\/uploads\/2023\/08\/PANA0991-1536x862.jpg 1536w, https:\/\/2l-a-velo.com\/wp-content\/uploads\/2023\/08\/PANA0991-2048x1149.jpg 2048w, https:\/\/2l-a-velo.com\/wp-content\/uploads\/2023\/08\/PANA0991-900x505.jpg 900w, https:\/\/2l-a-velo.com\/wp-content\/uploads\/2023\/08\/PANA0991-1280x718.jpg 1280w\" sizes=\"auto, (max-width: 1024px) 100vw, 1024px\" \/><\/figure>\n\n\n\n<p>Des groupes de haut niveau, une bonne sono, des \u00e9clairages vari\u00e9s, et de plus, nous \u00e9tions bien plac\u00e9s !<\/p>\n\n\n\n<p>Des groupes venus de pays d&rsquo;Am\u00e9rique latine, du P\u00e9rou bien s\u00fbr mais aussi de Colombie, de Bolivie, d&rsquo;Equateur, du Mexique, de Panama, du Honduras, du Chili&#8230;<\/p>\n\n\n\n<div class=\"wp-block-buttons is-layout-flex wp-block-buttons-is-layout-flex\">\n<div class=\"wp-block-button has-custom-width wp-block-button__width-100\"><a class=\"wp-block-button__link has-background has-text-align-center wp-element-button\" href=\"https:\/\/photos.google.com\/share\/AF1QipO0rOoDCHHbzdnBTNIaMEzepmZU89U2aKrFRAg5BW2upWZOCPOnGkSbsY2RLXhirA\/photo\/AF1QipP97gFtIVFIHskfjuMqJQtHhFDEHWOe1kEmr-vQ?key=eWd3eXhiNmVKQ016ZjJnWmkzR1F0VnVJRXNrdXdR\" style=\"border-radius:10px;background-color:#0173a3\">album photos festival de danses<\/a><\/div>\n<\/div>\n\n\n\n<p class=\"has-text-align-center has-white-color has-text-color has-background has-large-font-size\" style=\"background-color:#c52003\"><strong>Vid\u00e9o : Festival de danses<\/strong><\/p>\n\n\n\n<iframe loading=\"lazy\" width=\"560\" height=\"315\" src=\"https:\/\/www.youtube.com\/embed\/lXqUlrmWgZw\" title=\"YouTube video player\" frameborder=\"0\" allow=\"accelerometer; autoplay; clipboard-write; encrypted-media; gyroscope; picture-in-picture; web-share\" allowfullscreen><\/iframe>\n","protected":false},"excerpt":{"rendered":"<p>Du 13 au 22 ao\u00fbt La f\u00eate continue \u00e0 Arequipa ! Les animations et d\u00e9fil\u00e9s se succ\u00e8dent, festifs comme les \u00ab\u00a0200 ans de Cayma \u00ab\u00a0, le \u00ab\u00a0Corso de Amistad\u00a0\u00bb ou le \u00ab\u00a0Festidanza\u00a0\u00bb, un peu militaire comme \u00ab\u00a0La marche de l&rsquo;\u00e9tendard\u00a0\u00bb, culturels comme la sculpture du sillar, la peinture, la musique ! Marche de l&rsquo;Etendard d&rsquo;Arequipa [&hellip;]<\/p>\n","protected":false},"author":1,"featured_media":0,"parent":9507,"menu_order":6,"comment_status":"open","ping_status":"closed","template":"","meta":{"jetpack_post_was_ever_published":false,"footnotes":""},"class_list":["post-10163","page","type-page","status-publish","hentry"],"jetpack_likes_enabled":true,"jetpack_sharing_enabled":true,"_links":{"self":[{"href":"https:\/\/2l-a-velo.com\/index.php?rest_route=\/wp\/v2\/pages\/10163","targetHints":{"allow":["GET"]}}],"collection":[{"href":"https:\/\/2l-a-velo.com\/index.php?rest_route=\/wp\/v2\/pages"}],"about":[{"href":"https:\/\/2l-a-velo.com\/index.php?rest_route=\/wp\/v2\/types\/page"}],"author":[{"embeddable":true,"href":"https:\/\/2l-a-velo.com\/index.php?rest_route=\/wp\/v2\/users\/1"}],"replies":[{"embeddable":true,"href":"https:\/\/2l-a-velo.com\/index.php?rest_route=%2Fwp%2Fv2%2Fcomments&post=10163"}],"version-history":[{"count":61,"href":"https:\/\/2l-a-velo.com\/index.php?rest_route=\/wp\/v2\/pages\/10163\/revisions"}],"predecessor-version":[{"id":10275,"href":"https:\/\/2l-a-velo.com\/index.php?rest_route=\/wp\/v2\/pages\/10163\/revisions\/10275"}],"up":[{"embeddable":true,"href":"https:\/\/2l-a-velo.com\/index.php?rest_route=\/wp\/v2\/pages\/9507"}],"wp:attachment":[{"href":"https:\/\/2l-a-velo.com\/index.php?rest_route=%2Fwp%2Fv2%2Fmedia&parent=10163"}],"curies":[{"name":"wp","href":"https:\/\/api.w.org\/{rel}","templated":true}]}}