{"id":1030,"date":"2019-08-13T14:40:49","date_gmt":"2019-08-13T12:40:49","guid":{"rendered":"http:\/\/2l-a-velo.com\/?page_id=1030"},"modified":"2023-01-06T12:13:37","modified_gmt":"2023-01-06T11:13:37","slug":"de-la-balsa-a-chachapoyas","status":"publish","type":"page","link":"https:\/\/2l-a-velo.com\/?page_id=1030","title":{"rendered":"De La Balsa \u00e0 Chachapoyas"},"content":{"rendered":"\n<div class=\"wp-block-media-text alignwide is-stacked-on-mobile\"><figure class=\"wp-block-media-text__media\"><img loading=\"lazy\" decoding=\"async\" width=\"1024\" height=\"682\" src=\"https:\/\/2l-a-velo.com\/wp-content\/uploads\/2019\/08\/P1037145-1024x682.jpg\" alt=\"\" class=\"wp-image-1063 size-full\" srcset=\"https:\/\/2l-a-velo.com\/wp-content\/uploads\/2019\/08\/P1037145-1024x682.jpg 1024w, https:\/\/2l-a-velo.com\/wp-content\/uploads\/2019\/08\/P1037145-300x200.jpg 300w, https:\/\/2l-a-velo.com\/wp-content\/uploads\/2019\/08\/P1037145-768x512.jpg 768w, https:\/\/2l-a-velo.com\/wp-content\/uploads\/2019\/08\/P1037145-900x600.jpg 900w, https:\/\/2l-a-velo.com\/wp-content\/uploads\/2019\/08\/P1037145-1280x853.jpg 1280w, https:\/\/2l-a-velo.com\/wp-content\/uploads\/2019\/08\/P1037145.jpg 2024w\" sizes=\"auto, (max-width: 1024px) 100vw, 1024px\" \/><\/figure><div class=\"wp-block-media-text__content\">\n<p class=\"has-text-align-center has-larger-font-size\"><strong>Du 2 au 12 ao\u00fbt<\/strong><\/p>\n<\/div><\/div>\n\n\n\n<p class=\"has-small-font-size\">Le passage de la fronti\u00e8re est tr\u00e8s \u00ab\u00a0cool\u00a0\u00bb ! Dix minutes c\u00f4t\u00e9 \u00e9quatorien et quinze minutes c\u00f4t\u00e9 p\u00e9ruvien, le temps de prendre empreintes digitales et photos.<\/p>\n\n\n\n<p class=\"has-small-font-size\">D\u00e8s les premiers coups de p\u00e9dales, on sent la diff\u00e9rence avec l&rsquo;Equateur : moins de voitures, des motos-taxis par dizaines, le retour des motos que l&rsquo;on avait peu vues depuis la Colombie&#8230;<\/p>\n\n\n\n<p class=\"has-small-font-size\">A San Ignacio et dans cette r\u00e9gion, transitent des tonnes de caf\u00e9, transport\u00e9, apr\u00e8s avoir s\u00e9ch\u00e9 sur les routes, dans de gros sacs charg\u00e9s sur des camions, des 4&#215;4, des motos-taxis&#8230; Nous avons d&rsquo;ailleurs \u00e9t\u00e9 invit\u00e9s, dans un entrep\u00f4t, \u00e0 go\u00fbter le caf\u00e9, fort bon ma foi !!!<\/p>\n\n\n\n<div class=\"wp-block-media-text alignwide has-media-on-the-right is-stacked-on-mobile\"><div class=\"wp-block-media-text__content\">\n<p class=\"has-small-font-size\"> Nous sommes surpris par ces nombreuses motos-taxis qui font penser aux tuk-tuk d&rsquo;Asie. Il est vrai que celles-ci remplacent les bus. Mais elles transportent aussi des choses diverses : sacs de caf\u00e9, ma\u00efs, fruits divers, meubles&#8230; laisser aller votre imagination. En ville, elles circulent en tous sens et nous nous demandons comment elles font pour ne pas se percuter les unes, les autres !!! Impressionnant !!! <\/p>\n<\/div><figure class=\"wp-block-media-text__media\"><img loading=\"lazy\" decoding=\"async\" width=\"1024\" height=\"682\" src=\"https:\/\/2l-a-velo.com\/wp-content\/uploads\/2019\/08\/372A3595-1024x682.jpg\" alt=\"\" class=\"wp-image-1049 size-full\" srcset=\"https:\/\/2l-a-velo.com\/wp-content\/uploads\/2019\/08\/372A3595-1024x682.jpg 1024w, https:\/\/2l-a-velo.com\/wp-content\/uploads\/2019\/08\/372A3595-300x200.jpg 300w, https:\/\/2l-a-velo.com\/wp-content\/uploads\/2019\/08\/372A3595-768x512.jpg 768w, https:\/\/2l-a-velo.com\/wp-content\/uploads\/2019\/08\/372A3595-900x600.jpg 900w, https:\/\/2l-a-velo.com\/wp-content\/uploads\/2019\/08\/372A3595-1280x853.jpg 1280w, https:\/\/2l-a-velo.com\/wp-content\/uploads\/2019\/08\/372A3595.jpg 2024w\" sizes=\"auto, (max-width: 1024px) 100vw, 1024px\" \/><\/figure><\/div>\n\n\n\n<div class=\"wp-block-media-text alignwide is-stacked-on-mobile\"><figure class=\"wp-block-media-text__media\"><img loading=\"lazy\" decoding=\"async\" width=\"1024\" height=\"682\" src=\"https:\/\/2l-a-velo.com\/wp-content\/uploads\/2019\/08\/372A3579-1024x682.jpg\" alt=\"\" class=\"wp-image-1048 size-full\" srcset=\"https:\/\/2l-a-velo.com\/wp-content\/uploads\/2019\/08\/372A3579-1024x682.jpg 1024w, https:\/\/2l-a-velo.com\/wp-content\/uploads\/2019\/08\/372A3579-300x200.jpg 300w, https:\/\/2l-a-velo.com\/wp-content\/uploads\/2019\/08\/372A3579-768x512.jpg 768w, https:\/\/2l-a-velo.com\/wp-content\/uploads\/2019\/08\/372A3579-900x600.jpg 900w, https:\/\/2l-a-velo.com\/wp-content\/uploads\/2019\/08\/372A3579-1280x853.jpg 1280w, https:\/\/2l-a-velo.com\/wp-content\/uploads\/2019\/08\/372A3579.jpg 2024w\" sizes=\"auto, (max-width: 1024px) 100vw, 1024px\" \/><\/figure><div class=\"wp-block-media-text__content\">\n<p class=\"has-small-font-size\">\n\nNous d\u00e9couvrons aussi de nombreuses rizi\u00e8res bord\u00e9es de palmiers, des plantations de bananiers, de canne \u00e0 sucre, d&rsquo;ananas, de noix de coco&#8230; Et \u00e9videmment des rizi\u00e8res, des tuk-tuk, des palmiers, on se croirait&#8230; dans le sud-est asiatique ! \n\n<\/p>\n<\/div><\/div>\n\n\n\n<div class=\"wp-block-media-text alignwide has-media-on-the-right is-stacked-on-mobile\"><div class=\"wp-block-media-text__content\">\n<p class=\"has-small-font-size\"> Pour traverser le rio Maranon, nous avons charg\u00e9 les v\u00e9los sur une barque, \u00e0 moteur quand m\u00eame. L&#8217;embarquement et le d\u00e9barquement des v\u00e9los est assez \u00e9pique !!!  <\/p>\n<\/div><figure class=\"wp-block-media-text__media\"><img loading=\"lazy\" decoding=\"async\" width=\"1024\" height=\"682\" src=\"https:\/\/2l-a-velo.com\/wp-content\/uploads\/2019\/08\/P1037149-1-1024x682.jpg\" alt=\"\" class=\"wp-image-1055 size-full\" srcset=\"https:\/\/2l-a-velo.com\/wp-content\/uploads\/2019\/08\/P1037149-1-1024x682.jpg 1024w, https:\/\/2l-a-velo.com\/wp-content\/uploads\/2019\/08\/P1037149-1-300x200.jpg 300w, https:\/\/2l-a-velo.com\/wp-content\/uploads\/2019\/08\/P1037149-1-768x512.jpg 768w, https:\/\/2l-a-velo.com\/wp-content\/uploads\/2019\/08\/P1037149-1-900x600.jpg 900w, https:\/\/2l-a-velo.com\/wp-content\/uploads\/2019\/08\/P1037149-1-1280x853.jpg 1280w, https:\/\/2l-a-velo.com\/wp-content\/uploads\/2019\/08\/P1037149-1.jpg 2024w\" sizes=\"auto, (max-width: 1024px) 100vw, 1024px\" \/><\/figure><\/div>\n\n\n\n<p class=\"has-small-font-size\">Nous longerons ensuite le rio Utcumbamba. Ce sont d&rsquo;abord des rizi\u00e8res que l&rsquo;on domine avant de redescendre vers le rio. Puis la vall\u00e9e s&rsquo;encaisse, les montagnes bordent la route et nous montons vers des villes plus en altitude, il fait moins chaud ! Pour l&rsquo;anecdote, on nous avait indiqu\u00e9 un raccourci pour \u00e9viter de trop monter. Malheureusement, apr\u00e8s avoir gravi 200 m de d\u00e9nivel\u00e9 sur des pentes raides ou en poussant les v\u00e9los, nous serons oblig\u00e9s de faire demi-tour, un \u00e9boulement bloquant le passage&#8230; toujours se m\u00e9fier des raccourcis, n&rsquo;est-ce pas Benjamin ? <\/p>\n\n\n\n<p class=\"has-small-font-size\">Nous roulions vers Chachapoyas en suivant toujours le rio Utcumbamba quand un camion s&rsquo;arr\u00eata \u00e0 notre hauteur et on nous offrit deux bouteilles d&rsquo;eau, sympa !!! <\/p>\n\n\n\n<div class=\"wp-block-button aligncenter\"><a class=\"wp-block-button__link has-background wp-element-button\" href=\"https:\/\/photos.google.com\/share\/AF1QipOELHpCZ9iAontnthZpsHhBHgqIKgV2Qr3Py_dApoOMnASK7y-hWozkmia7Q_W-vQ\/photo\/AF1QipOz6P1rNAzeVkkceFTPw5frP2HySfWGgpxA9-dX?key=LUtpeVQzNlJjdTNyWTFyOGJVdXdSTFg0d25tUEV3\" style=\"background-color:#0375a6\">Quelques photos (cliquez)<\/a><\/div>\n\n\n\n<p class=\"has-text-align-center has-large-font-size\"><strong>Une petite vid\u00e9o !<\/strong><\/p>\n\n\n\n<figure><iframe loading=\"lazy\" width=\"560\" height=\"315\" src=\"https:\/\/www.youtube.com\/embed\/gW-Lig_dA2w\" allowfullscreen=\"\"><\/iframe><\/figure>\n\n\n\n<p class=\"has-text-align-center has-accent-background-color has-background has-larger-font-size\"><strong>CHACHAPOYAS<\/strong><\/p>\n\n\n\n<p class=\"has-small-font-size\">La mont\u00e9e vers Chachapoyas est un peu longuette et ne pr\u00e9sente pas beaucoup d&rsquo;int\u00e9r\u00eat. Par contre le centre de cette petite ville, capitale de l&rsquo;Amazonas, est tr\u00e8s joli avec sa Plaza de Armas, sa cath\u00e9drale et ses rues bord\u00e9es de tr\u00e8s belles maisons coloniales.<\/p>\n\n\n\n<figure class=\"wp-block-image\"><img loading=\"lazy\" decoding=\"async\" width=\"1024\" height=\"307\" src=\"https:\/\/2l-a-velo.com\/wp-content\/uploads\/2019\/08\/Group-1-P1037239_P1037245-7-images-1-1024x307.jpg\" alt=\"\" class=\"wp-image-1060\" srcset=\"https:\/\/2l-a-velo.com\/wp-content\/uploads\/2019\/08\/Group-1-P1037239_P1037245-7-images-1-1024x307.jpg 1024w, https:\/\/2l-a-velo.com\/wp-content\/uploads\/2019\/08\/Group-1-P1037239_P1037245-7-images-1-300x90.jpg 300w, https:\/\/2l-a-velo.com\/wp-content\/uploads\/2019\/08\/Group-1-P1037239_P1037245-7-images-1-768x230.jpg 768w, https:\/\/2l-a-velo.com\/wp-content\/uploads\/2019\/08\/Group-1-P1037239_P1037245-7-images-1-900x269.jpg 900w, https:\/\/2l-a-velo.com\/wp-content\/uploads\/2019\/08\/Group-1-P1037239_P1037245-7-images-1-1280x383.jpg 1280w, https:\/\/2l-a-velo.com\/wp-content\/uploads\/2019\/08\/Group-1-P1037239_P1037245-7-images-1.jpg 2024w\" sizes=\"auto, (max-width: 1024px) 100vw, 1024px\" \/><figcaption class=\"wp-element-caption\"><strong>Chachapoyas<\/strong>, Plaza de Armas<\/figcaption><\/figure>\n\n\n\n<p class=\"has-small-font-size\">Comme  nous sommes bloqu\u00e9s \u00e0 Chachapoyas pendant plusieurs jours pour raisons de sant\u00e9 (v\u00e9lo interdit, et oui !), nous allons profiter de la ville et des environs !<\/p>\n\n\n\n<p class=\"has-small-font-size\">Premier jour des f\u00eates de la Vierge, le d\u00e9fil\u00e9 des institutions de Chachapoyas avec musique, danses, cavaliers et fanfares !<\/p>\n\n\n\n<p class=\"has-small-font-size\">Le lendemain, nous avons assist\u00e9, dans la m\u00eame journ\u00e9e, d&rsquo;abord au d\u00e9fil\u00e9 des \u00e9l\u00e8ves de l&rsquo;Institution Catholique de la Vierge de l&rsquo;Assunta, d\u00e9fil\u00e9 tr\u00e8s paramilitaire surtout pour de toutes jeunes filles !!! Ensuite, comme on se rapproche du 15 ao\u00fbt, \u00e0 une procession d\u00e9di\u00e9e \u00e0 la Virgen de Fatima de Chachapoyas accompagn\u00e9e par la fanfare de la&#8230; police !!! Enfin, quelque chose de non religieux (si,si !), un tr\u00e8s beau spectacle de danses avec des groupes venant du Mexique, de Colombie, d&rsquo;Equateur et du&#8230; P\u00e9rou bien s\u00fbr ! <\/p>\n\n\n\n<div class=\"wp-block-button aligncenter\"><a class=\"wp-block-button__link has-background wp-element-button\" href=\"https:\/\/photos.google.com\/share\/AF1QipPWHIM6xj7R5e5xzCjVNQB8Uzi9yv6OXP-Ez8lC5PLUR8Sz3CGEEiiJ5eEAAUORag\/photo\/AF1QipN-mr1_LytD7DTVezA91MBma80mXmZhsaz6mSkZ?key=ZWJMZHF4d2dOandtOUNsTmk0RmhPRDBzdXNrY0dn\" style=\"background-color:#0474a4\">Quelques photos (cliquez)<\/a><\/div>\n\n\n\n<p class=\"has-text-align-center has-large-font-size\"><strong>Une petite vid\u00e9o <\/strong><\/p>\n\n\n\n<figure><iframe loading=\"lazy\" width=\"560\" height=\"315\" src=\"https:\/\/www.youtube.com\/embed\/lVqEcYlknq0\" allowfullscreen=\"\"><\/iframe><\/figure>\n","protected":false},"excerpt":{"rendered":"<p>Du 2 au 12 ao\u00fbt Le passage de la fronti\u00e8re est tr\u00e8s \u00ab\u00a0cool\u00a0\u00bb ! Dix minutes c\u00f4t\u00e9 \u00e9quatorien et quinze minutes c\u00f4t\u00e9 p\u00e9ruvien, le temps de prendre empreintes digitales et photos. D\u00e8s les premiers coups de p\u00e9dales, on sent la diff\u00e9rence avec l&rsquo;Equateur : moins de voitures, des motos-taxis par dizaines, le retour des motos [&hellip;]<\/p>\n","protected":false},"author":1,"featured_media":0,"parent":126,"menu_order":1,"comment_status":"open","ping_status":"closed","template":"","meta":{"jetpack_post_was_ever_published":false,"footnotes":""},"class_list":["post-1030","page","type-page","status-publish","hentry"],"jetpack_likes_enabled":true,"jetpack_sharing_enabled":true,"_links":{"self":[{"href":"https:\/\/2l-a-velo.com\/index.php?rest_route=\/wp\/v2\/pages\/1030","targetHints":{"allow":["GET"]}}],"collection":[{"href":"https:\/\/2l-a-velo.com\/index.php?rest_route=\/wp\/v2\/pages"}],"about":[{"href":"https:\/\/2l-a-velo.com\/index.php?rest_route=\/wp\/v2\/types\/page"}],"author":[{"embeddable":true,"href":"https:\/\/2l-a-velo.com\/index.php?rest_route=\/wp\/v2\/users\/1"}],"replies":[{"embeddable":true,"href":"https:\/\/2l-a-velo.com\/index.php?rest_route=%2Fwp%2Fv2%2Fcomments&post=1030"}],"version-history":[{"count":59,"href":"https:\/\/2l-a-velo.com\/index.php?rest_route=\/wp\/v2\/pages\/1030\/revisions"}],"predecessor-version":[{"id":6845,"href":"https:\/\/2l-a-velo.com\/index.php?rest_route=\/wp\/v2\/pages\/1030\/revisions\/6845"}],"up":[{"embeddable":true,"href":"https:\/\/2l-a-velo.com\/index.php?rest_route=\/wp\/v2\/pages\/126"}],"wp:attachment":[{"href":"https:\/\/2l-a-velo.com\/index.php?rest_route=%2Fwp%2Fv2%2Fmedia&parent=1030"}],"curies":[{"name":"wp","href":"https:\/\/api.w.org\/{rel}","templated":true}]}}