{"id":10610,"date":"2024-09-09T07:42:01","date_gmt":"2024-09-09T05:42:01","guid":{"rendered":"https:\/\/2l-a-velo.com\/?page_id=10610"},"modified":"2024-09-09T16:23:06","modified_gmt":"2024-09-09T14:23:06","slug":"le-voyage","status":"publish","type":"page","link":"https:\/\/2l-a-velo.com\/?page_id=10610","title":{"rendered":"Le voyage"},"content":{"rendered":"\n<div class=\"wp-block-media-text is-stacked-on-mobile\" style=\"grid-template-columns:58% auto\"><figure class=\"wp-block-media-text__media\"><img loading=\"lazy\" decoding=\"async\" width=\"1024\" height=\"575\" src=\"https:\/\/2l-a-velo.com\/wp-content\/uploads\/2024\/09\/P1001019-1024x575.jpg\" alt=\"\" class=\"wp-image-10613 size-full\" srcset=\"https:\/\/2l-a-velo.com\/wp-content\/uploads\/2024\/09\/P1001019-1024x575.jpg 1024w, https:\/\/2l-a-velo.com\/wp-content\/uploads\/2024\/09\/P1001019-300x168.jpg 300w, https:\/\/2l-a-velo.com\/wp-content\/uploads\/2024\/09\/P1001019-768x431.jpg 768w, https:\/\/2l-a-velo.com\/wp-content\/uploads\/2024\/09\/P1001019-1536x862.jpg 1536w, https:\/\/2l-a-velo.com\/wp-content\/uploads\/2024\/09\/P1001019-2048x1149.jpg 2048w, https:\/\/2l-a-velo.com\/wp-content\/uploads\/2024\/09\/P1001019-900x505.jpg 900w, https:\/\/2l-a-velo.com\/wp-content\/uploads\/2024\/09\/P1001019-1280x718.jpg 1280w\" sizes=\"auto, (max-width: 1024px) 100vw, 1024px\" \/><\/figure><div class=\"wp-block-media-text__content\">\n<p class=\"has-text-align-center has-normal-font-size\"><strong>Samedi 7 et dimanche 8 septembre<\/strong><\/p>\n<\/div><\/div>\n\n\n\n<div class=\"wp-block-media-text has-media-on-the-right is-stacked-on-mobile\" style=\"grid-template-columns:auto 55%\"><div class=\"wp-block-media-text__content\">\n<p>Les v\u00e9los sont en carton, les sacoches sont \u00ab\u00a0film\u00e9es\u00a0\u00bb, il est 5 h du matin lorsque nous quittons Digne les Bains !<\/p>\n<\/div><figure class=\"wp-block-media-text__media\"><img loading=\"lazy\" decoding=\"async\" width=\"1024\" height=\"575\" src=\"https:\/\/2l-a-velo.com\/wp-content\/uploads\/2024\/09\/P1001009-1024x575.jpg\" alt=\"\" class=\"wp-image-10620 size-full\" srcset=\"https:\/\/2l-a-velo.com\/wp-content\/uploads\/2024\/09\/P1001009-1024x575.jpg 1024w, https:\/\/2l-a-velo.com\/wp-content\/uploads\/2024\/09\/P1001009-300x168.jpg 300w, https:\/\/2l-a-velo.com\/wp-content\/uploads\/2024\/09\/P1001009-768x431.jpg 768w, https:\/\/2l-a-velo.com\/wp-content\/uploads\/2024\/09\/P1001009-1536x862.jpg 1536w, https:\/\/2l-a-velo.com\/wp-content\/uploads\/2024\/09\/P1001009-2048x1149.jpg 2048w, https:\/\/2l-a-velo.com\/wp-content\/uploads\/2024\/09\/P1001009-900x505.jpg 900w, https:\/\/2l-a-velo.com\/wp-content\/uploads\/2024\/09\/P1001009-1280x718.jpg 1280w\" sizes=\"auto, (max-width: 1024px) 100vw, 1024px\" \/><\/figure><\/div>\n\n\n\n<div class=\"wp-block-media-text is-stacked-on-mobile\" style=\"grid-template-columns:55% auto\"><figure class=\"wp-block-media-text__media\"><img loading=\"lazy\" decoding=\"async\" width=\"1024\" height=\"575\" src=\"https:\/\/2l-a-velo.com\/wp-content\/uploads\/2024\/09\/P1017804-1024x575.jpg\" alt=\"\" class=\"wp-image-10621 size-full\" srcset=\"https:\/\/2l-a-velo.com\/wp-content\/uploads\/2024\/09\/P1017804-1024x575.jpg 1024w, https:\/\/2l-a-velo.com\/wp-content\/uploads\/2024\/09\/P1017804-300x168.jpg 300w, https:\/\/2l-a-velo.com\/wp-content\/uploads\/2024\/09\/P1017804-768x431.jpg 768w, https:\/\/2l-a-velo.com\/wp-content\/uploads\/2024\/09\/P1017804-1536x862.jpg 1536w, https:\/\/2l-a-velo.com\/wp-content\/uploads\/2024\/09\/P1017804-2048x1149.jpg 2048w, https:\/\/2l-a-velo.com\/wp-content\/uploads\/2024\/09\/P1017804-900x505.jpg 900w, https:\/\/2l-a-velo.com\/wp-content\/uploads\/2024\/09\/P1017804-1280x718.jpg 1280w\" sizes=\"auto, (max-width: 1024px) 100vw, 1024px\" \/><\/figure><div class=\"wp-block-media-text__content\">\n<p>V\u00e9hicul\u00e9s par Arnaud, nous arrivons \u00e0 l&rsquo;a\u00e9roport de Marseille aux alentours de 6 h 45, bien en avance, pensons-nous, pour un avion pr\u00e9vu \u00e0 9 h 45 !!!<\/p>\n<\/div><\/div>\n\n\n\n<p>Oui mais voil\u00e0 ! A l&rsquo;enregistrement des bagages, cela se complique ! Tout d&rsquo;abord, le film autour des sacoches n&rsquo;est plus conforme suite \u00e0 une modification des exigences des a\u00e9roports, il faut donc, en payant bien s\u00fbr, les faire \u00ab\u00a0re-filmer\u00a0\u00bb.<\/p>\n\n\n\n<p>Ensuite, difficile d&rsquo;avoir le co\u00fbt du transport des v\u00e9los, et si ce n&rsquo;est pas pay\u00e9, impossible d&rsquo;avoir les cartes d&#8217;embarquement. Apr\u00e8s moult coups de t\u00e9l\u00e9phone de la part d&rsquo;Air France, nous pouvons r\u00e9gler notre d\u00fb mais, malgr\u00e9 tout, les cartes d&#8217;embarquement pour la deuxi\u00e8me partie du voyage refusent obstin\u00e9ment de s&rsquo;imprimer ! Il faudra le faire \u00e0 l&rsquo;a\u00e9roport Charles de Gaulle. Merci \u00e0 cette employ\u00e9e d&rsquo;Air France de Marseille qui nous a accompagn\u00e9s durant toutes ces p\u00e9r\u00e9grinations.<\/p>\n\n\n\n<figure class=\"wp-block-image size-large\"><img loading=\"lazy\" decoding=\"async\" width=\"1024\" height=\"575\" src=\"https:\/\/2l-a-velo.com\/wp-content\/uploads\/2024\/09\/P1017809-1024x575.jpg\" alt=\"\" class=\"wp-image-10623\" srcset=\"https:\/\/2l-a-velo.com\/wp-content\/uploads\/2024\/09\/P1017809-1024x575.jpg 1024w, https:\/\/2l-a-velo.com\/wp-content\/uploads\/2024\/09\/P1017809-300x168.jpg 300w, https:\/\/2l-a-velo.com\/wp-content\/uploads\/2024\/09\/P1017809-768x431.jpg 768w, https:\/\/2l-a-velo.com\/wp-content\/uploads\/2024\/09\/P1017809-1536x862.jpg 1536w, https:\/\/2l-a-velo.com\/wp-content\/uploads\/2024\/09\/P1017809-2048x1149.jpg 2048w, https:\/\/2l-a-velo.com\/wp-content\/uploads\/2024\/09\/P1017809-900x505.jpg 900w, https:\/\/2l-a-velo.com\/wp-content\/uploads\/2024\/09\/P1017809-1280x718.jpg 1280w\" sizes=\"auto, (max-width: 1024px) 100vw, 1024px\" \/><\/figure>\n\n\n\n<p><\/p>\n\n\n\n<div class=\"wp-block-media-text is-stacked-on-mobile\" style=\"grid-template-columns:57% auto\"><figure class=\"wp-block-media-text__media\"><img loading=\"lazy\" decoding=\"async\" width=\"1024\" height=\"575\" src=\"https:\/\/2l-a-velo.com\/wp-content\/uploads\/2024\/09\/P1001020-2-1024x575.jpg\" alt=\"\" class=\"wp-image-10648 size-full\" srcset=\"https:\/\/2l-a-velo.com\/wp-content\/uploads\/2024\/09\/P1001020-2-1024x575.jpg 1024w, https:\/\/2l-a-velo.com\/wp-content\/uploads\/2024\/09\/P1001020-2-300x168.jpg 300w, https:\/\/2l-a-velo.com\/wp-content\/uploads\/2024\/09\/P1001020-2-768x431.jpg 768w, https:\/\/2l-a-velo.com\/wp-content\/uploads\/2024\/09\/P1001020-2-1536x862.jpg 1536w, https:\/\/2l-a-velo.com\/wp-content\/uploads\/2024\/09\/P1001020-2-2048x1149.jpg 2048w, https:\/\/2l-a-velo.com\/wp-content\/uploads\/2024\/09\/P1001020-2-900x505.jpg 900w, https:\/\/2l-a-velo.com\/wp-content\/uploads\/2024\/09\/P1001020-2-1280x718.jpg 1280w\" sizes=\"auto, (max-width: 1024px) 100vw, 1024px\" \/><\/figure><div class=\"wp-block-media-text__content\">\n<p>L&rsquo;a\u00e9roport Charles de Gaulle, c&rsquo;est bien grand, et nous cherchons un peu pour trouver le bureau d&rsquo;Air France o\u00f9, enfin, nous r\u00e9cup\u00e9rons nos cartes d&#8217;embarquement.<\/p>\n<\/div><\/div>\n\n\n\n<div class=\"wp-block-media-text has-media-on-the-right is-stacked-on-mobile\" style=\"grid-template-columns:auto 63%\"><div class=\"wp-block-media-text__content\">\n<p>A 14 h, l&rsquo;airbus A 350-900 d\u00e9colle et, \u00e0 6 h 30 (heure locale) atterrit \u00e0 l&rsquo;a\u00e9roport d&rsquo;Hanoi sans probl\u00e8me. <\/p>\n<\/div><figure class=\"wp-block-media-text__media\"><img loading=\"lazy\" decoding=\"async\" width=\"1024\" height=\"575\" src=\"https:\/\/2l-a-velo.com\/wp-content\/uploads\/2024\/09\/P1017923-1024x575.jpg\" alt=\"\" class=\"wp-image-10645 size-full\" srcset=\"https:\/\/2l-a-velo.com\/wp-content\/uploads\/2024\/09\/P1017923-1024x575.jpg 1024w, https:\/\/2l-a-velo.com\/wp-content\/uploads\/2024\/09\/P1017923-300x168.jpg 300w, https:\/\/2l-a-velo.com\/wp-content\/uploads\/2024\/09\/P1017923-768x431.jpg 768w, https:\/\/2l-a-velo.com\/wp-content\/uploads\/2024\/09\/P1017923-1536x862.jpg 1536w, https:\/\/2l-a-velo.com\/wp-content\/uploads\/2024\/09\/P1017923-2048x1149.jpg 2048w, https:\/\/2l-a-velo.com\/wp-content\/uploads\/2024\/09\/P1017923-900x505.jpg 900w, https:\/\/2l-a-velo.com\/wp-content\/uploads\/2024\/09\/P1017923-1280x718.jpg 1280w\" sizes=\"auto, (max-width: 1024px) 100vw, 1024px\" \/><\/figure><\/div>\n\n\n\n<p>Pourquoi probl\u00e8me ? Parce qu&rsquo;un typhon (c&rsquo;est le nom donn\u00e9 \u00e0 l&rsquo;ouragan en Asie) frappait la r\u00e9gion et aurait pu perturber l&rsquo;arriv\u00e9e. Finalement il \u00e9tait pass\u00e9 cette nuit et seules ses traces \u00e9taient encore visibles lorsque notre taxi nous a conduit \u00e0 notre h\u00f4tel : arbres arrach\u00e9s, boue dans les rues, toujours de la pluie et, malheureusement, des victimes et de gros d\u00e9g\u00e2ts dans le Nord du Vietnam.<\/p>\n\n\n\n<figure class=\"wp-block-image size-large\"><img loading=\"lazy\" decoding=\"async\" width=\"1024\" height=\"575\" src=\"https:\/\/2l-a-velo.com\/wp-content\/uploads\/2024\/09\/P1017876-1-1024x575.jpg\" alt=\"\" class=\"wp-image-10642\" srcset=\"https:\/\/2l-a-velo.com\/wp-content\/uploads\/2024\/09\/P1017876-1-1024x575.jpg 1024w, https:\/\/2l-a-velo.com\/wp-content\/uploads\/2024\/09\/P1017876-1-300x168.jpg 300w, https:\/\/2l-a-velo.com\/wp-content\/uploads\/2024\/09\/P1017876-1-768x431.jpg 768w, https:\/\/2l-a-velo.com\/wp-content\/uploads\/2024\/09\/P1017876-1-1536x862.jpg 1536w, https:\/\/2l-a-velo.com\/wp-content\/uploads\/2024\/09\/P1017876-1-2048x1149.jpg 2048w, https:\/\/2l-a-velo.com\/wp-content\/uploads\/2024\/09\/P1017876-1-900x505.jpg 900w, https:\/\/2l-a-velo.com\/wp-content\/uploads\/2024\/09\/P1017876-1-1280x718.jpg 1280w\" sizes=\"auto, (max-width: 1024px) 100vw, 1024px\" \/><\/figure>\n\n\n\n<p>Il faut remarquer que, pour une fois, nous n&rsquo;avons pas eu de soucis pour trouver un taxi \u00e0 l&rsquo;a\u00e9roport. Il existe des v\u00e9hicules suffisamment grands pour transporter notre bazar.<\/p>\n\n\n\n<p>Nous voici donc en Asie, au Vietnam. Il y fait chaud, avec des ressentis aux alentours de 35 \u00b0, et une atmosph\u00e8re tr\u00e8s humide. <\/p>\n\n\n\n<figure class=\"wp-block-image size-large\"><img loading=\"lazy\" decoding=\"async\" width=\"1024\" height=\"575\" src=\"https:\/\/2l-a-velo.com\/wp-content\/uploads\/2024\/09\/P1001031-1024x575.jpg\" alt=\"\" class=\"wp-image-10619\" srcset=\"https:\/\/2l-a-velo.com\/wp-content\/uploads\/2024\/09\/P1001031-1024x575.jpg 1024w, https:\/\/2l-a-velo.com\/wp-content\/uploads\/2024\/09\/P1001031-300x168.jpg 300w, https:\/\/2l-a-velo.com\/wp-content\/uploads\/2024\/09\/P1001031-768x431.jpg 768w, https:\/\/2l-a-velo.com\/wp-content\/uploads\/2024\/09\/P1001031-1536x862.jpg 1536w, https:\/\/2l-a-velo.com\/wp-content\/uploads\/2024\/09\/P1001031-2048x1149.jpg 2048w, https:\/\/2l-a-velo.com\/wp-content\/uploads\/2024\/09\/P1001031-900x505.jpg 900w, https:\/\/2l-a-velo.com\/wp-content\/uploads\/2024\/09\/P1001031-1280x718.jpg 1280w\" sizes=\"auto, (max-width: 1024px) 100vw, 1024px\" \/><\/figure>\n\n\n\n<p>Nous allons vous abandonner et nous pauser deux jours pour r\u00e9cup\u00e9rer le d\u00e9calage horaire de 5 heures.<\/p>\n\n\n\n<div class=\"wp-block-buttons is-layout-flex wp-block-buttons-is-layout-flex\">\n<div class=\"wp-block-button has-custom-width wp-block-button__width-100 has-custom-font-size is-style-fill has-large-font-size\"><a class=\"wp-block-button__link has-background has-text-align-center wp-element-button\" href=\"https:\/\/photos.google.com\/share\/AF1QipPQhuBAe89ZdAlpg1jT24wYr8CE3BmsskBLxsnvHwZM0jGfbX1XyENHlNS2zL0c_A\/photo\/AF1QipPIRLNvckBWrZPobVOh9bvCCs0EOmQybkFUx3y4?key=bVlfa29kRkNRbk40YnVTNk5LcngwRVVlVmE1dmNn\" style=\"border-radius:11px;background-color:#0173a3\">Album photo du voyage<\/a><\/div>\n<\/div>\n\n\n\n<p><\/p>\n","protected":false},"excerpt":{"rendered":"<p>Samedi 7 et dimanche 8 septembre Les v\u00e9los sont en carton, les sacoches sont \u00ab\u00a0film\u00e9es\u00a0\u00bb, il est 5 h du matin lorsque nous quittons Digne les Bains ! V\u00e9hicul\u00e9s par Arnaud, nous arrivons \u00e0 l&rsquo;a\u00e9roport de Marseille aux alentours de 6 h 45, bien en avance, pensons-nous, pour un avion pr\u00e9vu \u00e0 9 h 45 [&hellip;]<\/p>\n","protected":false},"author":1,"featured_media":0,"parent":10480,"menu_order":2,"comment_status":"open","ping_status":"closed","template":"","meta":{"jetpack_post_was_ever_published":false,"footnotes":""},"class_list":["post-10610","page","type-page","status-publish","hentry"],"jetpack_likes_enabled":true,"jetpack_sharing_enabled":true,"_links":{"self":[{"href":"https:\/\/2l-a-velo.com\/index.php?rest_route=\/wp\/v2\/pages\/10610","targetHints":{"allow":["GET"]}}],"collection":[{"href":"https:\/\/2l-a-velo.com\/index.php?rest_route=\/wp\/v2\/pages"}],"about":[{"href":"https:\/\/2l-a-velo.com\/index.php?rest_route=\/wp\/v2\/types\/page"}],"author":[{"embeddable":true,"href":"https:\/\/2l-a-velo.com\/index.php?rest_route=\/wp\/v2\/users\/1"}],"replies":[{"embeddable":true,"href":"https:\/\/2l-a-velo.com\/index.php?rest_route=%2Fwp%2Fv2%2Fcomments&post=10610"}],"version-history":[{"count":23,"href":"https:\/\/2l-a-velo.com\/index.php?rest_route=\/wp\/v2\/pages\/10610\/revisions"}],"predecessor-version":[{"id":10650,"href":"https:\/\/2l-a-velo.com\/index.php?rest_route=\/wp\/v2\/pages\/10610\/revisions\/10650"}],"up":[{"embeddable":true,"href":"https:\/\/2l-a-velo.com\/index.php?rest_route=\/wp\/v2\/pages\/10480"}],"wp:attachment":[{"href":"https:\/\/2l-a-velo.com\/index.php?rest_route=%2Fwp%2Fv2%2Fmedia&parent=10610"}],"curies":[{"name":"wp","href":"https:\/\/api.w.org\/{rel}","templated":true}]}}