{"id":10688,"date":"2024-09-15T05:02:16","date_gmt":"2024-09-15T03:02:16","guid":{"rendered":"https:\/\/2l-a-velo.com\/?page_id=10688"},"modified":"2024-11-06T05:20:43","modified_gmt":"2024-11-06T04:20:43","slug":"de-soc-son-a-hanoi","status":"publish","type":"page","link":"https:\/\/2l-a-velo.com\/?page_id=10688","title":{"rendered":"De Soc Son \u00e0 Hanoi"},"content":{"rendered":"\n<div class=\"wp-block-media-text is-stacked-on-mobile\" style=\"grid-template-columns:73% auto\"><figure class=\"wp-block-media-text__media\"><img loading=\"lazy\" decoding=\"async\" width=\"1024\" height=\"575\" src=\"https:\/\/2l-a-velo.com\/wp-content\/uploads\/2024\/09\/P1001125-1024x575.jpg\" alt=\"\" class=\"wp-image-10689 size-full\" srcset=\"https:\/\/2l-a-velo.com\/wp-content\/uploads\/2024\/09\/P1001125-1024x575.jpg 1024w, https:\/\/2l-a-velo.com\/wp-content\/uploads\/2024\/09\/P1001125-300x168.jpg 300w, https:\/\/2l-a-velo.com\/wp-content\/uploads\/2024\/09\/P1001125-768x431.jpg 768w, https:\/\/2l-a-velo.com\/wp-content\/uploads\/2024\/09\/P1001125-1536x862.jpg 1536w, https:\/\/2l-a-velo.com\/wp-content\/uploads\/2024\/09\/P1001125-2048x1149.jpg 2048w, https:\/\/2l-a-velo.com\/wp-content\/uploads\/2024\/09\/P1001125-900x505.jpg 900w, https:\/\/2l-a-velo.com\/wp-content\/uploads\/2024\/09\/P1001125-1280x718.jpg 1280w\" sizes=\"auto, (max-width: 1024px) 100vw, 1024px\" \/><\/figure><div class=\"wp-block-media-text__content\">\n<p class=\"has-text-align-center has-large-font-size\"><strong>11 et 12 septembre<\/strong><\/p>\n<\/div><\/div>\n\n\n\n<p>Le d\u00e9part vers Hanoi a encore \u00e9t\u00e9 repouss\u00e9 d&rsquo;un jour. Ce matin, c&rsquo;est le d\u00e9luge et il serait bien difficile de p\u00e9daler sous ces trombes d&rsquo;eau. Une petite accalmie dans l&rsquo;apr\u00e8s-midi nous permet de prendre l&rsquo;air. <\/p>\n\n\n\n<div class=\"wp-block-media-text has-media-on-the-right is-stacked-on-mobile\" style=\"grid-template-columns:auto 60%\"><div class=\"wp-block-media-text__content\">\n<p>Nous assistons \u00e0 la sortie des \u00e9coles. Ici, peu de voiture et les parents viennent chercher les enfants \u00e0 scooter, \u00e0 v\u00e9lomoteur voire \u00e0 v\u00e9lo qui se transforment alors en v\u00e9hicules \u00e0 deux, trois ou m\u00eame quatre places !!!<\/p>\n<\/div><figure class=\"wp-block-media-text__media\"><img loading=\"lazy\" decoding=\"async\" width=\"1024\" height=\"575\" src=\"https:\/\/2l-a-velo.com\/wp-content\/uploads\/2024\/09\/P1018045-1024x575.jpg\" alt=\"\" class=\"wp-image-10697 size-full\" srcset=\"https:\/\/2l-a-velo.com\/wp-content\/uploads\/2024\/09\/P1018045-1024x575.jpg 1024w, https:\/\/2l-a-velo.com\/wp-content\/uploads\/2024\/09\/P1018045-300x168.jpg 300w, https:\/\/2l-a-velo.com\/wp-content\/uploads\/2024\/09\/P1018045-768x431.jpg 768w, https:\/\/2l-a-velo.com\/wp-content\/uploads\/2024\/09\/P1018045-1536x862.jpg 1536w, https:\/\/2l-a-velo.com\/wp-content\/uploads\/2024\/09\/P1018045-2048x1149.jpg 2048w, https:\/\/2l-a-velo.com\/wp-content\/uploads\/2024\/09\/P1018045-900x505.jpg 900w, https:\/\/2l-a-velo.com\/wp-content\/uploads\/2024\/09\/P1018045-1280x718.jpg 1280w\" sizes=\"auto, (max-width: 1024px) 100vw, 1024px\" \/><\/figure><\/div>\n\n\n\n<p>Mais  notre petit tour dans Soc Son se termine dans l&rsquo;entr\u00e9e d&rsquo;une maison vietnamienne pour s&rsquo;abriter de la pluie qui a repris toujours aussi violente.<\/p>\n\n\n\n<div class=\"wp-block-buttons is-layout-flex wp-block-buttons-is-layout-flex\">\n<div class=\"wp-block-button has-custom-width wp-block-button__width-100 has-custom-font-size has-large-font-size\"><a class=\"wp-block-button__link has-background wp-element-button\" href=\"https:\/\/photos.google.com\/share\/AF1QipPCAlwASVOaru8ywDqwMP9zyZEjjv8n9VTM-U90OsxySTl3qoOsYMtzvLSgXPy8lg\/photo\/AF1QipMxsMFLmQq4WSamnWD3QBjPKCaBTc5cbvlSaVM0?key=SGJOVi1tZjFESkROaTF1aDhKQ3NBRlE2SHh3UnJB\" style=\"border-radius:10px;background-color:#0173a3\">album photos Soc Son 2<\/a><\/div>\n<\/div>\n\n\n\n<div class=\"wp-block-buttons is-layout-flex wp-block-buttons-is-layout-flex\">\n<div class=\"wp-block-button has-custom-width wp-block-button__width-100 has-custom-font-size has-large-font-size\"><a class=\"wp-block-button__link has-background wp-element-button\" style=\"border-radius:10px;background-color:#c52003\">Vid\u00e9o Soc Son<\/a><\/div>\n<\/div>\n\n\n\n<iframe loading=\"lazy\" width=\"560\" height=\"315\" src=\"https:\/\/www.youtube.com\/embed\/vj9znEjdag4?si=ERRINUA_sbiljVhK\" title=\"YouTube video player\" frameborder=\"0\" allow=\"accelerometer; autoplay; clipboard-write; encrypted-media; gyroscope; picture-in-picture; web-share\" referrerpolicy=\"strict-origin-when-cross-origin\" allowfullscreen><\/iframe>\n\n\n\n<p class=\"has-text-align-center has-large-font-size\"><strong>De Soc Son \u00e0 Hanoi<\/strong><\/p>\n\n\n\n<p>Ce matin, nous retrouvons nos v\u00e9los sous un ciel plus cl\u00e9ment. Nous pensons que prendre une petite route est plus agr\u00e9able. Ce que nous faisons mais au bout de 2 km, route impraticable car inond\u00e9e !<\/p>\n\n\n\n<figure class=\"wp-block-image size-large\"><img loading=\"lazy\" decoding=\"async\" width=\"1024\" height=\"575\" src=\"https:\/\/2l-a-velo.com\/wp-content\/uploads\/2024\/09\/P1001110-1-1024x575.jpg\" alt=\"\" class=\"wp-image-10710\" srcset=\"https:\/\/2l-a-velo.com\/wp-content\/uploads\/2024\/09\/P1001110-1-1024x575.jpg 1024w, https:\/\/2l-a-velo.com\/wp-content\/uploads\/2024\/09\/P1001110-1-300x168.jpg 300w, https:\/\/2l-a-velo.com\/wp-content\/uploads\/2024\/09\/P1001110-1-768x431.jpg 768w, https:\/\/2l-a-velo.com\/wp-content\/uploads\/2024\/09\/P1001110-1-1536x862.jpg 1536w, https:\/\/2l-a-velo.com\/wp-content\/uploads\/2024\/09\/P1001110-1-2048x1149.jpg 2048w, https:\/\/2l-a-velo.com\/wp-content\/uploads\/2024\/09\/P1001110-1-900x505.jpg 900w, https:\/\/2l-a-velo.com\/wp-content\/uploads\/2024\/09\/P1001110-1-1280x718.jpg 1280w\" sizes=\"auto, (max-width: 1024px) 100vw, 1024px\" \/><\/figure>\n\n\n\n<p>Demi-tour et retour sur la grande route o\u00f9 la circulation, bien qu&rsquo;importante, ne pose pas trop de probl\u00e8me. C&rsquo;est d&rsquo;autant plus vrai qu&rsquo;apr\u00e8s quelques kilom\u00e8tres, nous nous retrouvons sur une route, parall\u00e8le \u00e0 la quatre voies, o\u00f9 ne circulent pratiquement que des deux roues (c&rsquo;est vrai qu&rsquo;il y en a beaucoup) !<\/p>\n\n\n\n<div class=\"wp-block-media-text is-stacked-on-mobile\" style=\"grid-template-columns:69% auto\"><figure class=\"wp-block-media-text__media\"><img loading=\"lazy\" decoding=\"async\" width=\"1024\" height=\"575\" src=\"https:\/\/2l-a-velo.com\/wp-content\/uploads\/2024\/09\/P1001115-1024x575.jpg\" alt=\"\" class=\"wp-image-10704 size-full\" srcset=\"https:\/\/2l-a-velo.com\/wp-content\/uploads\/2024\/09\/P1001115-1024x575.jpg 1024w, https:\/\/2l-a-velo.com\/wp-content\/uploads\/2024\/09\/P1001115-300x168.jpg 300w, https:\/\/2l-a-velo.com\/wp-content\/uploads\/2024\/09\/P1001115-768x431.jpg 768w, https:\/\/2l-a-velo.com\/wp-content\/uploads\/2024\/09\/P1001115-1536x862.jpg 1536w, https:\/\/2l-a-velo.com\/wp-content\/uploads\/2024\/09\/P1001115-2048x1149.jpg 2048w, https:\/\/2l-a-velo.com\/wp-content\/uploads\/2024\/09\/P1001115-900x505.jpg 900w, https:\/\/2l-a-velo.com\/wp-content\/uploads\/2024\/09\/P1001115-1280x718.jpg 1280w\" sizes=\"auto, (max-width: 1024px) 100vw, 1024px\" \/><\/figure><div class=\"wp-block-media-text__content\">\n<p>De chaque c\u00f4t\u00e9, de nombreux champs sont inond\u00e9s et certaines cultures ont les pieds dans l&rsquo;eau.<\/p>\n<\/div><\/div>\n\n\n\n<p>A quelques kilom\u00e8tres de Hanoi, plus le choix, c&rsquo;est la deux fois quatre voies mais avec une voie pour les deux roues. Nous nous retrouvons sur le magnifique pont Nh\u00e2t T\u00e2n. En contrebas, le fleuve rouge a d\u00e9bord\u00e9 et les berges et champs environnants sont inond\u00e9s. Les habitations au bord du fleuves sont dans l&rsquo;eau quant aux cultures, elles sont perdues !!!<\/p>\n\n\n\n<figure class=\"wp-block-image size-large\"><img loading=\"lazy\" decoding=\"async\" width=\"1024\" height=\"575\" src=\"https:\/\/2l-a-velo.com\/wp-content\/uploads\/2024\/09\/P1001125-1-1024x575.jpg\" alt=\"\" class=\"wp-image-10708\" srcset=\"https:\/\/2l-a-velo.com\/wp-content\/uploads\/2024\/09\/P1001125-1-1024x575.jpg 1024w, https:\/\/2l-a-velo.com\/wp-content\/uploads\/2024\/09\/P1001125-1-300x168.jpg 300w, https:\/\/2l-a-velo.com\/wp-content\/uploads\/2024\/09\/P1001125-1-768x431.jpg 768w, https:\/\/2l-a-velo.com\/wp-content\/uploads\/2024\/09\/P1001125-1-1536x862.jpg 1536w, https:\/\/2l-a-velo.com\/wp-content\/uploads\/2024\/09\/P1001125-1-2048x1149.jpg 2048w, https:\/\/2l-a-velo.com\/wp-content\/uploads\/2024\/09\/P1001125-1-900x505.jpg 900w, https:\/\/2l-a-velo.com\/wp-content\/uploads\/2024\/09\/P1001125-1-1280x718.jpg 1280w\" sizes=\"auto, (max-width: 1024px) 100vw, 1024px\" \/><\/figure>\n\n\n\n<p>Nous p\u00e9n\u00e9trons dans Hanoi par d&rsquo;immenses boulevards qui, par endroits, sont envahies par l&rsquo;eau et il faut parfois passer sur les trottoirs, parfois emprunter la voie la plus \u00e0 gauche, tout une aventure !<\/p>\n\n\n\n<div class=\"wp-block-media-text has-media-on-the-right is-stacked-on-mobile\"><div class=\"wp-block-media-text__content\">\n<p>Partout des arbres arrach\u00e9s par le typhon encombrent rues et trottoirs, ce qui ne facilite pas les d\u00e9placements.<\/p>\n<\/div><figure class=\"wp-block-media-text__media\"><img loading=\"lazy\" decoding=\"async\" width=\"1024\" height=\"575\" src=\"https:\/\/2l-a-velo.com\/wp-content\/uploads\/2024\/09\/P1018128-1024x575.jpg\" alt=\"\" class=\"wp-image-10712 size-full\" srcset=\"https:\/\/2l-a-velo.com\/wp-content\/uploads\/2024\/09\/P1018128-1024x575.jpg 1024w, https:\/\/2l-a-velo.com\/wp-content\/uploads\/2024\/09\/P1018128-300x168.jpg 300w, https:\/\/2l-a-velo.com\/wp-content\/uploads\/2024\/09\/P1018128-768x431.jpg 768w, https:\/\/2l-a-velo.com\/wp-content\/uploads\/2024\/09\/P1018128-1536x862.jpg 1536w, https:\/\/2l-a-velo.com\/wp-content\/uploads\/2024\/09\/P1018128-2048x1149.jpg 2048w, https:\/\/2l-a-velo.com\/wp-content\/uploads\/2024\/09\/P1018128-900x505.jpg 900w, https:\/\/2l-a-velo.com\/wp-content\/uploads\/2024\/09\/P1018128-1280x718.jpg 1280w\" sizes=\"auto, (max-width: 1024px) 100vw, 1024px\" \/><\/figure><\/div>\n\n\n\n<p>Mais reconnaissons aux Vietnamiens une conduite peut-\u00eatre anarchique mais tr\u00e8s courtoise. Finalement nous ne nous sentons pas en ins\u00e9curit\u00e9 \u00e0 Hanoi et, contrairement \u00e0 ce que nous avions lu et entendu, entrer dans Hanoi ne pose pas beaucoup de probl\u00e8mes.<\/p>\n\n\n\n<p>Nous voici \u00e0 Hanoi o\u00f9 nous allons nous pauser quelques jours !<\/p>\n\n\n\n<div class=\"wp-block-buttons is-layout-flex wp-block-buttons-is-layout-flex\">\n<div class=\"wp-block-button has-custom-width wp-block-button__width-100 has-custom-font-size has-large-font-size\"><a class=\"wp-block-button__link has-background wp-element-button\" href=\"https:\/\/photos.google.com\/share\/AF1QipOpr3FPFluafyAAwNlDCy23xe2_YMD-IWbNyGkDnLffxNcYdkwc9Y5srQ7Cmw-ZOA\/photo\/AF1QipOacwLVwc_bqOzl31gAXxdsyo0yIaOd08k1bALk?key=VUI5Wm1jZmJBbFVQTmwzaHJBTkJQRVp6emdsdUF3\" style=\"border-radius:10px;background-color:#0173a3\">album photos Soc Son \u00e0 Hanoi<\/a><\/div>\n<\/div>\n\n\n\n<p><\/p>\n","protected":false},"excerpt":{"rendered":"<p>11 et 12 septembre Le d\u00e9part vers Hanoi a encore \u00e9t\u00e9 repouss\u00e9 d&rsquo;un jour. Ce matin, c&rsquo;est le d\u00e9luge et il serait bien difficile de p\u00e9daler sous ces trombes d&rsquo;eau. Une petite accalmie dans l&rsquo;apr\u00e8s-midi nous permet de prendre l&rsquo;air. Nous assistons \u00e0 la sortie des \u00e9coles. Ici, peu de voiture et les parents viennent [&hellip;]<\/p>\n","protected":false},"author":1,"featured_media":0,"parent":11559,"menu_order":2,"comment_status":"open","ping_status":"closed","template":"","meta":{"jetpack_post_was_ever_published":false,"footnotes":""},"class_list":["post-10688","page","type-page","status-publish","hentry"],"jetpack_likes_enabled":true,"jetpack_sharing_enabled":true,"_links":{"self":[{"href":"https:\/\/2l-a-velo.com\/index.php?rest_route=\/wp\/v2\/pages\/10688","targetHints":{"allow":["GET"]}}],"collection":[{"href":"https:\/\/2l-a-velo.com\/index.php?rest_route=\/wp\/v2\/pages"}],"about":[{"href":"https:\/\/2l-a-velo.com\/index.php?rest_route=\/wp\/v2\/types\/page"}],"author":[{"embeddable":true,"href":"https:\/\/2l-a-velo.com\/index.php?rest_route=\/wp\/v2\/users\/1"}],"replies":[{"embeddable":true,"href":"https:\/\/2l-a-velo.com\/index.php?rest_route=%2Fwp%2Fv2%2Fcomments&post=10688"}],"version-history":[{"count":22,"href":"https:\/\/2l-a-velo.com\/index.php?rest_route=\/wp\/v2\/pages\/10688\/revisions"}],"predecessor-version":[{"id":10787,"href":"https:\/\/2l-a-velo.com\/index.php?rest_route=\/wp\/v2\/pages\/10688\/revisions\/10787"}],"up":[{"embeddable":true,"href":"https:\/\/2l-a-velo.com\/index.php?rest_route=\/wp\/v2\/pages\/11559"}],"wp:attachment":[{"href":"https:\/\/2l-a-velo.com\/index.php?rest_route=%2Fwp%2Fv2%2Fmedia&parent=10688"}],"curies":[{"name":"wp","href":"https:\/\/api.w.org\/{rel}","templated":true}]}}