{"id":116,"date":"2019-03-19T11:19:19","date_gmt":"2019-03-19T10:19:19","guid":{"rendered":"http:\/\/2l-a-velo.com\/?page_id=116"},"modified":"2023-01-11T22:02:19","modified_gmt":"2023-01-11T21:02:19","slug":"projet","status":"publish","type":"page","link":"https:\/\/2l-a-velo.com\/?page_id=116","title":{"rendered":"Projet Am\u00e9rique du Sud 2019"},"content":{"rendered":"\n<p class=\"has-text-align-center has-large-font-size\"><strong>Am\u00e9rique du Sud <\/strong><\/p>\n\n\n\n<p class=\"has-drop-cap has-white-color has-text-color has-background\" style=\"background-color:#2695c5\">Histoire&#8230; c&rsquo;est la marque de nos v\u00e9los, nom pr\u00e9destin\u00e9 pour voyager !<\/p>\n\n\n\n<p class=\"has-background has-small-font-size\" style=\"background-color:#f0b433\">Chaque voyage est une histoire ou plut\u00f4t des histoires.  <br>La pr\u00e9-histoire, avant le voyage, l&rsquo;histoire, pendant le voyage, et la post-histoire, apr\u00e8s le voyage ! <\/p>\n\n\n\n<p class=\"has-background has-small-font-size\" style=\"background-color:#f0b433\">Nous vivons depuis un moment la pr\u00e9-histoire de notre projet de travers\u00e9e de l&rsquo;Am\u00e9rique du sud \u00e0 v\u00e9lo, de la Colombie \u00e0 la Terre de Feu.<\/p>\n\n\n\n<div class=\"wp-block-media-text alignwide is-stacked-on-mobile\" style=\"grid-template-columns:52% auto\"><figure class=\"wp-block-media-text__media\"><img loading=\"lazy\" decoding=\"async\" width=\"1024\" height=\"683\" src=\"https:\/\/2l-a-velo.com\/wp-content\/uploads\/2019\/04\/DSC1621-1024x683.jpg\" alt=\"\" class=\"wp-image-292 size-full\" srcset=\"https:\/\/2l-a-velo.com\/wp-content\/uploads\/2019\/04\/DSC1621-1024x683.jpg 1024w, https:\/\/2l-a-velo.com\/wp-content\/uploads\/2019\/04\/DSC1621-300x200.jpg 300w, https:\/\/2l-a-velo.com\/wp-content\/uploads\/2019\/04\/DSC1621-768x512.jpg 768w, https:\/\/2l-a-velo.com\/wp-content\/uploads\/2019\/04\/DSC1621-900x600.jpg 900w, https:\/\/2l-a-velo.com\/wp-content\/uploads\/2019\/04\/DSC1621-1280x854.jpg 1280w, https:\/\/2l-a-velo.com\/wp-content\/uploads\/2019\/04\/DSC1621.jpg 2024w\" sizes=\"auto, (max-width: 1024px) 100vw, 1024px\" \/><\/figure><div class=\"wp-block-media-text__content\">\n<p class=\"has-small-font-size\"> Mais qui voyage ? Laure, 63 ans, et Lionel, 69 ans (en 2019), retrait\u00e9s tous les deux de l&rsquo;Education Nationale. Originaire de Vend\u00e9e pour l&rsquo;une et de Bretagne pour l&rsquo;autre, nous r\u00e9sidons depuis plus de 30 ans \u00e0 Annecy en Haute-Savoie. Passionn\u00e9s de v\u00e9lo et de montagne, l\u2019Am\u00e9rique du Sud nous offrira les deux ! <\/p>\n<\/div><\/div>\n\n\n\n<p class=\"has-background has-small-font-size\" style=\"background-color:#f0b433\"> C&rsquo;est une pr\u00e9-histoire jalonn\u00e9e de documentations, de projets de parcours, d&rsquo;achats de mat\u00e9riel, de billets d&rsquo;avion, de vaccins&#8230; mais aussi de moments avec la famille et les amis lorsque la date du d\u00e9part approche et enfin&#8230; de sorties \u00e0 v\u00e9los \u00e9videmment ! Et en Am\u00e9rique du sud, pas d&rsquo;histoire&#8230; de visas !<\/p>\n\n\n\n<p class=\"has-white-color has-text-color has-background has-small-font-size\" style=\"background-color:#0a6389\">Notre envol est pr\u00e9vu fin mai 2019 de Gen\u00e8ve, direction Medell\u00edn en Colombie, point de d\u00e9part de notre voyage.<\/p>\n","protected":false},"excerpt":{"rendered":"<p>Am\u00e9rique du Sud Histoire&#8230; c&rsquo;est la marque de nos v\u00e9los, nom pr\u00e9destin\u00e9 pour voyager ! Chaque voyage est une histoire ou plut\u00f4t des histoires. La pr\u00e9-histoire, avant le voyage, l&rsquo;histoire, pendant le voyage, et la post-histoire, apr\u00e8s le voyage ! Nous vivons depuis un moment la pr\u00e9-histoire de notre projet de travers\u00e9e de l&rsquo;Am\u00e9rique du [&hellip;]<\/p>\n","protected":false},"author":1,"featured_media":0,"parent":120,"menu_order":-2,"comment_status":"open","ping_status":"closed","template":"","meta":{"jetpack_post_was_ever_published":false,"footnotes":""},"class_list":["post-116","page","type-page","status-publish","hentry"],"jetpack_likes_enabled":true,"jetpack_sharing_enabled":true,"_links":{"self":[{"href":"https:\/\/2l-a-velo.com\/index.php?rest_route=\/wp\/v2\/pages\/116","targetHints":{"allow":["GET"]}}],"collection":[{"href":"https:\/\/2l-a-velo.com\/index.php?rest_route=\/wp\/v2\/pages"}],"about":[{"href":"https:\/\/2l-a-velo.com\/index.php?rest_route=\/wp\/v2\/types\/page"}],"author":[{"embeddable":true,"href":"https:\/\/2l-a-velo.com\/index.php?rest_route=\/wp\/v2\/users\/1"}],"replies":[{"embeddable":true,"href":"https:\/\/2l-a-velo.com\/index.php?rest_route=%2Fwp%2Fv2%2Fcomments&post=116"}],"version-history":[{"count":27,"href":"https:\/\/2l-a-velo.com\/index.php?rest_route=\/wp\/v2\/pages\/116\/revisions"}],"predecessor-version":[{"id":6861,"href":"https:\/\/2l-a-velo.com\/index.php?rest_route=\/wp\/v2\/pages\/116\/revisions\/6861"}],"up":[{"embeddable":true,"href":"https:\/\/2l-a-velo.com\/index.php?rest_route=\/wp\/v2\/pages\/120"}],"wp:attachment":[{"href":"https:\/\/2l-a-velo.com\/index.php?rest_route=%2Fwp%2Fv2%2Fmedia&parent=116"}],"curies":[{"name":"wp","href":"https:\/\/api.w.org\/{rel}","templated":true}]}}