{"id":1254,"date":"2019-09-07T02:59:54","date_gmt":"2019-09-07T00:59:54","guid":{"rendered":"http:\/\/2l-a-velo.com\/?page_id=1254"},"modified":"2022-03-14T11:41:57","modified_gmt":"2022-03-14T10:41:57","slug":"de-chuquicara-a-huaraz","status":"publish","type":"page","link":"https:\/\/2l-a-velo.com\/?page_id=1254","title":{"rendered":"De Chuquicara \u00e0 Huaraz"},"content":{"rendered":"\n<div class=\"wp-block-media-text alignwide is-stacked-on-mobile\"><figure class=\"wp-block-media-text__media\"><img loading=\"lazy\" decoding=\"async\" width=\"1024\" height=\"682\" src=\"https:\/\/2l-a-velo.com\/wp-content\/uploads\/2019\/09\/P1038488-1024x682.jpg\" alt=\"\" class=\"wp-image-1327 size-full\" srcset=\"https:\/\/2l-a-velo.com\/wp-content\/uploads\/2019\/09\/P1038488-1024x682.jpg 1024w, https:\/\/2l-a-velo.com\/wp-content\/uploads\/2019\/09\/P1038488-300x200.jpg 300w, https:\/\/2l-a-velo.com\/wp-content\/uploads\/2019\/09\/P1038488-768x512.jpg 768w, https:\/\/2l-a-velo.com\/wp-content\/uploads\/2019\/09\/P1038488-900x600.jpg 900w, https:\/\/2l-a-velo.com\/wp-content\/uploads\/2019\/09\/P1038488-1280x853.jpg 1280w, https:\/\/2l-a-velo.com\/wp-content\/uploads\/2019\/09\/P1038488.jpg 2024w\" sizes=\"auto, (max-width: 1024px) 100vw, 1024px\" \/><\/figure><div class=\"wp-block-media-text__content\">\n<p class=\"has-text-align-center has-large-font-size\"><strong>Du 30 ao\u00fbt au 6 septembre<\/strong><\/p>\n<\/div><\/div>\n\n\n\n<p class=\"has-small-font-size\">Apr\u00e8s la beaut\u00e9 extraordinaire de l&rsquo;\u00e9tape pr\u00e9c\u00e9dente, nous changeons de vall\u00e9e et c&rsquo;est&#8230; toujours aussi beau ! La remont\u00e9e le long du rio Santa est douce et le paysage est superbe, les roches sont jaunes, ocres, vertes, voire noires, la vall\u00e9e s&rsquo;encaisse par endroits et nous p\u00e9dalons avec de chaque c\u00f4t\u00e9 de hautes falaises, impressionnant !<\/p>\n\n\n\n<div class=\"wp-block-media-text alignwide has-media-on-the-right is-stacked-on-mobile\"><figure class=\"wp-block-media-text__media\"><img loading=\"lazy\" decoding=\"async\" width=\"1024\" height=\"682\" src=\"https:\/\/2l-a-velo.com\/wp-content\/uploads\/2019\/09\/P1038546-1024x682.jpg\" alt=\"\" class=\"wp-image-1287 size-full\" srcset=\"https:\/\/2l-a-velo.com\/wp-content\/uploads\/2019\/09\/P1038546-1024x682.jpg 1024w, https:\/\/2l-a-velo.com\/wp-content\/uploads\/2019\/09\/P1038546-300x200.jpg 300w, https:\/\/2l-a-velo.com\/wp-content\/uploads\/2019\/09\/P1038546-768x512.jpg 768w, https:\/\/2l-a-velo.com\/wp-content\/uploads\/2019\/09\/P1038546-900x600.jpg 900w, https:\/\/2l-a-velo.com\/wp-content\/uploads\/2019\/09\/P1038546-1280x853.jpg 1280w, https:\/\/2l-a-velo.com\/wp-content\/uploads\/2019\/09\/P1038546.jpg 2024w\" sizes=\"auto, (max-width: 1024px) 100vw, 1024px\" \/><\/figure><div class=\"wp-block-media-text__content\">\n<p class=\"has-small-font-size\"> Avec notre chance habituelle, \u00e0 Huallanca, c&rsquo;est la f\u00eate et elle durera, durera&#8230; toute la nuit !!! Au programme : orchestre, feu d&rsquo;artifice, danses et&#8230; bi\u00e8re \u00e0 volont\u00e9 ! De plus, comme on pr\u00e9pare des repas dans la rue, tous les restaurants ont ferm\u00e9 leurs portes.   <\/p>\n<\/div><\/div>\n\n\n\n<p class=\"has-small-font-size\">Aujourd&rsquo;hui, nous remontons le canon del Pato. Ce canyon est tr\u00e8s \u00e9troit, la rivi\u00e8re coule en contre bas de la route qui est fort \u00e9troite elle aussi. Comble du bonheur, il y a 35 tunnels \u00e0 traverser, des petits et des plus grands. De plus, il est impossible de croiser dans les tunnels, ce qui n&rsquo;est pas sans poser quelques probl\u00e8mes quand des v\u00e9hicules hors normes y circulent. Malgr\u00e9 notre petit \u00e9clairage, nous ne sommes pas toujours rassur\u00e9s !!! Et puis la vall\u00e9e s&rsquo;\u00e9largit et, l\u00e0-haut, on peut admirer les premiers sommets enneig\u00e9s de la Cordill\u00e8re Blanche, superbe ! Nous arrivons \u00e0 Caraz, petite ville, o\u00f9 nous allons nous poser deux jours. Un pour souffler et pour s&rsquo;occuper des petites choses du voyage (courses, lessive, photos&#8230;) et un autre pour aller admirer la Laguna Paron. A Caraz, nous avons retrouv\u00e9 les tuk-tuk et leur tut-tut ! Caraz poss\u00e8de aussi un march\u00e9 tr\u00e8s anim\u00e9 surtout le dimanche. <\/p>\n\n\n\n<p class=\"has-small-font-size\">En ce dimanche, et avec notre chance, c&rsquo;est le premier anniversaire de&#8230; (nous n&rsquo;avons pas trouv\u00e9 de quoi, il y a tellement de comm\u00e9morations au P\u00e9rou). Alors, c&rsquo;est fanfare, discours et d\u00e9fil\u00e9, avec notamment les enfants des \u00e9coles qui paradent avec un pas tr\u00e8s militaire c&rsquo;est le moins que l&rsquo;on puisse dire !<\/p>\n\n\n\n<div class=\"wp-block-media-text alignwide is-stacked-on-mobile\"><figure class=\"wp-block-media-text__media\"><img loading=\"lazy\" decoding=\"async\" width=\"1024\" height=\"682\" src=\"https:\/\/2l-a-velo.com\/wp-content\/uploads\/2019\/09\/P1038655-1024x682.jpg\" alt=\"\" class=\"wp-image-1278 size-full\" srcset=\"https:\/\/2l-a-velo.com\/wp-content\/uploads\/2019\/09\/P1038655-1024x682.jpg 1024w, https:\/\/2l-a-velo.com\/wp-content\/uploads\/2019\/09\/P1038655-300x200.jpg 300w, https:\/\/2l-a-velo.com\/wp-content\/uploads\/2019\/09\/P1038655-768x512.jpg 768w, https:\/\/2l-a-velo.com\/wp-content\/uploads\/2019\/09\/P1038655-900x600.jpg 900w, https:\/\/2l-a-velo.com\/wp-content\/uploads\/2019\/09\/P1038655-1280x853.jpg 1280w, https:\/\/2l-a-velo.com\/wp-content\/uploads\/2019\/09\/P1038655.jpg 2024w\" sizes=\"auto, (max-width: 1024px) 100vw, 1024px\" \/><\/figure><div class=\"wp-block-media-text__content\">\n<p class=\"has-text-align-center has-large-font-size\"><strong>Excursion \u00e0 la Laguna Paron<\/strong><\/p>\n<\/div><\/div>\n\n\n\n<p class=\"has-small-font-size\">Premier contact avec la Cordillera Blanca, une matin\u00e9e \u00e0 la Laguna Paron. Nous nous sommes pos\u00e9s la question d&rsquo;y monter \u00e0 v\u00e9lo. Mais finalement, c&rsquo;est en taxi que nous y sommes all\u00e9s. Et bien nous en a pris car la piste est dans un \u00e9tat&#8230; impressionnant  !!! Ce n&rsquo;est pas roulant m\u00eame avec des v\u00e9los non charg\u00e9s. Notre chauffeur, excellent conducteur (il vaut mieux sur ce genre de \u00ab\u00a0route\u00a0\u00bb), natif de Paron, nous fait partager sa connaissance du parcours. Jusqu&rsquo;au village de Paron, ce sont des cultures diverses (petits pois, bl\u00e9, ma\u00efs&#8230;) et plus extraordinaire des cultures de fleurs (\u0153illets, gla\u00efeuls&#8230;). Apr\u00e8s une mont\u00e9e bien raide, c&rsquo;est l&rsquo;arriv\u00e9e \u00e0 la Laguna Paron, \u00e0 4200 m, entour\u00e9e de sommets parmi les plus hauts du P\u00e9rou et domin\u00e9e par le Huandoy qui culmine \u00e0 6395 m ! C&rsquo;est beau, c&rsquo;est fabuleux d&rsquo;\u00eatre l\u00e0, le temps est superbe et nous sommes seuls au \u00ab\u00a0mirador\u00a0\u00bb pour admirer ! De plus, il ne fait pas froid et pourtant, nous sommes \u00e0 plus de 4200 m !<\/p>\n\n\n\n<div class=\"wp-block-button aligncenter\"><a class=\"wp-block-button__link has-background\" href=\"https:\/\/photos.google.com\/share\/AF1QipM15Xs81E22GaSSeaRjqzDggpz8lsk3aYoe4BusNT3INBQG_VDaSD8WoLU-9Lz0yQ\/photo\/AF1QipMECXKmyxyorUm25pQdKpywQsuoUEGhrDwuw4Ia?key=UjFCQlRSWF9JbHNxWUVTbFpKVEpaTTRDdzlYc1BR\" style=\"background-color:#0475a5\">Album photos de la Laguna Paron<\/a><\/div>\n\n\n\n<p><\/p>\n\n\n\n<p class=\"has-small-font-size\">La vall\u00e9e que l&rsquo;on remonte en direction de Huaraz est un endroit de culture important surtout de petits pois destin\u00e9s \u00e0 l&rsquo;exportation. On trouve toujours des cultures de fleurs mais aussi beaucoup de ma\u00efs. On peut apercevoir, sur notre droite, les hauts sommets enneig\u00e9s de la Cordilla Blanca et notamment le Huascaran, point culminant du P\u00e9rou (6768 m).<\/p>\n\n\n\n<div class=\"wp-block-media-text alignwide is-stacked-on-mobile\"><figure class=\"wp-block-media-text__media\"><img loading=\"lazy\" decoding=\"async\" width=\"1024\" height=\"682\" src=\"https:\/\/2l-a-velo.com\/wp-content\/uploads\/2019\/09\/372A4671-1024x682.jpg\" alt=\"\" class=\"wp-image-1293 size-full\" srcset=\"https:\/\/2l-a-velo.com\/wp-content\/uploads\/2019\/09\/372A4671-1024x682.jpg 1024w, https:\/\/2l-a-velo.com\/wp-content\/uploads\/2019\/09\/372A4671-300x200.jpg 300w, https:\/\/2l-a-velo.com\/wp-content\/uploads\/2019\/09\/372A4671-768x512.jpg 768w, https:\/\/2l-a-velo.com\/wp-content\/uploads\/2019\/09\/372A4671-900x600.jpg 900w, https:\/\/2l-a-velo.com\/wp-content\/uploads\/2019\/09\/372A4671-1280x853.jpg 1280w, https:\/\/2l-a-velo.com\/wp-content\/uploads\/2019\/09\/372A4671.jpg 2024w\" sizes=\"auto, (max-width: 1024px) 100vw, 1024px\" \/><\/figure><div class=\"wp-block-media-text__content\">\n<p class=\"has-small-font-size\"> A Yungay , un sanctuaire a \u00e9t\u00e9 \u00e9lev\u00e9 pour rappeler le drame du tremblement de terre de 1970 qui fit 70 000 morts et 20 000 disparus. Le village de Yungay fut alors compl\u00e8tement d\u00e9truit par une avalanche venue des pentes du Huascaran. <\/p>\n<\/div><\/div>\n\n\n\n<div class=\"wp-block-media-text alignwide has-media-on-the-right is-stacked-on-mobile\"><figure class=\"wp-block-media-text__media\"><img loading=\"lazy\" decoding=\"async\" width=\"1024\" height=\"682\" src=\"https:\/\/2l-a-velo.com\/wp-content\/uploads\/2019\/09\/372A4708-1-1024x682.jpg\" alt=\"\" class=\"wp-image-1309 size-full\" srcset=\"https:\/\/2l-a-velo.com\/wp-content\/uploads\/2019\/09\/372A4708-1-1024x682.jpg 1024w, https:\/\/2l-a-velo.com\/wp-content\/uploads\/2019\/09\/372A4708-1-300x200.jpg 300w, https:\/\/2l-a-velo.com\/wp-content\/uploads\/2019\/09\/372A4708-1-768x512.jpg 768w, https:\/\/2l-a-velo.com\/wp-content\/uploads\/2019\/09\/372A4708-1-900x600.jpg 900w, https:\/\/2l-a-velo.com\/wp-content\/uploads\/2019\/09\/372A4708-1-1280x853.jpg 1280w, https:\/\/2l-a-velo.com\/wp-content\/uploads\/2019\/09\/372A4708-1.jpg 2024w\" sizes=\"auto, (max-width: 1024px) 100vw, 1024px\" \/><\/figure><div class=\"wp-block-media-text__content\">\n<p class=\"has-small-font-size\"> De Carhuaz, nous avions l&rsquo;intention de monter au Punta Olympica, un col \u00e0 plus de 4700 m (enfin le tunnel, le col est 200 m au-dessus mais l&rsquo;ancienne route est difficilement praticable). Pour profiter pleinement de cette incursion dans la Cordillera Blanca, nous nous sommes arr\u00eat\u00e9s bivouaquer \u00e0 3800 m. Un coin de bivouac pas tr\u00e8s accessible mais somme toute bien agr\u00e9able : pas froid, pas trop de vent, une superbe vue sur les sommets environnants&#8230;  Pour ne pas souffrir du mal d&rsquo;altitude, Laure nous a fait go\u00fbter au mat\u00e9 de coca, pas mauvais ma foi !<\/p>\n<\/div><\/div>\n\n\n\n<p class=\"has-small-font-size\"> Mais dans la nuit, un bruit caract\u00e9ristique sur la toile de tente nous r\u00e9veille : la pluie !!! Cela durera jusqu&rsquo;au matin avec un vent fort. Les sommets et les lacets conduisant au col baignent dans le brouillard. Il n&rsquo;y a aucun int\u00e9r\u00eat \u00e0 effectuer la mont\u00e9e dans ces conditions. Nous descendons donc directement sur Carhuaz puis rejoignons Huaraz. <\/p>\n\n\n\n<p class=\"has-small-font-size\"> Huaraz est une ville d&rsquo;un peu plus de 100 000 habitants o\u00f9 le klaxon est roi. Les taxis en usent et en abusent : on ne sait plus qui klaxonne qui et pourquoi, d&rsquo;o\u00f9 sa grande utilit\u00e9 !!! C&rsquo;est aussi la ville de l&rsquo;Andisme, on y voit donc beaucoup d&rsquo;agences de treks, de bureaux des guides&#8230; et aussi pas mal de magasins de mat\u00e9riel de montagne. Et bien s\u00fbr, beaucoup d&rsquo;\u00e9trangers venus faire des treks ou des ascensions. D&rsquo;ailleurs de nombreux caf\u00e9s et restaurants sont \u00e0 l&rsquo;heure \u00ab\u00a0europ\u00e9enne\u00a0\u00bb. Nous avons d\u00e9ambul\u00e9 dans les rues anim\u00e9es de Huaraz et particuli\u00e8rement au march\u00e9 entre poissons, cuy (cochons d&rsquo;inde), fruits et quartiers de viande o\u00f9 l&rsquo;animation atteint des sommets !<\/p>\n\n\n\n<div class=\"wp-block-media-text alignwide is-stacked-on-mobile\"><figure class=\"wp-block-media-text__media\"><img loading=\"lazy\" decoding=\"async\" width=\"1024\" height=\"682\" src=\"https:\/\/2l-a-velo.com\/wp-content\/uploads\/2019\/09\/P1048832-1024x682.jpg\" alt=\"\" class=\"wp-image-1324 size-full\" srcset=\"https:\/\/2l-a-velo.com\/wp-content\/uploads\/2019\/09\/P1048832-1024x682.jpg 1024w, https:\/\/2l-a-velo.com\/wp-content\/uploads\/2019\/09\/P1048832-300x200.jpg 300w, https:\/\/2l-a-velo.com\/wp-content\/uploads\/2019\/09\/P1048832-768x512.jpg 768w, https:\/\/2l-a-velo.com\/wp-content\/uploads\/2019\/09\/P1048832-900x600.jpg 900w, https:\/\/2l-a-velo.com\/wp-content\/uploads\/2019\/09\/P1048832-1280x853.jpg 1280w, https:\/\/2l-a-velo.com\/wp-content\/uploads\/2019\/09\/P1048832.jpg 2024w\" sizes=\"auto, (max-width: 1024px) 100vw, 1024px\" \/><\/figure><div class=\"wp-block-media-text__content\">\n<p class=\"has-small-font-size\"> Et avec notre chance habituelle en ce qui concerne la fiesta, et bien nous avons assist\u00e9 \u00e0 un petit d\u00e9fil\u00e9 qui r\u00e9unissait enfants et adolescents en costumes traditionnels. <\/p>\n\n\n\n<p class=\"has-small-font-size\">D\u00e9fil\u00e9 tr\u00e8s color\u00e9, anim\u00e9, joyeux et rempli de gaiet\u00e9 ! <\/p>\n\n\n\n<p><\/p>\n<\/div><\/div>\n\n\n\n<div class=\"wp-block-button aligncenter\"><a class=\"wp-block-button__link has-background\" href=\"https:\/\/photos.google.com\/share\/AF1QipOEcXLn1oZqn-47Z4euxvzXPCB115-89OwF5lnhII273pNf5jbciJ-9o6tz7n0fNA\/photo\/AF1QipME0kmmCuo6jxLStpF6YN1vr-O--Qq3C7QrW6Uq?key=ci1zTGUyNG5ud0c1QUdvQlRXc19Jc0NZZG9EQk9n\" style=\"background-color:#0473a3\">Album photos de  Chuquicara \u00e0 Huaraz<\/a><\/div>\n\n\n\n<p class=\"has-text-align-center has-small-font-size\"><strong>Petite vid\u00e9o de Chuquicara \u00e0 Huaraz<\/strong><\/p>\n\n\n\n<figure><iframe loading=\"lazy\" width=\"560\" height=\"315\" src=\"https:\/\/www.youtube.com\/embed\/pKcikcKQJuM\" allowfullscreen=\"\"><\/iframe><\/figure>\n\n\n\n<p><\/p>\n","protected":false},"excerpt":{"rendered":"<p>Du 30 ao\u00fbt au 6 septembre Apr\u00e8s la beaut\u00e9 extraordinaire de l&rsquo;\u00e9tape pr\u00e9c\u00e9dente, nous changeons de vall\u00e9e et c&rsquo;est&#8230; toujours aussi beau ! La remont\u00e9e le long du rio Santa est douce et le paysage est superbe, les roches sont jaunes, ocres, vertes, voire noires, la vall\u00e9e s&rsquo;encaisse par endroits et nous p\u00e9dalons avec de [&hellip;]<\/p>\n","protected":false},"author":1,"featured_media":0,"parent":126,"menu_order":4,"comment_status":"open","ping_status":"closed","template":"","meta":{"jetpack_post_was_ever_published":false,"footnotes":""},"class_list":["post-1254","page","type-page","status-publish","hentry"],"jetpack_likes_enabled":true,"jetpack_sharing_enabled":true,"_links":{"self":[{"href":"https:\/\/2l-a-velo.com\/index.php?rest_route=\/wp\/v2\/pages\/1254","targetHints":{"allow":["GET"]}}],"collection":[{"href":"https:\/\/2l-a-velo.com\/index.php?rest_route=\/wp\/v2\/pages"}],"about":[{"href":"https:\/\/2l-a-velo.com\/index.php?rest_route=\/wp\/v2\/types\/page"}],"author":[{"embeddable":true,"href":"https:\/\/2l-a-velo.com\/index.php?rest_route=\/wp\/v2\/users\/1"}],"replies":[{"embeddable":true,"href":"https:\/\/2l-a-velo.com\/index.php?rest_route=%2Fwp%2Fv2%2Fcomments&post=1254"}],"version-history":[{"count":74,"href":"https:\/\/2l-a-velo.com\/index.php?rest_route=\/wp\/v2\/pages\/1254\/revisions"}],"predecessor-version":[{"id":4771,"href":"https:\/\/2l-a-velo.com\/index.php?rest_route=\/wp\/v2\/pages\/1254\/revisions\/4771"}],"up":[{"embeddable":true,"href":"https:\/\/2l-a-velo.com\/index.php?rest_route=\/wp\/v2\/pages\/126"}],"wp:attachment":[{"href":"https:\/\/2l-a-velo.com\/index.php?rest_route=%2Fwp%2Fv2%2Fmedia&parent=1254"}],"curies":[{"name":"wp","href":"https:\/\/api.w.org\/{rel}","templated":true}]}}