{"id":1605,"date":"2019-10-14T03:33:03","date_gmt":"2019-10-14T01:33:03","guid":{"rendered":"http:\/\/2l-a-velo.com\/?page_id=1605"},"modified":"2022-03-03T11:52:04","modified_gmt":"2022-03-03T10:52:04","slug":"de-cuzco-au-lac-titicaca","status":"publish","type":"page","link":"https:\/\/2l-a-velo.com\/?page_id=1605","title":{"rendered":"De Cuzco au lac Titicaca"},"content":{"rendered":"\n<div class=\"wp-block-media-text alignwide is-stacked-on-mobile\"><figure class=\"wp-block-media-text__media\"><img loading=\"lazy\" decoding=\"async\" width=\"1024\" height=\"682\" src=\"https:\/\/2l-a-velo.com\/wp-content\/uploads\/2019\/10\/372A6391-1024x682.jpg\" alt=\"\" class=\"wp-image-1675 size-full\" srcset=\"https:\/\/2l-a-velo.com\/wp-content\/uploads\/2019\/10\/372A6391-1024x682.jpg 1024w, https:\/\/2l-a-velo.com\/wp-content\/uploads\/2019\/10\/372A6391-300x200.jpg 300w, https:\/\/2l-a-velo.com\/wp-content\/uploads\/2019\/10\/372A6391-768x512.jpg 768w, https:\/\/2l-a-velo.com\/wp-content\/uploads\/2019\/10\/372A6391-900x600.jpg 900w, https:\/\/2l-a-velo.com\/wp-content\/uploads\/2019\/10\/372A6391-1280x853.jpg 1280w, https:\/\/2l-a-velo.com\/wp-content\/uploads\/2019\/10\/372A6391.jpg 2024w\" sizes=\"auto, (max-width: 1024px) 100vw, 1024px\" \/><\/figure><div class=\"wp-block-media-text__content\">\n<p class=\"has-text-align-center has-large-font-size\"><strong>Du 1er au 10 octobre<\/strong><\/p>\n<\/div><\/div>\n\n\n\n<p class=\"has-text-align-center has-white-color has-text-color has-background has-large-font-size\" style=\"background-color:#05b717\"><strong>Sur l&rsquo;altiplano<\/strong><\/p>\n\n\n\n<p class=\"has-small-font-size\">Nous quittons Cuzco apr\u00e8s dix jours pass\u00e9s dans cette ville. Pas trop de circulation et une belle route asphalt\u00e9e qui nous emm\u00e8ne vers Juliaca. Le ciel est un peu gris mais nous profitons quand m\u00eame de belles \u00e9claircies. Cette vall\u00e9e est assez belle, bord\u00e9e de montagnes aux jolies couleurs. C&rsquo;est une vall\u00e9e tr\u00e8s agricole o\u00f9 l&rsquo;on trouve des cultures de ma\u00efs, de pommes de terre, de luzerne&#8230; mais aussi beaucoup d&rsquo;\u00e9levage de bovins. Notre premi\u00e8re nuit, au village de Quiquijana, nous la passerons dans une hospedaje avec toilettes dans la cour et douche froide (que nous n&rsquo;avons pas eu le courage de tester, nous sommes quand m\u00eame \u00e0 3200 m !).<\/p>\n\n\n\n<p class=\"has-small-font-size\">La mont\u00e9e au col de la Raya \u00e0 partir de Sicuani n\u2019est pas tr\u00e8s difficile, les pentes \u00e9tant raisonnables. Oui, mais cette mont\u00e9e est longue de 40 km et le col est \u00e0 4338 m, cela nous demande quand m\u00eame&nbsp;un bel effort. Durant la mont\u00e9e, nous aurons des vues magnifiques sur la cordill\u00e8re Vilcanot. <\/p>\n\n\n\n<div class=\"wp-block-media-text alignwide is-stacked-on-mobile\"><figure class=\"wp-block-media-text__media\"><img loading=\"lazy\" decoding=\"async\" width=\"1024\" height=\"682\" src=\"https:\/\/2l-a-velo.com\/wp-content\/uploads\/2019\/10\/372A5954-1024x682.jpg\" alt=\"\" class=\"wp-image-1616 size-full\" srcset=\"https:\/\/2l-a-velo.com\/wp-content\/uploads\/2019\/10\/372A5954-1024x682.jpg 1024w, https:\/\/2l-a-velo.com\/wp-content\/uploads\/2019\/10\/372A5954-300x200.jpg 300w, https:\/\/2l-a-velo.com\/wp-content\/uploads\/2019\/10\/372A5954-768x512.jpg 768w, https:\/\/2l-a-velo.com\/wp-content\/uploads\/2019\/10\/372A5954-900x600.jpg 900w, https:\/\/2l-a-velo.com\/wp-content\/uploads\/2019\/10\/372A5954-1280x853.jpg 1280w, https:\/\/2l-a-velo.com\/wp-content\/uploads\/2019\/10\/372A5954.jpg 2024w\" sizes=\"auto, (max-width: 1024px) 100vw, 1024px\" \/><\/figure><div class=\"wp-block-media-text__content\">\n<p class=\"has-small-font-size\">\n\nAu sommet du col, des P\u00e9ruviennes en costumes traditionnels vendent leur production de v\u00eatements en laine de moutons ou d\u2019alpagas aux touristes de passage. En effet, les bus touristiques font halte au col. \n\n<\/p>\n<\/div><\/div>\n\n\n\n<div class=\"wp-block-media-text alignwide has-media-on-the-right is-stacked-on-mobile\"><figure class=\"wp-block-media-text__media\"><img loading=\"lazy\" decoding=\"async\" width=\"1024\" height=\"682\" src=\"https:\/\/2l-a-velo.com\/wp-content\/uploads\/2019\/10\/372A5961-1-1024x682.jpg\" alt=\"\" class=\"wp-image-1621 size-full\" srcset=\"https:\/\/2l-a-velo.com\/wp-content\/uploads\/2019\/10\/372A5961-1-1024x682.jpg 1024w, https:\/\/2l-a-velo.com\/wp-content\/uploads\/2019\/10\/372A5961-1-300x200.jpg 300w, https:\/\/2l-a-velo.com\/wp-content\/uploads\/2019\/10\/372A5961-1-768x512.jpg 768w, https:\/\/2l-a-velo.com\/wp-content\/uploads\/2019\/10\/372A5961-1-900x600.jpg 900w, https:\/\/2l-a-velo.com\/wp-content\/uploads\/2019\/10\/372A5961-1-1280x853.jpg 1280w, https:\/\/2l-a-velo.com\/wp-content\/uploads\/2019\/10\/372A5961-1.jpg 2024w\" sizes=\"auto, (max-width: 1024px) 100vw, 1024px\" \/><\/figure><div class=\"wp-block-media-text__content\">\n<p class=\"has-small-font-size\">\n\nLe train pour touristes fortun\u00e9s qui relie Cuzco \u00e0 Puno, s\u2019arr\u00eate en contrebas du col et d\u00e9verse son flot de touristes, le temps d\u2019une pause. \n\n<\/p>\n<\/div><\/div>\n\n\n\n<p class=\"has-small-font-size\">  La descente du col nous conduit sur l\u2019altiplano dont l\u2019altitude oscille entre 4000 m et 3900 m. C\u2019est magnifique, une plaine encadr\u00e9e de montagnes, le tout dans des tons jaunes et orange, o\u00f9 l\u2019on \u00e9l\u00e8ve moutons, alpagas et vaches. La circulation n\u2019est pas trop dense mais le rev\u00eatement de la route est bien d\u00e9grad\u00e9. Qu\u2019importe, nous profitons au maximum des paysages grandioses qui s\u2019offrent \u00e0 nous&nbsp;! Au passage, nous avons admir\u00e9 les tr\u00e8s belles \u00e9glises de Pukara et Ayaviri (o\u00f9 il y avait une procession, encore une\u2026). Apr\u00e8s Pukara, le paysage change. Peu \u00e0 peu, la vall\u00e9e s&rsquo;\u00e9largit et, \u00e0 l&rsquo;approche de Juliaca, la circulation se densifie, les stations service se multiplient, les d\u00e9chets s&rsquo;accumulent sur les bords de la route. L&rsquo;arriv\u00e9e dans Juliaca se fait, comme dans toutes les villes p\u00e9ruviennes, dans un joyeux bazar de tuk-tuk, de collectivos, de bus, de motos, de&#8230; qui klaxonnent \u00e0 tout va ! Et nous, nous nous faufilons dans ce d\u00e9dale de v\u00e9hicules comme nous le pouvons ! <\/p>\n\n\n\n<div class=\"wp-block-button aligncenter\"><a class=\"wp-block-button__link has-background\" href=\"https:\/\/photos.google.com\/share\/AF1QipMBDnXi_qcyyArYRaHiDnKKYNYvgUUgEF2hPa7SH8cjMgPwPjkYOYPjw6YQZpcHSg\/photo\/AF1QipMIQd0wDf8WBQ3l6tGu2qB8i0KdYUWWIcxmB6f2?key=RDA2SVBJQnZkc3Z5UllBdWZGQ1BBREdzLS1wZlVB\" style=\"background-color:#0176a9\">Album photos de l&rsquo;altiplano (cliquez)<\/a><\/div>\n\n\n\n<p class=\"has-text-align-center has-white-color has-text-color has-background has-larger-font-size\" style=\"background-color:#05b717\"><strong>La presqu&rsquo;\u00eele de Capachica<\/strong><\/p>\n\n\n\n<p class=\"has-small-font-size\">La sortie de Juliaca est aussi \u00e9pique que l\u2019entr\u00e9e mais on prend rapidement la route de la presqu\u2019\u00eele de Capachica et nous sommes beaucoup plus tranquilles. Malheureusement, la route est bord\u00e9e de monceaux de d\u00e9chets, on se croirait en Calabre&nbsp;! Comme nous sommes dimanche, nous arrivons \u00e0 Capachica en pleine f\u00eate dominicale et nous pouvons admirer les superbes costumes traditionnels de la presqu\u2019\u00eele. Nous continuons jusqu\u2019au village de Llachon o\u00f9 nous nous offrons chacun une paire de gants en laine d\u2019alpaga (enfin\u2026 Laure s\u2019en offre deux paires&nbsp;!). Ensuite, nous nous mettons en qu\u00eate d\u2019un endroit pour dormir. C\u2019est l\u00e0 que nous rencontrons Joachim qui nous propose une chambre \u00e0 un prix modique. Mais cette chambre est occup\u00e9e jusqu\u2019\u00e0 20 h par\u2026 des Fran\u00e7ais&nbsp;: Sandrine, son fils et un ami du fils. Tr\u00e8s sympas, ils d\u00e9m\u00e9nagent leurs affaires et nous pouvons nous installer. Nous passerons une partie de la soir\u00e9e ensemble. Apr\u00e8s leur d\u00e9part, avec Joachim et sa femme Am\u00e9lia, nous regarderons sur l\u2019ordinateur quelques films et photos du P\u00e9rou. <\/p>\n\n\n\n<p class=\"has-small-font-size\">Le lendemain soir, apr\u00e8s avoir rentr\u00e9 ses moutons, Am\u00e9lia nous a habill\u00e9s avec des v\u00eatements traditionnels p\u00e9ruviens. S\u2019en est suivie une s\u00e9ance de photos bien s\u00fbr&nbsp;! &nbsp;<\/p>\n\n\n\n<p class=\"has-small-font-size\">Ce matin, c\u2019est Joachim et Am\u00e9lia qui se coifferont de nos casques cyclistes et Joachim montera m\u00eame sur le v\u00e9lo de Lionel. Nous les quittons \u00e0 regret pour gagner Taraco. Apr\u00e8s Capachica, nous laissons le bitume pour une piste pas trop mauvaise.  <\/p>\n\n\n\n<div class=\"wp-block-media-text alignwide is-stacked-on-mobile\"><figure class=\"wp-block-media-text__media\"><img loading=\"lazy\" decoding=\"async\" width=\"1024\" height=\"682\" src=\"https:\/\/2l-a-velo.com\/wp-content\/uploads\/2019\/10\/372A6327-1024x682.jpg\" alt=\"\" class=\"wp-image-1633 size-full\" srcset=\"https:\/\/2l-a-velo.com\/wp-content\/uploads\/2019\/10\/372A6327-1024x682.jpg 1024w, https:\/\/2l-a-velo.com\/wp-content\/uploads\/2019\/10\/372A6327-300x200.jpg 300w, https:\/\/2l-a-velo.com\/wp-content\/uploads\/2019\/10\/372A6327-768x512.jpg 768w, https:\/\/2l-a-velo.com\/wp-content\/uploads\/2019\/10\/372A6327-900x600.jpg 900w, https:\/\/2l-a-velo.com\/wp-content\/uploads\/2019\/10\/372A6327-1280x853.jpg 1280w, https:\/\/2l-a-velo.com\/wp-content\/uploads\/2019\/10\/372A6327.jpg 2024w\" sizes=\"auto, (max-width: 1024px) 100vw, 1024px\" \/><\/figure><div class=\"wp-block-media-text__content\">\n<p class=\"has-small-font-size\">\n\nUne petite erreur d\u2019itin\u00e9raire mais vite r\u00e9par\u00e9e et nous voici sur une piste qui domine le lac Titicaca, c\u2019est superbe. Le lac est d\u2019un bleu extraordinaire, les paysages sont magnifiques&nbsp;! Le point haut de la piste est \u00e0 plus de 3900 m et les vues sur le lac sont \u00e9poustouflantes.\n\n<\/p>\n<\/div><\/div>\n\n\n\n<div class=\"wp-block-media-text alignwide has-media-on-the-right is-stacked-on-mobile\"><figure class=\"wp-block-media-text__media\"><img loading=\"lazy\" decoding=\"async\" width=\"1024\" height=\"682\" src=\"https:\/\/2l-a-velo.com\/wp-content\/uploads\/2019\/10\/P1050548-1024x682.jpg\" alt=\"\" class=\"wp-image-1634 size-full\" srcset=\"https:\/\/2l-a-velo.com\/wp-content\/uploads\/2019\/10\/P1050548-1024x682.jpg 1024w, https:\/\/2l-a-velo.com\/wp-content\/uploads\/2019\/10\/P1050548-300x200.jpg 300w, https:\/\/2l-a-velo.com\/wp-content\/uploads\/2019\/10\/P1050548-768x512.jpg 768w, https:\/\/2l-a-velo.com\/wp-content\/uploads\/2019\/10\/P1050548-900x600.jpg 900w, https:\/\/2l-a-velo.com\/wp-content\/uploads\/2019\/10\/P1050548-1280x853.jpg 1280w, https:\/\/2l-a-velo.com\/wp-content\/uploads\/2019\/10\/P1050548.jpg 2024w\" sizes=\"auto, (max-width: 1024px) 100vw, 1024px\" \/><\/figure><div class=\"wp-block-media-text__content\">\n<p class=\"has-small-font-size\">\n\nLa piste descend ensuite au niveau du lac et nous retrouvons une r\u00e9gion agricole. Il y a bien quelques tracteurs mais ce sont souvent des b\u0153ufs, voire des \u00e2nes, qui tirent la charrue&nbsp;! \n\n<\/p>\n<\/div><\/div>\n\n\n\n<div class=\"wp-block-button aligncenter\"><a class=\"wp-block-button__link has-background\" href=\"https:\/\/photos.google.com\/share\/AF1QipNkHQ3YXUBsi9ZOobkf4rrfaNQp-6diI1UUIl4CccSBMs7x2W60zf3yCVqR_kbDPQ\/photo\/AF1QipMtoxE9OrwWXaPs6VCfq_UMVmjWGAPIkuNdN0MA?key=UDQtRGhSelNUYUNMaHA4T2RHSVZraWJScmxJcFFn\" style=\"background-color:#0474a3\">Album photos de la presqu\u00eele de Capachica (cliquez)<\/a><\/div>\n\n\n\n<p class=\"has-text-align-center\"><strong>Vid\u00e9o, la sortie de Juliaca et la presqu&rsquo;\u00eele de Capachica<\/strong><\/p>\n\n\n\n<figure><iframe loading=\"lazy\" width=\"560\" height=\"315\" src=\"https:\/\/www.youtube.com\/embed\/nsO_Lh9EUWk\" allowfullscreen=\"\"><\/iframe><\/figure>\n\n\n\n<p class=\"has-text-align-center has-white-color has-text-color has-background has-larger-font-size\" style=\"background-color:#05b717\"><strong>Sur le lac Titicaca<\/strong><\/p>\n\n\n\n<p class=\"has-small-font-size\">C\u2019est le fils de Joachim et Am\u00e9lia qui nous emm\u00e8nera en bateau sur l\u2019\u00eele de Taquile et sur celle, flottante, d\u2019Uros Titinos. Mais le matin, surprise, le bateau est une barque en bois pas de la premi\u00e8re jeunesse m\u00eame s\u2019il y a un moteur. Pas de soucis particuliers jusqu\u2019\u00e0 Taquile, m\u00eame s\u2019il faut \u00e9coper l\u2019eau qui envahit r\u00e9guli\u00e8rement le fond du bateau. C\u2019est une \u00eele superbe. <\/p>\n\n\n\n<div class=\"wp-block-media-text alignwide is-stacked-on-mobile\"><figure class=\"wp-block-media-text__media\"><img loading=\"lazy\" decoding=\"async\" width=\"1024\" height=\"682\" src=\"https:\/\/2l-a-velo.com\/wp-content\/uploads\/2019\/10\/P1050430-1024x682.jpg\" alt=\"\" class=\"wp-image-1640 size-full\" srcset=\"https:\/\/2l-a-velo.com\/wp-content\/uploads\/2019\/10\/P1050430-1024x682.jpg 1024w, https:\/\/2l-a-velo.com\/wp-content\/uploads\/2019\/10\/P1050430-300x200.jpg 300w, https:\/\/2l-a-velo.com\/wp-content\/uploads\/2019\/10\/P1050430-768x512.jpg 768w, https:\/\/2l-a-velo.com\/wp-content\/uploads\/2019\/10\/P1050430-900x600.jpg 900w, https:\/\/2l-a-velo.com\/wp-content\/uploads\/2019\/10\/P1050430-1280x853.jpg 1280w, https:\/\/2l-a-velo.com\/wp-content\/uploads\/2019\/10\/P1050430.jpg 2024w\" sizes=\"auto, (max-width: 1024px) 100vw, 1024px\" \/><\/figure><div class=\"wp-block-media-text__content\">\n<p class=\"has-small-font-size\">\n\nNous montons au sommet de l\u2019\u00eele o\u00f9 nous avons une vue extraordinaire sur le lac Titicaca. Une all\u00e9e bien am\u00e9nag\u00e9e serpente entre des murets de pierre qui d\u00e9limitent les parcelles o\u00f9 paissent quelques moutons. \n\n<\/p>\n<\/div><\/div>\n\n\n\n<p class=\"has-small-font-size\"> Beaucoup de touristes sur la place du village. Ils arrivent sur de beaux bateaux de mini croisi\u00e8res aux grandes baies vitr\u00e9es et si\u00e8ges confortables&nbsp;! Quel contraste quand nous montons tous les deux dans notre barque avec notre skipper, Gabriel&nbsp;! Notre embarcation para\u00eet bien petite et c\u00f4t\u00e9 confort juste une couverture sur des \u00ab&nbsp;si\u00e8ges&nbsp;\u00bb en bois bien dur&nbsp;! La grosse diff\u00e9rence avec ce matin, c\u2019est que le vent s\u2019est lev\u00e9,&nbsp;\u00e7a bouge pas mal sur la barcasse, \u00e7a tangue et \u00e7a roule et de plus, il faut \u00e9coper r\u00e9guli\u00e8rement (Laure ne s\u2019y entend pas mal)&nbsp;!<\/p>\n\n\n\n<div class=\"wp-block-media-text alignwide has-media-on-the-right is-stacked-on-mobile\"><figure class=\"wp-block-media-text__media\"><img loading=\"lazy\" decoding=\"async\" width=\"1024\" height=\"682\" src=\"https:\/\/2l-a-velo.com\/wp-content\/uploads\/2019\/10\/P1050450-1024x682.jpg\" alt=\"\" class=\"wp-image-1638 size-full\" srcset=\"https:\/\/2l-a-velo.com\/wp-content\/uploads\/2019\/10\/P1050450-1024x682.jpg 1024w, https:\/\/2l-a-velo.com\/wp-content\/uploads\/2019\/10\/P1050450-300x200.jpg 300w, https:\/\/2l-a-velo.com\/wp-content\/uploads\/2019\/10\/P1050450-768x512.jpg 768w, https:\/\/2l-a-velo.com\/wp-content\/uploads\/2019\/10\/P1050450-900x600.jpg 900w, https:\/\/2l-a-velo.com\/wp-content\/uploads\/2019\/10\/P1050450-1280x853.jpg 1280w, https:\/\/2l-a-velo.com\/wp-content\/uploads\/2019\/10\/P1050450.jpg 2024w\" sizes=\"auto, (max-width: 1024px) 100vw, 1024px\" \/><\/figure><div class=\"wp-block-media-text__content\">\n<p class=\"has-small-font-size\"> Apr\u00e8s avoir \u00e9t\u00e9 bien secou\u00e9, nous arrivons sur l\u2019\u00eele flottante d\u2019Uros Titinos. Nous marchons sur un sol de roseaux tr\u00e8s souple. Cette \u00eele de roseaux, d&rsquo;une \u00e9paisseur de trois m\u00e8tres, est amarr\u00e9e au fond du lac afin qu\u2019elle ne d\u00e9rive pas. Elle est habit\u00e9e par cinq familles, soit dix-huit habitants qui vivent principalement de la p\u00eache. <\/p>\n<\/div><\/div>\n\n\n\n<p class=\"has-small-font-size\">Quant aux tr\u00e8s beaux bateaux en roseau, ils ne servent plus qu&rsquo;\u00e0 promener les touristes. Pour leurs besoins quotidiens, les habitants poss\u00e8dent des barques \u00e0 moteur&#8230; Yamaha ou Mariner (pub gratuite). Et oui ma pauvre dame, tout change que voulez-vous !!<\/p>\n\n\n\n<p class=\"has-small-font-size\"> Retour \u00e0 Llacon en louvoyant entre les roseaux, toujours en \u00e9copant et m\u00eame en nettoyant l\u2019h\u00e9lice bloqu\u00e9e par des algues.<\/p>\n\n\n\n<div class=\"wp-block-button aligncenter\"><a class=\"wp-block-button__link has-background\" href=\"https:\/\/photos.google.com\/share\/AF1QipOTPOYroUP-GkhBcu-dwTdPvxzwv9YuUuCeqGDXnyuJ3nwuyi9-r-fxECauJh63WQ\/photo\/AF1QipPrwZgiBQe1nO5gAF7xglGy2joUKWaWuocm-v5F?key=azE1V2x3ei11empXSW9zWXZYWS1ZY3U1RW8zVi13\" style=\"background-color:#0475a5\">Album photos \u00ab\u00a0Sur le  lac Titicaca\u00a0\u00bb (cliquez)<\/a><\/div>\n\n\n\n<p class=\"has-text-align-center\"><strong>Vid\u00e9o, sur le lac Titicaca<\/strong><\/p>\n\n\n\n<figure><iframe loading=\"lazy\" width=\"560\" height=\"315\" src=\"https:\/\/www.youtube.com\/embed\/2BiyVYa3djc\" allowfullscreen=\"\"><\/iframe><\/figure>\n\n\n\n<p class=\"has-text-align-center has-white-color has-text-color has-background has-larger-font-size\" style=\"background-color:#05b717\"><strong>Derniers coups de p\u00e9dales au P\u00e9rou<\/strong><\/p>\n\n\n\n<p class=\"has-small-font-size\">A partir de Taraco, nous retrouvons la route qui conduit en Bolivie. Peu apr\u00e8s le village de Vilque Chico, nous retrouvons, pour un moment, le lac Titicaca mais aussi un vent fort, de face, qui nous accompagnera le reste de la journ\u00e9e. Nous atteindrons Moho apr\u00e8s avoir franchi un col \u00e0 4115 m, toujours avec ce vent de face fort d\u00e9sagr\u00e9able. Pass\u00e9 Moho, apr\u00e8s quelques kilom\u00e8tres d\u2019asphalte, nous trouvons une piste en travaux o\u00f9 il n\u2019est pas tr\u00e8s facile de rouler mais les vues sur le lac sont toujours aussi belles, ceci compensant cela&nbsp;! Enfin c\u2019est le retour de l\u2019asphalte et nous poursuivons jusqu\u2019\u00e0 Tilali o\u00f9 nos passeports re\u00e7oivent le coup de tampon de sortie du P\u00e9rou. Il nous reste encore quelques kilom\u00e8tres avant la fronti\u00e8re. <\/p>\n\n\n\n<div class=\"wp-block-media-text alignwide is-stacked-on-mobile\"><figure class=\"wp-block-media-text__media\"><img loading=\"lazy\" decoding=\"async\" width=\"1024\" height=\"682\" src=\"https:\/\/2l-a-velo.com\/wp-content\/uploads\/2019\/10\/372A6398-1024x682.jpg\" alt=\"\" class=\"wp-image-1641 size-full\" srcset=\"https:\/\/2l-a-velo.com\/wp-content\/uploads\/2019\/10\/372A6398-1024x682.jpg 1024w, https:\/\/2l-a-velo.com\/wp-content\/uploads\/2019\/10\/372A6398-300x200.jpg 300w, https:\/\/2l-a-velo.com\/wp-content\/uploads\/2019\/10\/372A6398-768x512.jpg 768w, https:\/\/2l-a-velo.com\/wp-content\/uploads\/2019\/10\/372A6398-900x600.jpg 900w, https:\/\/2l-a-velo.com\/wp-content\/uploads\/2019\/10\/372A6398-1280x853.jpg 1280w, https:\/\/2l-a-velo.com\/wp-content\/uploads\/2019\/10\/372A6398.jpg 2024w\" sizes=\"auto, (max-width: 1024px) 100vw, 1024px\" \/><\/figure><div class=\"wp-block-media-text__content\">\n<p class=\"has-small-font-size\"> Quelle n\u2019est pas notre surprise \u00e0 la sortie du village de voir les \u00e9l\u00e8ves de l\u2019\u00e9cole de Tilali nous faire une haie d\u2019honneur avec leurs professeurs. Nous sommes tr\u00e8s \u00e9mus et en oublions de filmer ce moment fort&nbsp;! Heureusement, nous prendrons une photo de tout ce petit monde&nbsp;! <\/p>\n<\/div><\/div>\n\n\n\n<p class=\"has-small-font-size\">C\u2019est par une belle route asphalt\u00e9e que nous atteignons la fronti\u00e8re. Nous allons quitter ce pays o\u00f9 nous venons de passer soixante-dix jours&nbsp;!<\/p>\n\n\n\n<div class=\"wp-block-button aligncenter\"><a class=\"wp-block-button__link has-background\" href=\"https:\/\/photos.google.com\/share\/AF1QipN5rguK9VptG77Z1vidXmc0LaI3gdY0WCcjv53_iOhHCLV7Je5ewDQ6D0CLsZSQGg\/photo\/AF1QipNytQrIH6_Af4X0KpL2oBm2ZFrzkrMkO_n2-TkY?key=aXZSc3pYeVpraFZFQlE1dDVsLUdPZkZ3TEgyLXpR\" style=\"background-color:#0371a0\">Album photos \u00ab\u00a0derniers coups de p\u00e9dales au P\u00e9rou (cliquez)<\/a><\/div>\n\n\n\n<p class=\"has-text-align-center\"><strong>Vid\u00e9o fin de notre \u00e9tape p\u00e9ruvienne<\/strong><\/p>\n\n\n\n<figure><iframe loading=\"lazy\" width=\"560\" height=\"315\" src=\"https:\/\/www.youtube.com\/embed\/RxyzT3G5yRM\" allowfullscreen=\"\"><\/iframe><\/figure>\n\n\n\n<p class=\"has-text-align-center has-white-color has-text-color has-background has-large-font-size\" style=\"background-color:#05b717\"><strong>Petit bilan du P\u00e9rou<\/strong><\/p>\n\n\n\n<p class=\"has-text-align-center has-small-font-size\"><strong>Nous allons quitter le P\u00e9rou apr\u00e8s 70 jours pass\u00e9s dans ce pays. Nous y avons parcouru 2225 km et gravi 27 719 m de d\u00e9nivel\u00e9 !<\/strong><\/p>\n\n\n\n<p class=\"has-text-align-center has-background has-large-font-size\" style=\"background-color:#00aff0\"><strong>Ce que nous avons aim\u00e9 au P\u00e9rou<\/strong><\/p>\n\n\n\n<p class=\"has-small-font-size\">Les \u00e9changes avec les voyageurs \u00e0 l&rsquo;auberge de La Estrellita \u00e0 Cuzco. La rencontre avec Thierry de la boulangerie fran\u00e7aise de Cuzco et avec Ulrike dans cette m\u00eame boulangerie. Les deux jours pass\u00e9s chez Joachim et Am\u00e9lia \u00e0 Llachon, les propri\u00e9taires de l&rsquo;h\u00f4tel Jocamarday \u00e0 Chachapoyas&#8230; et la gentillesse des P\u00e9ruviens en g\u00e9n\u00e9ral.<\/p>\n\n\n\n<p class=\"has-small-font-size\">Les paysages vari\u00e9s et superbes, notamment la route de Pallasca \u00e0 Chuquicara, la piste du Pastoruri, les altiplanos, la laguna Paron, le lac Titicaca&#8230;<\/p>\n\n\n\n<p class=\"has-small-font-size\">La ville de Chachapoyas, le site de Kuelap, le Machu Picchu, la vall\u00e9e sacr\u00e9e des Incas&#8230;<\/p>\n\n\n\n<p class=\"has-small-font-size\">Le beau temps qui nous a accompagn\u00e9s pratiquement tous les jours !<\/p>\n\n\n\n<p class=\"has-text-align-center has-background has-large-font-size\" style=\"background-color:#00aff0\"><strong>Ce que nous avons regrett\u00e9 au P\u00e9rou<\/strong><\/p>\n\n\n\n<p class=\"has-small-font-size\"><strong>La<\/strong> <strong>conduite automobile des P\u00e9ruviens, particuli\u00e8rement, les collectivos !<\/strong><\/p>\n\n\n\n<p class=\"has-small-font-size\"> Les prix souvent exag\u00e9r\u00e9s qu&rsquo;on nous demande (\u00e0 nous les touristes) et qui nous obligent \u00e0 n\u00e9gocier, notamment dans les h\u00f4tels.<\/p>\n\n\n\n<p class=\"has-small-font-size\">\n\nLes d\u00e9chets le long des routes et la salet\u00e9 en g\u00e9n\u00e9ral.\n\n<\/p>\n\n\n\n<p class=\"has-small-font-size\"><em>Remarques sur les d\u00e9chets : nous avons (nous, les pays dits riches) envahi ces pays avec nos produits sous plastique (notamment les boissons sucr\u00e9es que les P\u00e9ruviens consomment en grande quantit\u00e9), les couches jetables, les produits \u00e9lectroniques, etc, sans leur donner les infrastructures n\u00e9cessaires aux retraitement de tous ces d\u00e9chets que l&rsquo;on retrouve un peu partout sur le bord des routes. Une prise de conscience commence \u00e0 se faire jour mais reste bien timide !<\/em><\/p>\n\n\n\n<p class=\"has-small-font-size\">En ce qui concerne les chiens, nous avons bien \u00e9t\u00e9 \u00ab\u00a0cours\u00e9s\u00a0\u00bb quelquefois mais sans plus. Il suffit simplement de descendre du v\u00e9los pour que ces \u00ab\u00a0charmants\u00a0\u00bb animaux s&rsquo;en aillent. <\/p>\n\n\n\n<figure class=\"wp-block-image\"><img loading=\"lazy\" decoding=\"async\" width=\"1024\" height=\"576\" src=\"https:\/\/2l-a-velo.com\/wp-content\/uploads\/2019\/10\/372A6400-2-1024x576.jpg\" alt=\"\" class=\"wp-image-1654\" srcset=\"https:\/\/2l-a-velo.com\/wp-content\/uploads\/2019\/10\/372A6400-2-1024x576.jpg 1024w, https:\/\/2l-a-velo.com\/wp-content\/uploads\/2019\/10\/372A6400-2-300x169.jpg 300w, https:\/\/2l-a-velo.com\/wp-content\/uploads\/2019\/10\/372A6400-2-768x432.jpg 768w, https:\/\/2l-a-velo.com\/wp-content\/uploads\/2019\/10\/372A6400-2-900x506.jpg 900w, https:\/\/2l-a-velo.com\/wp-content\/uploads\/2019\/10\/372A6400-2-1280x720.jpg 1280w, https:\/\/2l-a-velo.com\/wp-content\/uploads\/2019\/10\/372A6400-2.jpg 2024w\" sizes=\"auto, (max-width: 1024px) 100vw, 1024px\" \/><figcaption><strong>Laure dans l&rsquo;ultime mont\u00e9e du P\u00e9rou<\/strong><\/figcaption><\/figure>\n","protected":false},"excerpt":{"rendered":"<p>Du 1er au 10 octobre Sur l&rsquo;altiplano Nous quittons Cuzco apr\u00e8s dix jours pass\u00e9s dans cette ville. Pas trop de circulation et une belle route asphalt\u00e9e qui nous emm\u00e8ne vers Juliaca. Le ciel est un peu gris mais nous profitons quand m\u00eame de belles \u00e9claircies. Cette vall\u00e9e est assez belle, bord\u00e9e de montagnes aux jolies [&hellip;]<\/p>\n","protected":false},"author":1,"featured_media":0,"parent":126,"menu_order":8,"comment_status":"open","ping_status":"closed","template":"","meta":{"jetpack_post_was_ever_published":false,"footnotes":""},"class_list":["post-1605","page","type-page","status-publish","hentry"],"jetpack_likes_enabled":true,"jetpack_sharing_enabled":true,"_links":{"self":[{"href":"https:\/\/2l-a-velo.com\/index.php?rest_route=\/wp\/v2\/pages\/1605","targetHints":{"allow":["GET"]}}],"collection":[{"href":"https:\/\/2l-a-velo.com\/index.php?rest_route=\/wp\/v2\/pages"}],"about":[{"href":"https:\/\/2l-a-velo.com\/index.php?rest_route=\/wp\/v2\/types\/page"}],"author":[{"embeddable":true,"href":"https:\/\/2l-a-velo.com\/index.php?rest_route=\/wp\/v2\/users\/1"}],"replies":[{"embeddable":true,"href":"https:\/\/2l-a-velo.com\/index.php?rest_route=%2Fwp%2Fv2%2Fcomments&post=1605"}],"version-history":[{"count":67,"href":"https:\/\/2l-a-velo.com\/index.php?rest_route=\/wp\/v2\/pages\/1605\/revisions"}],"predecessor-version":[{"id":4658,"href":"https:\/\/2l-a-velo.com\/index.php?rest_route=\/wp\/v2\/pages\/1605\/revisions\/4658"}],"up":[{"embeddable":true,"href":"https:\/\/2l-a-velo.com\/index.php?rest_route=\/wp\/v2\/pages\/126"}],"wp:attachment":[{"href":"https:\/\/2l-a-velo.com\/index.php?rest_route=%2Fwp%2Fv2%2Fmedia&parent=1605"}],"curies":[{"name":"wp","href":"https:\/\/api.w.org\/{rel}","templated":true}]}}