{"id":168,"date":"2019-03-19T13:58:17","date_gmt":"2019-03-19T12:58:17","guid":{"rendered":"http:\/\/2l-a-velo.com\/?page_id=168"},"modified":"2022-03-13T11:32:31","modified_gmt":"2022-03-13T10:32:31","slug":"espagne-2016","status":"publish","type":"page","link":"https:\/\/2l-a-velo.com\/?page_id=168","title":{"rendered":"Espagne 2016"},"content":{"rendered":"\n<div class=\"wp-block-cover is-light\"><span aria-hidden=\"true\" class=\"has-background-dim-10 wp-block-cover__gradient-background has-background-dim\" style=\"background-color:#a37600\"><\/span><img loading=\"lazy\" decoding=\"async\" width=\"2024\" height=\"1349\" class=\"wp-block-cover__image-background wp-image-198\" src=\"https:\/\/2l-a-velo.com\/wp-content\/uploads\/2019\/03\/IMG_1687-1.jpg\" data-object-fit=\"cover\" srcset=\"https:\/\/2l-a-velo.com\/wp-content\/uploads\/2019\/03\/IMG_1687-1.jpg 2024w, https:\/\/2l-a-velo.com\/wp-content\/uploads\/2019\/03\/IMG_1687-1-300x200.jpg 300w, https:\/\/2l-a-velo.com\/wp-content\/uploads\/2019\/03\/IMG_1687-1-768x512.jpg 768w, https:\/\/2l-a-velo.com\/wp-content\/uploads\/2019\/03\/IMG_1687-1-1024x682.jpg 1024w, https:\/\/2l-a-velo.com\/wp-content\/uploads\/2019\/03\/IMG_1687-1-900x600.jpg 900w, https:\/\/2l-a-velo.com\/wp-content\/uploads\/2019\/03\/IMG_1687-1-1280x853.jpg 1280w\" sizes=\"auto, (max-width: 2024px) 100vw, 2024px\" \/><div class=\"wp-block-cover__inner-container is-layout-flow wp-block-cover-is-layout-flow\">\n<p class=\"has-text-align-center has-text-color\" style=\"color:#017cbb;font-size:75px;font-style:normal;font-weight:800\"><strong>Espagne 2016<\/strong><\/p>\n<\/div><\/div>\n\n\n\n<p class=\"has-text-align-center has-background has-large-font-size\" style=\"background-color:#daa70e\">Des photos de notre premier voyage en Espagne du 13 juillet au 28 ao\u00fbt 2016 !<\/p>\n\n\n\n<p class=\"has-text-align-center has-background\" style=\"background-color:#daa70e\">3850 km parcourus des Pyr\u00e9n\u00e9es fran\u00e7aises \u00e0 Gibraltar et retour ! <\/p>\n\n\n\n<div class=\"wp-block-button aligncenter\"><a class=\"wp-block-button__link has-white-color has-text-color has-background\" href=\"https:\/\/photos.google.com\/u\/1\/share\/AF1QipPx1W6JDhD6xn9B-ayoWku0-UBC4C6eo2k8lSYbC9dU7_h5DaV_WOrhKHHPwtzDEg\/photo\/AF1QipOcJpULRVzQsP0_bvgHcr4RqdYpNzXJ0XiWjTop?key=VGt1WWNUUEw0Yllpc0hSc1JKMi01UW15N25hajJn\" style=\"background-color:#329adc\">Photos du voyage (cliquez)<\/a><\/div>\n\n\n\n<figure class=\"wp-block-image\"><img loading=\"lazy\" decoding=\"async\" width=\"1024\" height=\"793\" src=\"https:\/\/2l-a-velo.com\/wp-content\/uploads\/2019\/03\/Capture-d\u2019\u00e9cran-4-1-1024x793.jpg\" alt=\"\" class=\"wp-image-206\" srcset=\"https:\/\/2l-a-velo.com\/wp-content\/uploads\/2019\/03\/Capture-d\u2019\u00e9cran-4-1-1024x793.jpg 1024w, https:\/\/2l-a-velo.com\/wp-content\/uploads\/2019\/03\/Capture-d\u2019\u00e9cran-4-1-300x232.jpg 300w, https:\/\/2l-a-velo.com\/wp-content\/uploads\/2019\/03\/Capture-d\u2019\u00e9cran-4-1-768x594.jpg 768w, https:\/\/2l-a-velo.com\/wp-content\/uploads\/2019\/03\/Capture-d\u2019\u00e9cran-4-1-900x697.jpg 900w, https:\/\/2l-a-velo.com\/wp-content\/uploads\/2019\/03\/Capture-d\u2019\u00e9cran-4-1-1280x991.jpg 1280w\" sizes=\"auto, (max-width: 1024px) 100vw, 1024px\" \/><\/figure>\n","protected":false},"excerpt":{"rendered":"<p>Des photos de notre premier voyage en Espagne du 13 juillet au 28 ao\u00fbt 2016 ! 3850 km parcourus des Pyr\u00e9n\u00e9es fran\u00e7aises \u00e0 Gibraltar et retour !<\/p>\n","protected":false},"author":1,"featured_media":0,"parent":118,"menu_order":1,"comment_status":"closed","ping_status":"closed","template":"","meta":{"jetpack_post_was_ever_published":false,"footnotes":""},"class_list":["post-168","page","type-page","status-publish","hentry"],"jetpack_likes_enabled":true,"jetpack_sharing_enabled":true,"_links":{"self":[{"href":"https:\/\/2l-a-velo.com\/index.php?rest_route=\/wp\/v2\/pages\/168","targetHints":{"allow":["GET"]}}],"collection":[{"href":"https:\/\/2l-a-velo.com\/index.php?rest_route=\/wp\/v2\/pages"}],"about":[{"href":"https:\/\/2l-a-velo.com\/index.php?rest_route=\/wp\/v2\/types\/page"}],"author":[{"embeddable":true,"href":"https:\/\/2l-a-velo.com\/index.php?rest_route=\/wp\/v2\/users\/1"}],"replies":[{"embeddable":true,"href":"https:\/\/2l-a-velo.com\/index.php?rest_route=%2Fwp%2Fv2%2Fcomments&post=168"}],"version-history":[{"count":9,"href":"https:\/\/2l-a-velo.com\/index.php?rest_route=\/wp\/v2\/pages\/168\/revisions"}],"predecessor-version":[{"id":4756,"href":"https:\/\/2l-a-velo.com\/index.php?rest_route=\/wp\/v2\/pages\/168\/revisions\/4756"}],"up":[{"embeddable":true,"href":"https:\/\/2l-a-velo.com\/index.php?rest_route=\/wp\/v2\/pages\/118"}],"wp:attachment":[{"href":"https:\/\/2l-a-velo.com\/index.php?rest_route=%2Fwp%2Fv2%2Fmedia&parent=168"}],"curies":[{"name":"wp","href":"https:\/\/api.w.org\/{rel}","templated":true}]}}