{"id":1757,"date":"2019-10-27T02:52:06","date_gmt":"2019-10-27T01:52:06","guid":{"rendered":"http:\/\/2l-a-velo.com\/?page_id=1757"},"modified":"2022-03-14T11:44:45","modified_gmt":"2022-03-14T10:44:45","slug":"de-el-alto-a-uyuni","status":"publish","type":"page","link":"https:\/\/2l-a-velo.com\/?page_id=1757","title":{"rendered":"De El Alto \u00e0 Uyuni"},"content":{"rendered":"\n<div class=\"wp-block-media-text alignwide is-stacked-on-mobile\"><figure class=\"wp-block-media-text__media\"><img loading=\"lazy\" decoding=\"async\" width=\"1024\" height=\"682\" src=\"https:\/\/2l-a-velo.com\/wp-content\/uploads\/2019\/10\/P1061424-1024x682.jpg\" alt=\"\" class=\"wp-image-1808 size-full\" srcset=\"https:\/\/2l-a-velo.com\/wp-content\/uploads\/2019\/10\/P1061424-1024x682.jpg 1024w, https:\/\/2l-a-velo.com\/wp-content\/uploads\/2019\/10\/P1061424-300x200.jpg 300w, https:\/\/2l-a-velo.com\/wp-content\/uploads\/2019\/10\/P1061424-768x512.jpg 768w, https:\/\/2l-a-velo.com\/wp-content\/uploads\/2019\/10\/P1061424-900x600.jpg 900w, https:\/\/2l-a-velo.com\/wp-content\/uploads\/2019\/10\/P1061424-1280x853.jpg 1280w, https:\/\/2l-a-velo.com\/wp-content\/uploads\/2019\/10\/P1061424.jpg 2024w\" sizes=\"auto, (max-width: 1024px) 100vw, 1024px\" \/><\/figure><div class=\"wp-block-media-text__content\">\n<p class=\"has-text-align-center has-large-font-size\"><strong>Du 17 au 25 octobre<\/strong><\/p>\n<\/div><\/div>\n\n\n\n<p class=\"has-text-align-center has-white-color has-text-color has-background has-larger-font-size\" style=\"background-color:#05b717\"><strong>L&rsquo;altiplano bolivien<\/strong><\/p>\n\n\n\n<p class=\"has-small-font-size\">La sortie de El Alto, dans le brouillard, fut conforme \u00e0 toutes les sorties des villes rencontr\u00e9es jusque l\u00e0 ! Un joyeux b&#8230;..l o\u00f9 il faut \u00eatre tr\u00e8s prudent pour se faufiler entre bus, camions et collectivos ! Et nous avons subi cela durant vingt kilom\u00e8tres. Ensuite, ce fut plus calme et nous avons retrouv\u00e9 l&rsquo;altiplano sur lequel nous p\u00e9dalerons pendant quelques jours. D&rsquo;aucuns trouvent que cette route est monotone, pas nous ! Bien s\u00fbr, c&rsquo;est plat mais l&rsquo;altiplano et les montagnes environnantes ont de bien belles couleurs. <\/p>\n\n\n\n<div class=\"wp-block-media-text alignwide is-stacked-on-mobile\"><figure class=\"wp-block-media-text__media\"><img loading=\"lazy\" decoding=\"async\" width=\"1024\" height=\"682\" src=\"https:\/\/2l-a-velo.com\/wp-content\/uploads\/2019\/10\/P1061093-1024x682.jpg\" alt=\"\" class=\"wp-image-1779 size-full\" srcset=\"https:\/\/2l-a-velo.com\/wp-content\/uploads\/2019\/10\/P1061093-1024x682.jpg 1024w, https:\/\/2l-a-velo.com\/wp-content\/uploads\/2019\/10\/P1061093-300x200.jpg 300w, https:\/\/2l-a-velo.com\/wp-content\/uploads\/2019\/10\/P1061093-768x512.jpg 768w, https:\/\/2l-a-velo.com\/wp-content\/uploads\/2019\/10\/P1061093-900x600.jpg 900w, https:\/\/2l-a-velo.com\/wp-content\/uploads\/2019\/10\/P1061093-1280x853.jpg 1280w, https:\/\/2l-a-velo.com\/wp-content\/uploads\/2019\/10\/P1061093.jpg 2024w\" sizes=\"auto, (max-width: 1024px) 100vw, 1024px\" \/><\/figure><div class=\"wp-block-media-text__content\">\n<p class=\"has-small-font-size\">\n\nIci, on vit de l&rsquo;agriculture. On y cultive principalement de la quinoa, des pommes de terre, un peu de bl\u00e9. On \u00e9l\u00e8ve aussi des vaches et des moutons qui paissent de chaque c\u00f4t\u00e9 de la route sous la surveillance de berg\u00e8res et bergers locaux : ici pas de cl\u00f4tures !!! \n\n<\/p>\n<\/div><\/div>\n\n\n\n<div class=\"wp-block-media-text alignwide has-media-on-the-right is-stacked-on-mobile\"><figure class=\"wp-block-media-text__media\"><img loading=\"lazy\" decoding=\"async\" width=\"1024\" height=\"682\" src=\"https:\/\/2l-a-velo.com\/wp-content\/uploads\/2019\/10\/P1051052-1024x682.jpg\" alt=\"\" class=\"wp-image-1781 size-full\" srcset=\"https:\/\/2l-a-velo.com\/wp-content\/uploads\/2019\/10\/P1051052-1024x682.jpg 1024w, https:\/\/2l-a-velo.com\/wp-content\/uploads\/2019\/10\/P1051052-300x200.jpg 300w, https:\/\/2l-a-velo.com\/wp-content\/uploads\/2019\/10\/P1051052-768x512.jpg 768w, https:\/\/2l-a-velo.com\/wp-content\/uploads\/2019\/10\/P1051052-900x600.jpg 900w, https:\/\/2l-a-velo.com\/wp-content\/uploads\/2019\/10\/P1051052-1280x853.jpg 1280w, https:\/\/2l-a-velo.com\/wp-content\/uploads\/2019\/10\/P1051052.jpg 2024w\" sizes=\"auto, (max-width: 1024px) 100vw, 1024px\" \/><\/figure><div class=\"wp-block-media-text__content\">\n<p class=\"has-small-font-size\"> Nous avions lu sur certains sites de voyageurs que la ville d&rsquo;Oruro \u00e9tait horrible. Effectivement, l&rsquo;entr\u00e9e d&rsquo;Oruro n&rsquo;est pas tr\u00e8s \u00ab\u00a0glamour\u00a0\u00bb, m\u00eame si de jolies statues en m\u00e9tal ornent l&rsquo;entr\u00e9e de la ville. Par contre, le centre ville est agr\u00e9able avec une jolie place de Armas et des rues du centre ville gaies et anim\u00e9es.  <\/p>\n<\/div><\/div>\n\n\n\n<p class=\"has-small-font-size\">Aujourd&rsquo;hui, dimanche 20 octobre, sera une journ\u00e9e bien particuli\u00e8re. En quittant Oruro ce matin, surprise ! Pas de collectivos, pas de bus, pas de camions, une quantit\u00e9 infinit\u00e9simale de voitures, mais par contre des gens \u00e0 v\u00e9lo, \u00e0 pied au milieu des rues, certains jouant m\u00eame au ballon sur la route&#8230; Dans certains villages, nous verrons m\u00eame des \u00e9tals install\u00e9s au milieu des rues ! En effet, la Bolivie s&rsquo;est arr\u00eat\u00e9e, le temps d&rsquo;une journ\u00e9e, car, aujourd&rsquo;hui, c&rsquo;est l&rsquo;\u00e9lection pr\u00e9sidentielle qui d\u00e9signera le Pr\u00e9sident du pays pour la p\u00e9riode 2020 \/ 2025. <\/p>\n\n\n\n<div class=\"wp-block-media-text alignwide has-media-on-the-right is-stacked-on-mobile\"><figure class=\"wp-block-media-text__media\"><img loading=\"lazy\" decoding=\"async\" width=\"1024\" height=\"682\" src=\"https:\/\/2l-a-velo.com\/wp-content\/uploads\/2019\/10\/372A6798-1024x682.jpg\" alt=\"\" class=\"wp-image-1783 size-full\" srcset=\"https:\/\/2l-a-velo.com\/wp-content\/uploads\/2019\/10\/372A6798-1024x682.jpg 1024w, https:\/\/2l-a-velo.com\/wp-content\/uploads\/2019\/10\/372A6798-300x200.jpg 300w, https:\/\/2l-a-velo.com\/wp-content\/uploads\/2019\/10\/372A6798-768x512.jpg 768w, https:\/\/2l-a-velo.com\/wp-content\/uploads\/2019\/10\/372A6798-900x600.jpg 900w, https:\/\/2l-a-velo.com\/wp-content\/uploads\/2019\/10\/372A6798-1280x853.jpg 1280w, https:\/\/2l-a-velo.com\/wp-content\/uploads\/2019\/10\/372A6798.jpg 2024w\" sizes=\"auto, (max-width: 1024px) 100vw, 1024px\" \/><\/figure><div class=\"wp-block-media-text__content\">\n<p class=\"has-small-font-size\"> Ce sera pour nous une journ\u00e9e b\u00e9nite. Nous parcourrons en effet 120 km sur l&rsquo;altiplano pour rejoindre Challapata sans voir de v\u00e9hicules \u00e0 moteur si ce n&rsquo;est quelques voitures et motos. Un calme qu&rsquo;ont d\u00fb appr\u00e9cier les vigognes rencontr\u00e9es sur cette \u00e9tape ! C&rsquo;est tellement tranquille que nous pique-niquerons&#8230; sur la route !!!  <\/p>\n<\/div><\/div>\n\n\n\n<p class=\"has-small-font-size\">Aujourd\u2019hui, la circulation a repris ses droits. Nous bifurquons en direction de Las Salinas de Garci Mendoza o\u00f9 nous serons demain. Belle route, bord\u00e9e de plaines o\u00f9 l\u2019on trouve cultures et \u00e9levages (lamas et moutons) avec en arri\u00e8re-plan des montagnes aux couleurs tirant sur le rouge. Par endroits, cultures et \u00e9levage disparaissent pour laisser place \u00e0 une v\u00e9g\u00e9tation arbustive voire \u00e0 aucune v\u00e9g\u00e9tation, on se croirait dans le d\u00e9sert&nbsp;! <\/p>\n\n\n\n<div class=\"wp-block-media-text alignwide is-stacked-on-mobile\"><figure class=\"wp-block-media-text__media\"><img loading=\"lazy\" decoding=\"async\" width=\"1024\" height=\"682\" src=\"https:\/\/2l-a-velo.com\/wp-content\/uploads\/2019\/10\/372A6864-1024x682.jpg\" alt=\"\" class=\"wp-image-1812 size-full\" srcset=\"https:\/\/2l-a-velo.com\/wp-content\/uploads\/2019\/10\/372A6864-1024x682.jpg 1024w, https:\/\/2l-a-velo.com\/wp-content\/uploads\/2019\/10\/372A6864-300x200.jpg 300w, https:\/\/2l-a-velo.com\/wp-content\/uploads\/2019\/10\/372A6864-768x512.jpg 768w, https:\/\/2l-a-velo.com\/wp-content\/uploads\/2019\/10\/372A6864-900x600.jpg 900w, https:\/\/2l-a-velo.com\/wp-content\/uploads\/2019\/10\/372A6864-1280x853.jpg 1280w, https:\/\/2l-a-velo.com\/wp-content\/uploads\/2019\/10\/372A6864.jpg 2024w\" sizes=\"auto, (max-width: 1024px) 100vw, 1024px\" \/><\/figure><div class=\"wp-block-media-text__content\">\n<p class=\"has-small-font-size\"> En se cachant derri\u00e8re une petite butte de terre, nous installerons un bivouac fort sympathique, il y fait m\u00eame chaud ce soir et pourtant, nous sommes \u00e0 3700 m&nbsp;! Mais gros changement ce matin, il fait \u20134\u00b0 dans la tente et -10\u00b0 dehors, heureusement, il n\u2019y a pas de vent&nbsp;! Nous n\u2019avons pas eu froid, donc nos sacs de couchage sont au top ici&nbsp;!!! <\/p>\n<\/div><\/div>\n\n\n\n<p class=\"has-small-font-size\"> Chemin faisant, nous sommes rattrap\u00e9s par Sylvain qui voyage \u00e0 v\u00e9lo couch\u00e9. Apr\u00e8s une partie de voyage en Asie du sud-est, c\u2019est maintenant l\u2019Am\u00e9rique Latine. Son compagnon de voyage est bloqu\u00e9 \u00e0 cause d\u2019une tendinite. Mais, il rejoindra Sylvain \u00e0 l\u2019entr\u00e9e du salar d\u2019Uyuni en tuk-tuk et finira le voyage avec&nbsp;! Original, non&nbsp;? Pour l\u2019instant nous d\u00e9couvrons, \u00e0 Jayocota, le tr\u00e8s impressionnant crat\u00e8re caus\u00e9, dit-on, par l\u2019impact d\u2019une m\u00e9t\u00e9orite&nbsp;! Mieux vaut bivouaquer tr\u00e8s loin lorsque cela arrive&nbsp;!!! Un vent assez fort, de face bien s\u00fbr, nous accompagnera sur les vingt derniers kilom\u00e8tres. <\/p>\n\n\n\n<div class=\"wp-block-media-text alignwide has-media-on-the-right is-stacked-on-mobile\"><figure class=\"wp-block-media-text__media\"><img loading=\"lazy\" decoding=\"async\" width=\"1024\" height=\"682\" src=\"https:\/\/2l-a-velo.com\/wp-content\/uploads\/2019\/10\/P1061250-1024x682.jpg\" alt=\"\" class=\"wp-image-1810 size-full\" srcset=\"https:\/\/2l-a-velo.com\/wp-content\/uploads\/2019\/10\/P1061250-1024x682.jpg 1024w, https:\/\/2l-a-velo.com\/wp-content\/uploads\/2019\/10\/P1061250-300x200.jpg 300w, https:\/\/2l-a-velo.com\/wp-content\/uploads\/2019\/10\/P1061250-768x512.jpg 768w, https:\/\/2l-a-velo.com\/wp-content\/uploads\/2019\/10\/P1061250-900x600.jpg 900w, https:\/\/2l-a-velo.com\/wp-content\/uploads\/2019\/10\/P1061250-1280x853.jpg 1280w, https:\/\/2l-a-velo.com\/wp-content\/uploads\/2019\/10\/P1061250.jpg 2024w\" sizes=\"auto, (max-width: 1024px) 100vw, 1024px\" \/><\/figure><div class=\"wp-block-media-text__content\">\n<p class=\"has-small-font-size\"> A partir de Las Salinas, fini l&rsquo;asphalte, c&rsquo;est une piste durant 35 km. Les paysages sont superbes, le rev\u00eatement un peu moins surtout lorsque c&rsquo;est du sable, les d\u00e9rapages sont plus ou moins contr\u00f4l\u00e9s, ou de la \u00ab\u00a0calamina\u00a0\u00bb, et alors nous rebondissons sur le v\u00e9lo ! <\/p>\n<\/div><\/div>\n\n\n\n<p class=\"has-small-font-size\"> Nous y subirons notre premi\u00e8re crevaison : roue arri\u00e8re du v\u00e9lo de Lionel. Halte vers midi face au volcan Tunupa qui nous gratifie de couleurs fabuleuses. Et, r\u00e9compense sur les hauteurs de Tahua, une vue extraordinaire sur le salar d&rsquo;Uyuni, la plus grande \u00e9tendue de sel du monde !!! <\/p>\n\n\n\n<div class=\"wp-block-button aligncenter\"><a class=\"wp-block-button__link has-background\" href=\"https:\/\/photos.google.com\/share\/AF1QipMJEZ-I3AOkMqP5ZRruJLl-dY50-MjqDPBgFeVv-wqkG6M_7cAvbTt88Q2D1IXiTQ\/photo\/AF1QipMvgV2GaFz7ODGLeTWXaii3CiHMIGMOtw8pXVPL?key=NW5hRG96bDVxU0g0RXVmU3BMWjVhOTZZMU9CNUlB\" style=\"background-color:#036f9e\">Album photos de l&rsquo;altiplano bolivien (cliquez)<\/a><\/div>\n\n\n\n<p class=\"has-text-align-center has-white-background-color has-background\"><strong>Vid\u00e9o : Contraste sur l&rsquo;altiplano<\/strong><\/p>\n\n\n\n<figure><iframe loading=\"lazy\" width=\"560\" height=\"315\" src=\"https:\/\/www.youtube.com\/embed\/9gsp2avtGKI\" allowfullscreen=\"\"><\/iframe><\/figure>\n\n\n\n<p class=\"has-text-align-center has-white-color has-text-color has-background has-larger-font-size\" style=\"background-color:#05b717\"><strong>Sur le salar d&rsquo;Uyuni <\/strong><\/p>\n\n\n\n<p class=\"has-small-font-size\">Aujourd&rsquo;hui, nous p\u00e9n\u00e9trons sur le salar avec un peu d&rsquo;inqui\u00e9tude. En effet, nous n&rsquo;avons jamais p\u00e9dal\u00e9 sur du sel. Mais \u00e0 cette \u00e9poque, le salar est sec donc le sel est dur. <\/p>\n\n\n\n<div class=\"wp-block-media-text alignwide is-stacked-on-mobile\"><figure class=\"wp-block-media-text__media\"><img loading=\"lazy\" decoding=\"async\" width=\"1024\" height=\"682\" src=\"https:\/\/2l-a-velo.com\/wp-content\/uploads\/2019\/10\/372A6998-1024x682.jpg\" alt=\"\" class=\"wp-image-1816 size-full\" srcset=\"https:\/\/2l-a-velo.com\/wp-content\/uploads\/2019\/10\/372A6998-1024x682.jpg 1024w, https:\/\/2l-a-velo.com\/wp-content\/uploads\/2019\/10\/372A6998-300x200.jpg 300w, https:\/\/2l-a-velo.com\/wp-content\/uploads\/2019\/10\/372A6998-768x512.jpg 768w, https:\/\/2l-a-velo.com\/wp-content\/uploads\/2019\/10\/372A6998-900x600.jpg 900w, https:\/\/2l-a-velo.com\/wp-content\/uploads\/2019\/10\/372A6998-1280x853.jpg 1280w, https:\/\/2l-a-velo.com\/wp-content\/uploads\/2019\/10\/372A6998.jpg 2024w\" sizes=\"auto, (max-width: 1024px) 100vw, 1024px\" \/><\/figure><div class=\"wp-block-media-text__content\">\n<p class=\"has-small-font-size\">\n\nPar contre, si le salar est plat, il n&rsquo;est pas lisse et les polygones que forme le sel nous font sauter sur le v\u00e9lo. Mais qu&rsquo;importe, c&rsquo;est un moment unique, fabuleux et quel privil\u00e8ge de rouler dans cet endroit, nous sommes euphoriques ! \n\n<\/p>\n<\/div><\/div>\n\n\n\n<div class=\"wp-block-media-text alignwide has-media-on-the-right is-stacked-on-mobile\"><figure class=\"wp-block-media-text__media\"><img loading=\"lazy\" decoding=\"async\" width=\"1024\" height=\"682\" src=\"https:\/\/2l-a-velo.com\/wp-content\/uploads\/2019\/10\/372A7051-1024x682.jpg\" alt=\"\" class=\"wp-image-1818 size-full\" srcset=\"https:\/\/2l-a-velo.com\/wp-content\/uploads\/2019\/10\/372A7051-1024x682.jpg 1024w, https:\/\/2l-a-velo.com\/wp-content\/uploads\/2019\/10\/372A7051-300x200.jpg 300w, https:\/\/2l-a-velo.com\/wp-content\/uploads\/2019\/10\/372A7051-768x512.jpg 768w, https:\/\/2l-a-velo.com\/wp-content\/uploads\/2019\/10\/372A7051-900x600.jpg 900w, https:\/\/2l-a-velo.com\/wp-content\/uploads\/2019\/10\/372A7051-1280x853.jpg 1280w, https:\/\/2l-a-velo.com\/wp-content\/uploads\/2019\/10\/372A7051.jpg 2024w\" sizes=\"auto, (max-width: 1024px) 100vw, 1024px\" \/><\/figure><div class=\"wp-block-media-text__content\">\n<p class=\"has-small-font-size\"> Nous nous dirigeons vers l&rsquo;Isla Inca Huasi (l&rsquo;\u00eele aux cactus) que nous atteignons apr\u00e8s 40 km. Si le salar est fascinant, l&rsquo;\u00eele est magnifique c&rsquo;est une for\u00eat de&#8230; cactus ! Mais si l&rsquo;endroit est superbe, il est aussi tr\u00e8s couru et les touristes sont bien pr\u00e9sents.  <\/p>\n<\/div><\/div>\n\n\n\n<p class=\"has-small-font-size\">Arriv\u00e9s en 4&#215;4, ils piquent-niquent et visitent l&rsquo;\u00eele avant de repartir vers un autre lieu touristique. Tr\u00e8s int\u00e9ress\u00e9s par nos v\u00e9los, nous donnerons de nombreuses informations sur notre voyage \u00e0 des Roumains, \u00e0 un groupe de Qu\u00e9b\u00e9cois et bien s\u00fbr \u00e0 des Fran\u00e7ais&#8230; Un couple de Fran\u00e7ais nous donnera m\u00eame de l&rsquo;eau et des barres chocolat\u00e9e, merci \u00e0 eux. <\/p>\n\n\n\n<div class=\"wp-block-media-text alignwide is-stacked-on-mobile\"><figure class=\"wp-block-media-text__media\"><img loading=\"lazy\" decoding=\"async\" width=\"1024\" height=\"682\" src=\"https:\/\/2l-a-velo.com\/wp-content\/uploads\/2019\/10\/372A7132-1024x682.jpg\" alt=\"\" class=\"wp-image-1820 size-full\" srcset=\"https:\/\/2l-a-velo.com\/wp-content\/uploads\/2019\/10\/372A7132-1024x682.jpg 1024w, https:\/\/2l-a-velo.com\/wp-content\/uploads\/2019\/10\/372A7132-300x200.jpg 300w, https:\/\/2l-a-velo.com\/wp-content\/uploads\/2019\/10\/372A7132-768x512.jpg 768w, https:\/\/2l-a-velo.com\/wp-content\/uploads\/2019\/10\/372A7132-900x600.jpg 900w, https:\/\/2l-a-velo.com\/wp-content\/uploads\/2019\/10\/372A7132-1280x853.jpg 1280w, https:\/\/2l-a-velo.com\/wp-content\/uploads\/2019\/10\/372A7132.jpg 2024w\" sizes=\"auto, (max-width: 1024px) 100vw, 1024px\" \/><\/figure><div class=\"wp-block-media-text__content\">\n<p class=\"has-small-font-size\">\n\nNous d\u00e9cidons de bivouaquer sur le salar au pied de l&rsquo;\u00eele. Moment unique, un r\u00eave de Laure ! Un couple de cyclo-campeurs allemands arrivant de Uyuni seront nos voisins d&rsquo;une nuit. Nuit \u00e9toil\u00e9e, comme seul le ciel bolivien sait en offrir !\n\n<\/p>\n<\/div><\/div>\n\n\n\n<div class=\"wp-block-media-text alignwide has-media-on-the-right is-stacked-on-mobile\"><figure class=\"wp-block-media-text__media\"><img loading=\"lazy\" decoding=\"async\" width=\"1024\" height=\"682\" src=\"https:\/\/2l-a-velo.com\/wp-content\/uploads\/2019\/10\/372A7232-1024x682.jpg\" alt=\"\" class=\"wp-image-1822 size-full\" srcset=\"https:\/\/2l-a-velo.com\/wp-content\/uploads\/2019\/10\/372A7232-1024x682.jpg 1024w, https:\/\/2l-a-velo.com\/wp-content\/uploads\/2019\/10\/372A7232-300x200.jpg 300w, https:\/\/2l-a-velo.com\/wp-content\/uploads\/2019\/10\/372A7232-768x512.jpg 768w, https:\/\/2l-a-velo.com\/wp-content\/uploads\/2019\/10\/372A7232-900x600.jpg 900w, https:\/\/2l-a-velo.com\/wp-content\/uploads\/2019\/10\/372A7232-1280x853.jpg 1280w, https:\/\/2l-a-velo.com\/wp-content\/uploads\/2019\/10\/372A7232.jpg 2024w\" sizes=\"auto, (max-width: 1024px) 100vw, 1024px\" \/><\/figure><div class=\"wp-block-media-text__content\">\n<p class=\"has-small-font-size\">\n\nNous n&rsquo;aurons pas froid durant cette nuit, la temp\u00e9rature restant raisonnable (4\u00b0 au lever du jour). Apr\u00e8s ce bivouac de r\u00eave, il nous faut repartir en direction de Uyuni. Aujourd&rsquo;hui, nous roulerons 70 km sur le salar. Il fait chaud malgr\u00e9 l&rsquo;altitude de plus de 3600 m (40 \u00b0 sur le compteur du v\u00e9lo !). \n\n<\/p>\n<\/div><\/div>\n\n\n\n<p class=\"has-small-font-size\">La r\u00e9gion occup\u00e9e aujourd\u2019hui par le salar d\u2019Uyuni \u00e9tait recouverte il y a 11&nbsp;000 ans par un lac. A cette p\u00e9riode, le climat \u00e9tait plus humide qu\u2019aujourd\u2019hui et le niveau du lac se situait 100 m au-dessus du niveau actuel. S\u2019en est suivie une p\u00e9riode plus s\u00e8che et chaude qui a entra\u00een\u00e9 une r\u00e9duction du lac et \u00e0 terme la cr\u00e9ation du salar. Les salines d\u2019Uyuni contiennent dix milliards de tonnes de sel dont vingt-cinq mille sont extraites chaque ann\u00e9e. Il y a environ onze couches de sel, la cro\u00fbte sup\u00e9rieure ayant une \u00e9paisseur de dix m\u00e8tres. Le salar est aussi la plus grande r\u00e9serve de lithium du monde (entre 50 et 70 % des r\u00e9serves mondiales). Le lithium est indispensable \u00e0 la construction des batteries de nos t\u00e9l\u00e9phones, appareils photo, etc, mais surtout de celles des voitures \u00e9lectriques dont la production est en pleine expansion. Ce lithium est difficile \u00e0 extraire en raison du manque d&rsquo;eau mais la Bolivie saura-t-elle r\u00e9sister aux sir\u00e8nes des pays riches et pr\u00e9server son salar&nbsp;? &nbsp;<\/p>\n\n\n\n<p class=\"has-small-font-size\">  Nous sommes surpris de ne croiser aucun 4&#215;4 et le salar nous gratifie d&rsquo;un silence unique, c&rsquo;est tellement rare ! C&rsquo;est en arrivant presque \u00e0 la sortie du salar, \u00e0 l&rsquo;h\u00f4tel de sel de Playa Blanca, que nous avons l&rsquo;explication. Plusieurs dizaines de 4X4 sont stationn\u00e9s l\u00e0, leurs occupants d\u00e9jeunant dans l&rsquo;h\u00f4tel. L\u00e0 encore, nous nous faisons remarquer (au bon sens du terme) avec nos v\u00e9los. Un Fran\u00e7ais de Haute-Savoie nous offre m\u00eame une boisson, la bienvenue avec la chaleur ambiante. En fait, tout ce \u00ab\u00a0petit monde\u00a0\u00bb repartira en direction de l&rsquo;\u00eele aux cactus dans l&rsquo;apr\u00e8s-midi. <\/p>\n\n\n\n<div class=\"wp-block-media-text alignwide is-stacked-on-mobile\"><figure class=\"wp-block-media-text__media\"><img loading=\"lazy\" decoding=\"async\" width=\"1024\" height=\"682\" src=\"https:\/\/2l-a-velo.com\/wp-content\/uploads\/2019\/10\/372A7240-1024x682.jpg\" alt=\"\" class=\"wp-image-1826 size-full\" srcset=\"https:\/\/2l-a-velo.com\/wp-content\/uploads\/2019\/10\/372A7240-1024x682.jpg 1024w, https:\/\/2l-a-velo.com\/wp-content\/uploads\/2019\/10\/372A7240-300x200.jpg 300w, https:\/\/2l-a-velo.com\/wp-content\/uploads\/2019\/10\/372A7240-768x512.jpg 768w, https:\/\/2l-a-velo.com\/wp-content\/uploads\/2019\/10\/372A7240-900x600.jpg 900w, https:\/\/2l-a-velo.com\/wp-content\/uploads\/2019\/10\/372A7240-1280x853.jpg 1280w, https:\/\/2l-a-velo.com\/wp-content\/uploads\/2019\/10\/372A7240.jpg 2024w\" sizes=\"auto, (max-width: 1024px) 100vw, 1024px\" \/><\/figure><div class=\"wp-block-media-text__content\">\n<p class=\"has-small-font-size\">\n\nQuant \u00e0 nous, nous quittons le salar par une mauvaise route mais apr\u00e8s avoir v\u00e9cu une exp\u00e9rience extraordinaire. Nous gagnons ensuite Uyuni o\u00f9 nous allons nous poser deux ou trois jours pour pr\u00e9parer la suite&#8230;\n\n<\/p>\n<\/div><\/div>\n\n\n\n<div class=\"wp-block-button aligncenter\"><a class=\"wp-block-button__link has-background\" href=\"https:\/\/photos.google.com\/share\/AF1QipMyRgqsfzB69UAPKjNSGBqOPLwnY_PQ90YIBwJWUbd_Zg3M_iq9g7lIDxq03dd_Jw\/photo\/AF1QipNkF6ELPcXQhM_iJSfktzWfvwF5myQcM3DwW7hi?key=UFlFWDEwMzdwOUJVMmNVTmJUNjBwRkhBeEZwSFln\" style=\"background-color:#0378aa\">Album photos du salar d&rsquo;Uyuni (Cliquez)<\/a><\/div>\n\n\n\n<p class=\"has-text-align-center has-white-background-color has-background\"><strong>Vid\u00e9o : Rouler sur le salar d&rsquo;Uyuni <\/strong><\/p>\n\n\n\n<iframe loading=\"lazy\" width=\"560\" height=\"315\" src=\"https:\/\/www.youtube.com\/embed\/d_1ilsxgrjc\" title=\"YouTube video player\" frameborder=\"0\" allow=\"accelerometer; autoplay; clipboard-write; encrypted-media; gyroscope; picture-in-picture\" allowfullscreen=\"\"><\/iframe>\n","protected":false},"excerpt":{"rendered":"<p>Du 17 au 25 octobre L&rsquo;altiplano bolivien La sortie de El Alto, dans le brouillard, fut conforme \u00e0 toutes les sorties des villes rencontr\u00e9es jusque l\u00e0 ! Un joyeux b&#8230;..l o\u00f9 il faut \u00eatre tr\u00e8s prudent pour se faufiler entre bus, camions et collectivos ! Et nous avons subi cela durant vingt kilom\u00e8tres. Ensuite, ce [&hellip;]<\/p>\n","protected":false},"author":1,"featured_media":0,"parent":128,"menu_order":2,"comment_status":"open","ping_status":"closed","template":"","meta":{"jetpack_post_was_ever_published":false,"footnotes":""},"class_list":["post-1757","page","type-page","status-publish","hentry"],"jetpack_likes_enabled":true,"jetpack_sharing_enabled":true,"_links":{"self":[{"href":"https:\/\/2l-a-velo.com\/index.php?rest_route=\/wp\/v2\/pages\/1757","targetHints":{"allow":["GET"]}}],"collection":[{"href":"https:\/\/2l-a-velo.com\/index.php?rest_route=\/wp\/v2\/pages"}],"about":[{"href":"https:\/\/2l-a-velo.com\/index.php?rest_route=\/wp\/v2\/types\/page"}],"author":[{"embeddable":true,"href":"https:\/\/2l-a-velo.com\/index.php?rest_route=\/wp\/v2\/users\/1"}],"replies":[{"embeddable":true,"href":"https:\/\/2l-a-velo.com\/index.php?rest_route=%2Fwp%2Fv2%2Fcomments&post=1757"}],"version-history":[{"count":76,"href":"https:\/\/2l-a-velo.com\/index.php?rest_route=\/wp\/v2\/pages\/1757\/revisions"}],"predecessor-version":[{"id":4774,"href":"https:\/\/2l-a-velo.com\/index.php?rest_route=\/wp\/v2\/pages\/1757\/revisions\/4774"}],"up":[{"embeddable":true,"href":"https:\/\/2l-a-velo.com\/index.php?rest_route=\/wp\/v2\/pages\/128"}],"wp:attachment":[{"href":"https:\/\/2l-a-velo.com\/index.php?rest_route=%2Fwp%2Fv2%2Fmedia&parent=1757"}],"curies":[{"name":"wp","href":"https:\/\/api.w.org\/{rel}","templated":true}]}}