{"id":2033,"date":"2019-12-01T08:00:59","date_gmt":"2019-12-01T07:00:59","guid":{"rendered":"http:\/\/2l-a-velo.com\/?page_id=2033"},"modified":"2022-04-02T14:17:45","modified_gmt":"2022-04-02T12:17:45","slug":"du-paso-sico-a-cafayate","status":"publish","type":"page","link":"https:\/\/2l-a-velo.com\/?page_id=2033","title":{"rendered":"Du Paso Sico \u00e0 Cafayate"},"content":{"rendered":"\n<div class=\"wp-block-media-text alignwide is-stacked-on-mobile\"><figure class=\"wp-block-media-text__media\"><img loading=\"lazy\" decoding=\"async\" width=\"1024\" height=\"682\" src=\"https:\/\/2l-a-velo.com\/wp-content\/uploads\/2019\/11\/P1073201-1024x682.jpg\" alt=\"\" class=\"wp-image-2065 size-full\" srcset=\"https:\/\/2l-a-velo.com\/wp-content\/uploads\/2019\/11\/P1073201-1024x682.jpg 1024w, https:\/\/2l-a-velo.com\/wp-content\/uploads\/2019\/11\/P1073201-300x200.jpg 300w, https:\/\/2l-a-velo.com\/wp-content\/uploads\/2019\/11\/P1073201-768x512.jpg 768w, https:\/\/2l-a-velo.com\/wp-content\/uploads\/2019\/11\/P1073201-900x600.jpg 900w, https:\/\/2l-a-velo.com\/wp-content\/uploads\/2019\/11\/P1073201-1280x853.jpg 1280w, https:\/\/2l-a-velo.com\/wp-content\/uploads\/2019\/11\/P1073201.jpg 2024w\" sizes=\"auto, (max-width: 1024px) 100vw, 1024px\" \/><\/figure><div class=\"wp-block-media-text__content\">\n<p class=\"has-text-align-center has-large-font-size\"><strong>Du 17 au 24 novembre<\/strong><\/p>\n<\/div><\/div>\n\n\n\n<p class=\"has-text-align-center has-white-color has-text-color has-background has-large-font-size\" style=\"background-color:#05b717\"><strong>Du Paso Sico \u00e0 San Antonio de Los Cobres<\/strong><\/p>\n\n\n\n<p class=\"has-small-font-size\">Hier soir, Laure a fait connaissance avec une famille renard qui prenait le soleil \u00e0 c\u00f4t\u00e9 des b\u00e2timents de la douane. Ils ont pos\u00e9 volontiers devant l&rsquo;appareil photo. Nous avons quitt\u00e9 (provisoirement) le Chili et nous voici en Argentine. H\u00e9las, plus d\u2019asphalte mais une piste. Les dix premiers kilom\u00e8tres ne sont pas trop mauvais. Ensuite cela se g\u00e2te&nbsp;: du sable et de la \u00ab&nbsp;calamina&nbsp;\u00bb et cela durera toute la journ\u00e9e jusqu\u2019\u00e0 Olacapato. Les paysages sont assez monotones, on longe le salar de Pocitos, on passe un col \u00e0 4400 m et la piste est\u2026 toujours aussi mauvaise, poussi\u00e9reuse \u00e0 souhait. Nous longerons un premier parc immense de panneaux solaires o\u00f9 stationnent de nombreux camions. Juste avant Olacapato, un deuxi\u00e8me parc de panneaux solaires alimente une centrale \u00e9lectrique visiblement toute neuve&nbsp;! <\/p>\n\n\n\n<div class=\"wp-block-media-text alignwide is-stacked-on-mobile\"><figure class=\"wp-block-media-text__media\"><img loading=\"lazy\" decoding=\"async\" width=\"1024\" height=\"682\" src=\"https:\/\/2l-a-velo.com\/wp-content\/uploads\/2019\/11\/372A8108-1024x682.jpg\" alt=\"\" class=\"wp-image-2054 size-full\" srcset=\"https:\/\/2l-a-velo.com\/wp-content\/uploads\/2019\/11\/372A8108-1024x682.jpg 1024w, https:\/\/2l-a-velo.com\/wp-content\/uploads\/2019\/11\/372A8108-300x200.jpg 300w, https:\/\/2l-a-velo.com\/wp-content\/uploads\/2019\/11\/372A8108-768x512.jpg 768w, https:\/\/2l-a-velo.com\/wp-content\/uploads\/2019\/11\/372A8108-900x600.jpg 900w, https:\/\/2l-a-velo.com\/wp-content\/uploads\/2019\/11\/372A8108-1280x853.jpg 1280w, https:\/\/2l-a-velo.com\/wp-content\/uploads\/2019\/11\/372A8108.jpg 2024w\" sizes=\"auto, (max-width: 1024px) 100vw, 1024px\" \/><\/figure><div class=\"wp-block-media-text__content\">\n<p class=\"has-small-font-size\">\n\nA Olacapato, village assez triste, nous planterons la tente pr\u00e8s de l\u2019\u00e9glise, en catastrophe car l\u2019orage menace. Et puis le vent se l\u00e8ve et cela souffle fort, la tente bouge bien&nbsp;! Par contre les nuages ne laisseront \u00e9chapper que quelques gouttes. Au matin, grand soleil, nous prenons notre petit d\u00e9jeuner devant l\u2019\u00e9glise sans voir \u00e2me qui vive&nbsp;!\n\n<\/p>\n<\/div><\/div>\n\n\n\n<p class=\"has-small-font-size\">Cette journ\u00e9e sera semblable \u00e0 la pr\u00e9c\u00e9dente&nbsp;: piste difficile, toujours sable et \u00ab&nbsp;calamina&nbsp;\u00bb sur laquelle nous rebondissons, impression fort d\u00e9sagr\u00e9able d\u00e9j\u00e0 v\u00e9cue sur les pistes boliviennes&nbsp;! Mais contrairement \u00e0 hier, les paysages sont tr\u00e8s beaux&nbsp;! Nous arrivons au sommet de l\u2019Alto Chorillo, \u00e0 4555 m, avec un tr\u00e8s fort vent de face mais sous les applaudissements d\u2019un groupe de Fran\u00e7ais, touristes en voyage en Argentine. La piste ne sera pas meilleure \u00e0 la descente, c\u2019est toujours du mauvais \u00ab&nbsp;ripio&nbsp;\u00bb. Mais les paysages sont superbes, ceci compensant cela&nbsp;! <\/p>\n\n\n\n<div class=\"wp-block-media-text alignwide has-media-on-the-right is-stacked-on-mobile\"><figure class=\"wp-block-media-text__media\"><img loading=\"lazy\" decoding=\"async\" width=\"1024\" height=\"682\" src=\"https:\/\/2l-a-velo.com\/wp-content\/uploads\/2019\/11\/P1072741-1024x682.jpg\" alt=\"\" class=\"wp-image-2055 size-full\" srcset=\"https:\/\/2l-a-velo.com\/wp-content\/uploads\/2019\/11\/P1072741-1024x682.jpg 1024w, https:\/\/2l-a-velo.com\/wp-content\/uploads\/2019\/11\/P1072741-300x200.jpg 300w, https:\/\/2l-a-velo.com\/wp-content\/uploads\/2019\/11\/P1072741-768x512.jpg 768w, https:\/\/2l-a-velo.com\/wp-content\/uploads\/2019\/11\/P1072741-900x600.jpg 900w, https:\/\/2l-a-velo.com\/wp-content\/uploads\/2019\/11\/P1072741-1280x853.jpg 1280w, https:\/\/2l-a-velo.com\/wp-content\/uploads\/2019\/11\/P1072741.jpg 2024w\" sizes=\"auto, (max-width: 1024px) 100vw, 1024px\" \/><\/figure><div class=\"wp-block-media-text__content\">\n<p class=\"has-small-font-size\">\n\nNous aurons la bonne surprise de retrouver, un peu avant d\u2019arriver, les Br\u00e9siliens qui nous avaient \u00ab&nbsp;ravitaill\u00e9s&nbsp;\u00bb dans le d\u00e9sert d\u2019Atacama. \n\n<\/p>\n<\/div><\/div>\n\n\n\n<p class=\"has-small-font-size\"> A San Antonio de Los Cobres, nous ferons une pause d\u2019une journ\u00e9e. Malheureusement, la wifi n\u2019est pas excellente et nous ne pourrons pas mettre le site \u00e0 jour. <\/p>\n\n\n\n<div class=\"wp-block-button aligncenter\"><a class=\"wp-block-button__link has-background\" href=\"https:\/\/photos.google.com\/share\/AF1QipMgfIjxcFPc7sgaqHmB6eAZBZRd9JxJz50AA_95lRnaPmh1_xw-rYZpQgy_ejo_GA\/photo\/AF1QipNunHZGriOKh5mPOQ-u9P6fCrNzP-qowWRGIse2?key=ZWxKYm5OWDE5bE1RQm96U244UWY0OF8yTWMxc3F3\" style=\"background-color:#0574a3\">Album photos du Paso Sico \u00e0 Los Cobres  (cliquez)<\/a><\/div>\n\n\n\n<p class=\"has-text-align-center has-large-font-size\"><strong>Vid\u00e9o : Entr\u00e9e en Argentine<\/strong><\/p>\n\n\n\n<figure><iframe loading=\"lazy\" width=\"560\" height=\"315\" src=\"https:\/\/www.youtube.com\/embed\/HWzf9XqBi7c\" allowfullscreen=\"\"><\/iframe><\/figure>\n\n\n\n<p class=\"has-text-align-center has-white-color has-text-color has-background has-large-font-size\" style=\"background-color:#05b717\"><strong>De San Antonio de Los Cobres \u00e0<\/strong> <strong>Campo Quijano<\/strong><\/p>\n\n\n\n<div class=\"wp-block-media-text alignwide is-stacked-on-mobile\"><figure class=\"wp-block-media-text__media\"><img loading=\"lazy\" decoding=\"async\" width=\"1024\" height=\"682\" src=\"https:\/\/2l-a-velo.com\/wp-content\/uploads\/2019\/11\/372A8168-1024x682.jpg\" alt=\"\" class=\"wp-image-2060 size-full\" srcset=\"https:\/\/2l-a-velo.com\/wp-content\/uploads\/2019\/11\/372A8168-1024x682.jpg 1024w, https:\/\/2l-a-velo.com\/wp-content\/uploads\/2019\/11\/372A8168-300x200.jpg 300w, https:\/\/2l-a-velo.com\/wp-content\/uploads\/2019\/11\/372A8168-768x512.jpg 768w, https:\/\/2l-a-velo.com\/wp-content\/uploads\/2019\/11\/372A8168-900x600.jpg 900w, https:\/\/2l-a-velo.com\/wp-content\/uploads\/2019\/11\/372A8168-1280x853.jpg 1280w, https:\/\/2l-a-velo.com\/wp-content\/uploads\/2019\/11\/372A8168.jpg 2024w\" sizes=\"auto, (max-width: 1024px) 100vw, 1024px\" \/><\/figure><div class=\"wp-block-media-text__content\">\n<p class=\"has-small-font-size\">\n\nUn violent orage est tomb\u00e9 hier soir et a blanchi les sommets. Ce matin, dans de tr\u00e8s beaux paysages, nous suivons une route tr\u00e8s plaisante (asphalte) qui, sous un soleil radieux, nous conduira \u00e0 l\u2019Abra Blanca \u00e0 4080 m. Ce sera le dernier col de notre voyage \u00e0 plus de 4000 m.\n\n<\/p>\n<\/div><\/div>\n\n\n\n<p class=\"has-small-font-size\">Maintenant, nous allons descendre vers Salta. Apr\u00e8s un d\u00e9but de descente dans un environnement min\u00e9ral, l\u2019ambiance change avec l\u2019apparition de cactus et de verdure. Nous sommes dans la Quebrada du Toro. En fait, les pentes des montagnes sont tr\u00e8s s\u00e8ches et contrastent avec le fond de vall\u00e9e bien vert, merci la rivi\u00e8re&nbsp;! Devant l\u2019orage qui menace, nous ferons halte \u00e0 Santa Rosa de Tastil o\u00f9 nous trouverons une hospedaje basique et peu ch\u00e8re qui nous convient parfaitement. Le bois des cactus est beaucoup utilis\u00e9 comme piquets de cl\u00f4ture, dans les toitures et aussi pour fabriquer de petits objets d\u00e9coratifs. Dans cette vall\u00e9e, il n&rsquo;y a pas l&rsquo;\u00e9lectricit\u00e9. La plupart des maisons poss\u00e8dent des panneaux solaires. A 2 km de Santa Rosa, se trouvent les ruines de ce qui \u00e9tait la communaut\u00e9 de Tastil, une ancienne petite ville pr\u00e9-inca qui existait entre le XIVe et XVe si\u00e8cle.<\/p>\n\n\n\n<div class=\"wp-block-media-text alignwide has-media-on-the-right is-stacked-on-mobile\"><figure class=\"wp-block-media-text__media\"><img loading=\"lazy\" decoding=\"async\" width=\"1024\" height=\"682\" src=\"https:\/\/2l-a-velo.com\/wp-content\/uploads\/2019\/11\/P1072936-1024x682.jpg\" alt=\"\" class=\"wp-image-2057 size-full\" srcset=\"https:\/\/2l-a-velo.com\/wp-content\/uploads\/2019\/11\/P1072936-1024x682.jpg 1024w, https:\/\/2l-a-velo.com\/wp-content\/uploads\/2019\/11\/P1072936-300x200.jpg 300w, https:\/\/2l-a-velo.com\/wp-content\/uploads\/2019\/11\/P1072936-768x512.jpg 768w, https:\/\/2l-a-velo.com\/wp-content\/uploads\/2019\/11\/P1072936-900x600.jpg 900w, https:\/\/2l-a-velo.com\/wp-content\/uploads\/2019\/11\/P1072936-1280x853.jpg 1280w, https:\/\/2l-a-velo.com\/wp-content\/uploads\/2019\/11\/P1072936.jpg 2024w\" sizes=\"auto, (max-width: 1024px) 100vw, 1024px\" \/><\/figure><div class=\"wp-block-media-text__content\">\n<p class=\"has-small-font-size\"> Aujourd&rsquo;hui, c&rsquo;est un retour dans le temps ! Nous avons parfois, vu les paysages, l&rsquo;impression d&rsquo;\u00eatre au Far West. Il ne manque que les Indiens et les cow-boys. Il y a bien nous deux sur nos fid\u00e8les montures mais ce n&rsquo;est pas tout \u00e0 fait la m\u00eame chose !!! Pour le reste, nous avons cactus, montagnes min\u00e9rales et grands espaces, c&rsquo;est grandiose ! <\/p>\n<\/div><\/div>\n\n\n\n<p class=\"has-small-font-size\"> Et puis, au fur et \u00e0 mesure que nous descendrons la vall\u00e9e vers Salta, les arbres r\u00e9apparaissent, les cactus disparaissent, la montagne se pare de vert et la temp\u00e9rature fait un bond&#8230; on entend m\u00eame les cigales chanter, c&rsquo;est dire ! A ce propos, elles sont tr\u00e8s grosses et chantent tr\u00e8s fort !! Il y a deux jours, nous \u00e9tions \u00e0 4000 m et nous voici \u00e0 Campo Quijano \u00e0 1520 m !!!!!   &nbsp;<\/p>\n\n\n\n<div class=\"wp-block-button aligncenter\"><a class=\"wp-block-button__link has-background\" href=\"https:\/\/photos.google.com\/share\/AF1QipORD5ia2bRIVGrVJQqdBWISIJ_ODL7BIO6Y7gOXLFr258NzXcWYktKypIToSVhpBg\/photo\/AF1QipOzL7E8gPBb1zw9WtvmZDokJ2V_UkCrA5KqN5Og?key=aEVxNjdjeWVFbmFFRUpuX1daREo3ZnNNSmJZLVlR\" style=\"background-color:#0674a3\">Album photos de San Antonio de Los Cobres \u00e0 Campo Quirano (Cliquez)<\/a><\/div>\n\n\n\n<p class=\"has-text-align-center has-large-font-size\"><strong>Vid\u00e9o : San Antonio \u00e0 Campo Quijano<\/strong><\/p>\n\n\n\n<figure><iframe loading=\"lazy\" width=\"560\" height=\"315\" src=\"https:\/\/www.youtube.com\/embed\/cb5udAEP1BI\" allowfullscreen=\"\"><\/iframe><\/figure>\n\n\n\n<p class=\"has-text-align-center has-white-color has-text-color has-background has-large-font-size\" style=\"background-color:#05b717\"><strong>De Campo Quijano \u00e0 Cafayate<\/strong><\/p>\n\n\n\n<p class=\"has-small-font-size\"><\/p>\n\n\n\n<p class=\"has-small-font-size\">Apr\u00e8s campo Quijano, la route ne pr\u00e9sente pas d&rsquo;int\u00e9r\u00eat particulier. Une \u00e9tape de transition comme on dit ! Entre La Vina et Alemania, la route ondule gentillement. Ensuite, nous retrouvons les montagnes, c\u2019est le d\u00e9but de la Quebrada de Las Conchas. C&rsquo;est une r\u00e9serve naturelle d&rsquo;une grande beaut\u00e9. Cette r\u00e9serve compte de nombreux vestiges fossiles. Les roches sont rouges mais le manque de soleil de cette fin de matin\u00e9e ne met pas les paysages en valeur. Le soleil est plus vaillant en apr\u00e8s-midi et le relief devient superbe. Manque de chance, une vis du porte-bagage arri\u00e8re de Lionel se rompt et nous bricolons une r\u00e9paration de fortune \u00e0 base de collier plastique et de fil de fer\u00a0! Tiendra, tiendra pas\u00a0? Nous sommes rattrap\u00e9s par Antoine et Marjorie qui veulent rallier Cafayate ce soir. Nous ne voulons pas nous mettre la pression en \u00ab\u00a0fon\u00e7ant\u00a0\u00bb, nous ne les suivrons donc pas.<\/p>\n\n\n\n<div class=\"wp-block-media-text alignwide has-media-on-the-right is-stacked-on-mobile\"><figure class=\"wp-block-media-text__media\"><img loading=\"lazy\" decoding=\"async\" width=\"1024\" height=\"682\" src=\"https:\/\/2l-a-velo.com\/wp-content\/uploads\/2019\/11\/372A8396-1024x682.jpg\" alt=\"\" class=\"wp-image-2061 size-full\" srcset=\"https:\/\/2l-a-velo.com\/wp-content\/uploads\/2019\/11\/372A8396-1024x682.jpg 1024w, https:\/\/2l-a-velo.com\/wp-content\/uploads\/2019\/11\/372A8396-300x200.jpg 300w, https:\/\/2l-a-velo.com\/wp-content\/uploads\/2019\/11\/372A8396-768x512.jpg 768w, https:\/\/2l-a-velo.com\/wp-content\/uploads\/2019\/11\/372A8396-900x600.jpg 900w, https:\/\/2l-a-velo.com\/wp-content\/uploads\/2019\/11\/372A8396-1280x853.jpg 1280w, https:\/\/2l-a-velo.com\/wp-content\/uploads\/2019\/11\/372A8396.jpg 2024w\" sizes=\"auto, (max-width: 1024px) 100vw, 1024px\" \/><\/figure><div class=\"wp-block-media-text__content\">\n<p class=\"has-small-font-size\">\n\nNous les laissons partir et, apr\u00e8s avoir trouv\u00e9 de l\u2019eau, nous d\u00e9nichons un joli coin de bivouac. Une temp\u00e9rature tr\u00e8s agr\u00e9able nous fera paresser sur nos fauteuils en go\u00fbtant les belles lumi\u00e8res du soleil couchant sur les roches rouges et orange.\n\n<\/p>\n<\/div><\/div>\n\n\n\n<p class=\"has-small-font-size\"> Ce bivouac tr\u00e8s calme nous permit de r\u00e9cup\u00e9rer de la nuit bruyante de la veille. Ciel couvert ce matin, dommage, les montagnes sont beaucoup moins belles sans les rayons du soleil.<\/p>\n\n\n\n<div class=\"wp-block-media-text alignwide is-stacked-on-mobile\"><figure class=\"wp-block-media-text__media\"><img loading=\"lazy\" decoding=\"async\" width=\"1024\" height=\"682\" src=\"https:\/\/2l-a-velo.com\/wp-content\/uploads\/2019\/11\/372A8446-1024x682.jpg\" alt=\"\" class=\"wp-image-2063 size-full\" srcset=\"https:\/\/2l-a-velo.com\/wp-content\/uploads\/2019\/11\/372A8446-1024x682.jpg 1024w, https:\/\/2l-a-velo.com\/wp-content\/uploads\/2019\/11\/372A8446-300x200.jpg 300w, https:\/\/2l-a-velo.com\/wp-content\/uploads\/2019\/11\/372A8446-768x512.jpg 768w, https:\/\/2l-a-velo.com\/wp-content\/uploads\/2019\/11\/372A8446-900x600.jpg 900w, https:\/\/2l-a-velo.com\/wp-content\/uploads\/2019\/11\/372A8446-1280x853.jpg 1280w, https:\/\/2l-a-velo.com\/wp-content\/uploads\/2019\/11\/372A8446.jpg 2024w\" sizes=\"auto, (max-width: 1024px) 100vw, 1024px\" \/><\/figure><div class=\"wp-block-media-text__content\">\n<p class=\"has-small-font-size\">\n\nMalgr\u00e9 tout, la palette des couleurs est bien fournie (rouge, orange, beige, jaune, gris\u2026) et c\u2019est quand m\u00eame tr\u00e8s, tr\u00e8s beau&nbsp;: des paysages du Far West&nbsp;!\n\n<\/p>\n<\/div><\/div>\n\n\n\n<p class=\"has-small-font-size\">Evidemment, nous prendrons beaucoup de photos, quelquefois en attendant le rayon de soleil qui ferait \u00e9clater les couleurs. Nous atteindrons Cafayate en fin de matin\u00e9e. C\u2019est une petite ville, situ\u00e9e dans la vall\u00e9e de Calchaques, tr\u00e8s touristique o\u00f9 fleurissent h\u00f4tels et restaurants.&nbsp;Travers\u00e9 par la mythique Ruta 40, Cafayate et ses environs sont c\u00e9l\u00e8bres pour leurs vignobles et leurs excellents vins (nous avons test\u00e9&#8230; un peu !). A Cafayate, comme dans d&rsquo;autres villes d&rsquo;Argentine, de nombreuses vieilles voitures, rouill\u00e9es \u00e0 souhait, pourrissent sur le bord des rues.  <\/p>\n\n\n\n<div class=\"wp-block-button aligncenter\"><a class=\"wp-block-button__link has-background\" href=\"https:\/\/photos.google.com\/share\/AF1QipOqDmMcRooknQP9_2JjSyMtDi4GOFjDJjjZ-XzVOeWsLf3PNU3KNAyP1dpnPnermA\/photo\/AF1QipOWOOXury-i4_T8DA8yuYjyZ1nP9BFXjc4WSF8J?key=UktNcGs3bS1yand6bTRnZU81NWFLQjlrckFPNkJ3\" style=\"background-color:#0371a0\">Album photos de Campo Quirano \u00e0 Cafayate (cliquez)<\/a><\/div>\n\n\n\n<p class=\"has-text-align-center has-large-font-size\"><strong>Vid\u00e9os : Petit aper\u00e7u de la Quebrada de Las Conchas<\/strong><\/p>\n\n\n\n<figure><iframe loading=\"lazy\" width=\"560\" height=\"315\" src=\"https:\/\/www.youtube.com\/embed\/qAviwvywk6A\" allowfullscreen=\"\"><\/iframe><\/figure>\n","protected":false},"excerpt":{"rendered":"<p>Du 17 au 24 novembre Du Paso Sico \u00e0 San Antonio de Los Cobres Hier soir, Laure a fait connaissance avec une famille renard qui prenait le soleil \u00e0 c\u00f4t\u00e9 des b\u00e2timents de la douane. Ils ont pos\u00e9 volontiers devant l&rsquo;appareil photo. Nous avons quitt\u00e9 (provisoirement) le Chili et nous voici en Argentine. H\u00e9las, plus [&hellip;]<\/p>\n","protected":false},"author":1,"featured_media":0,"parent":132,"menu_order":1,"comment_status":"open","ping_status":"closed","template":"","meta":{"jetpack_post_was_ever_published":false,"footnotes":""},"class_list":["post-2033","page","type-page","status-publish","hentry"],"jetpack_likes_enabled":true,"jetpack_sharing_enabled":true,"_links":{"self":[{"href":"https:\/\/2l-a-velo.com\/index.php?rest_route=\/wp\/v2\/pages\/2033","targetHints":{"allow":["GET"]}}],"collection":[{"href":"https:\/\/2l-a-velo.com\/index.php?rest_route=\/wp\/v2\/pages"}],"about":[{"href":"https:\/\/2l-a-velo.com\/index.php?rest_route=\/wp\/v2\/types\/page"}],"author":[{"embeddable":true,"href":"https:\/\/2l-a-velo.com\/index.php?rest_route=\/wp\/v2\/users\/1"}],"replies":[{"embeddable":true,"href":"https:\/\/2l-a-velo.com\/index.php?rest_route=%2Fwp%2Fv2%2Fcomments&post=2033"}],"version-history":[{"count":45,"href":"https:\/\/2l-a-velo.com\/index.php?rest_route=\/wp\/v2\/pages\/2033\/revisions"}],"predecessor-version":[{"id":4958,"href":"https:\/\/2l-a-velo.com\/index.php?rest_route=\/wp\/v2\/pages\/2033\/revisions\/4958"}],"up":[{"embeddable":true,"href":"https:\/\/2l-a-velo.com\/index.php?rest_route=\/wp\/v2\/pages\/132"}],"wp:attachment":[{"href":"https:\/\/2l-a-velo.com\/index.php?rest_route=%2Fwp%2Fv2%2Fmedia&parent=2033"}],"curies":[{"name":"wp","href":"https:\/\/api.w.org\/{rel}","templated":true}]}}