{"id":2649,"date":"2020-01-14T20:11:53","date_gmt":"2020-01-14T19:11:53","guid":{"rendered":"http:\/\/2l-a-velo.com\/?page_id=2649"},"modified":"2023-03-27T15:34:15","modified_gmt":"2023-03-27T13:34:15","slug":"fin-de-voyage","status":"publish","type":"page","link":"https:\/\/2l-a-velo.com\/?page_id=2649","title":{"rendered":"Fin de voyage"},"content":{"rendered":"\n<p class=\"has-small-font-size\">La tuile ! Lionel a \u00e9t\u00e9 percut\u00e9 par une moto qui le doublait lundi 13 janvier 2020 au-dessus de San Martin de Los Andes en Argentine. <\/p>\n\n\n\n<p class=\"has-small-font-size\">Bilan, une vert\u00e8bre fractur\u00e9e, de multiples contusions et trois mois de corset. C\u00f4t\u00e9 mat\u00e9riel, le v\u00e9lo hors service, les sacoches aussi, de m\u00eame que l&rsquo;ordinateur et quelques autres bricoles.<\/p>\n\n\n\n<p class=\"has-small-font-size\">Donc,  le voyage s&rsquo;arr\u00eate l\u00e0 alors qu&rsquo;il ne nous restait que <strong>2700 km jusqu&rsquo;\u00e0 Ushuaia<\/strong>. <\/p>\n\n\n\n<p class=\"has-small-font-size\">Bises \u00e0 tous <\/p>\n\n\n\n<p class=\"has-small-font-size\">Laure et Lionel <\/p>\n\n\n\n<p><\/p>\n","protected":false},"excerpt":{"rendered":"<p>La tuile ! Lionel a \u00e9t\u00e9 percut\u00e9 par une moto qui le doublait lundi 13 janvier 2020 au-dessus de San Martin de Los Andes en Argentine. Bilan, une vert\u00e8bre fractur\u00e9e, de multiples contusions et trois mois de corset. C\u00f4t\u00e9 mat\u00e9riel, le v\u00e9lo hors service, les sacoches aussi, de m\u00eame que l&rsquo;ordinateur et quelques autres bricoles. [&hellip;]<\/p>\n","protected":false},"author":1,"featured_media":0,"parent":120,"menu_order":7,"comment_status":"open","ping_status":"closed","template":"","meta":{"jetpack_post_was_ever_published":false,"footnotes":""},"class_list":["post-2649","page","type-page","status-publish","hentry"],"jetpack_likes_enabled":true,"jetpack_sharing_enabled":true,"_links":{"self":[{"href":"https:\/\/2l-a-velo.com\/index.php?rest_route=\/wp\/v2\/pages\/2649","targetHints":{"allow":["GET"]}}],"collection":[{"href":"https:\/\/2l-a-velo.com\/index.php?rest_route=\/wp\/v2\/pages"}],"about":[{"href":"https:\/\/2l-a-velo.com\/index.php?rest_route=\/wp\/v2\/types\/page"}],"author":[{"embeddable":true,"href":"https:\/\/2l-a-velo.com\/index.php?rest_route=\/wp\/v2\/users\/1"}],"replies":[{"embeddable":true,"href":"https:\/\/2l-a-velo.com\/index.php?rest_route=%2Fwp%2Fv2%2Fcomments&post=2649"}],"version-history":[{"count":8,"href":"https:\/\/2l-a-velo.com\/index.php?rest_route=\/wp\/v2\/pages\/2649\/revisions"}],"predecessor-version":[{"id":7775,"href":"https:\/\/2l-a-velo.com\/index.php?rest_route=\/wp\/v2\/pages\/2649\/revisions\/7775"}],"up":[{"embeddable":true,"href":"https:\/\/2l-a-velo.com\/index.php?rest_route=\/wp\/v2\/pages\/120"}],"wp:attachment":[{"href":"https:\/\/2l-a-velo.com\/index.php?rest_route=%2Fwp%2Fv2%2Fmedia&parent=2649"}],"curies":[{"name":"wp","href":"https:\/\/api.w.org\/{rel}","templated":true}]}}