{"id":2937,"date":"2020-11-04T15:13:29","date_gmt":"2020-11-04T14:13:29","guid":{"rendered":"http:\/\/2l-a-velo.com\/?page_id=2937"},"modified":"2024-11-06T05:34:08","modified_gmt":"2024-11-06T04:34:08","slug":"ete-2020-direction-lardeche","status":"publish","type":"page","link":"https:\/\/2l-a-velo.com\/?page_id=2937","title":{"rendered":"2020 Sud France, direction l&rsquo;Ard\u00e8che"},"content":{"rendered":"\n<p> Notre deuxi\u00e8me voyage de cet \u00e9t\u00e9 2020, du 7 au 18 septembre, nous a emmen\u00e9s en Ard\u00e8che, tr\u00e8s belle r\u00e9gion s&rsquo;il en est !<\/p>\n\n\n\n<p> Un voyage toujours sous un beau temps permanent. Nous avons parcouru 797 km et gravi 8900 m de d\u00e9nivel\u00e9. <\/p>\n\n\n\n<iframe loading=\"lazy\" src=\"https:\/\/www.google.com\/maps\/d\/embed?mid=1GeluZFDc9oHN6oiZO9npFDM_qlE_1oQS&amp;hl=fr\" width=\"640\" height=\"480\"><\/iframe>\n\n\n\n<p class=\"has-text-align-center has-regular-font-size\"><em><strong>Trois albums photos de cette randonn\u00e9e !<\/strong><\/em><\/p>\n\n\n\n<div class=\"wp-block-media-text alignwide is-stacked-on-mobile\"><figure class=\"wp-block-media-text__media\"><img loading=\"lazy\" decoding=\"async\" width=\"1000\" height=\"667\" src=\"https:\/\/2l-a-velo.com\/wp-content\/uploads\/2020\/11\/P1011456_DxO_DxO.jpg\" alt=\"\" class=\"wp-image-2954 size-full\" srcset=\"https:\/\/2l-a-velo.com\/wp-content\/uploads\/2020\/11\/P1011456_DxO_DxO.jpg 1000w, https:\/\/2l-a-velo.com\/wp-content\/uploads\/2020\/11\/P1011456_DxO_DxO-300x200.jpg 300w, https:\/\/2l-a-velo.com\/wp-content\/uploads\/2020\/11\/P1011456_DxO_DxO-768x512.jpg 768w, https:\/\/2l-a-velo.com\/wp-content\/uploads\/2020\/11\/P1011456_DxO_DxO-900x600.jpg 900w\" sizes=\"auto, (max-width: 1000px) 100vw, 1000px\" \/><\/figure><div class=\"wp-block-media-text__content\">\n<p class=\"has-text-align-center has-white-color has-text-color has-background has-regular-font-size\" style=\"background-color:#0473a3\"><strong><a href=\"https:\/\/photos.google.com\/share\/AF1QipMeEPeK4aXyyKxbh9j1qGeIXd0kDWbWLctPvrj1V2nQjcmP89K21RyImB2slObovQ\/photo\/AF1QipP0U7FvVVA_Otm1a-h2nNRPa3zOs2Uvl9KNwagZ?key=WUFVVVp6QU9lcTVlTEdqOF9NeUJSaUJ1Nk9OTF9B\">Album photos d&rsquo;Annecy \u00e0 Tain L&rsquo;Hermitage<\/a><\/strong><\/p>\n<\/div><\/div>\n\n\n\n<div class=\"wp-block-media-text alignwide has-media-on-the-right is-stacked-on-mobile\"><figure class=\"wp-block-media-text__media\"><img loading=\"lazy\" decoding=\"async\" width=\"1000\" height=\"667\" src=\"https:\/\/2l-a-velo.com\/wp-content\/uploads\/2020\/11\/P1011603_DxO.jpg\" alt=\"\" class=\"wp-image-2955 size-full\" srcset=\"https:\/\/2l-a-velo.com\/wp-content\/uploads\/2020\/11\/P1011603_DxO.jpg 1000w, https:\/\/2l-a-velo.com\/wp-content\/uploads\/2020\/11\/P1011603_DxO-300x200.jpg 300w, https:\/\/2l-a-velo.com\/wp-content\/uploads\/2020\/11\/P1011603_DxO-768x512.jpg 768w, https:\/\/2l-a-velo.com\/wp-content\/uploads\/2020\/11\/P1011603_DxO-900x600.jpg 900w\" sizes=\"auto, (max-width: 1000px) 100vw, 1000px\" \/><\/figure><div class=\"wp-block-media-text__content\">\n<p class=\"has-text-align-center has-white-color has-text-color has-background has-regular-font-size\" style=\"background-color:#0272a3\"><strong><a href=\"https:\/\/photos.google.com\/share\/AF1QipNos3KV-Bjr5W3Q_vhm0IuiWHQA8Q_b-2dyNYYbKnVsIdYxvv4IwjBA3KuwougG8g\/photo\/AF1QipNp8vsdzPahxfYT2RddcUZs50rbqyGUggD2pFuZ?key=SkE2ZG5zSElTUUZnUzhEOXpBamZVcjlDOTlPYzZn\">Album photos de l&rsquo;Ard\u00e8che<\/a><\/strong><\/p>\n<\/div><\/div>\n\n\n\n<div class=\"wp-block-media-text alignwide is-stacked-on-mobile\"><figure class=\"wp-block-media-text__media\"><img loading=\"lazy\" decoding=\"async\" width=\"1000\" height=\"667\" src=\"https:\/\/2l-a-velo.com\/wp-content\/uploads\/2020\/11\/P1011702_DxO_DxO_DxO.jpg\" alt=\"\" class=\"wp-image-2956 size-full\" srcset=\"https:\/\/2l-a-velo.com\/wp-content\/uploads\/2020\/11\/P1011702_DxO_DxO_DxO.jpg 1000w, https:\/\/2l-a-velo.com\/wp-content\/uploads\/2020\/11\/P1011702_DxO_DxO_DxO-300x200.jpg 300w, https:\/\/2l-a-velo.com\/wp-content\/uploads\/2020\/11\/P1011702_DxO_DxO_DxO-768x512.jpg 768w, https:\/\/2l-a-velo.com\/wp-content\/uploads\/2020\/11\/P1011702_DxO_DxO_DxO-900x600.jpg 900w\" sizes=\"auto, (max-width: 1000px) 100vw, 1000px\" \/><\/figure><div class=\"wp-block-media-text__content\">\n<p class=\"has-text-align-center has-white-color has-text-color has-background has-regular-font-size\" style=\"background-color:#0473a3\"><strong><a href=\"https:\/\/photos.google.com\/share\/AF1QipPndHz82SUQ9E4k4K2QzkVcEdMCPkzdc2JjN6JnzVXj7KuNRQyLbqiSxnpdSdSIYw\/photo\/AF1QipPImCmLvMK6P37Jw2rywui0LDEgjhyFVZYk4RVM?key=bnNOZXhPWWhqQm9Kd3hGRU9yZElybUtFeGxEaFpR\">Album photos de La Voulte sur Rh\u00f4ne \u00e0 Annecy<\/a><\/strong><\/p>\n<\/div><\/div>\n\n\n\n<p><em>Vid\u00e9o \u00e0 venir&#8230;<\/em><\/p>\n","protected":false},"excerpt":{"rendered":"<p>Notre deuxi\u00e8me voyage de cet \u00e9t\u00e9 2020, du 7 au 18 septembre, nous a emmen\u00e9s en Ard\u00e8che, tr\u00e8s belle r\u00e9gion s&rsquo;il en est ! Un voyage toujours sous un beau temps permanent. Nous avons parcouru 797 km et gravi 8900 m de d\u00e9nivel\u00e9. Trois albums photos de cette randonn\u00e9e ! Album photos d&rsquo;Annecy \u00e0 Tain [&hellip;]<\/p>\n","protected":false},"author":1,"featured_media":0,"parent":2886,"menu_order":1,"comment_status":"open","ping_status":"closed","template":"","meta":{"jetpack_post_was_ever_published":false,"footnotes":""},"class_list":["post-2937","page","type-page","status-publish","hentry"],"jetpack_likes_enabled":true,"jetpack_sharing_enabled":true,"_links":{"self":[{"href":"https:\/\/2l-a-velo.com\/index.php?rest_route=\/wp\/v2\/pages\/2937","targetHints":{"allow":["GET"]}}],"collection":[{"href":"https:\/\/2l-a-velo.com\/index.php?rest_route=\/wp\/v2\/pages"}],"about":[{"href":"https:\/\/2l-a-velo.com\/index.php?rest_route=\/wp\/v2\/types\/page"}],"author":[{"embeddable":true,"href":"https:\/\/2l-a-velo.com\/index.php?rest_route=\/wp\/v2\/users\/1"}],"replies":[{"embeddable":true,"href":"https:\/\/2l-a-velo.com\/index.php?rest_route=%2Fwp%2Fv2%2Fcomments&post=2937"}],"version-history":[{"count":10,"href":"https:\/\/2l-a-velo.com\/index.php?rest_route=\/wp\/v2\/pages\/2937\/revisions"}],"predecessor-version":[{"id":4783,"href":"https:\/\/2l-a-velo.com\/index.php?rest_route=\/wp\/v2\/pages\/2937\/revisions\/4783"}],"up":[{"embeddable":true,"href":"https:\/\/2l-a-velo.com\/index.php?rest_route=\/wp\/v2\/pages\/2886"}],"wp:attachment":[{"href":"https:\/\/2l-a-velo.com\/index.php?rest_route=%2Fwp%2Fv2%2Fmedia&parent=2937"}],"curies":[{"name":"wp","href":"https:\/\/api.w.org\/{rel}","templated":true}]}}