{"id":2989,"date":"2021-05-16T14:19:50","date_gmt":"2021-05-16T12:19:50","guid":{"rendered":"http:\/\/2l-a-velo.com\/?page_id=2989"},"modified":"2022-03-14T11:56:27","modified_gmt":"2022-03-14T10:56:27","slug":"ete-2021","status":"publish","type":"page","link":"https:\/\/2l-a-velo.com\/?page_id=2989","title":{"rendered":"2021 Corse, Sardaigne, Sicile"},"content":{"rendered":"\n<p>Les restrictions sanitaires nous emp\u00eachent, pour l&rsquo;instant, de retourner en Am\u00e9rique du Sud, et plus pr\u00e9cis\u00e9ment en Patagonie.<\/p>\n\n\n\n<div class=\"wp-block-media-text alignwide is-stacked-on-mobile\"><figure class=\"wp-block-media-text__media\"><img loading=\"lazy\" decoding=\"async\" width=\"1024\" height=\"682\" src=\"https:\/\/2l-a-velo.com\/wp-content\/uploads\/2021\/05\/372A7343-1024x682.jpg\" alt=\"\" class=\"wp-image-3011 size-full\" srcset=\"https:\/\/2l-a-velo.com\/wp-content\/uploads\/2021\/05\/372A7343-1024x682.jpg 1024w, https:\/\/2l-a-velo.com\/wp-content\/uploads\/2021\/05\/372A7343-300x200.jpg 300w, https:\/\/2l-a-velo.com\/wp-content\/uploads\/2021\/05\/372A7343-768x512.jpg 768w, https:\/\/2l-a-velo.com\/wp-content\/uploads\/2021\/05\/372A7343-900x600.jpg 900w, https:\/\/2l-a-velo.com\/wp-content\/uploads\/2021\/05\/372A7343-1280x853.jpg 1280w, https:\/\/2l-a-velo.com\/wp-content\/uploads\/2021\/05\/372A7343.jpg 2000w\" sizes=\"auto, (max-width: 1024px) 100vw, 1024px\" \/><\/figure><div class=\"wp-block-media-text__content\">\n<p>\n\nAlors, ce sera une d\u00e9couverte des \u00eeles de la M\u00e9diterran\u00e9e, enfin quelques unes : Corse, Sardaigne, Sicile et Malte. En esp\u00e9rant que de nouvelles restrictions sanitaires ne viennent tout perturber !\n\n<\/p>\n<\/div><\/div>\n\n\n\n<p class=\"has-text-align-center has-larger-font-size\"><strong>D\u00e9part pr\u00e9vu le lundi 31 mai 2021<\/strong><\/p>\n","protected":false},"excerpt":{"rendered":"<p>Les restrictions sanitaires nous emp\u00eachent, pour l&rsquo;instant, de retourner en Am\u00e9rique du Sud, et plus pr\u00e9cis\u00e9ment en Patagonie. Alors, ce sera une d\u00e9couverte des \u00eeles de la M\u00e9diterran\u00e9e, enfin quelques unes : Corse, Sardaigne, Sicile et Malte. En esp\u00e9rant que de nouvelles restrictions sanitaires ne viennent tout perturber ! D\u00e9part pr\u00e9vu le lundi 31 mai [&hellip;]<\/p>\n","protected":false},"author":1,"featured_media":0,"parent":0,"menu_order":6,"comment_status":"open","ping_status":"closed","template":"","meta":{"jetpack_post_was_ever_published":false,"footnotes":""},"class_list":["post-2989","page","type-page","status-publish","hentry"],"jetpack_likes_enabled":true,"jetpack_sharing_enabled":true,"_links":{"self":[{"href":"https:\/\/2l-a-velo.com\/index.php?rest_route=\/wp\/v2\/pages\/2989","targetHints":{"allow":["GET"]}}],"collection":[{"href":"https:\/\/2l-a-velo.com\/index.php?rest_route=\/wp\/v2\/pages"}],"about":[{"href":"https:\/\/2l-a-velo.com\/index.php?rest_route=\/wp\/v2\/types\/page"}],"author":[{"embeddable":true,"href":"https:\/\/2l-a-velo.com\/index.php?rest_route=\/wp\/v2\/users\/1"}],"replies":[{"embeddable":true,"href":"https:\/\/2l-a-velo.com\/index.php?rest_route=%2Fwp%2Fv2%2Fcomments&post=2989"}],"version-history":[{"count":5,"href":"https:\/\/2l-a-velo.com\/index.php?rest_route=\/wp\/v2\/pages\/2989\/revisions"}],"predecessor-version":[{"id":4784,"href":"https:\/\/2l-a-velo.com\/index.php?rest_route=\/wp\/v2\/pages\/2989\/revisions\/4784"}],"wp:attachment":[{"href":"https:\/\/2l-a-velo.com\/index.php?rest_route=%2Fwp%2Fv2%2Fmedia&parent=2989"}],"curies":[{"name":"wp","href":"https:\/\/api.w.org\/{rel}","templated":true}]}}