{"id":2993,"date":"2021-05-16T14:24:50","date_gmt":"2021-05-16T12:24:50","guid":{"rendered":"http:\/\/2l-a-velo.com\/?page_id=2993"},"modified":"2022-03-14T11:57:21","modified_gmt":"2022-03-14T10:57:21","slug":"corse-premiere-partie","status":"publish","type":"page","link":"https:\/\/2l-a-velo.com\/?page_id=2993","title":{"rendered":"Corse : De Bastia \u00e0 Saint Florent, le Cap Corse"},"content":{"rendered":"\n<div class=\"wp-block-media-text alignwide is-stacked-on-mobile\"><figure class=\"wp-block-media-text__media\"><img loading=\"lazy\" decoding=\"async\" width=\"1024\" height=\"575\" src=\"https:\/\/2l-a-velo.com\/wp-content\/uploads\/2021\/06\/P1014505-1024x575.jpg\" alt=\"\" class=\"wp-image-3044 size-full\" srcset=\"https:\/\/2l-a-velo.com\/wp-content\/uploads\/2021\/06\/P1014505-1024x575.jpg 1024w, https:\/\/2l-a-velo.com\/wp-content\/uploads\/2021\/06\/P1014505-300x168.jpg 300w, https:\/\/2l-a-velo.com\/wp-content\/uploads\/2021\/06\/P1014505-768x431.jpg 768w, https:\/\/2l-a-velo.com\/wp-content\/uploads\/2021\/06\/P1014505-900x505.jpg 900w, https:\/\/2l-a-velo.com\/wp-content\/uploads\/2021\/06\/P1014505-1280x719.jpg 1280w\" sizes=\"auto, (max-width: 1024px) 100vw, 1024px\" \/><\/figure><div class=\"wp-block-media-text__content\">\n<p class=\"has-text-align-center has-larger-font-size\"><strong>Du 4 au 6 juin<\/strong>  <\/p>\n<\/div><\/div>\n\n\n\n<p class=\"has-text-align-center has-white-color has-text-color has-background has-large-font-size\" style=\"background-color:#00a324\"><strong>Itin\u00e9raire au Cap Corse<\/strong><\/p>\n\n\n\n<iframe loading=\"lazy\" src=\"https:\/\/www.google.com\/maps\/d\/embed?mid=1NsNIkVgdlyegb0uKGmvd_EilMMts-sYN\" width=\"640\" height=\"480\"><\/iframe>\n\n\n\n<div class=\"wp-block-media-text alignwide has-media-on-the-right is-stacked-on-mobile\"><figure class=\"wp-block-media-text__media\"><img loading=\"lazy\" decoding=\"async\" width=\"1024\" height=\"575\" src=\"https:\/\/2l-a-velo.com\/wp-content\/uploads\/2021\/06\/P1014440-1024x575.jpg\" alt=\"\" class=\"wp-image-3051 size-full\" srcset=\"https:\/\/2l-a-velo.com\/wp-content\/uploads\/2021\/06\/P1014440-1024x575.jpg 1024w, https:\/\/2l-a-velo.com\/wp-content\/uploads\/2021\/06\/P1014440-300x168.jpg 300w, https:\/\/2l-a-velo.com\/wp-content\/uploads\/2021\/06\/P1014440-768x431.jpg 768w, https:\/\/2l-a-velo.com\/wp-content\/uploads\/2021\/06\/P1014440-900x505.jpg 900w, https:\/\/2l-a-velo.com\/wp-content\/uploads\/2021\/06\/P1014440-1280x719.jpg 1280w\" sizes=\"auto, (max-width: 1024px) 100vw, 1024px\" \/><\/figure><div class=\"wp-block-media-text__content\">\n<p>\n\nA 7 h, on d\u00e9barque du bateau apr\u00e8s une nuit couch\u00e9s sur la moquette d&rsquo;un salon ! Le jour se l\u00e8ve sur Bastia.\n\n<\/p>\n<\/div><\/div>\n\n\n\n<div class=\"wp-block-media-text alignwide is-stacked-on-mobile\"><figure class=\"wp-block-media-text__media\"><img loading=\"lazy\" decoding=\"async\" width=\"1024\" height=\"575\" src=\"https:\/\/2l-a-velo.com\/wp-content\/uploads\/2021\/06\/P1014444-1024x575.jpg\" alt=\"\" class=\"wp-image-3052 size-full\" srcset=\"https:\/\/2l-a-velo.com\/wp-content\/uploads\/2021\/06\/P1014444-1024x575.jpg 1024w, https:\/\/2l-a-velo.com\/wp-content\/uploads\/2021\/06\/P1014444-300x168.jpg 300w, https:\/\/2l-a-velo.com\/wp-content\/uploads\/2021\/06\/P1014444-768x431.jpg 768w, https:\/\/2l-a-velo.com\/wp-content\/uploads\/2021\/06\/P1014444-900x505.jpg 900w, https:\/\/2l-a-velo.com\/wp-content\/uploads\/2021\/06\/P1014444-1280x719.jpg 1280w\" sizes=\"auto, (max-width: 1024px) 100vw, 1024px\" \/><\/figure><div class=\"wp-block-media-text__content\">\n<p>\n\nNous refaisons nos sacoches, prenons un petit d\u00e9jeuner et, au lieu de suivre la route de la c\u00f4te, nous montons au village de Pietrabugno o\u00f9 se trouve la tr\u00e8s belle \u00e9glise de Sainte Lucie.\n\n<\/p>\n<\/div><\/div>\n\n\n\n<p>Laure se pr\u00e9cipite visiter l&rsquo;\u00e9glise pendant que Lionel garde les v\u00e9los. Au bout d&rsquo;un moment, toujours pas de Laure ! Lionel se rend dans l&rsquo;\u00e9glise et quelle n&rsquo;est pas sa surprise de la voir plier des draps avec le cur\u00e9 !!! En effet, on ne peut pas \u00e9tendre du linge \u00e0 l&rsquo;ext\u00e9rieur (tourisme oblige) et notre cur\u00e9 fait donc s\u00e9cher ses draps dans l&rsquo;\u00e9glise. En contre partie du pliage, il nous gratifie d&rsquo;une visite comment\u00e9e !<\/p>\n\n\n\n<p><\/p>\n\n\n\n<p>Nous continuons sur une belle route calme aux vues superbes sur la mer vers le village de San Martino qui poss\u00e8de lui aussi une tr\u00e8s belle \u00e9glise mais pas de draps \u00e0 plier ! Mais toutes les bonnes choses ont une fin et il nous faut redescendre sur la route c\u00f4ti\u00e8re beaucoup moins agr\u00e9able !<\/p>\n\n\n\n<div class=\"wp-block-media-text alignwide has-media-on-the-right is-stacked-on-mobile\"><figure class=\"wp-block-media-text__media\"><img loading=\"lazy\" decoding=\"async\" width=\"1024\" height=\"575\" src=\"https:\/\/2l-a-velo.com\/wp-content\/uploads\/2021\/06\/P1014578-1-1024x575.jpg\" alt=\"\" class=\"wp-image-3057 size-full\" srcset=\"https:\/\/2l-a-velo.com\/wp-content\/uploads\/2021\/06\/P1014578-1-1024x575.jpg 1024w, https:\/\/2l-a-velo.com\/wp-content\/uploads\/2021\/06\/P1014578-1-300x168.jpg 300w, https:\/\/2l-a-velo.com\/wp-content\/uploads\/2021\/06\/P1014578-1-768x431.jpg 768w, https:\/\/2l-a-velo.com\/wp-content\/uploads\/2021\/06\/P1014578-1-900x505.jpg 900w, https:\/\/2l-a-velo.com\/wp-content\/uploads\/2021\/06\/P1014578-1-1280x719.jpg 1280w\" sizes=\"auto, (max-width: 1024px) 100vw, 1024px\" \/><\/figure><div class=\"wp-block-media-text__content\">\n<p class=\"has-accent-background-color has-background\">\n\nLes tours g\u00e9noises sont devenues un des symboles de l&rsquo;\u00eele et plus particuli\u00e8rement du Cap Corse. Bien que toutes ne soient pas d&rsquo;origine g\u00e9noise, on les appelle g\u00e9n\u00e9ralement \u00ab\u00a0tour g\u00e9noises\u00a0\u00bb sans distinction. \n\n<\/p>\n<\/div><\/div>\n\n\n\n<p class=\"has-accent-background-color has-background\">Construites pour lutter contre les barbaresques, leur construction d\u00e9buta en 1530 sous la supervision de commissaires g\u00e9nois. En 1730, l&rsquo;\u00eele a 120 tours dont 30 au Cap. Aujourd&rsquo;hui, 67 sont encore debout.<\/p>\n\n\n\n<p class=\"has-accent-background-color has-background\">La garnison de ces tours se constituait de deux \u00e0 six hommes recrut\u00e9s parmi les habitants. Ils communiquaient par feux et signaux avec les tours les plus proches plac\u00e9es \u00e0 port\u00e9e de vue. Ce syst\u00e8me permettait de mettre l&rsquo;\u00eele en alerte en quelques heures.<\/p>\n\n\n\n<p>A partir de Erbalungo et jusqu&rsquo;\u00e0 Macinaggio, la route doit \u00eatre tr\u00e8s belle , malheureusement, ce matin, le ciel est gris et les lumi\u00e8res bien ternes ! nous avons ensuite grimp\u00e9 vers Boticella via le col San Nicolas sous le soleil enfin revenu. De l\u00e0, nous d\u00e9valons jusqu&rsquo;\u00e0 Barcaggio \u00e0 la pointe du Cap Corse<\/p>\n\n\n\n<div class=\"wp-block-media-text alignwide is-stacked-on-mobile\"><figure class=\"wp-block-media-text__media\"><img loading=\"lazy\" decoding=\"async\" width=\"1024\" height=\"575\" src=\"https:\/\/2l-a-velo.com\/wp-content\/uploads\/2021\/06\/P1014502-1024x575.jpg\" alt=\"\" class=\"wp-image-3060 size-full\" srcset=\"https:\/\/2l-a-velo.com\/wp-content\/uploads\/2021\/06\/P1014502-1024x575.jpg 1024w, https:\/\/2l-a-velo.com\/wp-content\/uploads\/2021\/06\/P1014502-300x168.jpg 300w, https:\/\/2l-a-velo.com\/wp-content\/uploads\/2021\/06\/P1014502-768x431.jpg 768w, https:\/\/2l-a-velo.com\/wp-content\/uploads\/2021\/06\/P1014502-900x505.jpg 900w, https:\/\/2l-a-velo.com\/wp-content\/uploads\/2021\/06\/P1014502-1280x719.jpg 1280w\" sizes=\"auto, (max-width: 1024px) 100vw, 1024px\" \/><\/figure><div class=\"wp-block-media-text__content\">\n<p class=\"has-accent-background-color has-background\">  Face \u00e0 nous, l&rsquo;\u00eele de la Giraglia. C&rsquo;est une \u00eele situ\u00e9e au large du village de Barcaggio. Elle culmine \u00e0 66 m de hauteur si l&rsquo;on ne tient pas compte de la hauteur du phare. <\/p>\n\n\n\n<p><\/p>\n<\/div><\/div>\n\n\n\n<p class=\"has-accent-background-color has-background\">\n\nL&rsquo;\u00eele fut occup\u00e9e pendant des si\u00e8cles : on y trouve les ruines d&rsquo;une chapelle et une tour g\u00e9noise carr\u00e9e. Napol\u00e9on dota m\u00eame l&rsquo;\u00eele d&rsquo;une batterie c\u00f4ti\u00e8re. Le phare fut mis en construction en 1839.  Actuellement, l&rsquo;\u00eele est interdite. Son \u00e9cosyst\u00e8me rare est prot\u00e9g\u00e9 par le r\u00e9seau Natura 2000.    \n\n<\/p>\n\n\n\n<p>Apr\u00e8s Barcaggio, petite visite \u00e0 Tollare o\u00f9 l&rsquo;on r\u00e9nove une tour g\u00e9noise. Nous remontons alors jusqu&rsquo;au col de la Serra avant de descendre \u00e0 Century Port, petit port de p\u00eache tr\u00e8s mignon. Ce fut un des plus important ports de p\u00eache \u00e0 la langouste.<\/p>\n\n\n\n<div class=\"wp-block-media-text alignwide has-media-on-the-right is-stacked-on-mobile\"><figure class=\"wp-block-media-text__media\"><img loading=\"lazy\" decoding=\"async\" width=\"1024\" height=\"575\" src=\"https:\/\/2l-a-velo.com\/wp-content\/uploads\/2021\/06\/P1014565-1024x575.jpg\" alt=\"\" class=\"wp-image-3063 size-full\" srcset=\"https:\/\/2l-a-velo.com\/wp-content\/uploads\/2021\/06\/P1014565-1024x575.jpg 1024w, https:\/\/2l-a-velo.com\/wp-content\/uploads\/2021\/06\/P1014565-300x168.jpg 300w, https:\/\/2l-a-velo.com\/wp-content\/uploads\/2021\/06\/P1014565-768x431.jpg 768w, https:\/\/2l-a-velo.com\/wp-content\/uploads\/2021\/06\/P1014565-900x505.jpg 900w, https:\/\/2l-a-velo.com\/wp-content\/uploads\/2021\/06\/P1014565-1280x719.jpg 1280w\" sizes=\"auto, (max-width: 1024px) 100vw, 1024px\" \/><\/figure><div class=\"wp-block-media-text__content\">\n<p> Nous remonterons ensuite sur la route de la c\u00f4te que nous abandonnerons un peu plus loin pour emprunter une belle petite route qui ondule jusqu&rsquo;au joli village de Canari. Cette route nous gratifie de vues somptueuses sur les villages et la c\u00f4te. <\/p>\n<\/div><\/div>\n\n\n\n<div class=\"wp-block-media-text alignwide is-stacked-on-mobile\"><figure class=\"wp-block-media-text__media\"><img loading=\"lazy\" decoding=\"async\" width=\"1024\" height=\"575\" src=\"https:\/\/2l-a-velo.com\/wp-content\/uploads\/2021\/06\/P1014584-1024x575.jpg\" alt=\"\" class=\"wp-image-3064 size-full\" srcset=\"https:\/\/2l-a-velo.com\/wp-content\/uploads\/2021\/06\/P1014584-1024x575.jpg 1024w, https:\/\/2l-a-velo.com\/wp-content\/uploads\/2021\/06\/P1014584-300x168.jpg 300w, https:\/\/2l-a-velo.com\/wp-content\/uploads\/2021\/06\/P1014584-768x431.jpg 768w, https:\/\/2l-a-velo.com\/wp-content\/uploads\/2021\/06\/P1014584-900x505.jpg 900w, https:\/\/2l-a-velo.com\/wp-content\/uploads\/2021\/06\/P1014584-1280x719.jpg 1280w\" sizes=\"auto, (max-width: 1024px) 100vw, 1024px\" \/><\/figure><div class=\"wp-block-media-text__content\">\n<p>\n\nNous gagnerons alors Nonza, tr\u00e8s beau village qui domine la mer avant de gagner Saint Florent.\n\n<\/p>\n<\/div><\/div>\n\n\n\n<p class=\"has-text-align-center has-white-color has-text-color has-background has-large-font-size\" style=\"background-color:#0474a4\"><a href=\"https:\/\/photos.google.com\/share\/AF1QipOMYINUJihw9coM-HVeidknlHGTKLeKvhgj-tu28MiKd94WxhlWUr_DK6Er3tLFfw\/photo\/AF1QipPw-Lvp9BDrj33XsIqP2YU9aAnFsKS4f0-ZVLt4?key=eUNVYy1LeExrRklOSFZocWtyREJpTHgwYTBFanNB\"><strong>Album photos du Cap Corse<\/strong><\/a><\/p>\n","protected":false},"excerpt":{"rendered":"<p>Du 4 au 6 juin Itin\u00e9raire au Cap Corse A 7 h, on d\u00e9barque du bateau apr\u00e8s une nuit couch\u00e9s sur la moquette d&rsquo;un salon ! Le jour se l\u00e8ve sur Bastia. Nous refaisons nos sacoches, prenons un petit d\u00e9jeuner et, au lieu de suivre la route de la c\u00f4te, nous montons au village de [&hellip;]<\/p>\n","protected":false},"author":1,"featured_media":0,"parent":3076,"menu_order":1,"comment_status":"open","ping_status":"closed","template":"","meta":{"jetpack_post_was_ever_published":false,"footnotes":""},"class_list":["post-2993","page","type-page","status-publish","hentry"],"jetpack_likes_enabled":true,"jetpack_sharing_enabled":true,"_links":{"self":[{"href":"https:\/\/2l-a-velo.com\/index.php?rest_route=\/wp\/v2\/pages\/2993","targetHints":{"allow":["GET"]}}],"collection":[{"href":"https:\/\/2l-a-velo.com\/index.php?rest_route=\/wp\/v2\/pages"}],"about":[{"href":"https:\/\/2l-a-velo.com\/index.php?rest_route=\/wp\/v2\/types\/page"}],"author":[{"embeddable":true,"href":"https:\/\/2l-a-velo.com\/index.php?rest_route=\/wp\/v2\/users\/1"}],"replies":[{"embeddable":true,"href":"https:\/\/2l-a-velo.com\/index.php?rest_route=%2Fwp%2Fv2%2Fcomments&post=2993"}],"version-history":[{"count":20,"href":"https:\/\/2l-a-velo.com\/index.php?rest_route=\/wp\/v2\/pages\/2993\/revisions"}],"predecessor-version":[{"id":4786,"href":"https:\/\/2l-a-velo.com\/index.php?rest_route=\/wp\/v2\/pages\/2993\/revisions\/4786"}],"up":[{"embeddable":true,"href":"https:\/\/2l-a-velo.com\/index.php?rest_route=\/wp\/v2\/pages\/3076"}],"wp:attachment":[{"href":"https:\/\/2l-a-velo.com\/index.php?rest_route=%2Fwp%2Fv2%2Fmedia&parent=2993"}],"curies":[{"name":"wp","href":"https:\/\/api.w.org\/{rel}","templated":true}]}}