{"id":300,"date":"2019-04-03T09:41:42","date_gmt":"2019-04-03T07:41:42","guid":{"rendered":"http:\/\/2l-a-velo.com\/?page_id=300"},"modified":"2023-01-08T09:22:35","modified_gmt":"2023-01-08T08:22:35","slug":"camping","status":"publish","type":"page","link":"https:\/\/2l-a-velo.com\/?page_id=300","title":{"rendered":"Le camping et le reste"},"content":{"rendered":"\n<figure class=\"wp-block-image\"><img loading=\"lazy\" decoding=\"async\" width=\"1024\" height=\"1024\" src=\"https:\/\/2l-a-velo.com\/wp-content\/uploads\/2019\/04\/P1012046-1024x1024.jpg\" alt=\"\" class=\"wp-image-314\" srcset=\"https:\/\/2l-a-velo.com\/wp-content\/uploads\/2019\/04\/P1012046-1024x1024.jpg 1024w, https:\/\/2l-a-velo.com\/wp-content\/uploads\/2019\/04\/P1012046-150x150.jpg 150w, https:\/\/2l-a-velo.com\/wp-content\/uploads\/2019\/04\/P1012046-300x300.jpg 300w, https:\/\/2l-a-velo.com\/wp-content\/uploads\/2019\/04\/P1012046-768x768.jpg 768w, https:\/\/2l-a-velo.com\/wp-content\/uploads\/2019\/04\/P1012046-88x88.jpg 88w, https:\/\/2l-a-velo.com\/wp-content\/uploads\/2019\/04\/P1012046-900x900.jpg 900w, https:\/\/2l-a-velo.com\/wp-content\/uploads\/2019\/04\/P1012046-1280x1280.jpg 1280w, https:\/\/2l-a-velo.com\/wp-content\/uploads\/2019\/04\/P1012046.jpg 2024w\" sizes=\"auto, (max-width: 1024px) 100vw, 1024px\" \/><\/figure>\n\n\n\n<p>Tente Hilleberg Nammatj 3 GT, 4 saisons (un peu lourde mais on peut y manger \u00e0 l&rsquo;abri et elle r\u00e9siste bien au vent et \u00e0 la pluie). De plus, on peut entreposer toutes nos sacoches dans l&rsquo;abside. <\/p>\n\n\n\n<p><em>Seul inconv\u00e9nient notable, elle n&rsquo;est pas autoportante mais on ne peut pas tout avoir !<\/em><\/p>\n\n\n\n<p class=\"has-background has-larger-font-size\" style=\"background-color:#f0cc1b\"><strong>Camping :<\/strong><\/p>\n\n\n\n<ul class=\"wp-block-list\">\n<li>Matelas Nemo<\/li>\n\n\n\n<li>Sacs de couchage Triple Z\u00e9ro<\/li>\n\n\n\n<li>R\u00e9chaud multi-combustibles Primus Polaris (avec 2 bidons de 0,6 l)<\/li>\n\n\n\n<li>Filtre \u00e0 eau Katadin Vario<\/li>\n\n\n\n<li>Ustensiles de cuisine divers et vari\u00e9s<\/li>\n\n\n\n<li>N\u00e9cessaire couture<\/li>\n\n\n\n<li>Pharmacie<\/li>\n\n\n\n<li>Fauteuils et table (l\u00e9gers et peu encombrants)<\/li>\n\n\n\n<li>trousse de toilette<\/li>\n\n\n\n<li>Cuvette pliante<\/li>\n\n\n\n<li>Sacs \u00e0 eau (6 l et 10 l)<\/li>\n<\/ul>\n\n\n\n<p class=\"has-background has-larger-font-size\" style=\"background-color:#f0cc1b\"><strong>Image :<\/strong><\/p>\n\n\n\n<p>Un appareil photos reflex Canon + batteries suppl\u00e9mentaires + objectif<\/p>\n\n\n\n<p>Un appareil photos hybride + batteries suppl\u00e9mentaires + objectif<\/p>\n\n\n\n<p> Go pro Hero 8 et accessoires<\/p>\n\n\n\n<p>Cartes photos<\/p>\n\n\n\n<p>Pied photo l\u00e9ger<\/p>\n\n\n\n<p>Pied photo articul\u00e9 + rotule<\/p>\n\n\n\n<p>Un ordinateur l\u00e9ger&#8230; enfin presque !<\/p>\n\n\n\n<p class=\"has-background has-larger-font-size\" style=\"background-color:#f0cc1b\"><strong>Autres :<\/strong><\/p>\n\n\n\n<ul class=\"wp-block-list\">\n<li>2 panneaux solaires avec batteries tampon<\/li>\n\n\n\n<li>Chargeurs et c\u00e2bles divers<\/li>\n\n\n\n<li>2 t\u00e9l\u00e9phones portables<\/li>\n<\/ul>\n\n\n\n<p class=\"has-background has-larger-font-size\" style=\"background-color:#f0cc1b\"><strong>V\u00eatements :<\/strong><\/p>\n\n\n\n<p>Des v\u00eatements pour le froid, la pluie et&#8230; (pourquoi pas) le chaud !!!<\/p>\n","protected":false},"excerpt":{"rendered":"<p>Tente Hilleberg Nammatj 3 GT, 4 saisons (un peu lourde mais on peut y manger \u00e0 l&rsquo;abri et elle r\u00e9siste bien au vent et \u00e0 la pluie). De plus, on peut entreposer toutes nos sacoches dans l&rsquo;abside. Seul inconv\u00e9nient notable, elle n&rsquo;est pas autoportante mais on ne peut pas tout avoir ! Camping : Image [&hellip;]<\/p>\n","protected":false},"author":1,"featured_media":0,"parent":13,"menu_order":2,"comment_status":"open","ping_status":"closed","template":"","meta":{"jetpack_post_was_ever_published":false,"footnotes":""},"class_list":["post-300","page","type-page","status-publish","hentry"],"jetpack_likes_enabled":true,"jetpack_sharing_enabled":true,"_links":{"self":[{"href":"https:\/\/2l-a-velo.com\/index.php?rest_route=\/wp\/v2\/pages\/300","targetHints":{"allow":["GET"]}}],"collection":[{"href":"https:\/\/2l-a-velo.com\/index.php?rest_route=\/wp\/v2\/pages"}],"about":[{"href":"https:\/\/2l-a-velo.com\/index.php?rest_route=\/wp\/v2\/types\/page"}],"author":[{"embeddable":true,"href":"https:\/\/2l-a-velo.com\/index.php?rest_route=\/wp\/v2\/users\/1"}],"replies":[{"embeddable":true,"href":"https:\/\/2l-a-velo.com\/index.php?rest_route=%2Fwp%2Fv2%2Fcomments&post=300"}],"version-history":[{"count":24,"href":"https:\/\/2l-a-velo.com\/index.php?rest_route=\/wp\/v2\/pages\/300\/revisions"}],"predecessor-version":[{"id":6850,"href":"https:\/\/2l-a-velo.com\/index.php?rest_route=\/wp\/v2\/pages\/300\/revisions\/6850"}],"up":[{"embeddable":true,"href":"https:\/\/2l-a-velo.com\/index.php?rest_route=\/wp\/v2\/pages\/13"}],"wp:attachment":[{"href":"https:\/\/2l-a-velo.com\/index.php?rest_route=%2Fwp%2Fv2%2Fmedia&parent=300"}],"curies":[{"name":"wp","href":"https:\/\/api.w.org\/{rel}","templated":true}]}}