{"id":3213,"date":"2021-06-30T10:57:22","date_gmt":"2021-06-30T08:57:22","guid":{"rendered":"http:\/\/2l-a-velo.com\/?page_id=3213"},"modified":"2022-03-14T12:00:17","modified_gmt":"2022-03-14T11:00:17","slug":"du-capo-caccia-a-piscinas","status":"publish","type":"page","link":"https:\/\/2l-a-velo.com\/?page_id=3213","title":{"rendered":"Du Capo Caccia \u00e0 Piscinas"},"content":{"rendered":"\n<div class=\"wp-block-media-text alignwide is-stacked-on-mobile\"><figure class=\"wp-block-media-text__media\"><img loading=\"lazy\" decoding=\"async\" width=\"1024\" height=\"575\" src=\"https:\/\/2l-a-velo.com\/wp-content\/uploads\/2021\/06\/P1015617-1024x575.jpg\" alt=\"\" class=\"wp-image-3276 size-full\" srcset=\"https:\/\/2l-a-velo.com\/wp-content\/uploads\/2021\/06\/P1015617-1024x575.jpg 1024w, https:\/\/2l-a-velo.com\/wp-content\/uploads\/2021\/06\/P1015617-300x168.jpg 300w, https:\/\/2l-a-velo.com\/wp-content\/uploads\/2021\/06\/P1015617-768x431.jpg 768w, https:\/\/2l-a-velo.com\/wp-content\/uploads\/2021\/06\/P1015617-900x505.jpg 900w, https:\/\/2l-a-velo.com\/wp-content\/uploads\/2021\/06\/P1015617-1280x719.jpg 1280w\" sizes=\"auto, (max-width: 1024px) 100vw, 1024px\" \/><\/figure><div class=\"wp-block-media-text__content\">\n<p class=\"has-text-align-center has-large-font-size\"><strong>Du 24 au 29 juin<\/strong><\/p>\n<\/div><\/div>\n\n\n\n<p class=\"has-text-align-center has-large-font-size\"><strong>Itin\u00e9raire<\/strong><\/p>\n\n\n\n<iframe loading=\"lazy\" src=\"https:\/\/www.google.com\/maps\/d\/embed?mid=1ppUBFMQqA7Ys22zpJmtmBVkq6gj2N3Mp\" width=\"640\" height=\"480\"><\/iframe>\n\n\n\n<p class=\"has-text-align-center has-white-color has-text-color has-background has-larger-font-size\" style=\"background-color:#0cc55c\"><strong>Alghero<\/strong><\/p>\n\n\n\n<p>Nous quittons le Capo Caccia et gagnons Alghero. Tr\u00e8s jolie ville, tr\u00e8s touristique, mais ce n&rsquo;est pas encore la grande foule en cette fin juin. Cela nous permet de d\u00e9ambuler tranquillement dans les rues avec nos v\u00e9los. C&rsquo;est encore plus beau au coucher du soleil, moment o\u00f9 les remparts prennent une teinte couleur miel.<\/p>\n\n\n\n<div class=\"wp-block-media-text alignwide has-media-on-the-right is-stacked-on-mobile\"><figure class=\"wp-block-media-text__media\"><img loading=\"lazy\" decoding=\"async\" width=\"1024\" height=\"683\" src=\"https:\/\/2l-a-velo.com\/wp-content\/uploads\/2021\/06\/P1108459-1024x683.jpg\" alt=\"\" class=\"wp-image-3215 size-full\" srcset=\"https:\/\/2l-a-velo.com\/wp-content\/uploads\/2021\/06\/P1108459-1024x683.jpg 1024w, https:\/\/2l-a-velo.com\/wp-content\/uploads\/2021\/06\/P1108459-300x200.jpg 300w, https:\/\/2l-a-velo.com\/wp-content\/uploads\/2021\/06\/P1108459-768x512.jpg 768w, https:\/\/2l-a-velo.com\/wp-content\/uploads\/2021\/06\/P1108459-900x600.jpg 900w, https:\/\/2l-a-velo.com\/wp-content\/uploads\/2021\/06\/P1108459-1280x853.jpg 1280w\" sizes=\"auto, (max-width: 1024px) 100vw, 1024px\" \/><\/figure><div class=\"wp-block-media-text__content\">\n<p class=\"has-black-color has-text-color\"> La ville fut fond\u00e9e par les G\u00e9nois dans la premi\u00e8re moiti\u00e9 du XI\u00e8me si\u00e8cle mais elle fut conquise en 1354 par le royaume d&rsquo;Aragon qui expulsa la population locale et y installa des familles de Catalogne.  En 1720, la&nbsp;maison de Savoie&nbsp;prit le contr\u00f4le de la ville, mais Alghero et sa culture catalane r\u00e9sist\u00e8rent aux changements impos\u00e9s par les&nbsp;Savoisiens. <\/p>\n\n\n\n<p><\/p>\n<\/div><\/div>\n\n\n\n<p>\n\nUne partie de sa population est originaire de&nbsp;Catalogne&nbsp;et la ville pr\u00e9serve l\u2019usage de la&nbsp;langue catalane, reconnue comme officielle par la R\u00e9publique italienne et par la r\u00e9gion, sous le nom de&nbsp;dialecte algu\u00e9rois&nbsp;(alguer\u00e8s).  \n\n<\/p>\n\n\n\n<div class=\"wp-block-media-text alignwide is-stacked-on-mobile\"><figure class=\"wp-block-media-text__media\"><img loading=\"lazy\" decoding=\"async\" width=\"1024\" height=\"575\" src=\"https:\/\/2l-a-velo.com\/wp-content\/uploads\/2021\/06\/P1015585-1024x575.jpg\" alt=\"\" class=\"wp-image-3218 size-full\" srcset=\"https:\/\/2l-a-velo.com\/wp-content\/uploads\/2021\/06\/P1015585-1024x575.jpg 1024w, https:\/\/2l-a-velo.com\/wp-content\/uploads\/2021\/06\/P1015585-300x168.jpg 300w, https:\/\/2l-a-velo.com\/wp-content\/uploads\/2021\/06\/P1015585-768x431.jpg 768w, https:\/\/2l-a-velo.com\/wp-content\/uploads\/2021\/06\/P1015585-900x505.jpg 900w, https:\/\/2l-a-velo.com\/wp-content\/uploads\/2021\/06\/P1015585-1280x719.jpg 1280w\" sizes=\"auto, (max-width: 1024px) 100vw, 1024px\" \/><\/figure><div class=\"wp-block-media-text__content\">\n<p> Construits par les Doria au XII<sup>e<\/sup>&nbsp;si\u00e8cle, puis fortifi\u00e9s par les Catalo-Aragonais. La vieille ville d&rsquo;Alghero \u00e9tait entour\u00e9e d&rsquo;\u00e9pais remparts avec des tours de guet.  <\/p>\n<\/div><\/div>\n\n\n\n<p>\n\nLes fortifications sont donc ponctu\u00e9es de plusieurs tours&nbsp;: la tour de La Maddalena, la tour de San Giacomo, octogonale, \u00e9difi\u00e9e au XV<sup>e<\/sup>&nbsp;si\u00e8cle, la tour de l\u2019Espero Reial du XVI<sup>e<\/sup>&nbsp;si\u00e8cle, mesurant plus de 25 m de hauteur, et la tour del Portal du XIV<sup>e<\/sup>&nbsp;si\u00e8cle. \n\n<\/p>\n\n\n\n<p class=\"has-text-align-center has-white-color has-text-color has-background has-large-font-size\" style=\"background-color:#04709f\"><strong><a href=\"https:\/\/photos.google.com\/share\/AF1QipOwrmXx3upYIm9DVkoc3qXwukdYN40Ca0ERigloGGRyxNQ2ZGMjLEY8tWJI2FRYkg\/photo\/AF1QipOCTQ6yF7JEc_6LHhJb9rW5KZ5BJrYJNZ4b_lHC?key=ZERvLWpNRWYtLUFYNUpIQkdId2VveF9NTk1kX2p3\">Album photos Alghero<\/a><\/strong><\/p>\n\n\n\n<p class=\"has-text-align-center has-white-color has-text-color has-background has-large-font-size\" style=\"background-color:#0cc55c\"><strong>D&rsquo;Alghero \u00e0 Bosa<\/strong><\/p>\n\n\n\n<div class=\"wp-block-media-text alignwide has-media-on-the-right is-stacked-on-mobile\"><figure class=\"wp-block-media-text__media\"><img loading=\"lazy\" decoding=\"async\" width=\"1024\" height=\"577\" src=\"https:\/\/2l-a-velo.com\/wp-content\/uploads\/2021\/06\/P1108575-1024x577.jpg\" alt=\"\" class=\"wp-image-3238 size-full\" srcset=\"https:\/\/2l-a-velo.com\/wp-content\/uploads\/2021\/06\/P1108575-1024x577.jpg 1024w, https:\/\/2l-a-velo.com\/wp-content\/uploads\/2021\/06\/P1108575-300x169.jpg 300w, https:\/\/2l-a-velo.com\/wp-content\/uploads\/2021\/06\/P1108575-768x432.jpg 768w, https:\/\/2l-a-velo.com\/wp-content\/uploads\/2021\/06\/P1108575-900x507.jpg 900w, https:\/\/2l-a-velo.com\/wp-content\/uploads\/2021\/06\/P1108575-1280x721.jpg 1280w\" sizes=\"auto, (max-width: 1024px) 100vw, 1024px\" \/><\/figure><div class=\"wp-block-media-text__content\">\n<p> Une superbe route relie Alghero \u00e0 Bosa. Quarante-cinq kilom\u00e8tres de bonheur avec des vues extraordinaires sur mer et montagnes. bien s\u00fbr, une route c\u00f4ti\u00e8re avec sa succession de mont\u00e9es et descentes !!! Elle nous rappelle la Corse cette route ! <\/p>\n<\/div><\/div>\n\n\n\n<p class=\"has-text-align-center has-white-color has-text-color has-background has-large-font-size\" style=\"background-color:#0577a8\"><strong><a href=\"https:\/\/photos.google.com\/share\/AF1QipMVydHvBZKXCZdR1dhjzywD7YjSjPR8L8TwxzpR4k2jpZhUhy-KOQnrE-rgeRMgaA\/photo\/AF1QipO-B1Ay8D1WYg_NzdpEFG5PxupAl2EhCG9kGtMk?key=ellPQ0lRVFFEYmtlTVpBSFFPSjZhcDQyMGZKSTRR\">Album photo d&rsquo;Alghero \u00e0 Bosa<\/a><\/strong><\/p>\n\n\n\n<p class=\"has-text-align-center has-white-color has-text-color has-background has-large-font-size\" style=\"background-color:#0cc55c\"><strong>Bosa<\/strong><\/p>\n\n\n\n<p>Bosa est un petit port pittoresque domin\u00e9 par son ch\u00e2teau. Des maisons color\u00e9es s&rsquo;\u00e9tagent sur les pentes du fleuve Temo jusqu&rsquo;aux abords du castel. <\/p>\n\n\n\n<div class=\"wp-block-media-text alignwide is-stacked-on-mobile\"><figure class=\"wp-block-media-text__media\"><img loading=\"lazy\" decoding=\"async\" width=\"1024\" height=\"575\" src=\"https:\/\/2l-a-velo.com\/wp-content\/uploads\/2021\/06\/P1015769-1024x575.jpg\" alt=\"\" class=\"wp-image-3240 size-full\" srcset=\"https:\/\/2l-a-velo.com\/wp-content\/uploads\/2021\/06\/P1015769-1024x575.jpg 1024w, https:\/\/2l-a-velo.com\/wp-content\/uploads\/2021\/06\/P1015769-300x168.jpg 300w, https:\/\/2l-a-velo.com\/wp-content\/uploads\/2021\/06\/P1015769-768x431.jpg 768w, https:\/\/2l-a-velo.com\/wp-content\/uploads\/2021\/06\/P1015769-900x505.jpg 900w, https:\/\/2l-a-velo.com\/wp-content\/uploads\/2021\/06\/P1015769-1280x719.jpg 1280w\" sizes=\"auto, (max-width: 1024px) 100vw, 1024px\" \/><\/figure><div class=\"wp-block-media-text__content\">\n<p>\n\nSur une rive,  de tr\u00e8s belles demeures aux couleurs pastel  font face aux anciennes tanneries restaur\u00e9es de l&rsquo;autre rive. Il est plaisant de d\u00e9ambuler dans ses ruelles m\u00eame si le faire avec un v\u00e9lo charg\u00e9 n&rsquo;est pas id\u00e9al !!!\n\n<\/p>\n<\/div><\/div>\n\n\n\n<p>D&rsquo;abord comptoir ph\u00e9nicien puis romain, la ville fut abandonn\u00e9e au VII\u00e8me si\u00e8cle \u00e0 cause des raids barbaresques. Devenue en 1112 propri\u00e9t\u00e9 d&rsquo;une famille noble de Ligurie, la ville se d\u00e9veloppa : on construisit le ch\u00e2teau et le port devint un des plus prosp\u00e8res de l&rsquo;\u00eele. Mais jusqu&rsquo;au XIX\u00e8me si\u00e8cle, la ville ne cessa de passer d&rsquo;un seigneur \u00e0 l&rsquo;autre. C&rsquo;est apr\u00e8s la suppression de la f\u00e9odalit\u00e9, en 1836, que Bosa connut un important essor \u00e9conomique.  <\/p>\n\n\n\n<p class=\"has-text-align-center has-white-color has-text-color has-background has-large-font-size\" style=\"background-color:#06709d\"><strong><a href=\"https:\/\/photos.google.com\/share\/AF1QipMqr-aQfJVVdDyxidrAoat792qPy1VzE5An92gZ3JvnhM_5KtIS7Qlj5fwB4dfjow\/photo\/AF1QipMUqxo7IXc0iQxwwwjOFme8YMxz4lZjDHJ72gXX?key=cmdtVWNYUmhyZEx3QUNVSTRNWDltNW1ZS2Zyd21R\">Album photos de Bosa<\/a><\/strong><\/p>\n\n\n\n<p class=\"has-text-align-center has-white-color has-text-color has-background has-large-font-size\" style=\"background-color:#0cc55c\"><strong>De Bosa \u00e0 S&rsquo;Archittu<\/strong><\/p>\n\n\n\n<div class=\"wp-block-media-text alignwide has-media-on-the-right is-stacked-on-mobile\"><figure class=\"wp-block-media-text__media\"><img loading=\"lazy\" decoding=\"async\" width=\"1024\" height=\"577\" src=\"https:\/\/2l-a-velo.com\/wp-content\/uploads\/2021\/06\/P1108646-1024x577.jpg\" alt=\"\" class=\"wp-image-3245 size-full\" srcset=\"https:\/\/2l-a-velo.com\/wp-content\/uploads\/2021\/06\/P1108646-1024x577.jpg 1024w, https:\/\/2l-a-velo.com\/wp-content\/uploads\/2021\/06\/P1108646-300x169.jpg 300w, https:\/\/2l-a-velo.com\/wp-content\/uploads\/2021\/06\/P1108646-768x432.jpg 768w, https:\/\/2l-a-velo.com\/wp-content\/uploads\/2021\/06\/P1108646-900x507.jpg 900w, https:\/\/2l-a-velo.com\/wp-content\/uploads\/2021\/06\/P1108646-1280x721.jpg 1280w\" sizes=\"auto, (max-width: 1024px) 100vw, 1024px\" \/><\/figure><div class=\"wp-block-media-text__content\">\n<p>\n\nDe Bosa, une rude mont\u00e9e sous la chaleur, nous conduit \u00e0 Tinnura o\u00f9 les fa\u00e7ades des maisons \u00e9voquent les travaux ruraux autrefois. De bien belles fresques !\n\n<\/p>\n<\/div><\/div>\n\n\n\n<p>Quelques kilom\u00e8tres de plat et nouvelle mont\u00e9e pour gagner le village de Cuglieri domin\u00e9 par sa basilique Santa Maria delle Neve. La mont\u00e9e jusqu&rsquo;au site de la basilique est une vraie partie de plaisir. Tout d&rsquo;abord des ruelles \u00e9troites et pentues (10% &#8211; 13 %) et puis un final o\u00f9, malgr\u00e9 notre habitude et notre exp\u00e9rience (!), il est impossible de monter les v\u00e9los qui resteront en contrebas et ne profiteront pas du superbe panorama du sommet !!!<\/p>\n\n\n\n<div class=\"wp-block-media-text alignwide is-stacked-on-mobile\"><figure class=\"wp-block-media-text__media\"><img loading=\"lazy\" decoding=\"async\" width=\"1024\" height=\"575\" src=\"https:\/\/2l-a-velo.com\/wp-content\/uploads\/2021\/06\/P1015794-1024x575.jpg\" alt=\"\" class=\"wp-image-3249 size-full\" srcset=\"https:\/\/2l-a-velo.com\/wp-content\/uploads\/2021\/06\/P1015794-1024x575.jpg 1024w, https:\/\/2l-a-velo.com\/wp-content\/uploads\/2021\/06\/P1015794-300x168.jpg 300w, https:\/\/2l-a-velo.com\/wp-content\/uploads\/2021\/06\/P1015794-768x431.jpg 768w, https:\/\/2l-a-velo.com\/wp-content\/uploads\/2021\/06\/P1015794-900x505.jpg 900w, https:\/\/2l-a-velo.com\/wp-content\/uploads\/2021\/06\/P1015794-1280x719.jpg 1280w\" sizes=\"auto, (max-width: 1024px) 100vw, 1024px\" \/><\/figure><div class=\"wp-block-media-text__content\">\n<p>Par une belle descente, nous retrouvons la c\u00f4te et ses habituelles successions de mont\u00e9es et descentes. Belles falaises \u00e0 S&rsquo;Archittu dont la roche nous rappelle celle de Bonifacio.  <\/p>\n<\/div><\/div>\n\n\n\n<p class=\"has-text-align-center has-white-color has-text-color has-background has-large-font-size\" style=\"background-color:#03709f\"><strong><a href=\"https:\/\/photos.google.com\/share\/AF1QipPOfkvgTt4q6gIel3HrYXzdbmvmsj1Br9sWDLR4aZlf_QI0qBcLho4uFGvZoG8idg\/photo\/AF1QipM-U_hIzoY7Jp1itUlvcM19T83ZO4e33BTpa49Z?key=bXhXUkZMTjBDUE1HcGRSYmh5MmJLTHJzd2VHQ01n\">Album photos de Bosa \u00e0 S&rsquo;Archittu<\/a><\/strong><\/p>\n\n\n\n<p class=\"has-text-align-center has-white-color has-text-color has-background has-large-font-size\" style=\"background-color:#0cc55c\"><strong>De S&rsquo;Archittu \u00e0 Arborea<\/strong><\/p>\n\n\n\n<p>Par une route bien plate, une fois n&rsquo;est pas coutume, nous traversons Cabras. Ici, on cultive des c\u00e9r\u00e9ales comme le bl\u00e9 et l&rsquo;orge mais \u00e9galement le riz. Nous continuons jusqu&rsquo;au Capo San Marco, o\u00f9 l&rsquo;on trouve, comme bien souvent sur un cap, une tour mais surtout le site antique de Tharros.<\/p>\n\n\n\n<div class=\"wp-block-media-text alignwide has-media-on-the-right is-stacked-on-mobile\"><figure class=\"wp-block-media-text__media\"><img loading=\"lazy\" decoding=\"async\" width=\"1024\" height=\"575\" src=\"https:\/\/2l-a-velo.com\/wp-content\/uploads\/2021\/06\/P1015845-1024x575.jpg\" alt=\"\" class=\"wp-image-3252 size-full\" srcset=\"https:\/\/2l-a-velo.com\/wp-content\/uploads\/2021\/06\/P1015845-1024x575.jpg 1024w, https:\/\/2l-a-velo.com\/wp-content\/uploads\/2021\/06\/P1015845-300x168.jpg 300w, https:\/\/2l-a-velo.com\/wp-content\/uploads\/2021\/06\/P1015845-768x431.jpg 768w, https:\/\/2l-a-velo.com\/wp-content\/uploads\/2021\/06\/P1015845-900x505.jpg 900w, https:\/\/2l-a-velo.com\/wp-content\/uploads\/2021\/06\/P1015845-1280x719.jpg 1280w\" sizes=\"auto, (max-width: 1024px) 100vw, 1024px\" \/><\/figure><div class=\"wp-block-media-text__content\">\n<p>\n\nTharros, cit\u00e9 antique fond\u00e9e par les Ph\u00e9niciens au VIII\u00e8me si\u00e8cle AV J.C., connut durant cinq si\u00e8cles un d\u00e9veloppement tr\u00e8s important. En 238 AV J.C., elle passe sous domination romaine. \n\n<\/p>\n<\/div><\/div>\n\n\n\n<p>Elle est abandonn\u00e9e entre le IX\u00e8me et le XI\u00e8me si\u00e8cle suite \u00e0 plusieurs \u00e9pid\u00e9mies mais surtout face aux raids barbaresques. Les habitants d\u00e9cident de se r\u00e9fugier \u00e0 l&rsquo;int\u00e9rieur des terres et fondent Oristano. Il en reste aujourd&rsquo;hui de tr\u00e8s beaux vestiges.<\/p>\n\n\n\n<div class=\"wp-block-media-text alignwide is-stacked-on-mobile\"><figure class=\"wp-block-media-text__media\"><img loading=\"lazy\" decoding=\"async\" width=\"1024\" height=\"575\" src=\"https:\/\/2l-a-velo.com\/wp-content\/uploads\/2021\/06\/P1015851-1024x575.jpg\" alt=\"\" class=\"wp-image-3256 size-full\" srcset=\"https:\/\/2l-a-velo.com\/wp-content\/uploads\/2021\/06\/P1015851-1024x575.jpg 1024w, https:\/\/2l-a-velo.com\/wp-content\/uploads\/2021\/06\/P1015851-300x168.jpg 300w, https:\/\/2l-a-velo.com\/wp-content\/uploads\/2021\/06\/P1015851-768x431.jpg 768w, https:\/\/2l-a-velo.com\/wp-content\/uploads\/2021\/06\/P1015851-900x505.jpg 900w, https:\/\/2l-a-velo.com\/wp-content\/uploads\/2021\/06\/P1015851-1280x719.jpg 1280w\" sizes=\"auto, (max-width: 1024px) 100vw, 1024px\" \/><\/figure><div class=\"wp-block-media-text__content\">\n<p> Juste avant Tharros, le village de San Giovanni de Sinnis poss\u00e8de une des plus anciennes \u00e9glise pal\u00e9ochr\u00e9tienne de l&rsquo;\u00eele (VI\u00e8me &#8211; XI\u00e8me si\u00e8cles) <\/p>\n<\/div><\/div>\n\n\n\n<p>Oristano fut fond\u00e9e en 1070 par les habitants de Tharros pour fuir les raids sarrazins. Au XIV\u00e8me si\u00e8cle, le r\u00e9gion se trouva \u00e0 l&rsquo;avant-garde de la lutte contre la domination aragonnaise gr\u00e2ce \u00e0 Eleonora d&rsquo;Arborea. Apr\u00e8s sa mort, Oristano connut une longue p\u00e9riode de d\u00e9clin et il fallut attendre 1928 et les \u00e9normes travaux d&rsquo;ass\u00e8chement des marais entrepris par Mussolini pour que la r\u00e9gion retrouve sa prosp\u00e9rit\u00e9.<\/p>\n\n\n\n<div class=\"wp-block-media-text alignwide is-stacked-on-mobile\"><figure class=\"wp-block-media-text__media\"><img loading=\"lazy\" decoding=\"async\" width=\"1024\" height=\"575\" src=\"https:\/\/2l-a-velo.com\/wp-content\/uploads\/2021\/06\/P1015854-2-1024x575.jpg\" alt=\"\" class=\"wp-image-3261 size-full\" srcset=\"https:\/\/2l-a-velo.com\/wp-content\/uploads\/2021\/06\/P1015854-2-1024x575.jpg 1024w, https:\/\/2l-a-velo.com\/wp-content\/uploads\/2021\/06\/P1015854-2-300x168.jpg 300w, https:\/\/2l-a-velo.com\/wp-content\/uploads\/2021\/06\/P1015854-2-768x431.jpg 768w, https:\/\/2l-a-velo.com\/wp-content\/uploads\/2021\/06\/P1015854-2-900x505.jpg 900w, https:\/\/2l-a-velo.com\/wp-content\/uploads\/2021\/06\/P1015854-2-1280x719.jpg 1280w\" sizes=\"auto, (max-width: 1024px) 100vw, 1024px\" \/><\/figure><div class=\"wp-block-media-text__content\">\n<p>  Eleonora d&rsquo;Arborea (1340 &#8211; 1404) cr\u00e9a au XIV\u00e8me si\u00e8cle la Chartre de Logu qui donnait des droits aux femmes : la garantie de la communaut\u00e9 de biens dans le mariage, le droit aux divorce, le refus du mariage forc\u00e9&#8230; C&rsquo;\u00e9tait r\u00e9volutionnaire \u00e0 l&rsquo;\u00e9poque&#8230; quoique maintenant, si on regarde bien&#8230;<\/p>\n<\/div><\/div>\n\n\n\n<p>Une route plate, tr\u00e8s fr\u00e9quent\u00e9e nous emm\u00e8ne au camping S&rsquo;Ena Arrabia o\u00f9 l&rsquo;accueil est bien moyen et o\u00f9 les moustiques sont l\u00e9gions. Passez votre chemin !!!!! On trouve ici de l&rsquo;\u00e9levage intensif : vaches en stabulation, cultures de ma\u00efs qu&rsquo;on arrose \u00e0 tout va !<\/p>\n\n\n\n<p class=\"has-text-align-center has-white-color has-text-color has-background has-large-font-size\" style=\"background-color:#036f9d\"><strong><a href=\"https:\/\/photos.google.com\/share\/AF1QipNVgGLVqpCL_EHzrMYd0oqwotWfCdToi3O57vKgs7zz9XnthCnXdypx4R5zCPv5cg\/photo\/AF1QipOmll5SP84mIQunHmwWIFi4I0AmOgAWTOg-C7mL?key=dC1ESWxQTmdMdTBOcUh2cm1IVDBocXNqblZyQUxR\">Album photos De S&rsquo;Archittu \u00e0 Arborea<\/a><\/strong><\/p>\n\n\n\n<p class=\"has-text-align-center has-white-color has-text-color has-background has-large-font-size\" style=\"background-color:#0cc55c\"><strong>D&rsquo;Arborea \u00e0 Piscinas<\/strong><\/p>\n\n\n\n<div class=\"wp-block-media-text alignwide has-media-on-the-right is-stacked-on-mobile\"><figure class=\"wp-block-media-text__media\"><img loading=\"lazy\" decoding=\"async\" width=\"1024\" height=\"490\" src=\"https:\/\/2l-a-velo.com\/wp-content\/uploads\/2021\/06\/P1015874-Panorama-1024x490.jpg\" alt=\"\" class=\"wp-image-3264 size-full\" srcset=\"https:\/\/2l-a-velo.com\/wp-content\/uploads\/2021\/06\/P1015874-Panorama-1024x490.jpg 1024w, https:\/\/2l-a-velo.com\/wp-content\/uploads\/2021\/06\/P1015874-Panorama-300x143.jpg 300w, https:\/\/2l-a-velo.com\/wp-content\/uploads\/2021\/06\/P1015874-Panorama-768x367.jpg 768w, https:\/\/2l-a-velo.com\/wp-content\/uploads\/2021\/06\/P1015874-Panorama-900x430.jpg 900w, https:\/\/2l-a-velo.com\/wp-content\/uploads\/2021\/06\/P1015874-Panorama-1280x612.jpg 1280w\" sizes=\"auto, (max-width: 1024px) 100vw, 1024px\" \/><\/figure><div class=\"wp-block-media-text__content\">\n<p>\n\nAu milieu d&rsquo;un vaste marais, ass\u00e9ch\u00e9 sous Mussolini, pour le transformer en terres agricoles, se trouve Arborea, ville nouvelle cr\u00e9\u00e9e en 1928. Ici, le dictateur voulut imprimer sa marque architecturale.\n\n<\/p>\n<\/div><\/div>\n\n\n\n<p>Apr\u00e8s environ quarante kilom\u00e8tres de route plate, nous arrivons \u00e0 Guspini. S&rsquo;en suit une mont\u00e9e de sept kilom\u00e8tres jusqu&rsquo;\u00e0 Arbus qui nous rappelle que chaleur et pentes raides cela donne soif. Comme bien souvent, pour avoir de l&rsquo;eau fra\u00eeche, nous allons au supermarch\u00e9. En effet, il y a tr\u00e8s peu de fontaines dans cette r\u00e9gion et l&rsquo;eau des gourdes est vite bien ti\u00e8de !!! <\/p>\n\n\n\n<div class=\"wp-block-media-text alignwide has-media-on-the-right is-stacked-on-mobile\"><figure class=\"wp-block-media-text__media\"><img loading=\"lazy\" decoding=\"async\" width=\"1024\" height=\"575\" src=\"https:\/\/2l-a-velo.com\/wp-content\/uploads\/2021\/06\/P1015892-1024x575.jpg\" alt=\"\" class=\"wp-image-3293 size-full\" srcset=\"https:\/\/2l-a-velo.com\/wp-content\/uploads\/2021\/06\/P1015892-1024x575.jpg 1024w, https:\/\/2l-a-velo.com\/wp-content\/uploads\/2021\/06\/P1015892-300x168.jpg 300w, https:\/\/2l-a-velo.com\/wp-content\/uploads\/2021\/06\/P1015892-768x431.jpg 768w, https:\/\/2l-a-velo.com\/wp-content\/uploads\/2021\/06\/P1015892-900x505.jpg 900w, https:\/\/2l-a-velo.com\/wp-content\/uploads\/2021\/06\/P1015892-1280x719.jpg 1280w\" sizes=\"auto, (max-width: 1024px) 100vw, 1024px\" \/><\/figure><div class=\"wp-block-media-text__content\">\n<p> Avant le sommet du col de Bidderdi, nous prenons \u00e0 droite en direction du camping Sciopadroxiu (\u00e0 vos souhaits) !Nous montons un peu et puis, c&rsquo;est une belle descente de dix kilom\u00e8tres qui se termine par trois kilom\u00e8tres de piste par folichonne ! Et comme c&rsquo;est un cul-de-sac, il va falloir remonter cela demain.  <\/p>\n<\/div><\/div>\n\n\n\n<p>Finalement, ce sera apr\u00e8s-demain car le site est tellement beau que nous allons nous pauser une journ\u00e9e !<\/p>\n\n\n\n<div class=\"wp-block-media-text alignwide is-stacked-on-mobile\"><figure class=\"wp-block-media-text__media\"><img loading=\"lazy\" decoding=\"async\" width=\"1024\" height=\"354\" src=\"https:\/\/2l-a-velo.com\/wp-content\/uploads\/2021\/06\/P1015893-Panorama-1024x354.jpg\" alt=\"\" class=\"wp-image-3269 size-full\" srcset=\"https:\/\/2l-a-velo.com\/wp-content\/uploads\/2021\/06\/P1015893-Panorama-1024x354.jpg 1024w, https:\/\/2l-a-velo.com\/wp-content\/uploads\/2021\/06\/P1015893-Panorama-300x104.jpg 300w, https:\/\/2l-a-velo.com\/wp-content\/uploads\/2021\/06\/P1015893-Panorama-768x266.jpg 768w, https:\/\/2l-a-velo.com\/wp-content\/uploads\/2021\/06\/P1015893-Panorama-900x311.jpg 900w, https:\/\/2l-a-velo.com\/wp-content\/uploads\/2021\/06\/P1015893-Panorama-1280x443.jpg 1280w\" sizes=\"auto, (max-width: 1024px) 100vw, 1024px\" \/><\/figure><div class=\"wp-block-media-text__content\">\n<p> En descendant, nous d\u00e9couvrons les vestiges, tr\u00e8s importants, d&rsquo;anciennes mines qui d\u00e9pendaient de la capitale mini\u00e8re, Monteveccchio. Ces mines furent actives de 1850 aux ann\u00e9es 1960. La fermeture d\u00e9finitives eut lieu en 1991. <\/p>\n<\/div><\/div>\n\n\n\n<p class=\"has-text-align-center has-white-color has-text-color has-background has-large-font-size\" style=\"background-color:#0472a1\"><strong><a href=\"https:\/\/photos.google.com\/share\/AF1QipPvhoW-t71M33itp_yU8U7FWbN9YFQdIUoLkW5bf57p2_ws9HBKufjWX45hIKcexg\/photo\/AF1QipNNufMQz_cGSdf0kpmbcjbuX0erS3s1eRUyNahf?key=RGdVV3VpUXk2RTlPeF90aksta3ZSZ2ZOb3QzcmZn\">Album photo d&rsquo;Arborea \u00e0 <\/a>Piscinas<\/strong><\/p>\n\n\n\n<p class=\"has-text-align-center has-white-color has-text-color has-background has-large-font-size\" style=\"background-color:#0473a3\"><strong><a href=\"https:\/\/photos.google.com\/share\/AF1QipPhkOc6IlP8nwe338QCaU2V5ldA1a4ZMi31fDt1ddluffhjAK2O9WAPvgRPUPH_Ow\/photo\/AF1QipNUW_ZfD12ruZAwCx4IV0xolvVe1QjhaAevU39T?key=c3VUN09Sa2EwU29WWlE0R2lFU0djMkZ3VVpwRERR\">Album photos : le quotidien<\/a><\/strong><\/p>\n","protected":false},"excerpt":{"rendered":"<p>Du 24 au 29 juin Itin\u00e9raire Alghero Nous quittons le Capo Caccia et gagnons Alghero. Tr\u00e8s jolie ville, tr\u00e8s touristique, mais ce n&rsquo;est pas encore la grande foule en cette fin juin. Cela nous permet de d\u00e9ambuler tranquillement dans les rues avec nos v\u00e9los. C&rsquo;est encore plus beau au coucher du soleil, moment o\u00f9 les [&hellip;]<\/p>\n","protected":false},"author":1,"featured_media":0,"parent":2995,"menu_order":2,"comment_status":"open","ping_status":"closed","template":"","meta":{"jetpack_post_was_ever_published":false,"footnotes":""},"class_list":["post-3213","page","type-page","status-publish","hentry"],"jetpack_likes_enabled":true,"jetpack_sharing_enabled":true,"_links":{"self":[{"href":"https:\/\/2l-a-velo.com\/index.php?rest_route=\/wp\/v2\/pages\/3213","targetHints":{"allow":["GET"]}}],"collection":[{"href":"https:\/\/2l-a-velo.com\/index.php?rest_route=\/wp\/v2\/pages"}],"about":[{"href":"https:\/\/2l-a-velo.com\/index.php?rest_route=\/wp\/v2\/types\/page"}],"author":[{"embeddable":true,"href":"https:\/\/2l-a-velo.com\/index.php?rest_route=\/wp\/v2\/users\/1"}],"replies":[{"embeddable":true,"href":"https:\/\/2l-a-velo.com\/index.php?rest_route=%2Fwp%2Fv2%2Fcomments&post=3213"}],"version-history":[{"count":65,"href":"https:\/\/2l-a-velo.com\/index.php?rest_route=\/wp\/v2\/pages\/3213\/revisions"}],"predecessor-version":[{"id":4790,"href":"https:\/\/2l-a-velo.com\/index.php?rest_route=\/wp\/v2\/pages\/3213\/revisions\/4790"}],"up":[{"embeddable":true,"href":"https:\/\/2l-a-velo.com\/index.php?rest_route=\/wp\/v2\/pages\/2995"}],"wp:attachment":[{"href":"https:\/\/2l-a-velo.com\/index.php?rest_route=%2Fwp%2Fv2%2Fmedia&parent=3213"}],"curies":[{"name":"wp","href":"https:\/\/api.w.org\/{rel}","templated":true}]}}