{"id":3383,"date":"2021-07-09T13:41:55","date_gmt":"2021-07-09T11:41:55","guid":{"rendered":"http:\/\/2l-a-velo.com\/?page_id=3383"},"modified":"2022-03-14T12:02:17","modified_gmt":"2022-03-14T11:02:17","slug":"palerme","status":"publish","type":"page","link":"https:\/\/2l-a-velo.com\/?page_id=3383","title":{"rendered":"Palerme"},"content":{"rendered":"\n<div class=\"wp-block-media-text alignwide is-stacked-on-mobile\"><figure class=\"wp-block-media-text__media\"><img loading=\"lazy\" decoding=\"async\" width=\"1024\" height=\"575\" src=\"https:\/\/2l-a-velo.com\/wp-content\/uploads\/2021\/07\/P1016214-1024x575.jpg\" alt=\"\" class=\"wp-image-3448 size-full\" srcset=\"https:\/\/2l-a-velo.com\/wp-content\/uploads\/2021\/07\/P1016214-1024x575.jpg 1024w, https:\/\/2l-a-velo.com\/wp-content\/uploads\/2021\/07\/P1016214-300x168.jpg 300w, https:\/\/2l-a-velo.com\/wp-content\/uploads\/2021\/07\/P1016214-768x431.jpg 768w, https:\/\/2l-a-velo.com\/wp-content\/uploads\/2021\/07\/P1016214-900x505.jpg 900w, https:\/\/2l-a-velo.com\/wp-content\/uploads\/2021\/07\/P1016214-1280x719.jpg 1280w\" sizes=\"auto, (max-width: 1024px) 100vw, 1024px\" \/><\/figure><div class=\"wp-block-media-text__content\">\n<p class=\"has-text-align-center has-larger-font-size\"><strong>6 et 7 juillet<\/strong><\/p>\n<\/div><\/div>\n\n\n\n<div class=\"wp-block-media-text alignwide has-media-on-the-right is-stacked-on-mobile\"><figure class=\"wp-block-media-text__media\"><img loading=\"lazy\" decoding=\"async\" width=\"1024\" height=\"575\" src=\"https:\/\/2l-a-velo.com\/wp-content\/uploads\/2021\/07\/P1016170-1024x575.jpg\" alt=\"\" class=\"wp-image-3387 size-full\" srcset=\"https:\/\/2l-a-velo.com\/wp-content\/uploads\/2021\/07\/P1016170-1024x575.jpg 1024w, https:\/\/2l-a-velo.com\/wp-content\/uploads\/2021\/07\/P1016170-300x168.jpg 300w, https:\/\/2l-a-velo.com\/wp-content\/uploads\/2021\/07\/P1016170-768x431.jpg 768w, https:\/\/2l-a-velo.com\/wp-content\/uploads\/2021\/07\/P1016170-900x505.jpg 900w, https:\/\/2l-a-velo.com\/wp-content\/uploads\/2021\/07\/P1016170-1280x719.jpg 1280w\" sizes=\"auto, (max-width: 1024px) 100vw, 1024px\" \/><\/figure><div class=\"wp-block-media-text__content\">\n<p><\/p>\n\n\n\n<p> Le jour se l\u00e8ve lorsque le ferry accoste \u00e0 Palerme. Nous ne dormons pas trop bien dans ces bateaux. Sans cabine, ce n&rsquo;est pas bien confortable ! <\/p>\n<\/div><\/div>\n\n\n\n<div class=\"wp-block-media-text alignwide is-stacked-on-mobile\"><figure class=\"wp-block-media-text__media\"><img loading=\"lazy\" decoding=\"async\" width=\"1024\" height=\"377\" src=\"https:\/\/2l-a-velo.com\/wp-content\/uploads\/2021\/07\/P1016178-Panorama-1024x377.jpg\" alt=\"\" class=\"wp-image-3463 size-full\" srcset=\"https:\/\/2l-a-velo.com\/wp-content\/uploads\/2021\/07\/P1016178-Panorama-1024x377.jpg 1024w, https:\/\/2l-a-velo.com\/wp-content\/uploads\/2021\/07\/P1016178-Panorama-300x110.jpg 300w, https:\/\/2l-a-velo.com\/wp-content\/uploads\/2021\/07\/P1016178-Panorama-768x283.jpg 768w, https:\/\/2l-a-velo.com\/wp-content\/uploads\/2021\/07\/P1016178-Panorama-900x331.jpg 900w, https:\/\/2l-a-velo.com\/wp-content\/uploads\/2021\/07\/P1016178-Panorama-1280x471.jpg 1280w\" sizes=\"auto, (max-width: 1024px) 100vw, 1024px\" \/><\/figure><div class=\"wp-block-media-text__content\">\n<p> Nous d\u00e9cidons de rejoindre le camping de Sferracavallo et de revenir visiter Palerme demain mais en bus !!! Quand on voit comment cela circule, notre d\u00e9cision semble \u00eatre la meilleure ! <\/p>\n<\/div><\/div>\n\n\n\n<p>\n\nNous traversons Palerme assez t\u00f4t mais il faut, malgr\u00e9 tout, \u00eatre m\u00e9fiant et surveiller de pr\u00e8s scooter, voitures, bus, camions&#8230; enfin tout ce qui roule. \n\n<\/p>\n\n\n\n<p>Le camping de Sferracavallo, situ\u00e9 au centre du village, est tr\u00e8s plaisant et d&rsquo;une propret\u00e9 irr\u00e9prochable, nous vous le recommandons. Nous y apprenons que l&rsquo;on peut gagner Palerme en m\u00e9tro en vingt minutes. Nous testerons demain. En attendant, c&rsquo;est lessive, courses, mise \u00e0 jour du site et&#8230; repos !!!<\/p>\n\n\n\n<p>Capitale de la Sicile, le site est habit\u00e9 depuis la nuit des temps. Depuis l&rsquo;installation de comptoirs ph\u00e9niciens sur le territoire des Sicules au VIII\u00e8me si\u00e8cle avant J.C., s&rsquo;y sont succ\u00e9d\u00e9s Carthaginois, Grecs, Romains, Vandales, Byzantins, Arabes, Normands, Souabes, Angevins, Aragonais, Espagnols, Autrichiens et Bourbons !!!!!  <\/p>\n\n\n\n<div class=\"wp-block-media-text alignwide is-stacked-on-mobile\"><figure class=\"wp-block-media-text__media\"><img loading=\"lazy\" decoding=\"async\" width=\"1024\" height=\"575\" src=\"https:\/\/2l-a-velo.com\/wp-content\/uploads\/2021\/07\/P1016243-1024x575.jpg\" alt=\"\" class=\"wp-image-3450 size-full\" srcset=\"https:\/\/2l-a-velo.com\/wp-content\/uploads\/2021\/07\/P1016243-1024x575.jpg 1024w, https:\/\/2l-a-velo.com\/wp-content\/uploads\/2021\/07\/P1016243-300x168.jpg 300w, https:\/\/2l-a-velo.com\/wp-content\/uploads\/2021\/07\/P1016243-768x431.jpg 768w, https:\/\/2l-a-velo.com\/wp-content\/uploads\/2021\/07\/P1016243-900x505.jpg 900w, https:\/\/2l-a-velo.com\/wp-content\/uploads\/2021\/07\/P1016243-1280x719.jpg 1280w\" sizes=\"auto, (max-width: 1024px) 100vw, 1024px\" \/><\/figure><div class=\"wp-block-media-text__content\">\n<p> La ville est donc un m\u00e9lange de style architecturaux des palais arabo-normands aux \u00e9glises baroques ! <\/p>\n<\/div><\/div>\n\n\n\n<p>\n\nPalerme fut consid\u00e9r\u00e9e comme la capitale du crime des ann\u00e9es 1970 &#8211; 1993. La p\u00e9riode Orlando (1985 &#8211; 2000), le printemps palermitain, permit la restauration de monuments, l&rsquo;assainissement des quartiers d\u00e9grad\u00e9s et cela continue. On a cr\u00e9\u00e9 des rues pi\u00e9tonnes, r\u00e9am\u00e9nag\u00e9 des places, limit\u00e9 la circulation en ville&#8230;\n\n<\/p>\n\n\n\n<div class=\"wp-block-media-text alignwide has-media-on-the-right is-stacked-on-mobile\"><figure class=\"wp-block-media-text__media\"><img loading=\"lazy\" decoding=\"async\" width=\"1024\" height=\"577\" src=\"https:\/\/2l-a-velo.com\/wp-content\/uploads\/2021\/07\/P1109146-1024x577.jpg\" alt=\"\" class=\"wp-image-3454 size-full\" srcset=\"https:\/\/2l-a-velo.com\/wp-content\/uploads\/2021\/07\/P1109146-1024x577.jpg 1024w, https:\/\/2l-a-velo.com\/wp-content\/uploads\/2021\/07\/P1109146-300x169.jpg 300w, https:\/\/2l-a-velo.com\/wp-content\/uploads\/2021\/07\/P1109146-768x432.jpg 768w, https:\/\/2l-a-velo.com\/wp-content\/uploads\/2021\/07\/P1109146-900x507.jpg 900w, https:\/\/2l-a-velo.com\/wp-content\/uploads\/2021\/07\/P1109146-1280x721.jpg 1280w\" sizes=\"auto, (max-width: 1024px) 100vw, 1024px\" \/><\/figure><div class=\"wp-block-media-text__content\">\n<p> D\u00e9ambuler dans les rues de Palerme est tr\u00e8s agr\u00e9able. Chaque rue nous apporte son lot de palais, plus ou moins en \u00e9tat, ses balcons fleuris (de plantes ou&#8230; de linge), ses \u00e9glises&#8230;  <\/p>\n<\/div><\/div>\n\n\n\n<div class=\"wp-block-media-text alignwide is-stacked-on-mobile\"><figure class=\"wp-block-media-text__media\"><img loading=\"lazy\" decoding=\"async\" width=\"1024\" height=\"575\" src=\"https:\/\/2l-a-velo.com\/wp-content\/uploads\/2021\/07\/P1016287-1024x575.jpg\" alt=\"\" class=\"wp-image-3456 size-full\" srcset=\"https:\/\/2l-a-velo.com\/wp-content\/uploads\/2021\/07\/P1016287-1024x575.jpg 1024w, https:\/\/2l-a-velo.com\/wp-content\/uploads\/2021\/07\/P1016287-300x168.jpg 300w, https:\/\/2l-a-velo.com\/wp-content\/uploads\/2021\/07\/P1016287-768x431.jpg 768w, https:\/\/2l-a-velo.com\/wp-content\/uploads\/2021\/07\/P1016287-900x505.jpg 900w, https:\/\/2l-a-velo.com\/wp-content\/uploads\/2021\/07\/P1016287-1280x719.jpg 1280w\" sizes=\"auto, (max-width: 1024px) 100vw, 1024px\" \/><\/figure><div class=\"wp-block-media-text__content\">\n<p>\n\nIl faut dire que les monuments sont l\u00e9gions ici. En effet, Palerme compte pr\u00e8s de 600 \u00e9glises et couvents et, en 1723, Il y avait 107 princes, 76 ducs, 104 marquis et 39 comtes, chacun disposant d&rsquo;un palais en ville. C&rsquo;est dire que notre visite est (tr\u00e8s) loin d&rsquo;\u00eatre exhaustive !!!\n\n<\/p>\n<\/div><\/div>\n\n\n\n<p class=\"has-text-align-center has-white-color has-text-color has-background has-large-font-size\" style=\"background-color:#0573a3\"><strong><a href=\"https:\/\/photos.google.com\/share\/AF1QipMpK9bSrrrSfwfY7nYuM55PbY5y4WQkZ__xz6T_wiRCec240mhv-AGCpQeDkcFFng\/photo\/AF1QipPx7w0iBqyk9lcZfUKm36XdUMCkwd7ms0WgifKV?key=QVpmR3ZtOXl6UHZvYS1zaGJOa0gwV2RZbHFvWFdR\">Photos, en d\u00e9ambulant dans Palerme<\/a><\/strong><\/p>\n\n\n\n<p class=\"has-text-align-center has-white-color has-text-color has-background has-large-font-size\" style=\"background-color:#00a307\"><strong>Le Palazzo Reale<\/strong><\/p>\n\n\n\n<div class=\"wp-block-media-text alignwide is-stacked-on-mobile\"><figure class=\"wp-block-media-text__media\"><img loading=\"lazy\" decoding=\"async\" width=\"1024\" height=\"750\" src=\"https:\/\/2l-a-velo.com\/wp-content\/uploads\/2021\/07\/P1016192-Panorama-1024x750.jpg\" alt=\"\" class=\"wp-image-3402 size-full\" srcset=\"https:\/\/2l-a-velo.com\/wp-content\/uploads\/2021\/07\/P1016192-Panorama-1024x750.jpg 1024w, https:\/\/2l-a-velo.com\/wp-content\/uploads\/2021\/07\/P1016192-Panorama-300x220.jpg 300w, https:\/\/2l-a-velo.com\/wp-content\/uploads\/2021\/07\/P1016192-Panorama-768x563.jpg 768w, https:\/\/2l-a-velo.com\/wp-content\/uploads\/2021\/07\/P1016192-Panorama-900x659.jpg 900w, https:\/\/2l-a-velo.com\/wp-content\/uploads\/2021\/07\/P1016192-Panorama-1280x938.jpg 1280w\" sizes=\"auto, (max-width: 1024px) 100vw, 1024px\" \/><\/figure><div class=\"wp-block-media-text__content\">\n<p>\n\nC&rsquo;est parfait ce m\u00e9tro. Il nous d\u00e9pose juste devant le Palazzo Reale, d\u00e9but de notre visite de Palerme. Nous passerons sous la tr\u00e8s belle Puerta Nuova pour nous retrouver devant la fa\u00e7ade du Palazzo.\n\n<\/p>\n<\/div><\/div>\n\n\n\n<p>Le Palais Reale, fortification arabe du IX\u00e8me si\u00e8cle, a \u00e9t\u00e9 r\u00e9am\u00e9nag\u00e9 et agrandi par les rois normands au XII\u00e8me si\u00e8cle puis souvent remani\u00e9. A l&rsquo;int\u00e9rieur, une belle cour est entour\u00e9e de trois \u00e9tages de galeries. C&rsquo;est aujourd&rsquo;hui le si\u00e8ge du parlement sicilien. Il poss\u00e8de aussi des jardins avec des arbres tr\u00e8s particuliers.<\/p>\n\n\n\n<p class=\"has-text-align-center has-white-color has-text-color has-background has-large-font-size\" style=\"background-color:#0474a4\"><strong><a href=\"https:\/\/photos.google.com\/share\/AF1QipNVgQ6Gl-j5PhzlYeJhNI4VyBIoI-Ven9msameDHa-Iek47oLQp0YPtDEjenn5unA\/photo\/AF1QipMxoj4uspMHX0FVho1R1tAOegUOSbELWn9LhCo8?key=X1llcUI1N00wRk1oRXFEcGp1ZVlOZ0FEV0h4SlZ3\">Album photos du Palazzo Reale<\/a><\/strong><\/p>\n\n\n\n<p class=\"has-text-align-center has-white-color has-text-color has-background has-large-font-size\" style=\"background-color:#00a31a\"><strong>La Cappella Palatina<\/strong><\/p>\n\n\n\n<p>La merveille de ce Palazzo est sans conteste la Cappella Palatina (Chapelle Palatine). Commenc\u00e9e en 1132 et consacr\u00e9e huit ans plus tard, cette chapelle, d\u00e9di\u00e9e \u00e0 saint Pierre et saint Paul, repr\u00e9sente le sommet de l&rsquo;art arabo-normand. Elle a travers\u00e9 les si\u00e8cles sans subir de transformations. <\/p>\n\n\n\n<div class=\"wp-block-media-text alignwide has-media-on-the-right is-stacked-on-mobile\"><figure class=\"wp-block-media-text__media\"><img loading=\"lazy\" decoding=\"async\" width=\"1024\" height=\"575\" src=\"https:\/\/2l-a-velo.com\/wp-content\/uploads\/2021\/07\/P1016228-1024x575.jpg\" alt=\"\" class=\"wp-image-3411 size-full\" srcset=\"https:\/\/2l-a-velo.com\/wp-content\/uploads\/2021\/07\/P1016228-1024x575.jpg 1024w, https:\/\/2l-a-velo.com\/wp-content\/uploads\/2021\/07\/P1016228-300x168.jpg 300w, https:\/\/2l-a-velo.com\/wp-content\/uploads\/2021\/07\/P1016228-768x431.jpg 768w, https:\/\/2l-a-velo.com\/wp-content\/uploads\/2021\/07\/P1016228-900x505.jpg 900w, https:\/\/2l-a-velo.com\/wp-content\/uploads\/2021\/07\/P1016228-1280x719.jpg 1280w\" sizes=\"auto, (max-width: 1024px) 100vw, 1024px\" \/><\/figure><div class=\"wp-block-media-text__content\">\n<p>\n\nL&rsquo;int\u00e9rieur est tapiss\u00e9 de mosa\u00efques byzantines \u00e0 fond d&rsquo;or. Malgr\u00e9 les arcs romans, on est loin du style d\u00e9pouill\u00e9 de l&rsquo;occident \u00e0 cette \u00e9poque. Les \u00e9pisodes de la bible sont illustr\u00e9s avec un luxe de d\u00e9tails et quand on regarde les plafonds, on d\u00e9couvre des muqarnas (caissons en stalactites) typiques de l&rsquo;architecture islamique. C&rsquo;est extraordinaire et cela nous a rappel\u00e9 les mosa\u00efques de Ravennes.\n\n<\/p>\n<\/div><\/div>\n\n\n\n<p class=\"has-text-align-center has-white-color has-text-color has-background has-large-font-size\" style=\"background-color:#0473a3\"><strong><a href=\"https:\/\/photos.google.com\/share\/AF1QipPR6oJNpsXb0j47qr0lo8z3zASKpf7SKgf2IX_6EdTB9stL6B9sDHk4IFnabkw3ow\/photo\/AF1QipNiI8fyDmi37g1TMsB2y8cs1vb8Vab3xpl8ma0q?key=dFhjZXhnODRMRURnQWRkQURFcEtpNWRoMTRJcV9B\">Album photos de la Cappalla Palatina<\/a><\/strong><\/p>\n\n\n\n<p class=\"has-text-align-center has-white-color has-text-color has-background has-large-font-size\" style=\"background-color:#17a300\"><strong>Les Quattro Canti<\/strong><\/p>\n\n\n\n<div class=\"wp-block-media-text alignwide is-stacked-on-mobile\"><figure class=\"wp-block-media-text__media\"><img loading=\"lazy\" decoding=\"async\" width=\"1024\" height=\"577\" src=\"https:\/\/2l-a-velo.com\/wp-content\/uploads\/2021\/07\/P1109136-1024x577.jpg\" alt=\"\" class=\"wp-image-3418 size-full\" srcset=\"https:\/\/2l-a-velo.com\/wp-content\/uploads\/2021\/07\/P1109136-1024x577.jpg 1024w, https:\/\/2l-a-velo.com\/wp-content\/uploads\/2021\/07\/P1109136-300x169.jpg 300w, https:\/\/2l-a-velo.com\/wp-content\/uploads\/2021\/07\/P1109136-768x432.jpg 768w, https:\/\/2l-a-velo.com\/wp-content\/uploads\/2021\/07\/P1109136-900x507.jpg 900w, https:\/\/2l-a-velo.com\/wp-content\/uploads\/2021\/07\/P1109136-1280x721.jpg 1280w\" sizes=\"auto, (max-width: 1024px) 100vw, 1024px\" \/><\/figure><div class=\"wp-block-media-text__content\">\n<p>\n\nC&rsquo;est le carrefour historique de la ville. Son nom, les quatre Chants sous-entend les Quatre saisons. Au d\u00e9but du XVII\u00e8me si\u00e8cle, cette place divisait la ville baroque en quatre grands quartiers. On y trouve quatre b\u00e2timents de forme concave \u00e0 trois niveaux. \n\n<\/p>\n<\/div><\/div>\n\n\n\n<p> Ils sont orn\u00e9s de fontaines repr\u00e9sentant les quatre fleuves de la ville, puis au-dessus une ensemble de statues repr\u00e9sentant Eole, Venus, C\u00e9r\u00e8s et bacchus (les quatre saisons), au niveau deux, les statues de Charles Quint, Philippe II, III et IV et tout en haut les saintes patronnes de Palerme, Nymphe, Olive, Agathe et Christine. Bref, un ensemble embl\u00e9matique de Palerme.<\/p>\n\n\n\n<p class=\"has-text-align-center has-white-color has-text-color has-background has-large-font-size\" style=\"background-color:#0473a3\"><strong><a href=\"https:\/\/photos.google.com\/share\/AF1QipPQDkdAEWILzUrZiPF5sD4rcV0XIBl03qL2v3Ug36aD5yV9Du1hwuc8jopkG1JjsQ\/photo\/AF1QipOXrz9VsQ-sI48fYAI-4FabpM7Hunl1Mw4TBwCx?key=eTdJLVlHWjhkcTVCOTJTZi1lbmpBWjBhVTBDWjVB\">Quelques photos des Quattro Canti<\/a><\/strong><\/p>\n\n\n\n<p class=\"has-text-align-center has-white-color has-text-color has-background has-large-font-size\" style=\"background-color:#00a31a\"><strong>La Cath\u00e9drale<\/strong><\/p>\n\n\n\n<div class=\"wp-block-media-text alignwide has-media-on-the-right is-stacked-on-mobile\"><figure class=\"wp-block-media-text__media\"><img loading=\"lazy\" decoding=\"async\" width=\"1024\" height=\"577\" src=\"https:\/\/2l-a-velo.com\/wp-content\/uploads\/2021\/07\/P1109110-1024x577.jpg\" alt=\"\" class=\"wp-image-3421 size-full\" srcset=\"https:\/\/2l-a-velo.com\/wp-content\/uploads\/2021\/07\/P1109110-1024x577.jpg 1024w, https:\/\/2l-a-velo.com\/wp-content\/uploads\/2021\/07\/P1109110-300x169.jpg 300w, https:\/\/2l-a-velo.com\/wp-content\/uploads\/2021\/07\/P1109110-768x432.jpg 768w, https:\/\/2l-a-velo.com\/wp-content\/uploads\/2021\/07\/P1109110-900x507.jpg 900w, https:\/\/2l-a-velo.com\/wp-content\/uploads\/2021\/07\/P1109110-1280x721.jpg 1280w\" sizes=\"auto, (max-width: 1024px) 100vw, 1024px\" \/><\/figure><div class=\"wp-block-media-text__content\">\n<p class=\"has-text-align-left\"> La cath\u00e9drale fut construite au XII\u00e8me si\u00e8cle par l&rsquo;archev\u00eaque normand&nbsp;de&nbsp;Palerme, Gautier Ophamil, \u00e0 l&#8217;emplacement d&rsquo;une tr\u00e8s aancienne&nbsp;basilique&nbsp;de l&#8217;empire romain&nbsp;transform\u00e9e en&nbsp;mosqu\u00e9e&nbsp;au IX\u00e8me si\u00e8cle&nbsp;par les&nbsp;Arabes. Les tours datent des XIV\u00e8me et XV\u00e8me si\u00e8cles et le porche gothique catalan du XV\u00e8me si\u00e8cle. <\/p>\n<\/div><\/div>\n\n\n\n<p>Si l&rsquo;architecture ext\u00e9rieure est tr\u00e8s plaisante, l&rsquo;int\u00e9rieur est assez aust\u00e8re. Bien s\u00fbr, le volume est impressionnant mais apr\u00e8s la visite de la Chapelle Palatine, on reste sur sa faim !!<\/p>\n\n\n\n<p class=\"has-text-align-center has-white-color has-text-color has-background has-large-font-size\" style=\"background-color:#0372a1\"><strong><a href=\"https:\/\/photos.google.com\/share\/AF1QipOMnRpvptPIQYVLr0ufaPKMLMsJBRuhv4GPigjTcCvR09l0RsppEwA_gBb5Bd-dsQ\/photo\/AF1QipOby6TQmsEZZQ2c_bolZs4jJJItkhEbGlVYZin2?key=cXJScDZnOUh6UFBpRU54VDdQNzFwNFNTRDBERG5n\">Album photos de la Cath\u00e9drale<\/a><\/strong><\/p>\n\n\n\n<p class=\"has-text-align-center has-white-color has-text-color has-background has-large-font-size\" style=\"background-color:#00a315\"><strong>Fontaine de la Piazza Pretoria<\/strong><\/p>\n\n\n\n<div class=\"wp-block-media-text alignwide is-stacked-on-mobile\"><figure class=\"wp-block-media-text__media\"><img loading=\"lazy\" decoding=\"async\" width=\"1024\" height=\"575\" src=\"https:\/\/2l-a-velo.com\/wp-content\/uploads\/2021\/07\/P1016286-1-1024x575.jpg\" alt=\"\" class=\"wp-image-3425 size-full\" srcset=\"https:\/\/2l-a-velo.com\/wp-content\/uploads\/2021\/07\/P1016286-1-1024x575.jpg 1024w, https:\/\/2l-a-velo.com\/wp-content\/uploads\/2021\/07\/P1016286-1-300x168.jpg 300w, https:\/\/2l-a-velo.com\/wp-content\/uploads\/2021\/07\/P1016286-1-768x431.jpg 768w, https:\/\/2l-a-velo.com\/wp-content\/uploads\/2021\/07\/P1016286-1-900x505.jpg 900w, https:\/\/2l-a-velo.com\/wp-content\/uploads\/2021\/07\/P1016286-1-1280x719.jpg 1280w\" sizes=\"auto, (max-width: 1024px) 100vw, 1024px\" \/><\/figure><div class=\"wp-block-media-text__content\">\n<p> Au centre de la Piazza Pretoria entour\u00e9e d&rsquo;\u00e9glises et de palais, tr\u00f4ne une grande fontaine datant de 1555 et destin\u00e9e, \u00e0 l&rsquo;origine pour une villa de Florence. <\/p>\n<\/div><\/div>\n\n\n\n<p>Cette fontaine fit scandale et a longtemps \u00e9t\u00e9 surnomm\u00e9e \u00ab\u00a0la fontaine de la honte\u00a0\u00bb. Les religieuses du couvent voisin, \u00e9pouvant\u00e9es par la pr\u00e9cision des statues masculines, envisag\u00e8rent de les \u00e9masculer mais, finalement, se content\u00e8rent de leur couper&#8230; le nez ! Les nez ont \u00e9t\u00e9 remis en place, mais les p\u00e9nis, eux, sont bizarrement tomb\u00e9s ! Nous avons v\u00e9rifi\u00e9, c&rsquo;est juste !<\/p>\n\n\n\n<p class=\"has-text-align-center has-white-color has-text-color has-background has-large-font-size\" style=\"background-color:#0577a8\"><strong><a href=\"https:\/\/photos.google.com\/share\/AF1QipMHQ4o89dxEwoo313J_BOA5K7D0rcB4l86mp_1cVxgsEcKFpfJ1aCAd9shwyl1HQg\/photo\/AF1QipPNne_LLdElPaIfp3PYBQwy15_WL9ERfB6MHcsT?key=SlZOdlg5X1VtRDkwMWxZeGp5bS0ySzVGY2xnckZn\">Album photos de la fontaine de la piazza Pretoria<\/a><\/strong><\/p>\n\n\n\n<p class=\"has-text-align-center has-white-color has-text-color has-background has-large-font-size\" style=\"background-color:#21a300\"><strong>La Chiesa del Ges\u00f9<\/strong><\/p>\n\n\n\n<div class=\"wp-block-media-text alignwide has-media-on-the-right is-stacked-on-mobile\"><figure class=\"wp-block-media-text__media\"><img loading=\"lazy\" decoding=\"async\" width=\"1024\" height=\"577\" src=\"https:\/\/2l-a-velo.com\/wp-content\/uploads\/2021\/07\/P1109150-1024x577.jpg\" alt=\"\" class=\"wp-image-3430 size-full\" srcset=\"https:\/\/2l-a-velo.com\/wp-content\/uploads\/2021\/07\/P1109150-1024x577.jpg 1024w, https:\/\/2l-a-velo.com\/wp-content\/uploads\/2021\/07\/P1109150-300x169.jpg 300w, https:\/\/2l-a-velo.com\/wp-content\/uploads\/2021\/07\/P1109150-768x432.jpg 768w, https:\/\/2l-a-velo.com\/wp-content\/uploads\/2021\/07\/P1109150-900x507.jpg 900w, https:\/\/2l-a-velo.com\/wp-content\/uploads\/2021\/07\/P1109150-1280x721.jpg 1280w\" sizes=\"auto, (max-width: 1024px) 100vw, 1024px\" \/><\/figure><div class=\"wp-block-media-text__content\">\n<p>\n\nC&rsquo;est l&rsquo;une des \u00e9glises les plus exemplaires en mati\u00e8re de baroque sicilien. Elle est toute de stuc et de petits anges. On aime ou pas, nous, nous avons bien aim\u00e9.\n\n<\/p>\n<\/div><\/div>\n\n\n\n<p class=\"has-text-align-center has-white-color has-text-color has-background has-large-font-size\" style=\"background-color:#0474a4\"><strong><a href=\"https:\/\/photos.google.com\/share\/AF1QipN-wKJTy8g4yr8NRT9bXVKXh1LIzxwhwmeQ2c2ibTSRQcW0MuwEN6Xv4NDfe4BEvQ\/photo\/AF1QipOtHJ1hCn681JDFNoJL-DTz-GaKoE2hzWg-k6j5?key=Q0ZrT0JGMVRseG9sR0w3TFROTGRPM3J1V01GZUxB\">Album photos de la chiesa del Ges\u00f9<\/a><\/strong><\/p>\n\n\n\n<p class=\"has-text-align-center has-white-color has-text-color has-background has-large-font-size\" style=\"background-color:#00a30b\"><strong>Au march\u00e9 Ballaro <\/strong><\/p>\n\n\n\n<p>Entre \u00e9tals de fruits et l\u00e9gumes, de poissons, de barbecues fumants, le tout domin\u00e9 par les voix puissantes des vendeurs, c&rsquo;est un vrai bain populaire. <\/p>\n\n\n\n<div class=\"wp-block-media-text alignwide is-stacked-on-mobile\"><figure class=\"wp-block-media-text__media\"><img loading=\"lazy\" decoding=\"async\" width=\"1024\" height=\"577\" src=\"https:\/\/2l-a-velo.com\/wp-content\/uploads\/2021\/07\/P1109155-1024x577.jpg\" alt=\"\" class=\"wp-image-3437 size-full\" srcset=\"https:\/\/2l-a-velo.com\/wp-content\/uploads\/2021\/07\/P1109155-1024x577.jpg 1024w, https:\/\/2l-a-velo.com\/wp-content\/uploads\/2021\/07\/P1109155-300x169.jpg 300w, https:\/\/2l-a-velo.com\/wp-content\/uploads\/2021\/07\/P1109155-768x432.jpg 768w, https:\/\/2l-a-velo.com\/wp-content\/uploads\/2021\/07\/P1109155-900x507.jpg 900w, https:\/\/2l-a-velo.com\/wp-content\/uploads\/2021\/07\/P1109155-1280x721.jpg 1280w\" sizes=\"auto, (max-width: 1024px) 100vw, 1024px\" \/><\/figure><div class=\"wp-block-media-text__content\">\n<p>\n\nOn se posera \u00e0 la \u00ab\u00a0terrasse\u00a0\u00bb  d&rsquo;un de ces restaurants de rues pour go\u00fbter les arancini, ces boulettes de riz fourr\u00e9es. Ce quartier accueille les visiteurs \u00e9trangers depuis toujours et la tradition est respect\u00e9e.\n\n<\/p>\n<\/div><\/div>\n\n\n\n<p class=\"has-text-align-center has-white-color has-text-color has-background has-large-font-size\" style=\"background-color:#036c9a\"><strong><a href=\"https:\/\/photos.google.com\/share\/AF1QipP45YUxIcq0mbA-YbuOU-muaQ3_lvrUnmtHbGktOaKcxj0MBQi7FbEQWAtT5Ndhlg\/photo\/AF1QipMmr18cvzF4Cxt7FB1kran4EihY_nzsQcdg00do?key=WHNxdkR1Q2JqdFRSVnVqcTJJQ1V2c2pGRzFyR2Nn\">Album photos du march\u00e9 Ballaro<\/a><\/strong><\/p>\n\n\n\n<p><em>Nous n&rsquo;avions pas une image tr\u00e8s positive de Palerme en y arrivant. Et pourtant, nous repartirons avec le souvenir d&rsquo;une ville attachante, riche de ses monuments, o\u00f9 l&rsquo;on se sent en s\u00e9curit\u00e9 autant qu&rsquo;ailleurs. Bref, une ville qu&rsquo;il faut voir et prendre le temps de visiter. Nous sommes d&rsquo;ailleurs contents d&rsquo;y revenir dans quelques semaines !!!<\/em><\/p>\n","protected":false},"excerpt":{"rendered":"<p>6 et 7 juillet Le jour se l\u00e8ve lorsque le ferry accoste \u00e0 Palerme. Nous ne dormons pas trop bien dans ces bateaux. Sans cabine, ce n&rsquo;est pas bien confortable ! Nous d\u00e9cidons de rejoindre le camping de Sferracavallo et de revenir visiter Palerme demain mais en bus !!! Quand on voit comment cela circule, [&hellip;]<\/p>\n","protected":false},"author":1,"featured_media":0,"parent":2997,"menu_order":1,"comment_status":"open","ping_status":"closed","template":"","meta":{"jetpack_post_was_ever_published":false,"footnotes":""},"class_list":["post-3383","page","type-page","status-publish","hentry"],"jetpack_likes_enabled":true,"jetpack_sharing_enabled":true,"_links":{"self":[{"href":"https:\/\/2l-a-velo.com\/index.php?rest_route=\/wp\/v2\/pages\/3383","targetHints":{"allow":["GET"]}}],"collection":[{"href":"https:\/\/2l-a-velo.com\/index.php?rest_route=\/wp\/v2\/pages"}],"about":[{"href":"https:\/\/2l-a-velo.com\/index.php?rest_route=\/wp\/v2\/types\/page"}],"author":[{"embeddable":true,"href":"https:\/\/2l-a-velo.com\/index.php?rest_route=\/wp\/v2\/users\/1"}],"replies":[{"embeddable":true,"href":"https:\/\/2l-a-velo.com\/index.php?rest_route=%2Fwp%2Fv2%2Fcomments&post=3383"}],"version-history":[{"count":64,"href":"https:\/\/2l-a-velo.com\/index.php?rest_route=\/wp\/v2\/pages\/3383\/revisions"}],"predecessor-version":[{"id":4792,"href":"https:\/\/2l-a-velo.com\/index.php?rest_route=\/wp\/v2\/pages\/3383\/revisions\/4792"}],"up":[{"embeddable":true,"href":"https:\/\/2l-a-velo.com\/index.php?rest_route=\/wp\/v2\/pages\/2997"}],"wp:attachment":[{"href":"https:\/\/2l-a-velo.com\/index.php?rest_route=%2Fwp%2Fv2%2Fmedia&parent=3383"}],"curies":[{"name":"wp","href":"https:\/\/api.w.org\/{rel}","templated":true}]}}