{"id":3561,"date":"2021-07-20T08:00:03","date_gmt":"2021-07-20T06:00:03","guid":{"rendered":"http:\/\/2l-a-velo.com\/?page_id=3561"},"modified":"2022-03-14T12:02:43","modified_gmt":"2022-03-14T11:02:43","slug":"de-marsala-a-eraclea-minoa","status":"publish","type":"page","link":"https:\/\/2l-a-velo.com\/?page_id=3561","title":{"rendered":"De Marsala \u00e0 Eraclea Minoa"},"content":{"rendered":"\n<div class=\"wp-block-media-text alignwide is-stacked-on-mobile\"><figure class=\"wp-block-media-text__media\"><img loading=\"lazy\" decoding=\"async\" width=\"1024\" height=\"577\" src=\"https:\/\/2l-a-velo.com\/wp-content\/uploads\/2021\/07\/P1109650-1024x577.jpg\" alt=\"\" class=\"wp-image-3599 size-full\" srcset=\"https:\/\/2l-a-velo.com\/wp-content\/uploads\/2021\/07\/P1109650-1024x577.jpg 1024w, https:\/\/2l-a-velo.com\/wp-content\/uploads\/2021\/07\/P1109650-300x169.jpg 300w, https:\/\/2l-a-velo.com\/wp-content\/uploads\/2021\/07\/P1109650-768x432.jpg 768w, https:\/\/2l-a-velo.com\/wp-content\/uploads\/2021\/07\/P1109650-900x507.jpg 900w, https:\/\/2l-a-velo.com\/wp-content\/uploads\/2021\/07\/P1109650-1280x721.jpg 1280w\" sizes=\"auto, (max-width: 1024px) 100vw, 1024px\" \/><\/figure><div class=\"wp-block-media-text__content\">\n<p class=\"has-text-align-center has-large-font-size\"><strong>Du 15 au 17 juillet <\/strong><\/p>\n<\/div><\/div>\n\n\n\n<p class=\"has-text-align-center has-white-color has-text-color has-background has-large-font-size\" style=\"background-color:#00a333\"><strong>Itin\u00e9raire<\/strong><\/p>\n\n\n\n<iframe loading=\"lazy\" src=\"https:\/\/www.google.com\/maps\/d\/embed?mid=1OavvRXQyqdW0vWcJHGIvS0XBNwLN2FOd\" width=\"640\" height=\"480\"><\/iframe>\n\n\n\n<p class=\"has-text-align-center has-white-color has-text-color has-background has-large-font-size\" style=\"background-color:#00a31a\"><strong>De Marsala \u00e0 Mazara del Vallo<\/strong><\/p>\n\n\n\n<div class=\"wp-block-media-text alignwide is-stacked-on-mobile\"><figure class=\"wp-block-media-text__media\"><img loading=\"lazy\" decoding=\"async\" width=\"1024\" height=\"575\" src=\"https:\/\/2l-a-velo.com\/wp-content\/uploads\/2021\/07\/P1016715-1024x575.jpg\" alt=\"\" class=\"wp-image-3590 size-full\" srcset=\"https:\/\/2l-a-velo.com\/wp-content\/uploads\/2021\/07\/P1016715-1024x575.jpg 1024w, https:\/\/2l-a-velo.com\/wp-content\/uploads\/2021\/07\/P1016715-300x168.jpg 300w, https:\/\/2l-a-velo.com\/wp-content\/uploads\/2021\/07\/P1016715-768x431.jpg 768w, https:\/\/2l-a-velo.com\/wp-content\/uploads\/2021\/07\/P1016715-900x505.jpg 900w, https:\/\/2l-a-velo.com\/wp-content\/uploads\/2021\/07\/P1016715-1280x719.jpg 1280w\" sizes=\"auto, (max-width: 1024px) 100vw, 1024px\" \/><\/figure><div class=\"wp-block-media-text__content\">\n<p>\n\nNous suivons la route de la c\u00f4te au niveau de Marsala. La partie que nous traversons n&rsquo;est pas tr\u00e8s glamour ! Nous passons au capo Lilybeo, pointe \u00e0 l&rsquo;extr\u00eame ouest de la Sicile.\n\n<\/p>\n<\/div><\/div>\n\n\n\n<p>Bien que Marsala soit r\u00e9put\u00e9 pour son vin, nous ne nous y arr\u00eaterons pratiquement pas !!! Nous poursuivrons le long de la c\u00f4te sur une route bien agr\u00e9able. La vigne se fait plus pr\u00e9sente et, chose originale, les tracteurs sont munis, non pas de roues, mais de chenilles !!!<\/p>\n\n\n\n<p class=\"has-text-align-center has-white-color has-text-color has-background has-large-font-size\" style=\"background-color:#0375a6\"><strong><a href=\"https:\/\/photos.google.com\/share\/AF1QipMSMB3UllBJZ8hZ4_sG-YEHHp1Si9JodfSI_atAZM3oaImnmdECa0XrkD3jpnDO7Q\/photo\/AF1QipNG0gPKT_9zzr3tq3mD5A3sWYZrbSit00vZYBQb?key=Q0V5b2ZWWnBqTlotMEVJLTVqMEltenFfQ1JoQTBn\">Album photo de Marsala \u00e0 Mazara del Vallo<\/a><\/strong><\/p>\n\n\n\n<p class=\"has-text-align-center has-white-color has-text-color has-background has-large-font-size\" style=\"background-color:#08a300\"><strong>Mazara del Vallo<\/strong><\/p>\n\n\n\n<p>Une jolie ville que Mazara del Vallo. Pour nous pas de chance pour visiter les deux plus belles \u00e9glises de la ville : ferm\u00e9es en d\u00e9but d&rsquo;apr\u00e8s-midi et nous ne pouvons attendre le soir ! Ouf, il y a un mariage \u00e0 la cath\u00e9drale et elle est ouverte ! <\/p>\n\n\n\n<div class=\"wp-block-media-text alignwide has-media-on-the-right is-stacked-on-mobile\"><figure class=\"wp-block-media-text__media\"><img loading=\"lazy\" decoding=\"async\" width=\"1024\" height=\"577\" src=\"https:\/\/2l-a-velo.com\/wp-content\/uploads\/2021\/07\/P1109587-1024x577.jpg\" alt=\"\" class=\"wp-image-3595 size-full\" srcset=\"https:\/\/2l-a-velo.com\/wp-content\/uploads\/2021\/07\/P1109587-1024x577.jpg 1024w, https:\/\/2l-a-velo.com\/wp-content\/uploads\/2021\/07\/P1109587-300x169.jpg 300w, https:\/\/2l-a-velo.com\/wp-content\/uploads\/2021\/07\/P1109587-768x432.jpg 768w, https:\/\/2l-a-velo.com\/wp-content\/uploads\/2021\/07\/P1109587-900x507.jpg 900w, https:\/\/2l-a-velo.com\/wp-content\/uploads\/2021\/07\/P1109587-1280x721.jpg 1280w\" sizes=\"auto, (max-width: 1024px) 100vw, 1024px\" \/><\/figure><div class=\"wp-block-media-text__content\">\n<p> Tr\u00e8s belle place de la R\u00e9publique bord\u00e9e par la cath\u00e9drale, l&rsquo;ancien s\u00e9minaire et sa double galerie, le palazzo Vesovile et sa logia grillag\u00e9e et le b\u00e2timent de la mairie dont on ne dira rien !  Dans le parc voisin poussent des arbres \u00e9normes.  <\/p>\n<\/div><\/div>\n\n\n\n<p>Mazara del Vallo est une ancienne cit\u00e9 ph\u00e9nicienne occup\u00e9e ensuite par les Grecs, les Carthaginois, les Romains, les Byzantins et les Arabes. Les Normands y \u00e9tablissent leur premier parlement en 1097 ainsi que le plus vieil \u00e9v\u00each\u00e9 de Sicile.<\/p>\n\n\n\n<p class=\"has-text-align-center has-white-color has-text-color has-background has-large-font-size\" style=\"background-color:#0271a1\"><strong><a href=\"https:\/\/photos.google.com\/share\/AF1QipN5OZayBxAY2fp3jgPynT8F09fK-CpSAohpHx4-3S1tyNhJjG-toXZGfE-oxtFtOw\/photo\/AF1QipPWRCHMGcyzHGX2RspINWrPvQY18WeAzp40wjjJ?key=S05talhjSGZKbEI3RjN3aDRoRGpBb1BEcE9pbHp3\">Album photos Mazara del Vallo<\/a><\/strong><\/p>\n\n\n\n<p class=\"has-text-align-center has-white-color has-text-color has-background has-large-font-size\" style=\"background-color:#00a31a\"><strong>De Mazara del Vallo \u00e0 Lido fiori<\/strong><\/p>\n\n\n\n<div class=\"wp-block-media-text alignwide is-stacked-on-mobile\"><figure class=\"wp-block-media-text__media\"><img loading=\"lazy\" decoding=\"async\" width=\"1024\" height=\"575\" src=\"https:\/\/2l-a-velo.com\/wp-content\/uploads\/2021\/07\/P1016765-1024x575.jpg\" alt=\"\" class=\"wp-image-3597 size-full\" srcset=\"https:\/\/2l-a-velo.com\/wp-content\/uploads\/2021\/07\/P1016765-1024x575.jpg 1024w, https:\/\/2l-a-velo.com\/wp-content\/uploads\/2021\/07\/P1016765-300x168.jpg 300w, https:\/\/2l-a-velo.com\/wp-content\/uploads\/2021\/07\/P1016765-768x431.jpg 768w, https:\/\/2l-a-velo.com\/wp-content\/uploads\/2021\/07\/P1016765-900x505.jpg 900w, https:\/\/2l-a-velo.com\/wp-content\/uploads\/2021\/07\/P1016765-1280x719.jpg 1280w\" sizes=\"auto, (max-width: 1024px) 100vw, 1024px\" \/><\/figure><div class=\"wp-block-media-text__content\">\n<p> Apr\u00e8s avoir suivi une c\u00f4te sauvage, plus rocheuse, nous p\u00e9n\u00e9trons dans la Sicile agricole. C&rsquo;est bien s\u00fbr la vigne (vin de Marsala oblige) mais \u00e9galement l&rsquo;olivier, l&rsquo;oranger, l&rsquo;amandier et aussi des c\u00e9r\u00e9ales.  <\/p>\n<\/div><\/div>\n\n\n\n<p>Une route en travaux nous oblige \u00e0 circuler sur la grande route o\u00f9, comme on peut s&rsquo;en douter, cela roule tr\u00e8s fort. Donc prudence, surtout avec le vent qui a tendance \u00e0 se lever l&rsquo;apr\u00e8s-midi.<\/p>\n\n\n\n<p class=\"has-text-align-center has-white-color has-text-color has-background has-large-font-size\" style=\"background-color:#0373a3\"><strong><a href=\"https:\/\/photos.google.com\/share\/AF1QipNLlZiuDRpUW_rMyZudPw2d5pPULsWBXqO_anttlSWJqbsPmxN9k2z5-GzlZr2lMw\/photo\/AF1QipNmfgjwRRfH9U63-BKKtHmHmR3mcUe84ml44MYE?key=ZXhCczJhNU5BV2ZaZ0NfdVV2Sm8yeTE0NVFHNzZR\">Album photo de Mazara del Vallo \u00e0 Lido Fiori<\/a><\/strong><\/p>\n\n\n\n<p class=\"has-text-align-center has-white-color has-text-color has-background has-large-font-size\" style=\"background-color:#00a315\"><strong>Selinonte<\/strong><\/p>\n\n\n\n<p>Selinonte est une ancienne cit\u00e9 grecque fond\u00e9e au VII\u00e8me si\u00e8cle AV JC et qui a compt\u00e9 jusqu&rsquo;\u00e0 30 000 habitants \u00e0 son apog\u00e9e ! Le site sera partellement occup\u00e9 \u00e0 l&rsquo;\u00e9poque romaine et byzantine et au d\u00e9but du Moyen-Age. Un tremblement de terre finira de d\u00e9truire les reste de la cit\u00e9 antique. Pour \u00e9viter le pillage des pierres, un parc arch\u00e9ologique est cr\u00e9\u00e9 dans les ann\u00e9es 1980.  <\/p>\n\n\n\n<div class=\"wp-block-media-text alignwide has-media-on-the-right is-stacked-on-mobile\"><figure class=\"wp-block-media-text__media\"><img loading=\"lazy\" decoding=\"async\" width=\"1024\" height=\"575\" src=\"https:\/\/2l-a-velo.com\/wp-content\/uploads\/2021\/07\/P1016805-1024x575.jpg\" alt=\"\" class=\"wp-image-3592 size-full\" srcset=\"https:\/\/2l-a-velo.com\/wp-content\/uploads\/2021\/07\/P1016805-1024x575.jpg 1024w, https:\/\/2l-a-velo.com\/wp-content\/uploads\/2021\/07\/P1016805-300x168.jpg 300w, https:\/\/2l-a-velo.com\/wp-content\/uploads\/2021\/07\/P1016805-768x431.jpg 768w, https:\/\/2l-a-velo.com\/wp-content\/uploads\/2021\/07\/P1016805-900x505.jpg 900w, https:\/\/2l-a-velo.com\/wp-content\/uploads\/2021\/07\/P1016805-1280x719.jpg 1280w\" sizes=\"auto, (max-width: 1024px) 100vw, 1024px\" \/><\/figure><div class=\"wp-block-media-text__content\">\n<p> Le site comporte dix temples r\u00e9partis sur quatre grandes zones. Le temple E consacr\u00e9 \u00e0 H\u00e9ra est le mieux conserv\u00e9.  A noter que ce parc couvre 270 ha et est plus grand que le site de Paestum en Campanie que nous avions visit\u00e9 en 2018. <\/p>\n<\/div><\/div>\n\n\n\n<p class=\"has-text-align-center has-white-color has-text-color has-background has-large-font-size\" style=\"background-color:#0476a6\"><strong><a href=\"https:\/\/photos.google.com\/share\/AF1QipMv1AGRL9VxqWg0FjrTAM-xr8BjlC-_Ratfe1IuZROPg4K3RTgx8lzkhd6_RUqIcw\/photo\/AF1QipO6lkm1L0dVlHSLr11DZ7qWQbLakeidfIaUiYTL?key=dmdWOGhUNjdGQVY0Tl9nc3FLWjBnNE1FNHd3MWRB\">Album photos Selinonte<\/a><\/strong><\/p>\n\n\n\n<p class=\"has-text-align-center has-white-color has-text-color has-background has-large-font-size\" style=\"background-color:#00a30b\"><strong>De Selinunte \u00e0 Eraclea Minoa<\/strong><\/p>\n\n\n\n<div class=\"wp-block-media-text alignwide is-stacked-on-mobile\"><figure class=\"wp-block-media-text__media\"><img loading=\"lazy\" decoding=\"async\" width=\"1024\" height=\"577\" src=\"https:\/\/2l-a-velo.com\/wp-content\/uploads\/2021\/07\/P1109653-1024x577.jpg\" alt=\"\" class=\"wp-image-3580 size-full\" srcset=\"https:\/\/2l-a-velo.com\/wp-content\/uploads\/2021\/07\/P1109653-1024x577.jpg 1024w, https:\/\/2l-a-velo.com\/wp-content\/uploads\/2021\/07\/P1109653-300x169.jpg 300w, https:\/\/2l-a-velo.com\/wp-content\/uploads\/2021\/07\/P1109653-768x432.jpg 768w, https:\/\/2l-a-velo.com\/wp-content\/uploads\/2021\/07\/P1109653-900x507.jpg 900w, https:\/\/2l-a-velo.com\/wp-content\/uploads\/2021\/07\/P1109653-1280x721.jpg 1280w\" sizes=\"auto, (max-width: 1024px) 100vw, 1024px\" \/><\/figure><div class=\"wp-block-media-text__content\">\n<p> Nous empruntons une petite route qui musarde dans la campagne et tombons, par hasard, sur une piste cyclable. Aucune indication de direction mais nous nous disons qu&rsquo;elle doit nous mener \u00e0 Sciacca (c&rsquo;est ce qu&rsquo;on nous avait dit au camping) ! Ce fut s\u00fbrement une belle piste mais par manque d&rsquo;entretien, le rev\u00eatement se d\u00e9grade par endroits et les barri\u00e8res tombent. <\/p>\n<\/div><\/div>\n\n\n\n<p> Puis, fin du goudron, cela devient une piste terreuse qui nous conduit au milieu des champs. Nous apercevons la route mais surprise, la sortie est ferm\u00e9e par un portail cadenass\u00e9. De chaque c\u00f4t\u00e9 un foss\u00e9 !!! Un petit passage nous permet de passer les v\u00e9los en s&rsquo;y mettant \u00e0 deux et en prenant garde que les v\u00e9los ne finissent pas au fond du foss\u00e9 !!!<\/p>\n\n\n\n<div class=\"wp-block-media-text alignwide has-media-on-the-right is-stacked-on-mobile\"><figure class=\"wp-block-media-text__media\"><img loading=\"lazy\" decoding=\"async\" width=\"1024\" height=\"305\" src=\"https:\/\/2l-a-velo.com\/wp-content\/uploads\/2021\/07\/P1016821-Panorama-1024x305.jpg\" alt=\"\" class=\"wp-image-3582 size-full\" srcset=\"https:\/\/2l-a-velo.com\/wp-content\/uploads\/2021\/07\/P1016821-Panorama-1024x305.jpg 1024w, https:\/\/2l-a-velo.com\/wp-content\/uploads\/2021\/07\/P1016821-Panorama-300x89.jpg 300w, https:\/\/2l-a-velo.com\/wp-content\/uploads\/2021\/07\/P1016821-Panorama-768x229.jpg 768w, https:\/\/2l-a-velo.com\/wp-content\/uploads\/2021\/07\/P1016821-Panorama-900x268.jpg 900w, https:\/\/2l-a-velo.com\/wp-content\/uploads\/2021\/07\/P1016821-Panorama-1280x381.jpg 1280w\" sizes=\"auto, (max-width: 1024px) 100vw, 1024px\" \/><\/figure><div class=\"wp-block-media-text__content\">\n<p> Nous arrivons \u00e0 Sciacca dont l&rsquo;entr\u00e9e n&rsquo;incite pas \u00e0 la visite mais finalement, si l&rsquo;on grimpe dans la vieille ville, c&rsquo;est assez joli avec de belles vues sur la mer et le port. <\/p>\n<\/div><\/div>\n\n\n\n<p> Sur la place de la cath\u00e9drale, nous rencontrerons un couple de Fran\u00e7ais \u00e0 qui nous faisons envie. Ils aimeraient bien voyager \u00e0 v\u00e9lo. Plus loin, ce sont d&rsquo;autres Fran\u00e7ais dont une des dames vit en Sicile. Ils nous donnent leur num\u00e9ro de t\u00e9l\u00e9phone au cas o\u00f9 nous aurions un probl\u00e8me. Nous finirons la journ\u00e9e en p\u00e9dalant sur la grande route. Si les v\u00e9hicules roulent vite, ils ne sont pas l\u00e9gion, de plus le rev\u00eatement est impeccable et il y a une bande d&rsquo;arr\u00eat d&rsquo;urgence.<\/p>\n\n\n\n<div class=\"wp-block-media-text alignwide is-stacked-on-mobile\"><figure class=\"wp-block-media-text__media\"><img loading=\"lazy\" decoding=\"async\" width=\"1024\" height=\"577\" src=\"https:\/\/2l-a-velo.com\/wp-content\/uploads\/2021\/07\/P1109695-1024x577.jpg\" alt=\"\" class=\"wp-image-3588 size-full\" srcset=\"https:\/\/2l-a-velo.com\/wp-content\/uploads\/2021\/07\/P1109695-1024x577.jpg 1024w, https:\/\/2l-a-velo.com\/wp-content\/uploads\/2021\/07\/P1109695-300x169.jpg 300w, https:\/\/2l-a-velo.com\/wp-content\/uploads\/2021\/07\/P1109695-768x432.jpg 768w, https:\/\/2l-a-velo.com\/wp-content\/uploads\/2021\/07\/P1109695-900x507.jpg 900w, https:\/\/2l-a-velo.com\/wp-content\/uploads\/2021\/07\/P1109695-1280x721.jpg 1280w\" sizes=\"auto, (max-width: 1024px) 100vw, 1024px\" \/><\/figure><div class=\"wp-block-media-text__content\">\n<p> Par une mont\u00e9e bien raide et une descente \u00ab\u00a0raidar\u00a0\u00bb (12%) nous gagnons le petit village de Ericlea Minoa et ses blanches falaises (ce n&rsquo;est pas Etretat mais c&rsquo;est joli !)  <\/p>\n<\/div><\/div>\n\n\n\n<p class=\"has-text-align-center has-white-color has-text-color has-background has-large-font-size\" style=\"background-color:#0375a6\"><strong><a href=\"https:\/\/photos.google.com\/share\/AF1QipPB0NaOFJIdIwNz4UanMWYJqsyhe3TwBoYi5FGOlkoEOn-okaSDE8lpTmbp2JLFaQ\/photo\/AF1QipMi7JBTr4h9omBy6Q8kAlkUtPqY8m1YaMNSWKfJ?key=ZjZFVHZMaTJXM19WbUtfZUhBU1NrUWV4R2FHMzJR\">Album photos de Selinunte \u00e0 Eraclea Minoa<\/a><\/strong><\/p>\n","protected":false},"excerpt":{"rendered":"<p>Du 15 au 17 juillet Itin\u00e9raire De Marsala \u00e0 Mazara del Vallo Nous suivons la route de la c\u00f4te au niveau de Marsala. La partie que nous traversons n&rsquo;est pas tr\u00e8s glamour ! Nous passons au capo Lilybeo, pointe \u00e0 l&rsquo;extr\u00eame ouest de la Sicile. Bien que Marsala soit r\u00e9put\u00e9 pour son vin, nous ne [&hellip;]<\/p>\n","protected":false},"author":1,"featured_media":0,"parent":2997,"menu_order":3,"comment_status":"open","ping_status":"closed","template":"","meta":{"jetpack_post_was_ever_published":false,"footnotes":""},"class_list":["post-3561","page","type-page","status-publish","hentry"],"jetpack_likes_enabled":true,"jetpack_sharing_enabled":true,"_links":{"self":[{"href":"https:\/\/2l-a-velo.com\/index.php?rest_route=\/wp\/v2\/pages\/3561","targetHints":{"allow":["GET"]}}],"collection":[{"href":"https:\/\/2l-a-velo.com\/index.php?rest_route=\/wp\/v2\/pages"}],"about":[{"href":"https:\/\/2l-a-velo.com\/index.php?rest_route=\/wp\/v2\/types\/page"}],"author":[{"embeddable":true,"href":"https:\/\/2l-a-velo.com\/index.php?rest_route=\/wp\/v2\/users\/1"}],"replies":[{"embeddable":true,"href":"https:\/\/2l-a-velo.com\/index.php?rest_route=%2Fwp%2Fv2%2Fcomments&post=3561"}],"version-history":[{"count":33,"href":"https:\/\/2l-a-velo.com\/index.php?rest_route=\/wp\/v2\/pages\/3561\/revisions"}],"predecessor-version":[{"id":4793,"href":"https:\/\/2l-a-velo.com\/index.php?rest_route=\/wp\/v2\/pages\/3561\/revisions\/4793"}],"up":[{"embeddable":true,"href":"https:\/\/2l-a-velo.com\/index.php?rest_route=\/wp\/v2\/pages\/2997"}],"wp:attachment":[{"href":"https:\/\/2l-a-velo.com\/index.php?rest_route=%2Fwp%2Fv2%2Fmedia&parent=3561"}],"curies":[{"name":"wp","href":"https:\/\/api.w.org\/{rel}","templated":true}]}}