{"id":401,"date":"2019-05-04T18:02:00","date_gmt":"2019-05-04T16:02:00","guid":{"rendered":"http:\/\/2l-a-velo.com\/?page_id=401"},"modified":"2022-12-06T09:09:03","modified_gmt":"2022-12-06T08:09:03","slug":"prevision-ditineraire-en-cours-de-realisation","status":"publish","type":"page","link":"https:\/\/2l-a-velo.com\/?page_id=401","title":{"rendered":"Itin\u00e9raire"},"content":{"rendered":"\n<p class=\"has-text-align-center has-white-color has-accent-background-color has-text-color has-background has-large-font-size\"><strong>Itin\u00e9raire g\u00e9n\u00e9ral<\/strong><\/p>\n\n\n\n<figure><iframe loading=\"lazy\" src=\"https:\/\/www.google.com\/maps\/d\/embed?mid=1HfpIRLOKx6HkTpKbed6KX8bcG6F6CKr4\" width=\"640\" height=\"480\"><\/iframe><\/figure>\n\n\n\n<p class=\"has-text-align-center has-white-color has-accent-background-color has-text-color has-background\"><strong>Vous trouverez ci -dessous, par pays, l&rsquo;ensemble de l&rsquo;itin\u00e9raire que nous avons parcouru \u00e0 ce jour.<\/strong> <\/p>\n\n\n\n<p class=\"has-text-align-center has-text-color\" style=\"color:#f30808\"><strong><a href=\"https:\/\/2l-a-velo.com\/?page_id=767\">Itin\u00e9raire en Colombie<\/a><\/strong> <strong><a href=\"https:\/\/2l-a-velo.com\/?page_id=767\">(cliquez)<\/a><\/strong> <\/p>\n\n\n\n<p class=\"has-text-align-center has-white-background-color has-text-color has-background\" style=\"color:#f80707\"><strong><a href=\"https:\/\/2l-a-velo.com\/?page_id=973\">Itin\u00e9raire en Equateur<\/a><\/strong> <strong><a href=\"https:\/\/2l-a-velo.com\/?page_id=973\">(cliquez)<\/a><\/strong> <\/p>\n\n\n\n<p class=\"has-text-align-center has-white-background-color has-text-color has-background\" style=\"color:#f80505\"><strong><a href=\"https:\/\/2l-a-velo.com\/?page_id=1649\">Itin\u00e9raire au P\u00e9rou<\/a><\/strong> <strong><a href=\"https:\/\/2l-a-velo.com\/?page_id=1649\">(cliquez)<\/a><\/strong>   <\/p>\n\n\n\n<p class=\"has-text-align-center has-white-background-color has-text-color has-background\" style=\"color:#f80c04\"><strong><a href=\"https:\/\/2l-a-velo.com\/?page_id=1919\">Itin\u00e9raire en Bolivie<\/a><\/strong><a href=\"https:\/\/2l-a-velo.com\/?page_id=1919\"> <\/a><strong><a href=\"https:\/\/2l-a-velo.com\/?page_id=1919\">(cliquez)<\/a><\/strong><a href=\"https:\/\/2l-a-velo.com\/?page_id=1919\"> <\/a><\/p>\n\n\n\n<p class=\"has-text-align-center has-text-color\" style=\"color:#fb0606\"><strong><a href=\"https:\/\/2l-a-velo.com\/?page_id=2086\">Itin\u00e9raire au Chili, premi\u00e8re partie<\/a><\/strong> <strong><a href=\"https:\/\/2l-a-velo.com\/?page_id=2086\">(cliquez)<\/a><\/strong> <\/p>\n\n\n\n<p class=\"has-text-align-center has-text-color\" style=\"color:#fd0303\"><strong><a href=\"https:\/\/2l-a-velo.com\/?page_id=2850\">Itin\u00e9raire en Argentine <\/a><\/strong><a href=\"https:\/\/2l-a-velo.com\/?page_id=2850\"> <\/a><strong><a href=\"https:\/\/2l-a-velo.com\/?page_id=2850\">(cliquez)<\/a><\/strong><a href=\"https:\/\/2l-a-velo.com\/?page_id=2850\"> <\/a><\/p>\n\n\n\n<p class=\"has-text-align-center has-text-color\" style=\"color:#fd0303\"><strong><a href=\"https:\/\/2l-a-velo.com\/?page_id=2609\">Itin\u00e9raire au Chili, deuxi\u00e8me partie (cliquez)<\/a><\/strong><\/p>\n","protected":false},"excerpt":{"rendered":"<p>Itin\u00e9raire g\u00e9n\u00e9ral Vous trouverez ci -dessous, par pays, l&rsquo;ensemble de l&rsquo;itin\u00e9raire que nous avons parcouru \u00e0 ce jour. Itin\u00e9raire en Colombie (cliquez) Itin\u00e9raire en Equateur (cliquez) Itin\u00e9raire au P\u00e9rou (cliquez) Itin\u00e9raire en Bolivie (cliquez) Itin\u00e9raire au Chili, premi\u00e8re partie (cliquez) Itin\u00e9raire en Argentine (cliquez) Itin\u00e9raire au Chili, deuxi\u00e8me partie (cliquez)<\/p>\n","protected":false},"author":1,"featured_media":0,"parent":120,"menu_order":-1,"comment_status":"open","ping_status":"closed","template":"","meta":{"jetpack_post_was_ever_published":false,"footnotes":""},"class_list":["post-401","page","type-page","status-publish","hentry"],"jetpack_likes_enabled":true,"jetpack_sharing_enabled":true,"_links":{"self":[{"href":"https:\/\/2l-a-velo.com\/index.php?rest_route=\/wp\/v2\/pages\/401","targetHints":{"allow":["GET"]}}],"collection":[{"href":"https:\/\/2l-a-velo.com\/index.php?rest_route=\/wp\/v2\/pages"}],"about":[{"href":"https:\/\/2l-a-velo.com\/index.php?rest_route=\/wp\/v2\/types\/page"}],"author":[{"embeddable":true,"href":"https:\/\/2l-a-velo.com\/index.php?rest_route=\/wp\/v2\/users\/1"}],"replies":[{"embeddable":true,"href":"https:\/\/2l-a-velo.com\/index.php?rest_route=%2Fwp%2Fv2%2Fcomments&post=401"}],"version-history":[{"count":20,"href":"https:\/\/2l-a-velo.com\/index.php?rest_route=\/wp\/v2\/pages\/401\/revisions"}],"predecessor-version":[{"id":6758,"href":"https:\/\/2l-a-velo.com\/index.php?rest_route=\/wp\/v2\/pages\/401\/revisions\/6758"}],"up":[{"embeddable":true,"href":"https:\/\/2l-a-velo.com\/index.php?rest_route=\/wp\/v2\/pages\/120"}],"wp:attachment":[{"href":"https:\/\/2l-a-velo.com\/index.php?rest_route=%2Fwp%2Fv2%2Fmedia&parent=401"}],"curies":[{"name":"wp","href":"https:\/\/api.w.org\/{rel}","templated":true}]}}