{"id":4552,"date":"2021-09-29T15:08:18","date_gmt":"2021-09-29T13:08:18","guid":{"rendered":"http:\/\/2l-a-velo.com\/?page_id=4552"},"modified":"2022-03-14T12:10:29","modified_gmt":"2022-03-14T11:10:29","slug":"de-toulon-a-digne-les-bains","status":"publish","type":"page","link":"https:\/\/2l-a-velo.com\/?page_id=4552","title":{"rendered":"De Toulon \u00e0 Digne les Bains"},"content":{"rendered":"\n<p><\/p>\n\n\n\n<div class=\"wp-block-media-text alignwide is-stacked-on-mobile\"><figure class=\"wp-block-media-text__media\"><img loading=\"lazy\" decoding=\"async\" width=\"1024\" height=\"577\" src=\"https:\/\/2l-a-velo.com\/wp-content\/uploads\/2021\/09\/P1122872-1024x577.jpg\" alt=\"\" class=\"wp-image-4560 size-full\" srcset=\"https:\/\/2l-a-velo.com\/wp-content\/uploads\/2021\/09\/P1122872-1024x577.jpg 1024w, https:\/\/2l-a-velo.com\/wp-content\/uploads\/2021\/09\/P1122872-300x169.jpg 300w, https:\/\/2l-a-velo.com\/wp-content\/uploads\/2021\/09\/P1122872-768x433.jpg 768w, https:\/\/2l-a-velo.com\/wp-content\/uploads\/2021\/09\/P1122872-900x507.jpg 900w, https:\/\/2l-a-velo.com\/wp-content\/uploads\/2021\/09\/P1122872-1280x721.jpg 1280w\" sizes=\"auto, (max-width: 1024px) 100vw, 1024px\" \/><\/figure><div class=\"wp-block-media-text__content\">\n<p class=\"has-text-align-center has-larger-font-size\"><strong>Du 24 au 26 septembre<\/strong><\/p>\n<\/div><\/div>\n\n\n\n<div class=\"wp-block-media-text alignwide has-media-on-the-right is-stacked-on-mobile\"><figure class=\"wp-block-media-text__media\"><img loading=\"lazy\" decoding=\"async\" width=\"1024\" height=\"575\" src=\"https:\/\/2l-a-velo.com\/wp-content\/uploads\/2021\/09\/P1019972-1024x575.jpg\" alt=\"\" class=\"wp-image-4566 size-full\" srcset=\"https:\/\/2l-a-velo.com\/wp-content\/uploads\/2021\/09\/P1019972-1024x575.jpg 1024w, https:\/\/2l-a-velo.com\/wp-content\/uploads\/2021\/09\/P1019972-300x168.jpg 300w, https:\/\/2l-a-velo.com\/wp-content\/uploads\/2021\/09\/P1019972-768x431.jpg 768w, https:\/\/2l-a-velo.com\/wp-content\/uploads\/2021\/09\/P1019972-900x505.jpg 900w, https:\/\/2l-a-velo.com\/wp-content\/uploads\/2021\/09\/P1019972-1280x719.jpg 1280w\" sizes=\"auto, (max-width: 1024px) 100vw, 1024px\" \/><\/figure><div class=\"wp-block-media-text__content\">\n<p>\n\nToulon, 7 heures, nous descendons du ferry. c&rsquo;est le retour sur le continent ! \n\n<\/p>\n<\/div><\/div>\n\n\n\n<p> Nous empruntons le m\u00eame itin\u00e9raire qu&rsquo;au d\u00e9part, il y a pratiquement quatre mois. La nature a bien chang\u00e9. Finis les champs de coquelicots, les fleurs sur le bord des routes. Seules les colchiques fleurissent et annoncent l&rsquo;arriv\u00e9e de l&rsquo;automne.<\/p>\n\n\n\n<p>Parlons-en de l&rsquo;automne ! La m\u00e9t\u00e9o pr\u00e9voit pour ce 26 septembre, dernier jour de notre voyage, un temps orageux et pluvieux. Pas de chance ! En pr\u00e9vision de ces intemp\u00e9ries, nous allons d\u00e9roger \u00e0 notre habitude. Nous qui avions couch\u00e9 toutes les nuits sous la tente durant ce voyage, nous louons, au camping, un abri en dur. Bien nous en a pris car un tr\u00e8s violent orage \u00e9clate dans la nuit mais, ce matin, c&rsquo;est super, tout notre bazar est sec ! <\/p>\n\n\n\n<div class=\"wp-block-media-text alignwide is-stacked-on-mobile\"><figure class=\"wp-block-media-text__media\"><img loading=\"lazy\" decoding=\"async\" width=\"1024\" height=\"575\" src=\"https:\/\/2l-a-velo.com\/wp-content\/uploads\/2021\/09\/P1019974-1024x575.jpg\" alt=\"\" class=\"wp-image-4563 size-full\" srcset=\"https:\/\/2l-a-velo.com\/wp-content\/uploads\/2021\/09\/P1019974-1024x575.jpg 1024w, https:\/\/2l-a-velo.com\/wp-content\/uploads\/2021\/09\/P1019974-300x168.jpg 300w, https:\/\/2l-a-velo.com\/wp-content\/uploads\/2021\/09\/P1019974-768x431.jpg 768w, https:\/\/2l-a-velo.com\/wp-content\/uploads\/2021\/09\/P1019974-900x505.jpg 900w, https:\/\/2l-a-velo.com\/wp-content\/uploads\/2021\/09\/P1019974-1280x718.jpg 1280w\" sizes=\"auto, (max-width: 1024px) 100vw, 1024px\" \/><\/figure><div class=\"wp-block-media-text__content\">\n<p>\n\nNous partons, pour cette derni\u00e8re \u00e9tape, sous un ciel bien gris. Arriv\u00e9s au poteau de Telle sur le plateau de Valensole, de grosses gouttes se mettent \u00e0 tomber. \n\n<\/p>\n<\/div><\/div>\n\n\n\n<div class=\"wp-block-media-text alignwide has-media-on-the-right is-stacked-on-mobile\"><figure class=\"wp-block-media-text__media\"><img loading=\"lazy\" decoding=\"async\" width=\"1024\" height=\"575\" src=\"https:\/\/2l-a-velo.com\/wp-content\/uploads\/2021\/09\/P1019978-1024x575.jpg\" alt=\"\" class=\"wp-image-4564 size-full\" srcset=\"https:\/\/2l-a-velo.com\/wp-content\/uploads\/2021\/09\/P1019978-1024x575.jpg 1024w, https:\/\/2l-a-velo.com\/wp-content\/uploads\/2021\/09\/P1019978-300x168.jpg 300w, https:\/\/2l-a-velo.com\/wp-content\/uploads\/2021\/09\/P1019978-768x431.jpg 768w, https:\/\/2l-a-velo.com\/wp-content\/uploads\/2021\/09\/P1019978-900x505.jpg 900w, https:\/\/2l-a-velo.com\/wp-content\/uploads\/2021\/09\/P1019978-1280x718.jpg 1280w\" sizes=\"auto, (max-width: 1024px) 100vw, 1024px\" \/><\/figure><div class=\"wp-block-media-text__content\">\n<p>\n\nNous d\u00e9valons les six kilom\u00e8tres jusqu&rsquo;\u00e0 La B\u00e9gude. Le temps de poser nos v\u00e9los \u00e0 l&rsquo;abri sous une avanc\u00e9e de maison, nous avons tout juste le temps de nous r\u00e9fugier dans le caf\u00e9 du village ! Eclate un violent orage qui d\u00e9verse des trombes d&rsquo;eau, mais, ouf, nous sommes au sec !\n\n<\/p>\n<\/div><\/div>\n\n\n\n<p>  Nous restons bloqu\u00e9s deux heures durant ! Les discussions avec les charmants propri\u00e9taires du bistrot et les clients pr\u00e9sents vont bon train !  <\/p>\n\n\n\n<p>Finalement, nous gagnons Digne, \u00e0 vingt kilom\u00e8tres, sous un ciel enfin plus calme, et b\u00e9n\u00e9ficions m\u00eame du soleil au col de l&rsquo;Orme. Quelques kilom\u00e8tres de descente et nous retrouvons, avec le soleil, notre chez nous apr\u00e8s 119 jours de voyage !!! <\/p>\n\n\n\n<p><\/p>\n\n\n\n<p><\/p>\n\n\n\n<p class=\"has-text-align-center has-white-color has-text-color has-background has-large-font-size\" style=\"background-color:#0375a5\"><strong><a href=\"https:\/\/photos.google.com\/share\/AF1QipPYZszNctxjqajT1O2-0jwpO4jOffktczdcLBMyCYZvPGGWV0Q2eCLxUsdLY9gvOw\/photo\/AF1QipOLsbXUZLb96gks-84KRD6qN-kNPiV4djLuxEMZ?key=NHV3R1MxbHF3R0FHQVd0SW4yajBlR2VmRTlRS1B3\">Album photos de Toulon \u00e0 Digne les bains<\/a><\/strong><\/p>\n\n\n\n<p class=\"has-text-align-center has-accent-background-color has-background has-larger-font-size\"><strong>Bilan chiffr\u00e9 du voyage<\/strong><\/p>\n\n\n\n<p class=\"has-text-align-center\"><strong>Nombre de jours de voyage : 119<\/strong><\/p>\n\n\n\n<p class=\"has-text-align-center\"><strong>Nombre de jours \u00ab\u00a0p\u00e9dal\u00e9s\u00a0\u00bb : 94<\/strong>  <\/p>\n\n\n\n<p class=\"has-text-align-center\"><em>Les jours non p\u00e9dal\u00e9s sont consacr\u00e9s aux visites et au repos <\/em><\/p>\n\n\n\n<p class=\"has-text-align-center\"><strong>Kilom\u00e8tres parcourus au total: 4805<\/strong><\/p>\n\n\n\n<p><em>Kilom\u00e8tres parcourus sur le continent : 357<\/em><\/p>\n\n\n\n<p><em>Kilom\u00e8tres parcourus en Corse<\/em> : <em>832<\/em><\/p>\n\n\n\n<p><em>Kilom\u00e8tres parcourus en Sardaigne<\/em> : <em>1512<\/em><\/p>\n\n\n\n<p><em>Kilom\u00e8tres parcourus en Sicile <\/em>: <em>2104<\/em><\/p>\n\n\n\n<p class=\"has-text-align-center\"><strong>D\u00e9nivel\u00e9 positif total : 58 600 m<\/strong><\/p>\n\n\n\n<p><strong>H\u00e9bergements :<\/strong> 118 nuits sous la tente (en camping ou bivouac), 1 nuit dans un bungalow !<\/p>\n","protected":false},"excerpt":{"rendered":"<p>Du 24 au 26 septembre Toulon, 7 heures, nous descendons du ferry. c&rsquo;est le retour sur le continent ! Nous empruntons le m\u00eame itin\u00e9raire qu&rsquo;au d\u00e9part, il y a pratiquement quatre mois. La nature a bien chang\u00e9. Finis les champs de coquelicots, les fleurs sur le bord des routes. Seules les colchiques fleurissent et annoncent [&hellip;]<\/p>\n","protected":false},"author":1,"featured_media":0,"parent":3007,"menu_order":1,"comment_status":"open","ping_status":"closed","template":"","meta":{"jetpack_post_was_ever_published":false,"footnotes":""},"class_list":["post-4552","page","type-page","status-publish","hentry"],"jetpack_likes_enabled":true,"jetpack_sharing_enabled":true,"_links":{"self":[{"href":"https:\/\/2l-a-velo.com\/index.php?rest_route=\/wp\/v2\/pages\/4552","targetHints":{"allow":["GET"]}}],"collection":[{"href":"https:\/\/2l-a-velo.com\/index.php?rest_route=\/wp\/v2\/pages"}],"about":[{"href":"https:\/\/2l-a-velo.com\/index.php?rest_route=\/wp\/v2\/types\/page"}],"author":[{"embeddable":true,"href":"https:\/\/2l-a-velo.com\/index.php?rest_route=\/wp\/v2\/users\/1"}],"replies":[{"embeddable":true,"href":"https:\/\/2l-a-velo.com\/index.php?rest_route=%2Fwp%2Fv2%2Fcomments&post=4552"}],"version-history":[{"count":25,"href":"https:\/\/2l-a-velo.com\/index.php?rest_route=\/wp\/v2\/pages\/4552\/revisions"}],"predecessor-version":[{"id":5147,"href":"https:\/\/2l-a-velo.com\/index.php?rest_route=\/wp\/v2\/pages\/4552\/revisions\/5147"}],"up":[{"embeddable":true,"href":"https:\/\/2l-a-velo.com\/index.php?rest_route=\/wp\/v2\/pages\/3007"}],"wp:attachment":[{"href":"https:\/\/2l-a-velo.com\/index.php?rest_route=%2Fwp%2Fv2%2Fmedia&parent=4552"}],"curies":[{"name":"wp","href":"https:\/\/api.w.org\/{rel}","templated":true}]}}