{"id":5194,"date":"2022-07-07T10:37:27","date_gmt":"2022-07-07T08:37:27","guid":{"rendered":"https:\/\/2l-a-velo.com\/?page_id=5194"},"modified":"2022-07-09T19:09:00","modified_gmt":"2022-07-09T17:09:00","slug":"itineraire","status":"publish","type":"page","link":"https:\/\/2l-a-velo.com\/?page_id=5194","title":{"rendered":"Itin\u00e9raire g\u00e9n\u00e9ral"},"content":{"rendered":"\n<p>Le projet d&rsquo;itin\u00e9raire n&rsquo;est qu&rsquo;un&#8230; projet. Cet itin\u00e9raire peut varier (et variera s\u00fbrement) en fonction de nos envies, de la m\u00e9t\u00e9o, de notre fatigue&#8230;<\/p>\n\n\n\n<div class=\"wp-block-buttons is-layout-flex wp-block-buttons-is-layout-flex\">\n<div class=\"wp-block-button aligncenter has-custom-width wp-block-button__width-100 has-custom-font-size is-style-outline is-style-outline--1\" style=\"font-size:20px\"><a class=\"wp-block-button__link has-background\" style=\"border-radius:10px;background-color:#05b717\">Projet d&rsquo;itin\u00e9raire<\/a><\/div>\n<\/div>\n\n\n\n<iframe loading=\"lazy\" src=\"https:\/\/www.google.com\/maps\/d\/embed?mid=1U0ikJ5JyCuv9mIoOq8Cmi1U9RMmQ358&amp;ehbc=2E312F\" width=\"640\" height=\"480\"><\/iframe>\n","protected":false},"excerpt":{"rendered":"<p>Le projet d&rsquo;itin\u00e9raire n&rsquo;est qu&rsquo;un&#8230; projet. Cet itin\u00e9raire peut varier (et variera s\u00fbrement) en fonction de nos envies, de la m\u00e9t\u00e9o, de notre fatigue&#8230;<\/p>\n","protected":false},"author":1,"featured_media":0,"parent":5168,"menu_order":0,"comment_status":"open","ping_status":"closed","template":"","meta":{"jetpack_post_was_ever_published":false,"footnotes":""},"class_list":["post-5194","page","type-page","status-publish","hentry"],"jetpack_likes_enabled":true,"jetpack_sharing_enabled":true,"_links":{"self":[{"href":"https:\/\/2l-a-velo.com\/index.php?rest_route=\/wp\/v2\/pages\/5194","targetHints":{"allow":["GET"]}}],"collection":[{"href":"https:\/\/2l-a-velo.com\/index.php?rest_route=\/wp\/v2\/pages"}],"about":[{"href":"https:\/\/2l-a-velo.com\/index.php?rest_route=\/wp\/v2\/types\/page"}],"author":[{"embeddable":true,"href":"https:\/\/2l-a-velo.com\/index.php?rest_route=\/wp\/v2\/users\/1"}],"replies":[{"embeddable":true,"href":"https:\/\/2l-a-velo.com\/index.php?rest_route=%2Fwp%2Fv2%2Fcomments&post=5194"}],"version-history":[{"count":2,"href":"https:\/\/2l-a-velo.com\/index.php?rest_route=\/wp\/v2\/pages\/5194\/revisions"}],"predecessor-version":[{"id":5223,"href":"https:\/\/2l-a-velo.com\/index.php?rest_route=\/wp\/v2\/pages\/5194\/revisions\/5223"}],"up":[{"embeddable":true,"href":"https:\/\/2l-a-velo.com\/index.php?rest_route=\/wp\/v2\/pages\/5168"}],"wp:attachment":[{"href":"https:\/\/2l-a-velo.com\/index.php?rest_route=%2Fwp%2Fv2%2Fmedia&parent=5194"}],"curies":[{"name":"wp","href":"https:\/\/api.w.org\/{rel}","templated":true}]}}