{"id":604,"date":"2019-06-13T22:27:15","date_gmt":"2019-06-13T20:27:15","guid":{"rendered":"http:\/\/2l-a-velo.com\/?page_id=604"},"modified":"2022-03-14T11:35:34","modified_gmt":"2022-03-14T10:35:34","slug":"de-neiva-a-inza","status":"publish","type":"page","link":"https:\/\/2l-a-velo.com\/?page_id=604","title":{"rendered":"De Neiva \u00e0 Inza"},"content":{"rendered":"\n<div class=\"wp-block-media-text alignwide is-stacked-on-mobile\"><figure class=\"wp-block-media-text__media\"><img loading=\"lazy\" decoding=\"async\" width=\"1024\" height=\"682\" src=\"https:\/\/2l-a-velo.com\/wp-content\/uploads\/2019\/06\/372A1994-1024x682.jpg\" alt=\"\" class=\"wp-image-605 size-full\" srcset=\"https:\/\/2l-a-velo.com\/wp-content\/uploads\/2019\/06\/372A1994-1024x682.jpg 1024w, https:\/\/2l-a-velo.com\/wp-content\/uploads\/2019\/06\/372A1994-300x200.jpg 300w, https:\/\/2l-a-velo.com\/wp-content\/uploads\/2019\/06\/372A1994-768x512.jpg 768w, https:\/\/2l-a-velo.com\/wp-content\/uploads\/2019\/06\/372A1994-900x600.jpg 900w, https:\/\/2l-a-velo.com\/wp-content\/uploads\/2019\/06\/372A1994-1280x853.jpg 1280w, https:\/\/2l-a-velo.com\/wp-content\/uploads\/2019\/06\/372A1994.jpg 2024w\" sizes=\"auto, (max-width: 1024px) 100vw, 1024px\" \/><\/figure><div class=\"wp-block-media-text__content\">\n<p class=\"has-larger-font-size\"><strong>Du 8 au 13 juin<\/strong><\/p>\n<\/div><\/div>\n\n\n\n<p class=\"has-small-font-size\">Neiva, capitale de la Huila, peupl\u00e9e de 400 000 habitants, nous a accueillis pour une nuit. C&rsquo;est une ville anim\u00e9e et bruyante : \u00e7a s&rsquo;agite, \u00e7a bouge, \u00e7a roule dans tous les sens&#8230; Nous avons bien aim\u00e9 le centre ville que nous quittons apr\u00e8s avoir d\u00e9gust\u00e9 un excellent \u00ab\u00a0jugo de naranja\u00a0\u00bb (jus d&rsquo;orange).<\/p>\n\n\n\n<p class=\"has-small-font-size\">En quelques coups de p\u00e9dales, nous sommes sortis de la ville en restant sur la grande route o\u00f9 cela circule toujours beaucoup. Les cultures de riz r\u00e9apparaissent, les montagnes se rapprochent. <\/p>\n\n\n\n<p class=\"has-small-font-size\">Le ciel est bien gris en ce dimanche et laisse m\u00eame \u00e9chapper quelques gouttes de pluie. Nous quitterons la nationale en direction de La Plata pour une route calme avec tr\u00e8s peu de circulation. A tesalia, nous ferons gonfler nos v\u00e9lo chez un v\u00e9lociste o\u00f9 l&rsquo;on trouve au milieu du magasin un r\u00e9gime de bananes (vous imaginez cela, amis du V\u00e9lo Club d&rsquo;Annecy, dans le magasin Cran Cycles). Toujours quelques champs de riz o\u00f9 des aigrettes cherchent leur nourriture, mais surtout des exploitations agricoles, notamment d\u2019\u00e9levage de vaches et veaux.<\/p>\n\n\n\n<p class=\"has-small-font-size\">A La Plata, c&rsquo;est jour de march\u00e9 en ce dimanche. Cela explique les 4&#215;4 bond\u00e9s (il y a m\u00eame des personnes sur le toit du v\u00e9hicule et d&rsquo;autres accroch\u00e9s \u00e0 l&rsquo;arri\u00e8re), les motos de deux places occup\u00e9es par trois voire quatre passagers et la difficult\u00e9 \u00e0 circuler dans la ville. La Plata poss\u00e8de une tr\u00e8s belle \u00e9glise coloniale et, c&rsquo;est moins culturel, on y d\u00e9guste aussi de bonnes glaces. Au matin, quand la ville s&rsquo;\u00e9veille, l&rsquo;animation reprend : \u00e9coliers se rendant \u00e0 l&rsquo;\u00e9cole dans leur tenue sp\u00e9cifique, motos qui transportent des choses diverses et vari\u00e9es comme des bidons de lait par exemple, chevaux et charrettes qui c\u00f4toient d&rsquo;\u00e9normes 4&#215;4&#8230;<\/p>\n\n\n\n<p class=\"has-small-font-size\">Il pleut quand nous quittons La Plata mais le soleil fait rapidement son apparition. La route est d\u2019abord bien rev\u00eatue et nous avan\u00e7ons \u00e0 bonne allure. Le rev\u00eatement asphalt\u00e9 devient bient\u00f4t une piste et quelle piste&nbsp;! Ce n\u2019est pas bien roulant et nous serons maintes fois oblig\u00e9s de pousser. Mais peut-\u00eatre n\u2019avons-nous pas encore assez l\u2019habitude de p\u00e9daler sur une piste avec un v\u00e9lo charg\u00e9. Pourtant, nous avons eu le renfort d\u2019\u00e9coliers qui, abandonnant leurs jeux dans les arbres, nous ont aid\u00e9s \u00e0 pousser.<\/p>\n\n\n\n<p class=\"has-small-font-size\">La pluie (fine) et soleil nous accompagnent jusqu&rsquo;\u00e0 San Andres. Nous y resterons deux jours , le temps de visiter<a href=\"https:\/\/2l-a-velo.com\/?page_id=620\"> le parc arch\u00e9ologique de Tierradentro<\/a>.<\/p>\n\n\n\n<p class=\"has-small-font-size\">C&rsquo;est par une piste de 13 km pleine de trous et de bosses o\u00f9 circulent motos, bus, camions et quelques voitures que nous atteindrons Inza. C&rsquo;est un village vivant et anim\u00e9 o\u00f9 le caf\u00e9 s\u00e8che dans les rues, sur des b\u00e2ches \u00e0 m\u00eame le sol, voire sur le capot de vieux v\u00e9hicules qui, de toutes mani\u00e8res ne peuvent plus servir qu&rsquo;\u00e0 cela !!. A propos du caf\u00e9, il est \u00e9tonnant de voir qu&rsquo;on le go\u00fbte de la m\u00eame mani\u00e8re que le vin chez nous : on boit une gorg\u00e9e et on la recrache avant de passer \u00e0 une autre tasse. <\/p>\n\n\n\n<div class=\"wp-block-button aligncenter\"><a class=\"wp-block-button__link has-background\" href=\"https:\/\/photos.google.com\/share\/AF1QipPMfv261ZZNLkC_l3ahoQw424a8a_vEvPGpuECnXNXsp8nAP9bDywfP3IJv-BmtkA\/photo\/AF1QipNL8qHsKMR86mvVJ_ky4M0Z0PmCUHfRjGmD3WXX?key=bFlPZGFKVUhjZ255WXhlV19RNjNlWWlBcks3eHVn\" style=\"background-color:#0678a9\">Quelques photos (cliquez)<\/a><\/div>\n","protected":false},"excerpt":{"rendered":"<p>Du 8 au 13 juin Neiva, capitale de la Huila, peupl\u00e9e de 400 000 habitants, nous a accueillis pour une nuit. C&rsquo;est une ville anim\u00e9e et bruyante : \u00e7a s&rsquo;agite, \u00e7a bouge, \u00e7a roule dans tous les sens&#8230; Nous avons bien aim\u00e9 le centre ville que nous quittons apr\u00e8s avoir d\u00e9gust\u00e9 un excellent \u00ab\u00a0jugo de [&hellip;]<\/p>\n","protected":false},"author":1,"featured_media":0,"parent":122,"menu_order":5,"comment_status":"open","ping_status":"closed","template":"","meta":{"jetpack_post_was_ever_published":false,"footnotes":""},"class_list":["post-604","page","type-page","status-publish","hentry"],"jetpack_likes_enabled":true,"jetpack_sharing_enabled":true,"_links":{"self":[{"href":"https:\/\/2l-a-velo.com\/index.php?rest_route=\/wp\/v2\/pages\/604","targetHints":{"allow":["GET"]}}],"collection":[{"href":"https:\/\/2l-a-velo.com\/index.php?rest_route=\/wp\/v2\/pages"}],"about":[{"href":"https:\/\/2l-a-velo.com\/index.php?rest_route=\/wp\/v2\/types\/page"}],"author":[{"embeddable":true,"href":"https:\/\/2l-a-velo.com\/index.php?rest_route=\/wp\/v2\/users\/1"}],"replies":[{"embeddable":true,"href":"https:\/\/2l-a-velo.com\/index.php?rest_route=%2Fwp%2Fv2%2Fcomments&post=604"}],"version-history":[{"count":21,"href":"https:\/\/2l-a-velo.com\/index.php?rest_route=\/wp\/v2\/pages\/604\/revisions"}],"predecessor-version":[{"id":4760,"href":"https:\/\/2l-a-velo.com\/index.php?rest_route=\/wp\/v2\/pages\/604\/revisions\/4760"}],"up":[{"embeddable":true,"href":"https:\/\/2l-a-velo.com\/index.php?rest_route=\/wp\/v2\/pages\/122"}],"wp:attachment":[{"href":"https:\/\/2l-a-velo.com\/index.php?rest_route=%2Fwp%2Fv2%2Fmedia&parent=604"}],"curies":[{"name":"wp","href":"https:\/\/api.w.org\/{rel}","templated":true}]}}