{"id":620,"date":"2019-06-13T22:28:08","date_gmt":"2019-06-13T20:28:08","guid":{"rendered":"http:\/\/2l-a-velo.com\/?page_id=620"},"modified":"2019-06-14T01:54:39","modified_gmt":"2019-06-13T23:54:39","slug":"parc-archeologique-de-tierradentro","status":"publish","type":"page","link":"https:\/\/2l-a-velo.com\/?page_id=620","title":{"rendered":"Parc arch\u00e9ologique de Tierradentro"},"content":{"rendered":"\n<p class=\"has-small-font-size\">A San Andres, nous avons visit\u00e9 le parc arch\u00e9ologique de Tierradentro.<\/p>\n\n\n\n<p class=\"has-small-font-size\">C&rsquo;est une r\u00e9serve arch\u00e9ologique de la Colombie inscrite au patrimoine mondial de l&rsquo;humanit\u00e9.<\/p>\n\n\n\n<p class=\"has-small-font-size\">A une p\u00e9riode ant\u00e9rieure \u00e0 1000 apr\u00e8s JC, cette r\u00e9gion a \u00e9t\u00e9 habit\u00e9e par  des soci\u00e9t\u00e9s agricoles tr\u00e8s proches de celles de San Agustin.<\/p>\n\n\n\n<p class=\"has-small-font-size\">On a retrouv\u00e9 sur ce site des hypog\u00e9es (c&rsquo;est une construction souterraine et plus particuli\u00e8rement  une tombe). Elles sont form\u00e9es d&rsquo;un puits avec des escaliers droits ou en spirale qui m\u00e8nent \u00e0 une chambre fun\u00e9raire. <em>Vu la hauteur des marches, les habitants devaient \u00eatre particuli\u00e8rement grands (interpr\u00e9tation personnelle et non scientifique).<\/em><\/p>\n\n\n\n<p class=\"has-small-font-size\">La chambre est g\u00e9n\u00e9ralement compos\u00e9e de niches et de piliers. Ces hypog\u00e9es sont au nombre d&rsquo;une centaine et ont \u00e9t\u00e9 creus\u00e9es dans le tuf entre 600 et 900 apr\u00e8s JC. Les plus grandes peuvent atteindre 10 \u00e0 12 m\u00e8tres de large et se trouver \u00e0 une profondeur de 6 m\u00e8tres. Certaines sont d\u00e9cor\u00e9es de motifs g\u00e9om\u00e9triques, anthropomorphiques ou zoomorphiques \u00e0 l&rsquo;aide de pigments naturels rouges et noirs sur fond blanc.<\/p>\n\n\n\n<p class=\"has-small-font-size\">Nous passerons par le village de San Andres o\u00f9 nous admirerons la superbe \u00e9glise coloniale.<\/p>\n\n\n\n<p class=\"has-small-font-size\">Nous avons visit\u00e9 les quatre sites ou l&rsquo;on trouve ces hypog\u00e9es. Celle o\u00f9 nous nous sommes rendus l&rsquo;apr\u00e8s-midi se situe \u00e0 2000 m d&rsquo;altitude, c&rsquo;est raide, il y fait chaud mais quelle belle mont\u00e9e !!!  Tr\u00e8s beau parc qui comporte en outre un mus\u00e9e ethnographique et un mus\u00e9e arch\u00e9ologique.  <\/p>\n\n\n\n<div class=\"wp-block-button aligncenter\"><a class=\"wp-block-button__link has-background\" href=\"https:\/\/photos.google.com\/share\/AF1QipNbLOD7I7m9FTZUOo9isp97yF3VzgcSUCWIFKaH_aSdGgDahNVvfMvCi_t7k73d1A\/photo\/AF1QipM_tVLt78PoWXDL1yu5FjNDvq3JboN9cgklo4jS?key=VEFYTTdhOFV1aG5DRHBQeHpIY0hCd2hjMHRRa1J3\" style=\"background-color:#0877a7\">Photos du parc de Tierradentro (cliquez)<\/a><\/div>\n\n\n\n<p class=\"has-background has-accent-background-color\"><strong>Une journ\u00e9e de visite intense et originale \u00e0 la d\u00e9couverte de la culture colombienne !<\/strong><\/p>\n","protected":false},"excerpt":{"rendered":"<p>A San Andres, nous avons visit\u00e9 le parc arch\u00e9ologique de Tierradentro. C&rsquo;est une r\u00e9serve arch\u00e9ologique de la Colombie inscrite au patrimoine mondial de l&rsquo;humanit\u00e9. A une p\u00e9riode ant\u00e9rieure \u00e0 1000 apr\u00e8s JC, cette r\u00e9gion a \u00e9t\u00e9 habit\u00e9e par des soci\u00e9t\u00e9s agricoles tr\u00e8s proches de celles de San Agustin. On a retrouv\u00e9 sur ce site des [&hellip;]<\/p>\n","protected":false},"author":1,"featured_media":0,"parent":604,"menu_order":1,"comment_status":"open","ping_status":"closed","template":"","meta":{"jetpack_post_was_ever_published":false,"footnotes":""},"class_list":["post-620","page","type-page","status-publish","hentry"],"jetpack_likes_enabled":true,"jetpack_sharing_enabled":true,"_links":{"self":[{"href":"https:\/\/2l-a-velo.com\/index.php?rest_route=\/wp\/v2\/pages\/620","targetHints":{"allow":["GET"]}}],"collection":[{"href":"https:\/\/2l-a-velo.com\/index.php?rest_route=\/wp\/v2\/pages"}],"about":[{"href":"https:\/\/2l-a-velo.com\/index.php?rest_route=\/wp\/v2\/types\/page"}],"author":[{"embeddable":true,"href":"https:\/\/2l-a-velo.com\/index.php?rest_route=\/wp\/v2\/users\/1"}],"replies":[{"embeddable":true,"href":"https:\/\/2l-a-velo.com\/index.php?rest_route=%2Fwp%2Fv2%2Fcomments&post=620"}],"version-history":[{"count":10,"href":"https:\/\/2l-a-velo.com\/index.php?rest_route=\/wp\/v2\/pages\/620\/revisions"}],"predecessor-version":[{"id":645,"href":"https:\/\/2l-a-velo.com\/index.php?rest_route=\/wp\/v2\/pages\/620\/revisions\/645"}],"up":[{"embeddable":true,"href":"https:\/\/2l-a-velo.com\/index.php?rest_route=\/wp\/v2\/pages\/604"}],"wp:attachment":[{"href":"https:\/\/2l-a-velo.com\/index.php?rest_route=%2Fwp%2Fv2%2Fmedia&parent=620"}],"curies":[{"name":"wp","href":"https:\/\/api.w.org\/{rel}","templated":true}]}}