{"id":648,"date":"2019-06-17T03:11:36","date_gmt":"2019-06-17T01:11:36","guid":{"rendered":"http:\/\/2l-a-velo.com\/?page_id=648"},"modified":"2022-03-14T11:36:09","modified_gmt":"2022-03-14T10:36:09","slug":"dinza-a-popayan","status":"publish","type":"page","link":"https:\/\/2l-a-velo.com\/?page_id=648","title":{"rendered":"D&rsquo;Inza \u00e0 Popayan"},"content":{"rendered":"\n<div class=\"wp-block-media-text alignwide is-stacked-on-mobile\"><figure class=\"wp-block-media-text__media\"><img loading=\"lazy\" decoding=\"async\" width=\"1024\" height=\"682\" src=\"https:\/\/2l-a-velo.com\/wp-content\/uploads\/2019\/06\/P1014903-1024x682.jpg\" alt=\"\" class=\"wp-image-649 size-full\" srcset=\"https:\/\/2l-a-velo.com\/wp-content\/uploads\/2019\/06\/P1014903-1024x682.jpg 1024w, https:\/\/2l-a-velo.com\/wp-content\/uploads\/2019\/06\/P1014903-300x200.jpg 300w, https:\/\/2l-a-velo.com\/wp-content\/uploads\/2019\/06\/P1014903-768x512.jpg 768w, https:\/\/2l-a-velo.com\/wp-content\/uploads\/2019\/06\/P1014903-900x600.jpg 900w, https:\/\/2l-a-velo.com\/wp-content\/uploads\/2019\/06\/P1014903-1280x853.jpg 1280w, https:\/\/2l-a-velo.com\/wp-content\/uploads\/2019\/06\/P1014903.jpg 2024w\" sizes=\"auto, (max-width: 1024px) 100vw, 1024px\" \/><\/figure><div class=\"wp-block-media-text__content\">\n<p class=\"has-larger-font-size\"><strong>Du 14 au 16 juin<\/strong><\/p>\n<\/div><\/div>\n\n\n\n<p class=\"has-small-font-size\"> La pente dans le village d&rsquo;Inza est fort raide et nous voil\u00e0 d\u00e8s ce matin \u00e0 pousser les v\u00e9los. S&rsquo;en suit une piste caillouteuse qui devient boueuse suite aux glissements de terrain. On passe tant bien que mal sur les v\u00e9los en croisant les doigts pour ne pas chuter !!! La piste se transforme pendant quelques kilom\u00e8tres en route b\u00e9tonn\u00e9e ! Mais de nombreux travaux mettent la route dans un triste \u00e9tat. Ce qu&rsquo;il n&rsquo;y a pas sur cette route, ce sont des h\u00e9bergements, le bivouac \u00e9tant impossible. Nous nous arr\u00eatons au restaurant El Mirador o\u00f9 nous demandons l&rsquo;hospitalit\u00e9 pour la nuit d&rsquo;autant que la pluie se met \u00e0 tomber avec violence, qu&rsquo;il y a un col \u00e0 3300 m \u00e0 franchir, que Popayan est \u00e0 60 km&#8230; La gentillesse des Colombiens ne fera pas d\u00e9faut et on nous proposera une pi\u00e8ce au-dessus du restaurant.<\/p>\n\n\n\n<p class=\"has-text-align-center has-small-font-size\"><em>Une petite vid\u00e9o pour appr\u00e9cier certaines portions de route !!!!<\/em><\/p>\n\n\n\n<figure><iframe loading=\"lazy\" width=\"560\" height=\"315\" src=\"https:\/\/www.youtube.com\/embed\/vUS3aUq3vlE\" allowfullscreen=\"\"><\/iframe><\/figure>\n\n\n\n<p class=\"has-small-font-size\">Nous quitterons cette gentille famille le lendemain matin pour continuer vers Popayan. La route est toujours rev\u00eatue de b\u00e9ton mais il y a encore des endroits bien boueux. Nous atteignons enfin le col (3300 m) et basculons sur l&rsquo;autre versant. Et l\u00e0 changement radical ! Il fait plus chaud, on trouve des cultures (pommes de terre, choux, fraisiers&#8230;) \u00e0 3000 m !!! Nous franchissons un deuxi\u00e8me col (3100 m) puis arrivons au village de Totoro en plein march\u00e9. <\/p>\n\n\n\n<p class=\"has-small-font-size\">Il est t\u00f4t, il fait beau ! nous d\u00e9cidons de continuer jusqu&rsquo;\u00e0 Popayan o\u00f9 nous retrouvons la Panam et une circulation qui nous assomme un peu apr\u00e8s nos quelques jours dans la montagne colombienne !!!<\/p>\n\n\n\n<div class=\"wp-block-button aligncenter\"><a class=\"wp-block-button__link has-background\" href=\"https:\/\/photos.google.com\/share\/AF1QipMBV2VoJDp0C_p1L2z-d3TMhLed_6Y9mGHl3TC8QbHTrUQBzyDQFCChYSpAllI0xw\/photo\/AF1QipNScH_AbaB324GO_Olg8nm0r7_eUUTYopBEsHxL?key=ekRQUEI4eF9ZZVRfVU9WMHJHeHhKRUtxUGhlRndn\" style=\"background-color:#077aab\">Quelques photos (cliquez)<\/a><\/div>\n\n\n\n<p class=\"has-text-align-center has-accent-background-color has-background has-larger-font-size\"><strong>Popayan<\/strong><\/p>\n\n\n\n<p class=\"has-small-font-size\">Fond\u00e9e en 1537, Popayan, la capitale du Cauca, est un des centres religieux les plus importants de la Colombie. Popayan est surnomm\u00e9e la ville blanche. Les maisons ont \u00e9t\u00e9 en effet recouvertes de chaux pour \u00e9radiquer une maladie transmise par une puce appel\u00e9e \u00ab\u00a0niquia\u00a0\u00bb, les habitants s&rsquo;\u00e9tant aper\u00e7us que la chaux \u00e9tait particuli\u00e8rement efficace pour lutter contre cette maladie. Depuis, la maladie a disparu mais la tradition est rest\u00e9e !<\/p>\n\n\n\n<p class=\"has-small-font-size\">Popayan poss\u00e8de effectivement un tr\u00e8s beau centre ville. Les rues sont bord\u00e9es de belles maisons&#8230; blanches aux ouvertures peintes en rouge, vert&#8230; et prot\u00e9g\u00e9es par des grilles en fer forg\u00e9, c&rsquo;est tr\u00e8s plaisant.<\/p>\n\n\n\n<p class=\"has-small-font-size\">Nous avons eu la chance de visiter Popayan un dimanche donc la plupart des \u00e9glises \u00e9taient ouvertes. Pensant arriver \u00e0 la fin de la messe pour prendre des photos, quelle ne fut pas notre surprise quand nous p\u00e9n\u00e9tr\u00e2mes dans l&rsquo;\u00e9glise de San Agustin de voir celle-ci bond\u00e9e et d&rsquo;entendre des chants accompagn\u00e9s \u00e0 la guitare. On nous offrit une part de g\u00e2teau, un verre de jus de fruit et comme tout le monde, on applaudissait \u00e0 chaque chant. Un grand moment !!! <\/p>\n\n\n\n<p class=\"has-small-font-size\">Pour nous cyclistes, il est possible de rentrer son v\u00e9lo dans l&rsquo;\u00e9glise pendant la messe !!!!!<\/p>\n\n\n\n<p class=\"has-small-font-size\">Nous sommes all\u00e9s d&rsquo;une \u00e9glise \u00e0 l&rsquo;autre (Templo de San Jos\u00e9, Templo de SAn Agustin, Templo de Santo Domingo, Cath\u00e9drale Nuestra Senora de la Asuncion, Templo de San Francisco, Iglesia de Belen&#8230;) pour finir la visite de la ville \u00e0 El Moro del Tulcan, ancienne pyramide pr\u00e9hispanique sur laquelle tr\u00f4ne la statue \u00e9questre de Sebastian de Belalcazar, fondateur de la ville !<\/p>\n\n\n\n<div class=\"wp-block-button aligncenter\"><a class=\"wp-block-button__link has-background\" href=\"https:\/\/photos.google.com\/share\/AF1QipPEIMNppPnQq_qR0TxPXvfZdiylOR_svhvKJ0AGSpTzqeNUTRpE5CkVU5S47EuaPw\/photo\/AF1QipMfWgIr0x8q0rFqtKLK8sNfV6joW3HFJk6yqJC4?key=RUtoUmhUWEhhM2p1ODUwOFZKX21LM2owSjA2N2FR\" style=\"background-color:#0673a2\">Quelques photos de Popayan (cliquez)<\/a><\/div>\n\n\n\n<p class=\"has-small-font-size\"><em>Une petite vid\u00e9o pour d\u00e9couvrir la joie dans l&rsquo;\u00e9glise de San Agustin durant la messe du dimanche !!!<\/em><\/p>\n\n\n\n<figure><iframe loading=\"lazy\" width=\"560\" height=\"315\" src=\"https:\/\/www.youtube.com\/embed\/vcQA-isDYPc\" allowfullscreen=\"\"><\/iframe><\/figure>\n","protected":false},"excerpt":{"rendered":"<p>Du 14 au 16 juin La pente dans le village d&rsquo;Inza est fort raide et nous voil\u00e0 d\u00e8s ce matin \u00e0 pousser les v\u00e9los. S&rsquo;en suit une piste caillouteuse qui devient boueuse suite aux glissements de terrain. On passe tant bien que mal sur les v\u00e9los en croisant les doigts pour ne pas chuter !!! [&hellip;]<\/p>\n","protected":false},"author":2,"featured_media":0,"parent":122,"menu_order":6,"comment_status":"open","ping_status":"closed","template":"","meta":{"jetpack_post_was_ever_published":false,"footnotes":""},"class_list":["post-648","page","type-page","status-publish","hentry"],"jetpack_likes_enabled":true,"jetpack_sharing_enabled":true,"_links":{"self":[{"href":"https:\/\/2l-a-velo.com\/index.php?rest_route=\/wp\/v2\/pages\/648","targetHints":{"allow":["GET"]}}],"collection":[{"href":"https:\/\/2l-a-velo.com\/index.php?rest_route=\/wp\/v2\/pages"}],"about":[{"href":"https:\/\/2l-a-velo.com\/index.php?rest_route=\/wp\/v2\/types\/page"}],"author":[{"embeddable":true,"href":"https:\/\/2l-a-velo.com\/index.php?rest_route=\/wp\/v2\/users\/2"}],"replies":[{"embeddable":true,"href":"https:\/\/2l-a-velo.com\/index.php?rest_route=%2Fwp%2Fv2%2Fcomments&post=648"}],"version-history":[{"count":21,"href":"https:\/\/2l-a-velo.com\/index.php?rest_route=\/wp\/v2\/pages\/648\/revisions"}],"predecessor-version":[{"id":4761,"href":"https:\/\/2l-a-velo.com\/index.php?rest_route=\/wp\/v2\/pages\/648\/revisions\/4761"}],"up":[{"embeddable":true,"href":"https:\/\/2l-a-velo.com\/index.php?rest_route=\/wp\/v2\/pages\/122"}],"wp:attachment":[{"href":"https:\/\/2l-a-velo.com\/index.php?rest_route=%2Fwp%2Fv2%2Fmedia&parent=648"}],"curies":[{"name":"wp","href":"https:\/\/api.w.org\/{rel}","templated":true}]}}