{"id":706,"date":"2019-06-25T02:14:29","date_gmt":"2019-06-25T00:14:29","guid":{"rendered":"http:\/\/2l-a-velo.com\/?page_id=706"},"modified":"2022-03-14T11:36:41","modified_gmt":"2022-03-14T10:36:41","slug":"derniers-coups-de-pedales-en-colombie","status":"publish","type":"page","link":"https:\/\/2l-a-velo.com\/?page_id=706","title":{"rendered":"Derniers coups de p\u00e9dales en Colombie"},"content":{"rendered":"\n<p class=\"has-small-font-size\"><\/p>\n\n\n\n<div class=\"wp-block-media-text alignwide is-stacked-on-mobile\"><figure class=\"wp-block-media-text__media\"><img loading=\"lazy\" decoding=\"async\" width=\"1024\" height=\"682\" src=\"https:\/\/2l-a-velo.com\/wp-content\/uploads\/2019\/06\/372A2536-1024x682.jpg\" alt=\"\" class=\"wp-image-708 size-full\" srcset=\"https:\/\/2l-a-velo.com\/wp-content\/uploads\/2019\/06\/372A2536-1024x682.jpg 1024w, https:\/\/2l-a-velo.com\/wp-content\/uploads\/2019\/06\/372A2536-300x200.jpg 300w, https:\/\/2l-a-velo.com\/wp-content\/uploads\/2019\/06\/372A2536-768x512.jpg 768w, https:\/\/2l-a-velo.com\/wp-content\/uploads\/2019\/06\/372A2536-900x600.jpg 900w, https:\/\/2l-a-velo.com\/wp-content\/uploads\/2019\/06\/372A2536-1280x853.jpg 1280w, https:\/\/2l-a-velo.com\/wp-content\/uploads\/2019\/06\/372A2536.jpg 2024w\" sizes=\"auto, (max-width: 1024px) 100vw, 1024px\" \/><\/figure><div class=\"wp-block-media-text__content\">\n<p class=\"has-text-align-center has-larger-font-size\"><strong>Du 22 au 24 juin<\/strong><\/p>\n<\/div><\/div>\n\n\n\n<p class=\"has-small-font-size\">Pour ces derniers jours en Colombie, nous p\u00e9dalerons sur&#8230; la Panam bien s\u00fbr.  Nous passerons un col \u00e0 3200 m et il n&rsquo;y fait pas bien chaud ! Entre Pasto et Pedregal, la route est en travaux, c&rsquo;est titanesque et cela cr\u00e9e des bouchons innommables ! <\/p>\n\n\n\n<p class=\"has-small-font-size\">Dans le village de Pedregal, c&rsquo;est impressionnant ! Entre ceux qui viennent d&rsquo;Ipiales et qui sont bloqu\u00e9s \u00e0 la sortie nord du village et ceux qui se dirigent vers Ipiales et qui sont bloqu\u00e9s \u00e0 la sortie sud du village, c&rsquo;est une v\u00e9ritable ambiance de foire : \u00e7a klaxonne, les moteurs ronflent et fument, certains avancent, d&rsquo;autres reculent,  on s&rsquo;arr\u00eate manger un morceau ou boire quelque chose, bref \u00e7a vit !!!<\/p>\n\n\n\n<p class=\"has-small-font-size\">Nous aurons droit, un peu avant Ipiales, \u00e0 un bouchon de 3 ou 4 kilom\u00e8tres d\u00fb, non pas aux travaux, mais \u00e0 une f\u00eate folklorique !!! Heureusement, nous p\u00fbmes avec nos v\u00e9los remonter toute la file des v\u00e9hicules en passant \u00e0 droite.<\/p>\n\n\n\n<div class=\"wp-block-button aligncenter\"><a class=\"wp-block-button__link has-background\" href=\"https:\/\/photos.google.com\/share\/AF1QipNpMh_UvL7qnzwcFFVBCKppGrbkG0DCYc2ckyV96lUlyQtTdmKAJMcoH01kWqF56Q\/photo\/AF1QipO3ybm6vMhvRezD2zwkenQ4-Kav0yb76iY8a923?key=RmM0ajhfeEphTUFvV0x5dXd2Ylh5bDcwc3Nwb1dB\" style=\"background-color:#0778a9\">Quelques photos (cliquez)<\/a><\/div>\n\n\n\n<p class=\"has-small-font-size\">Nous allons quitter la Colombie apr\u00e8s 31 jours pass\u00e9s dans ce pays. Nous y avons parcouru 1225 km, avons gravi 21 600 m de d\u00e9nivel\u00e9 positif. <\/p>\n\n\n\n<p class=\"has-text-align-center has-accent-background-color has-background\"><strong>Ce que nous avons aim\u00e9 en Colombie<\/strong> <strong>:<\/strong><\/p>\n\n\n\n<p class=\"has-small-font-size\"> La gentillesse des Colombiens, leur honn\u00eatet\u00e9, le sentiment de s\u00e9curit\u00e9, les villes de Medell\u00edn et Popayan, le d\u00e9sert de Tatacoa, la vall\u00e9e de Cocora et le parc de Tierradentro, les jus de fruits sur le bord des routes, la propret\u00e9 des routes et des villes. Nous sommes plus r\u00e9serv\u00e9s sur Salento, tr\u00e8s joli village, mais trop touristique \u00e0 notre go\u00fbt. Pas de soucis avec les chiens colombiens mais plut\u00f4t avec les coqs qui chantent \u00e0 toute heure de la nuit !!!<\/p>\n\n\n\n<p class=\"has-small-font-size\">Nous avons fort appr\u00e9ci\u00e9 les desayunos et les almuerzos, et la nourriture en g\u00e9n\u00e9ral !!!<\/p>\n\n\n\n<p class=\"has-text-align-center has-accent-background-color has-background\"><strong>Ce que nous avons regrett\u00e9 en Colombie :<\/strong><\/p>\n\n\n\n<p class=\"has-small-font-size\">La difficult\u00e9 pour bivouaquer ou camper : pas ou peu de camping, des habitations partout m\u00eame dans des endroits improbables, des pentes tr\u00e8s raides.<\/p>\n\n\n\n<p class=\"has-small-font-size\">La non ma\u00eetrise de l&rsquo;Espagnol qui limite les \u00e9changes avec les locaux.<\/p>\n\n\n\n<p> <\/p>\n","protected":false},"excerpt":{"rendered":"<p>Du 22 au 24 juin Pour ces derniers jours en Colombie, nous p\u00e9dalerons sur&#8230; la Panam bien s\u00fbr. Nous passerons un col \u00e0 3200 m et il n&rsquo;y fait pas bien chaud ! Entre Pasto et Pedregal, la route est en travaux, c&rsquo;est titanesque et cela cr\u00e9e des bouchons innommables ! Dans le village de [&hellip;]<\/p>\n","protected":false},"author":1,"featured_media":0,"parent":122,"menu_order":8,"comment_status":"open","ping_status":"closed","template":"","meta":{"jetpack_post_was_ever_published":false,"footnotes":""},"class_list":["post-706","page","type-page","status-publish","hentry"],"jetpack_likes_enabled":true,"jetpack_sharing_enabled":true,"_links":{"self":[{"href":"https:\/\/2l-a-velo.com\/index.php?rest_route=\/wp\/v2\/pages\/706","targetHints":{"allow":["GET"]}}],"collection":[{"href":"https:\/\/2l-a-velo.com\/index.php?rest_route=\/wp\/v2\/pages"}],"about":[{"href":"https:\/\/2l-a-velo.com\/index.php?rest_route=\/wp\/v2\/types\/page"}],"author":[{"embeddable":true,"href":"https:\/\/2l-a-velo.com\/index.php?rest_route=\/wp\/v2\/users\/1"}],"replies":[{"embeddable":true,"href":"https:\/\/2l-a-velo.com\/index.php?rest_route=%2Fwp%2Fv2%2Fcomments&post=706"}],"version-history":[{"count":13,"href":"https:\/\/2l-a-velo.com\/index.php?rest_route=\/wp\/v2\/pages\/706\/revisions"}],"predecessor-version":[{"id":4763,"href":"https:\/\/2l-a-velo.com\/index.php?rest_route=\/wp\/v2\/pages\/706\/revisions\/4763"}],"up":[{"embeddable":true,"href":"https:\/\/2l-a-velo.com\/index.php?rest_route=\/wp\/v2\/pages\/122"}],"wp:attachment":[{"href":"https:\/\/2l-a-velo.com\/index.php?rest_route=%2Fwp%2Fv2%2Fmedia&parent=706"}],"curies":[{"name":"wp","href":"https:\/\/api.w.org\/{rel}","templated":true}]}}