{"id":723,"date":"2019-06-30T13:30:52","date_gmt":"2019-06-30T11:30:52","guid":{"rendered":"http:\/\/2l-a-velo.com\/?page_id=723"},"modified":"2022-03-03T17:15:10","modified_gmt":"2022-03-03T16:15:10","slug":"de-tulcan-frontiere-a-tumbaco","status":"publish","type":"page","link":"https:\/\/2l-a-velo.com\/?page_id=723","title":{"rendered":"De Tulcan (fronti\u00e8re) \u00e0 Tumbaco"},"content":{"rendered":"\n<div class=\"wp-block-media-text alignwide is-stacked-on-mobile\"><figure class=\"wp-block-media-text__media\"><img loading=\"lazy\" decoding=\"async\" width=\"1024\" height=\"682\" src=\"https:\/\/2l-a-velo.com\/wp-content\/uploads\/2019\/06\/372A2581-1024x682.jpg\" alt=\"\" class=\"wp-image-724 size-full\" srcset=\"https:\/\/2l-a-velo.com\/wp-content\/uploads\/2019\/06\/372A2581-1024x682.jpg 1024w, https:\/\/2l-a-velo.com\/wp-content\/uploads\/2019\/06\/372A2581-300x200.jpg 300w, https:\/\/2l-a-velo.com\/wp-content\/uploads\/2019\/06\/372A2581-768x512.jpg 768w, https:\/\/2l-a-velo.com\/wp-content\/uploads\/2019\/06\/372A2581-900x600.jpg 900w, https:\/\/2l-a-velo.com\/wp-content\/uploads\/2019\/06\/372A2581-1280x853.jpg 1280w, https:\/\/2l-a-velo.com\/wp-content\/uploads\/2019\/06\/372A2581.jpg 2024w\" sizes=\"auto, (max-width: 1024px) 100vw, 1024px\" \/><\/figure><div class=\"wp-block-media-text__content\">\n<p class=\"has-text-align-center\" style=\"font-size:35px\"><strong>Du 24 au<\/strong> <strong>29 juin<\/strong><\/p>\n<\/div><\/div>\n\n\n\n<div class=\"wp-block-group\"><div class=\"wp-block-group__inner-container is-layout-flow wp-block-group-is-layout-flow\">\n<p class=\"has-small-font-size\">Nous voici en Equateur apr\u00e8s avoir pass\u00e9 notre premi\u00e8re fronti\u00e8re terrestre en Am\u00e9rique du Sud. Pas de soucis au passage de fronti\u00e8re, rapide c\u00f4t\u00e9 colombien, un peu plus long c\u00f4t\u00e9 \u00e9quatorien. Ne le cachons pas, nous avons eu un petit pincement au c\u0153ur en quittant la Colombie que nous avons beaucoup aim\u00e9e !<\/p>\n\n\n\n<p class=\"has-small-font-size\">Nous traversons Tulcan, premi\u00e8re petite ville \u00e9quatorienne qui ressemble \u00e0 celles de Colombie : \u00e7a bouge, \u00e7a vit !!! La route est belle et la mont\u00e9e \u00e0 un col \u00e0 3300 m nous laisse le temps d&rsquo;admirer la mosa\u00efque que les champs dessinent sur les pentes. Premier almuerzo et dans les assiettes la m\u00eame chose qu&rsquo;en Colombie (soupe, viande, riz, salade, bananes cuites, lentilles et une boisson) et \u00e0 la caisse le prix est similaire. A la diff\u00e9rence qu&rsquo;ici on paie en dollars US, monnaie officielle de l&rsquo;Equateur depuis l&rsquo;abandon du Sucre en 2000.<\/p>\n\n\n\n<p class=\"has-small-font-size\">Nous suivons toujours la Panam. Apr\u00e8s Ambugui, les montagnes deviennent plus arides, seul le fond de la vall\u00e9e , au bord de la rivi\u00e8re, est cultiv\u00e9. Ce sont principalement des champs de canne \u00e0 sucre irrigu\u00e9s \u00e0 l&rsquo;aide de canaux.<\/p>\n<\/div><\/div>\n\n\n\n<p class=\"has-small-font-size\">Au loin, on aper\u00e7oit un volcan bien enneig\u00e9. Mais lequel ?<\/p>\n\n\n\n<p class=\"has-small-font-size\">Domin\u00e9 par le volcan Imbabura (4609 m), nous d\u00e9couvrons la ville d&rsquo;Ibarra dont le centre ville est assez joli avec ses b\u00e2timents blancs et ses \u00e9glises, un petit air de Popayan !<\/p>\n\n\n\n<p class=\"has-small-font-size\">D&rsquo;Ibarra \u00e0 Otavalo, nous p\u00e9dalons sur une route \u00e0 six voies, cela roule bien vite (les v\u00e9hicules, pas nous) !<\/p>\n\n\n\n<p class=\"has-small-font-size\">Otavalo est connu pour son march\u00e9 indien. Il est surtout actif le samedi, moins le jeudi quand nous y \u00e9tions. C&rsquo;est un march\u00e9 o\u00f9 l\u2019on vend surtout des v\u00eatements locaux (ponchos, chapeaux, tissus&#8230;) mais c&rsquo;est un march\u00e9 tourn\u00e9 vers les touristes assez nombreux ici. Autre particularit\u00e9 d&rsquo;Otavalo, la longue tresse et le costume traditionnel port\u00e9 par de nombreux habitants quel que soit l&rsquo;\u00e2ge. Les femmes portent un corsage brod\u00e9 blanc, une longue jupe, un poncho et des colliers de perles. Quant aux hommes, ils sont v\u00eatus d&rsquo;un pantalon court blanc, de sandales, d&rsquo;un poncho et d&rsquo;un chapeau. <\/p>\n\n\n\n<p class=\"has-small-font-size\">Autres costumes, ou plut\u00f4t uniformes. En Equateur, comme en Colombie, celui que portent les \u00e9l\u00e8ves de l&rsquo;\u00e9cole au lyc\u00e9e : ces uniformes sont pay\u00e9s par l&rsquo;\u00e9tat dans les \u00e9coles publiques.<\/p>\n\n\n\n<p class=\"has-small-font-size\">Vous remarquerez aussi que l&rsquo;on mange beaucoup d\u2019\u0153ufs en Equateur !!!<\/p>\n\n\n\n<p class=\"has-small-font-size\">D&rsquo;Otavalo \u00e0 Cayamb\u00e9, nous grimpons un col \u00e0 3000 m apr\u00e8s un d\u00e9tour par le lac de San Pablo. Au sommet du col, on cultive&#8230; des fraises !!!<\/p>\n\n\n\n<p class=\"has-small-font-size\">A Cayamb\u00e9, c&rsquo;est la fiesta, en fait, c&rsquo;est la f\u00eate de San Pedro, patron de la ville. On d\u00e9core l&rsquo;\u00e9glise de centaines de roses pour la messe de demain. On escalade m\u00eame le retable, c&rsquo;est dire la ferveur ! Dehors, c&rsquo;est un d\u00e9fil\u00e9 de groupe de danses : de la musique, de la couleur, du monde partout&#8230;<\/p>\n\n\n\n<p class=\"has-small-font-size\">Nous avons appris que l&rsquo;Equateur est le premier exportateur mondial de roses et que celles-ci sont cultiv\u00e9es dans la r\u00e9gion de Cayamb\u00e9 mais dans des conditions bien difficiles pour les femmes qui travaillent dans les serres.<\/p>\n\n\n\n<p class=\"has-accent-background-color has-background has-small-font-size\"><strong>Nous passons l&rsquo;\u00e9quateur ce samedi 29 juin et nous voici dans l&rsquo;h\u00e9misph\u00e8re sud. Bon, pas beaucoup de changements mais on s&rsquo;en doutait un peu !!!!!!<\/strong><\/p>\n\n\n\n<p class=\"has-small-font-size\">Le paysage change, c&rsquo;est plus sec et la v\u00e9g\u00e9tation est compos\u00e9e de plantes grasses et d&rsquo;eucalyptus principalement. La Panam redevient elle-m\u00eame \u00e0 l&rsquo;approche de Quito : \u00e7a roule fort, les camions bruyants sont de retour de plus le paysage n&rsquo;est pas extraordinaire. Nous nous posons \u00e0 Tumbaco. <\/p>\n\n\n\n<div class=\"wp-block-button aligncenter\"><a class=\"wp-block-button__link has-background\" href=\"https:\/\/photos.google.com\/share\/AF1QipOT3bIvlhnOwF-mTpHim9KgC1cpywfSX3NeEXMu7HrgnLybOg117QVhwtsb4aSdDg\/photo\/AF1QipPdxFuorhbUe7vdDNDAsKHDIiWlCh9VGTkXYaY1?key=RTV5VW9SRXBQZjlYWEhTd3ViRGpYQ2IwcGdnMjZB\" style=\"background-color:#0776a6\">Quelques photos (cliquez)<\/a><\/div>\n\n\n\n<figure><iframe loading=\"lazy\" width=\"560\" height=\"315\" src=\"https:\/\/www.youtube.com\/embed\/H4JKrAKCSfE\" allowfullscreen=\"\"><\/iframe><\/figure>\n","protected":false},"excerpt":{"rendered":"<p>Du 24 au 29 juin Nous voici en Equateur apr\u00e8s avoir pass\u00e9 notre premi\u00e8re fronti\u00e8re terrestre en Am\u00e9rique du Sud. Pas de soucis au passage de fronti\u00e8re, rapide c\u00f4t\u00e9 colombien, un peu plus long c\u00f4t\u00e9 \u00e9quatorien. Ne le cachons pas, nous avons eu un petit pincement au c\u0153ur en quittant la Colombie que nous avons [&hellip;]<\/p>\n","protected":false},"author":1,"featured_media":0,"parent":124,"menu_order":1,"comment_status":"open","ping_status":"closed","template":"","meta":{"jetpack_post_was_ever_published":false,"footnotes":""},"class_list":["post-723","page","type-page","status-publish","hentry"],"jetpack_likes_enabled":true,"jetpack_sharing_enabled":true,"_links":{"self":[{"href":"https:\/\/2l-a-velo.com\/index.php?rest_route=\/wp\/v2\/pages\/723","targetHints":{"allow":["GET"]}}],"collection":[{"href":"https:\/\/2l-a-velo.com\/index.php?rest_route=\/wp\/v2\/pages"}],"about":[{"href":"https:\/\/2l-a-velo.com\/index.php?rest_route=\/wp\/v2\/types\/page"}],"author":[{"embeddable":true,"href":"https:\/\/2l-a-velo.com\/index.php?rest_route=\/wp\/v2\/users\/1"}],"replies":[{"embeddable":true,"href":"https:\/\/2l-a-velo.com\/index.php?rest_route=%2Fwp%2Fv2%2Fcomments&post=723"}],"version-history":[{"count":29,"href":"https:\/\/2l-a-velo.com\/index.php?rest_route=\/wp\/v2\/pages\/723\/revisions"}],"predecessor-version":[{"id":4664,"href":"https:\/\/2l-a-velo.com\/index.php?rest_route=\/wp\/v2\/pages\/723\/revisions\/4664"}],"up":[{"embeddable":true,"href":"https:\/\/2l-a-velo.com\/index.php?rest_route=\/wp\/v2\/pages\/124"}],"wp:attachment":[{"href":"https:\/\/2l-a-velo.com\/index.php?rest_route=%2Fwp%2Fv2%2Fmedia&parent=723"}],"curies":[{"name":"wp","href":"https:\/\/api.w.org\/{rel}","templated":true}]}}