{"id":761,"date":"2019-07-06T02:56:12","date_gmt":"2019-07-06T00:56:12","guid":{"rendered":"http:\/\/2l-a-velo.com\/?page_id=761"},"modified":"2022-03-14T11:37:27","modified_gmt":"2022-03-14T10:37:27","slug":"quito","status":"publish","type":"page","link":"https:\/\/2l-a-velo.com\/?page_id=761","title":{"rendered":"Quito"},"content":{"rendered":"\n<div class=\"wp-block-media-text alignwide is-stacked-on-mobile\"><figure class=\"wp-block-media-text__media\"><img loading=\"lazy\" decoding=\"async\" width=\"1024\" height=\"682\" src=\"https:\/\/2l-a-velo.com\/wp-content\/uploads\/2019\/07\/P1025829-1024x682.jpg\" alt=\"\" class=\"wp-image-797 size-full\" srcset=\"https:\/\/2l-a-velo.com\/wp-content\/uploads\/2019\/07\/P1025829-1024x682.jpg 1024w, https:\/\/2l-a-velo.com\/wp-content\/uploads\/2019\/07\/P1025829-300x200.jpg 300w, https:\/\/2l-a-velo.com\/wp-content\/uploads\/2019\/07\/P1025829-768x512.jpg 768w, https:\/\/2l-a-velo.com\/wp-content\/uploads\/2019\/07\/P1025829-900x600.jpg 900w, https:\/\/2l-a-velo.com\/wp-content\/uploads\/2019\/07\/P1025829-1280x853.jpg 1280w, https:\/\/2l-a-velo.com\/wp-content\/uploads\/2019\/07\/P1025829.jpg 2024w\" sizes=\"auto, (max-width: 1024px) 100vw, 1024px\" \/><\/figure><div class=\"wp-block-media-text__content\">\n<p class=\"has-text-align-center has-larger-font-size\"><strong>Du 30 juin au 2 juillet<\/strong><\/p>\n<\/div><\/div>\n\n\n\n<p class=\"has-small-font-size\">Quito, capitale de l&rsquo;Equateur, compte environ 3 millions d&rsquo;habitants et se situe \u00e0 une altitude de 2850 m. La ville actuelle fut fond\u00e9e officiellement en 1534 par les Espagnols mais le site \u00e9tait occup\u00e9 jusque-l\u00e0 par une ethnie indienne nomm\u00e9e Quitus qui a donn\u00e9 son nom \u00e0 la ville.<\/p>\n\n\n\n<p class=\"has-small-font-size\">Nous avons rejoint Quito assez facilement \u00e0 partir de Tumbaco, il est vrai que l&rsquo;on \u00e9tait dimanche et que la circulation \u00e9tait moins dense. Pour passer le tunnel \u00e0 v\u00e9lo, placez-vous sur la voie du milieu, non utilis\u00e9e par les voitures. Le nombre de cyclistes dans Quito nous a surpris, de plus ils prenaient tous la m\u00eame rue ! Nous avons suivi le mouvement et sommes arriv\u00e9s \u00e0 proximit\u00e9 du centre historique sans voir un seul v\u00e9hicule. C&rsquo;est l\u00e0 que nous avons rencontr\u00e9 Fran\u00e7ois, un Suisse mari\u00e9 \u00e0 une \u00c9quatorienne qui passe sa retraite en Equateur. Il nous a expliqu\u00e9 que tous les dimanches matin, de 8 h \u00e0 14 h, c&rsquo;est le Ciclopaseo : on ferme des rues \u00e0 la circulation, seuls les v\u00e9los peuvent y circuler et cela sur 30 km du nord au sud de la ville, un exemple \u00e0 suivre que nous avions d\u00e9j\u00e0 vu \u00e0 Medell\u00edn ! Et il y en a des v\u00e9los !!! <\/p>\n\n\n\n<p class=\"has-small-font-size\">Le centre historique de Quito est superbe. Il y avait un monde fou dans les rues ce dimanche. Elles sont anim\u00e9es par des chanteurs, des danseurs, des clowns&#8230; \u00e7a vit, \u00e7a vit !!! Mais la visite se m\u00e9rite, \u00e7a monte et \u00e7a descend.<\/p>\n\n\n\n<p class=\"has-small-font-size\">Les monuments sont nombreux notamment les \u00e9glises, mais on y voit aussi le Palais du gouverneur, un tr\u00e8s bel \u00e9difice et au hasard des rues de superbes maisons de style colonial.<\/p>\n\n\n\n<div class=\"wp-block-media-text alignwide is-stacked-on-mobile\"><figure class=\"wp-block-media-text__media\"><img loading=\"lazy\" decoding=\"async\" width=\"1024\" height=\"682\" src=\"https:\/\/2l-a-velo.com\/wp-content\/uploads\/2019\/07\/372A2839-1024x682.jpg\" alt=\"\" class=\"wp-image-783 size-full\" srcset=\"https:\/\/2l-a-velo.com\/wp-content\/uploads\/2019\/07\/372A2839-1024x682.jpg 1024w, https:\/\/2l-a-velo.com\/wp-content\/uploads\/2019\/07\/372A2839-300x200.jpg 300w, https:\/\/2l-a-velo.com\/wp-content\/uploads\/2019\/07\/372A2839-768x512.jpg 768w, https:\/\/2l-a-velo.com\/wp-content\/uploads\/2019\/07\/372A2839-900x600.jpg 900w, https:\/\/2l-a-velo.com\/wp-content\/uploads\/2019\/07\/372A2839-1280x853.jpg 1280w, https:\/\/2l-a-velo.com\/wp-content\/uploads\/2019\/07\/372A2839.jpg 2024w\" sizes=\"auto, (max-width: 1024px) 100vw, 1024px\" \/><\/figure><div class=\"wp-block-media-text__content\">\n<p class=\"has-small-font-size\">\n\nL&rsquo;\u00e9glise de la Compana nous a \u00e9merveill\u00e9s. Elle date du XVIIe si\u00e8cle et est consid\u00e9r\u00e9e comme une des sept merveilles de l&rsquo;Equateur. Et c&rsquo;est vrai que son int\u00e9rieur de style baroque, mais avec une influence mauresque, est abondamment d\u00e9cor\u00e9 de feuilles d&rsquo;or, impressionnant !\n\n<\/p>\n<\/div><\/div>\n\n\n\n<div class=\"wp-block-media-text alignwide has-media-on-the-right is-stacked-on-mobile\"><figure class=\"wp-block-media-text__media\"><img loading=\"lazy\" decoding=\"async\" width=\"1024\" height=\"682\" src=\"https:\/\/2l-a-velo.com\/wp-content\/uploads\/2019\/07\/P1025750-1024x682.jpg\" alt=\"\" class=\"wp-image-791 size-full\" srcset=\"https:\/\/2l-a-velo.com\/wp-content\/uploads\/2019\/07\/P1025750-1024x682.jpg 1024w, https:\/\/2l-a-velo.com\/wp-content\/uploads\/2019\/07\/P1025750-300x200.jpg 300w, https:\/\/2l-a-velo.com\/wp-content\/uploads\/2019\/07\/P1025750-768x512.jpg 768w, https:\/\/2l-a-velo.com\/wp-content\/uploads\/2019\/07\/P1025750-900x600.jpg 900w, https:\/\/2l-a-velo.com\/wp-content\/uploads\/2019\/07\/P1025750-1280x853.jpg 1280w, https:\/\/2l-a-velo.com\/wp-content\/uploads\/2019\/07\/P1025750.jpg 2024w\" sizes=\"auto, (max-width: 1024px) 100vw, 1024px\" \/><\/figure><div class=\"wp-block-media-text__content\">\n<p class=\"has-small-font-size\"> Encore une journ\u00e9e bien remplie. Ce matin, nous nous sommes rendus sur la place de l&rsquo;ind\u00e9pendance o\u00f9 se trouve le Palais pr\u00e9sidentiel. En effet, tous les lundis, \u00e0 11 h, a lieu la rel\u00e8ve de la garde et le Pr\u00e9sident de la R\u00e9publique vient au balcon saluer son peuple. On a assist\u00e9 \u00e0 une parade militaire en costumes d&rsquo;\u00e9poque. Pour \u00eatre franc, il y avait bien quelques contestataires dans la foule ! <\/p>\n<\/div><\/div>\n\n\n\n<figure><iframe loading=\"lazy\" width=\"560\" height=\"315\" src=\"https:\/\/www.youtube.com\/embed\/WHRh68QVqb4\" allowfullscreen=\"\"><\/iframe><\/figure>\n\n\n\n<div class=\"wp-block-media-text alignwide is-stacked-on-mobile\"><figure class=\"wp-block-media-text__media\"><img loading=\"lazy\" decoding=\"async\" width=\"1024\" height=\"682\" src=\"https:\/\/2l-a-velo.com\/wp-content\/uploads\/2019\/07\/P1025843-1024x682.jpg\" alt=\"\" class=\"wp-image-805 size-full\" srcset=\"https:\/\/2l-a-velo.com\/wp-content\/uploads\/2019\/07\/P1025843-1024x682.jpg 1024w, https:\/\/2l-a-velo.com\/wp-content\/uploads\/2019\/07\/P1025843-300x200.jpg 300w, https:\/\/2l-a-velo.com\/wp-content\/uploads\/2019\/07\/P1025843-768x511.jpg 768w, https:\/\/2l-a-velo.com\/wp-content\/uploads\/2019\/07\/P1025843-900x599.jpg 900w, https:\/\/2l-a-velo.com\/wp-content\/uploads\/2019\/07\/P1025843-1280x852.jpg 1280w, https:\/\/2l-a-velo.com\/wp-content\/uploads\/2019\/07\/P1025843.jpg 2024w\" sizes=\"auto, (max-width: 1024px) 100vw, 1024px\" \/><\/figure><div class=\"wp-block-media-text__content\">\n<p class=\"has-small-font-size\">\n\nL&rsquo;apr\u00e8s-midi, Fran\u00e7ois et sa femme Martha nous ont fait d\u00e9couvrir le Quito moderne. Quelques empanadas plus tard, gr\u00e2ce \u00e0 leur beau-fr\u00e8re chauffeur de taxi, nous sommes mont\u00e9s sur la colline du Panecillo, o\u00f9 se trouve la statue monumentale de la vierge de Quito. De l\u00e0, on domine la ville tout illumin\u00e9e. Il faut dire que la nuit tombe tous les jours aux environs de 18 h. La soir\u00e9e s&rsquo;est termin\u00e9e dans le quartier de la Ronda devant un chocolat et une \u00e9norme empanada au fromage !!!\n\n<\/p>\n<\/div><\/div>\n\n\n\n<p class=\"has-small-font-size\">Pour notre dernier jour \u00e0 Quito, nous avons retrouv\u00e9 Fran\u00e7ois et Martha, la fille de Martha et son mari, pour prendre le \u00ab\u00a0teleferiqo\u00a0\u00bb qui nous a mont\u00e9s \u00e0 4050 m sur une colline dominant Quito. On peut y voir les plus hauts volcans de l&rsquo;Equateur mais ce matin, les lointains sont bouch\u00e9s. Pour l\u2019anecdote, Fran\u00e7ois n&rsquo;est pas redescendu en t\u00e9l\u00e9ph\u00e9rique mais en VTT de descente, discipline qu&rsquo;il appr\u00e9cie particuli\u00e8rement.<\/p>\n\n\n\n<p class=\"has-small-font-size\">Merci \u00e0 vous Fran\u00e7ois et Martha pour votre disponibilit\u00e9. Sans vous, nous n&rsquo;aurions pas d\u00e9couvert tant de choses \u00e0 Quito. <\/p>\n\n\n\n<p class=\"has-small-font-size\">Nous avons bien aim\u00e9 Quito notamment le centre historique, le Panecillo, la mont\u00e9e au t\u00e9l\u00e9ph\u00e9rique. Par contre, c&rsquo;est une ville tr\u00e8s pollu\u00e9e et bruyante. La circulation est tr\u00e8s dense et les bus \u00ab\u00a0crachent noir\u00a0\u00bb, d&rsquo;autant plus que la ville est \u00e0 2850 m, que les rues montent et descendent&#8230; les moteurs rugissent !<\/p>\n\n\n\n<div class=\"wp-block-button aligncenter\"><a class=\"wp-block-button__link has-background\" href=\"https:\/\/photos.google.com\/share\/AF1QipNPkOU40vAWML6ry0aY19bHXloboXeiDsD6tM8E4QDlhDAO6hwgxvL-qciAE_MQIQ\/photo\/AF1QipMORgyQ69FiIQVfd6Lf5T-vrzIJi6ZDM3JNXmdE?key=UGRWTGREdzU1RE9mYW5JNnRrWVJXZVNoX0c2OEhB\" style=\"background-color:#0473a2\">Quelques photos (cliquez)<\/a><\/div>\n\n\n\n<p class=\"has-small-font-size\">Avant de partir, nous avons rencontr\u00e9, \u00e0 leur h\u00f4tel, Cl\u00e9mentine et Benjamin, fr\u00e8re et s\u0153ur, d&rsquo;Annecy, qui veulent en quatre mois relier Bogota \u00e0 Santiago !!! Ils avaient r\u00e9cup\u00e9r\u00e9 nos drapeaux oubli\u00e9s \u00e0 Cayamb\u00e9. Comme nous en avions des nouveaux, nous leur avons laiss\u00e9 les anciens !<\/p>\n\n\n\n<p class=\"has-text-align-center has-accent-background-color has-background has-small-font-size\">S<strong>ortie de Quito dans le \u00ab\u00a0bruit et la fureur\u00a0\u00bb, mais pas trop de souci finalement !<\/strong><\/p>\n","protected":false},"excerpt":{"rendered":"<p>Du 30 juin au 2 juillet Quito, capitale de l&rsquo;Equateur, compte environ 3 millions d&rsquo;habitants et se situe \u00e0 une altitude de 2850 m. La ville actuelle fut fond\u00e9e officiellement en 1534 par les Espagnols mais le site \u00e9tait occup\u00e9 jusque-l\u00e0 par une ethnie indienne nomm\u00e9e Quitus qui a donn\u00e9 son nom \u00e0 la ville. [&hellip;]<\/p>\n","protected":false},"author":1,"featured_media":0,"parent":124,"menu_order":2,"comment_status":"open","ping_status":"closed","template":"","meta":{"jetpack_post_was_ever_published":false,"footnotes":""},"class_list":["post-761","page","type-page","status-publish","hentry"],"jetpack_likes_enabled":true,"jetpack_sharing_enabled":true,"_links":{"self":[{"href":"https:\/\/2l-a-velo.com\/index.php?rest_route=\/wp\/v2\/pages\/761","targetHints":{"allow":["GET"]}}],"collection":[{"href":"https:\/\/2l-a-velo.com\/index.php?rest_route=\/wp\/v2\/pages"}],"about":[{"href":"https:\/\/2l-a-velo.com\/index.php?rest_route=\/wp\/v2\/types\/page"}],"author":[{"embeddable":true,"href":"https:\/\/2l-a-velo.com\/index.php?rest_route=\/wp\/v2\/users\/1"}],"replies":[{"embeddable":true,"href":"https:\/\/2l-a-velo.com\/index.php?rest_route=%2Fwp%2Fv2%2Fcomments&post=761"}],"version-history":[{"count":28,"href":"https:\/\/2l-a-velo.com\/index.php?rest_route=\/wp\/v2\/pages\/761\/revisions"}],"predecessor-version":[{"id":4764,"href":"https:\/\/2l-a-velo.com\/index.php?rest_route=\/wp\/v2\/pages\/761\/revisions\/4764"}],"up":[{"embeddable":true,"href":"https:\/\/2l-a-velo.com\/index.php?rest_route=\/wp\/v2\/pages\/124"}],"wp:attachment":[{"href":"https:\/\/2l-a-velo.com\/index.php?rest_route=%2Fwp%2Fv2%2Fmedia&parent=761"}],"curies":[{"name":"wp","href":"https:\/\/api.w.org\/{rel}","templated":true}]}}