{"id":866,"date":"2019-07-21T01:46:05","date_gmt":"2019-07-20T23:46:05","guid":{"rendered":"http:\/\/2l-a-velo.com\/?page_id=866"},"modified":"2022-03-14T11:38:07","modified_gmt":"2022-03-14T10:38:07","slug":"de-banos-a-zamora","status":"publish","type":"page","link":"https:\/\/2l-a-velo.com\/?page_id=866","title":{"rendered":"De Banos \u00e0 Zamora"},"content":{"rendered":"\n<div class=\"wp-block-media-text alignwide is-stacked-on-mobile\"><figure class=\"wp-block-media-text__media\"><img loading=\"lazy\" decoding=\"async\" width=\"1024\" height=\"682\" src=\"https:\/\/2l-a-velo.com\/wp-content\/uploads\/2019\/07\/372A3307-1024x682.jpg\" alt=\"\" class=\"wp-image-889 size-full\" srcset=\"https:\/\/2l-a-velo.com\/wp-content\/uploads\/2019\/07\/372A3307-1024x682.jpg 1024w, https:\/\/2l-a-velo.com\/wp-content\/uploads\/2019\/07\/372A3307-300x200.jpg 300w, https:\/\/2l-a-velo.com\/wp-content\/uploads\/2019\/07\/372A3307-768x512.jpg 768w, https:\/\/2l-a-velo.com\/wp-content\/uploads\/2019\/07\/372A3307-900x600.jpg 900w, https:\/\/2l-a-velo.com\/wp-content\/uploads\/2019\/07\/372A3307-1280x853.jpg 1280w, https:\/\/2l-a-velo.com\/wp-content\/uploads\/2019\/07\/372A3307.jpg 2024w\" sizes=\"auto, (max-width: 1024px) 100vw, 1024px\" \/><\/figure><div class=\"wp-block-media-text__content\">\n<p class=\"has-text-align-center has-larger-font-size\"><strong>Du 12 au 20 juillet<\/strong><\/p>\n<\/div><\/div>\n\n\n\n<p class=\"has-small-font-size\">De Banos, nous avons suivi la route des cascades. Il s&rsquo;agit en fait de la route principale mais qui permet aux v\u00e9los de contourner chaque tunnel par un am\u00e9nagement cyclable. On peut y admirer quelques belles cascades qui se jettent dans le rio Pastaza qui coule quelques dizaines de m\u00e8tres plus bas. Malgr\u00e9 le gris du ciel, les paysages sont agr\u00e9ables. Mais, descente en Amazonie oblige, juste avant Mera, nous essuierons une belle averse !<\/p>\n\n\n\n<div class=\"wp-block-image\"><figure class=\"aligncenter\"><img loading=\"lazy\" decoding=\"async\" width=\"1024\" height=\"682\" src=\"https:\/\/2l-a-velo.com\/wp-content\/uploads\/2019\/07\/372A3264-1024x682.jpg\" alt=\"\" class=\"wp-image-898\" srcset=\"https:\/\/2l-a-velo.com\/wp-content\/uploads\/2019\/07\/372A3264-1024x682.jpg 1024w, https:\/\/2l-a-velo.com\/wp-content\/uploads\/2019\/07\/372A3264-300x200.jpg 300w, https:\/\/2l-a-velo.com\/wp-content\/uploads\/2019\/07\/372A3264-768x512.jpg 768w, https:\/\/2l-a-velo.com\/wp-content\/uploads\/2019\/07\/372A3264-900x600.jpg 900w, https:\/\/2l-a-velo.com\/wp-content\/uploads\/2019\/07\/372A3264-1280x853.jpg 1280w, https:\/\/2l-a-velo.com\/wp-content\/uploads\/2019\/07\/372A3264.jpg 2024w\" sizes=\"auto, (max-width: 1024px) 100vw, 1024px\" \/><figcaption><strong>Sur la Troncal Amazonica<\/strong><\/figcaption><\/figure><\/div>\n\n\n\n<p class=\"has-small-font-size\">Tous les jours, les averses nous poursuivrons. Cela va de la petite averse au gros d\u00e9luge et l\u00e0&#8230; il vaut mieux avoir trouv\u00e9 un abri ! Par chance, ces petits ou grands abris sont nombreux tout au long de la route. Ce peut \u00eatre la salle de sport d&rsquo;un village, un abri bus, voire juste un toit en t\u00f4le ou v\u00e9g\u00e9tal pos\u00e9 sur quatre piquets ou bien, comble du bonheur, un restaurant o\u00f9 l&rsquo;on peut d\u00e9guster un excellent tilapia. M\u00eame s&rsquo;il pleut, il ne fait jamais froid et nos v\u00eatements s\u00e8chent vite entre deux averses !<\/p>\n\n\n\n<div class=\"wp-block-media-text alignfull has-media-on-the-right is-stacked-on-mobile\"><figure class=\"wp-block-media-text__media\"><img loading=\"lazy\" decoding=\"async\" width=\"1024\" height=\"682\" src=\"https:\/\/2l-a-velo.com\/wp-content\/uploads\/2019\/07\/P1026196-1024x682.jpg\" alt=\"\" class=\"wp-image-893 size-full\" srcset=\"https:\/\/2l-a-velo.com\/wp-content\/uploads\/2019\/07\/P1026196-1024x682.jpg 1024w, https:\/\/2l-a-velo.com\/wp-content\/uploads\/2019\/07\/P1026196-300x200.jpg 300w, https:\/\/2l-a-velo.com\/wp-content\/uploads\/2019\/07\/P1026196-768x512.jpg 768w, https:\/\/2l-a-velo.com\/wp-content\/uploads\/2019\/07\/P1026196-900x600.jpg 900w, https:\/\/2l-a-velo.com\/wp-content\/uploads\/2019\/07\/P1026196-1280x853.jpg 1280w, https:\/\/2l-a-velo.com\/wp-content\/uploads\/2019\/07\/P1026196.jpg 2024w\" sizes=\"auto, (max-width: 1024px) 100vw, 1024px\" \/><\/figure><div class=\"wp-block-media-text__content\">\n<p class=\"has-small-font-size\"> La lisi\u00e8re de cette for\u00eat inextricable est pourtant jalonn\u00e9e de nombreuses habitations. C&rsquo;est incroyable le nombre de personnes qui vivent ici. Ce ne sont pas vraiment des villages mais des \u00ab\u00a0communidad\u00a0\u00bb. Ces gens appartiennent \u00e0 l&rsquo;ethnie Shuar, ethnie de cette r\u00e9gion, appel\u00e9e aussi Jivaro. Ce sont des personnes tr\u00e8s conviviales qui lient facilement conversation, si tant est qu&rsquo;avec notre espagnol balbutiant on puisse tenir une conversation !  Ici, les bottes de caoutchouc et la machette font partie obligatoirement de la tenue locale. <\/p>\n<\/div><\/div>\n\n\n\n<p class=\"has-small-font-size\">Jusqu&rsquo;\u00e0 Macas la route est assez monotone finalement, mais on mesure l&rsquo;immensit\u00e9 de cette for\u00eat et, aux bruits divers et vari\u00e9s qui en \u00e9manent, beaucoup d&rsquo;animaux et notamment des oiseaux y ont \u00e9lu domicile ! <\/p>\n\n\n\n<p class=\"has-text-align-center has-accent-background-color has-background has-small-font-size\"><strong>Aujourd&rsquo;hui, nous avons franchi le cap des 2 000 km !!!<\/strong><\/p>\n\n\n\n<div class=\"wp-block-media-text alignwide is-stacked-on-mobile\"><figure class=\"wp-block-media-text__media\"><img loading=\"lazy\" decoding=\"async\" width=\"1024\" height=\"682\" src=\"https:\/\/2l-a-velo.com\/wp-content\/uploads\/2019\/07\/P1026262-1024x682.jpg\" alt=\"\" class=\"wp-image-891 size-full\" srcset=\"https:\/\/2l-a-velo.com\/wp-content\/uploads\/2019\/07\/P1026262-1024x682.jpg 1024w, https:\/\/2l-a-velo.com\/wp-content\/uploads\/2019\/07\/P1026262-300x200.jpg 300w, https:\/\/2l-a-velo.com\/wp-content\/uploads\/2019\/07\/P1026262-768x512.jpg 768w, https:\/\/2l-a-velo.com\/wp-content\/uploads\/2019\/07\/P1026262-900x600.jpg 900w, https:\/\/2l-a-velo.com\/wp-content\/uploads\/2019\/07\/P1026262-1280x853.jpg 1280w, https:\/\/2l-a-velo.com\/wp-content\/uploads\/2019\/07\/P1026262.jpg 2024w\" sizes=\"auto, (max-width: 1024px) 100vw, 1024px\" \/><\/figure><div class=\"wp-block-media-text__content\">\n<p class=\"has-small-font-size\">\n\nLa suite est un peu diff\u00e9rente puisque, si la for\u00eat est toujours l\u00e0, on trouve des cultures de bananes mais aussi de cacao. Les cacaoyers produisent de grosses f\u00e8ves appel\u00e9es \u00ab\u00a0cabosses\u00a0\u00bb. Elles contiennent de nombreuses graines (regroup\u00e9es en \u00e9pis) appel\u00e9es \u00ab\u00a0f\u00e8ves de cacao\u00a0\u00bb. On nous a fait go\u00fbter ces f\u00e8ves mais que c&rsquo;est amer. Il a fallu ensuite d\u00e9guster une banane bien sucr\u00e9e pour chasser cette amertume. \n\n<\/p>\n<\/div><\/div>\n\n\n\n<p class=\"has-small-font-size\">Nous commen\u00e7ons ensuite notre remont\u00e9e vers la fronti\u00e8re p\u00e9ruvienne et cela grimpe beaucoup, l&rsquo;Amazonie n&rsquo;est pas plate ! Ce matin, nous sommes pass\u00e9s voir les Bomberos de Lim\u00f3n qui auraient pu nous h\u00e9berger hier soir&#8230; dommage. Aujourd&rsquo;hui, ce sera pluie une grande partie de la journ\u00e9e alors qu&rsquo;hier, c&rsquo;\u00e9tait soleil. Nous ferons \u00e9tape dans l&rsquo;agr\u00e9able village de San Juan de Bosco. <\/p>\n\n\n\n<div class=\"wp-block-button aligncenter\"><a class=\"wp-block-button__link has-background\" href=\"https:\/\/photos.google.com\/share\/AF1QipPg9ThTbioKekkBrAHy9xzSDKpFdFz3_kIjD8bu8I15q3Uq6CZ-qUXtDUji7K219A\/photo\/AF1QipP44e7hwGlvmYllneqeO3YnHuhpZEZd6K9jvyMO?key=STdDOWg2c29vSUtxa2RkQWJXNVMxUklNdVd5Q3Nn\" style=\"background-color:#0578a9\">Quelques photos (cliquez)<\/a><\/div>\n\n\n\n<p class=\"has-small-font-size\">Finalement, malgr\u00e9 les pluies fr\u00e9quentes et journali\u00e8res, nous avons appr\u00e9ci\u00e9 cette route, la Troncal Amazonica, pour son calme (il y a peu de circulation) et ses paysages pourtant souvent dans le brouillard. Nous y avons p\u00e9dal\u00e9 neuf jours, y avons d\u00e9couvert une v\u00e9g\u00e9tation luxuriante. Ses habitants vivent dans des conditions qui nous semblent pr\u00e9caires mais ils pr\u00e9servent leurs coutumes et leur art de vivre avec cette for\u00eat.<\/p>\n\n\n\n<figure><iframe loading=\"lazy\" width=\"560\" height=\"315\" src=\"https:\/\/www.youtube.com\/embed\/6ZGpN8j76Uk\" allowfullscreen=\"\"><\/iframe><\/figure>\n","protected":false},"excerpt":{"rendered":"<p>Du 12 au 20 juillet De Banos, nous avons suivi la route des cascades. Il s&rsquo;agit en fait de la route principale mais qui permet aux v\u00e9los de contourner chaque tunnel par un am\u00e9nagement cyclable. On peut y admirer quelques belles cascades qui se jettent dans le rio Pastaza qui coule quelques dizaines de m\u00e8tres [&hellip;]<\/p>\n","protected":false},"author":1,"featured_media":0,"parent":124,"menu_order":4,"comment_status":"open","ping_status":"closed","template":"","meta":{"jetpack_post_was_ever_published":false,"footnotes":""},"class_list":["post-866","page","type-page","status-publish","hentry"],"jetpack_likes_enabled":true,"jetpack_sharing_enabled":true,"_links":{"self":[{"href":"https:\/\/2l-a-velo.com\/index.php?rest_route=\/wp\/v2\/pages\/866","targetHints":{"allow":["GET"]}}],"collection":[{"href":"https:\/\/2l-a-velo.com\/index.php?rest_route=\/wp\/v2\/pages"}],"about":[{"href":"https:\/\/2l-a-velo.com\/index.php?rest_route=\/wp\/v2\/types\/page"}],"author":[{"embeddable":true,"href":"https:\/\/2l-a-velo.com\/index.php?rest_route=\/wp\/v2\/users\/1"}],"replies":[{"embeddable":true,"href":"https:\/\/2l-a-velo.com\/index.php?rest_route=%2Fwp%2Fv2%2Fcomments&post=866"}],"version-history":[{"count":32,"href":"https:\/\/2l-a-velo.com\/index.php?rest_route=\/wp\/v2\/pages\/866\/revisions"}],"predecessor-version":[{"id":4766,"href":"https:\/\/2l-a-velo.com\/index.php?rest_route=\/wp\/v2\/pages\/866\/revisions\/4766"}],"up":[{"embeddable":true,"href":"https:\/\/2l-a-velo.com\/index.php?rest_route=\/wp\/v2\/pages\/124"}],"wp:attachment":[{"href":"https:\/\/2l-a-velo.com\/index.php?rest_route=%2Fwp%2Fv2%2Fmedia&parent=866"}],"curies":[{"name":"wp","href":"https:\/\/api.w.org\/{rel}","templated":true}]}}